{"id":68250884,"date":"2021-07-15T07:33:13","date_gmt":"2021-07-15T05:33:13","guid":{"rendered":"https:\/\/kraftwerk-gruppe.de\/?page_id=68250884"},"modified":"2025-10-21T22:24:52","modified_gmt":"2025-10-21T20:24:52","slug":"zpusoby-prepravy","status":"publish","type":"page","link":"https:\/\/kraftwerk-shop.cc\/cs\/versandarten\/","title":{"rendered":"Zp\u016fsoby p\u0159epravy"},"content":{"rendered":"<div data-elementor-type=\"wp-page\" data-elementor-id=\"68250884\" class=\"elementor elementor-68250884\" data-elementor-post-type=\"page\">\n\t\t\t\t\t\t<section class=\"elementor-section elementor-top-section elementor-element elementor-element-c4313ad elementor-section-boxed elementor-section-height-default elementor-section-height-default\" data-id=\"c4313ad\" data-element_type=\"section\" data-e-type=\"section\">\n\t\t\t\t\t\t<div class=\"elementor-container elementor-column-gap-default\">\n\t\t\t\t\t<div class=\"elementor-column elementor-col-100 elementor-top-column elementor-element elementor-element-3d60bbd\" data-id=\"3d60bbd\" data-element_type=\"column\" data-e-type=\"column\">\n\t\t\t<div class=\"elementor-widget-wrap elementor-element-populated\">\n\t\t\t\t\t\t<div class=\"elementor-element elementor-element-86e794f color-scheme-inherit text-left elementor-widget elementor-widget-text-editor\" data-id=\"86e794f\" data-element_type=\"widget\" data-e-type=\"widget\" data-widget_type=\"text-editor.default\">\n\t\t\t\t<div class=\"elementor-widget-container\">\n\t\t\t\t\t\t\t\t\t<p><strong>Dostupnost a doba dod\u00e1n\u00ed zbo\u017e\u00ed<\/strong><\/p>\n<p>Aktu\u00e1ln\u00ed dostupnost ka\u017ed\u00e9 polo\u017eky najdete v jej\u00edm popisu.<br>N\u011bkter\u00e9 polo\u017eky jsou speci\u00e1ln\u00ed objedn\u00e1vky od v\u00fdrobce. Dodac\u00ed lh\u016fta z\u00e1vis\u00ed na dostupnosti v\u00fdrobce.<br>Na dodac\u00ed lh\u016fty t\u011bchto polo\u017eek se m\u016f\u017eete informovat p\u0159edem ka\u017ed\u00fd den.<br>P\u0159\u00edslu\u0161n\u00e1 dostupnost je uvedena jako \"p\u0159ipraveno k odesl\u00e1n\u00ed za x dn\u00ed\". To ozna\u010duje lh\u016ftu, ve kter\u00e9 bude objedn\u00e1vka n\u00e1mi p\u0159ed\u00e1na poskytovateli p\u0159epravn\u00edch slu\u017eeb. Z t\u00e9to informace a doby p\u0159epravy poskytovatele p\u0159epravn\u00edch slu\u017eeb vypl\u00fdv\u00e1 doba dod\u00e1n\u00ed. <br>Doba dod\u00e1n\u00ed proto z\u00e1vis\u00ed na tom, kter\u00fd poskytovatel p\u0159epravn\u00edch slu\u017eeb nebo p\u0159epravn\u00ed slu\u017eba byla vybr\u00e1na.<br>V\u0161echny dny se vztahuj\u00ed na pracovn\u00ed dny.<br>Doba odesl\u00e1n\u00ed za\u010d\u00edn\u00e1 b\u011b\u017eet po p\u0159ijet\u00ed platby nebo potvrzen\u00ed platby p\u0159\u00edslu\u0161n\u00fdm poskytovatelem platebn\u00edch slu\u017eeb.<\/p>\n<p>Pokud si v r\u00e1mci jedn\u00e9 objedn\u00e1vky objedn\u00e1te v\u00edce polo\u017eek s r\u016fzn\u00fdmi dodac\u00edmi lh\u016ftami, ode\u0161leme zbo\u017e\u00ed v jedn\u00e9 z\u00e1silce (pokud nen\u00ed dohodnuto jinak). V takov\u00e9m p\u0159\u00edpad\u011b plat\u00ed pro va\u0161i objedn\u00e1vku jako celek dodac\u00ed lh\u016fta, kter\u00e1 se vztahuje na polo\u017eku v objedn\u00e1vce s nejdel\u0161\u00ed dodac\u00ed lh\u016ftou.<\/p>\n<div><br><\/div>\n<div><br><\/div>\n<p><strong>N\u00e1klady na dopravu<\/strong><\/p>\n<p>N\u00e1klady na dopravu se vypo\u010d\u00edtaj\u00ed automaticky v pokladn\u011b. Vlo\u017ete polo\u017eku (polo\u017eky) do n\u00e1kupn\u00edho ko\u0161\u00edku, zadejte adresu a zobraz\u00ed se n\u00e1klady na dopravu. <br><\/p>\n<p><br><\/p>\n<p><\/p>\n<p><strong>Platebn\u00ed metody<\/strong><\/p>\n<p>M\u016f\u017eete si vybrat z r\u016fzn\u00fdch zp\u016fsob\u016f platby:<\/p>\n<p>- Platba p\u0159edem (p\u0159evodem na n\u00e1\u0161 bankovn\u00ed \u00fa\u010det, p\u0159ijet\u00ed pen\u011bz obvykle nejpozd\u011bji do 1-2 dn\u016f)<br>- Bankovn\u00ed p\u0159evod SOFORT (p\u0159evod p\u0159es platebn\u00ed syst\u00e9m SOFORT, platbu obdr\u017e\u00edme b\u011bhem n\u011bkolika minut)<br>- Kreditn\u00ed karta (VISA, Mastercard)<br>- giropay<br>- paydirekt<br>- Apple Pay<\/p><p>Vezm\u011bte pros\u00edm na v\u011bdom\u00ed, \u017ee ne ka\u017ed\u00fd zp\u016fsob platby je dostupn\u00fd na ka\u017ed\u00e9m m\u00edst\u011b a pro ka\u017edou polo\u017eku. M\u016f\u017ee se proto st\u00e1t, \u017ee v pokladn\u011b budete m\u00edt na v\u00fdb\u011br pouze z n\u011bkolika platebn\u00edch metod.<br><\/p>\n<p>Platebn\u00ed metodu PayPal ji\u017e nenab\u00edz\u00edme kv\u016fli r\u016fzn\u00fdm p\u0159\u00edpad\u016fm podvod\u016f, kter\u00e9 spole\u010dnost PayPal uhradila na na\u0161e n\u00e1klady.<\/p>\n<p><br><\/p>\t\t\t\t\t\t\t\t<\/div>\n\t\t\t\t<\/div>\n\t\t\t\t\t<\/div>\n\t\t<\/div>\n\t\t\t\t\t<\/div>\n\t\t<\/section>\n\t\t\t\t<\/div>","protected":false},"excerpt":{"rendered":"<p>Dostupnost a doba dod\u00e1n\u00ed \u010dl\u00e1nk\u016f Aktu\u00e1ln\u00ed dostupnost \u010dl\u00e1nk\u016f je uvedena v popisu \u010dl\u00e1nku.<\/p>","protected":false},"author":1,"featured_media":0,"parent":0,"menu_order":0,"comment_status":"closed","ping_status":"closed","template":"","meta":{"_acf_changed":false,"footnotes":""},"class_list":["post-68250884","page","type-page","status-publish","hentry"],"acf":[],"_links":{"self":[{"href":"https:\/\/kraftwerk-shop.cc\/cs\/wp-json\/wp\/v2\/pages\/68250884","targetHints":{"allow":["GET"]}}],"collection":[{"href":"https:\/\/kraftwerk-shop.cc\/cs\/wp-json\/wp\/v2\/pages"}],"about":[{"href":"https:\/\/kraftwerk-shop.cc\/cs\/wp-json\/wp\/v2\/types\/page"}],"author":[{"embeddable":true,"href":"https:\/\/kraftwerk-shop.cc\/cs\/wp-json\/wp\/v2\/users\/1"}],"replies":[{"embeddable":true,"href":"https:\/\/kraftwerk-shop.cc\/cs\/wp-json\/wp\/v2\/comments?post=68250884"}],"version-history":[{"count":0,"href":"https:\/\/kraftwerk-shop.cc\/cs\/wp-json\/wp\/v2\/pages\/68250884\/revisions"}],"wp:attachment":[{"href":"https:\/\/kraftwerk-shop.cc\/cs\/wp-json\/wp\/v2\/media?parent=68250884"}],"curies":[{"name":"wp","href":"https:\/\/api.w.org\/{rel}","templated":true}]}}