{"id":68251499,"date":"2021-09-13T13:32:24","date_gmt":"2021-09-13T11:32:24","guid":{"rendered":"https:\/\/kraftwerk-gruppe.de\/?post_type=product&#038;p=68251499"},"modified":"2026-02-15T01:00:09","modified_gmt":"2026-02-15T00:00:09","slug":"kraftwerk-oil-catch-can-hellcat","status":"publish","type":"product","link":"https:\/\/kraftwerk-shop.cc\/cs\/produkt\/kraftwerk-oil-catch-can-hellcat\/","title":{"rendered":"Kraftwerk Z\u00e1chytn\u00e1 n\u00e1doba na olej Hellcat"},"content":{"rendered":"<h1>Z\u00e1chytn\u00e1 n\u00e1doba na olej v pevn\u00e9m hlin\u00edkov\u00e9m proveden\u00ed pro Dodge Challenger, Charger a Durango Hellcat<strong><br \/>\n<\/strong><\/h1>\n<p>&nbsp;<\/p>\n<ul>\n<li>Pevn\u00e1 p\u0159edlitkov\u00e1 konstrukce, vyroben\u00e1 z certifikovan\u00e9ho leteck\u00e9ho hlin\u00edku 6061-T6<\/li>\n<li>Origin\u00e1ln\u00ed filtra\u010dn\u00ed syst\u00e9m se dv\u011bma komorami v horn\u00ed \u010d\u00e1sti, kter\u00fd zachycuje nejjemn\u011bj\u0161\u00ed v\u00fdpary a shroma\u017e\u010fuje je ve snadno vyj\u00edmateln\u00e9 n\u00e1dob\u011b, p\u0159i\u010dem\u017e umo\u017e\u0148uje pr\u016fchod \u010dist\u00e9ho vzduchu do sac\u00edho traktu.<\/li>\n<li>Jednoduch\u00e1 mont\u00e1\u017e<\/li>\n<\/ul>\n<p>&nbsp;<\/p>\n<p><strong>Jak syst\u00e9m funguje?<\/strong><\/p>\n<p>Kdy\u017e je tlak v klikov\u00e9 sk\u0159\u00edni odv\u00e1d\u011bn p\u0159es sac\u00ed potrub\u00ed, dost\u00e1v\u00e1 se do sac\u00edho potrub\u00ed a sb\u011brn\u00e9ho potrub\u00ed velk\u00e9 mno\u017estv\u00ed oleje ve form\u011b v\u00fdpar\u016f a dokonce \u0159ed\u00ed benz\u00edn, co\u017e zp\u016fsobuje pokles oktanov\u00e9ho \u010d\u00edsla.<br \/>\nK tomu doch\u00e1z\u00ed u v\u0161ech motor\u016f a je\u0161t\u011b v\u00fdrazn\u011bji u vozidel s nucen\u00fdm p\u0159epl\u0148ov\u00e1n\u00edm (turbodmychadla a turbodmychadla), proto\u017ee se zvy\u0161uje tlak v klikov\u00e9 sk\u0159\u00edni.<br \/>\nProti tomu byla vyvinuta z\u00e1chytn\u00e1 n\u00e1doba na olej s vlastn\u00ed konstrukc\u00ed.<br \/>\nJe vyroben z masivn\u00edho hlin\u00edkov\u00e9ho polotovaru a p\u0159edstavuje pevn\u00fd d\u00edl. M\u00e1 vroubkovanou z\u00e1kladnu n\u00e1doby, kter\u00e1 usnad\u0148uje vypou\u0161t\u011bn\u00ed pou\u017eit\u00e9ho oleje, a t\u011bsnic\u00ed O-krou\u017eek, kter\u00fd zabra\u0148uje \u00fanik\u016fm.<\/p>\n<p>Filtrace se skl\u00e1d\u00e1 z hlin\u00edkov\u00e9 tkaniny s jemn\u00fdmi oky, kter\u00e1 zachycuje jemn\u00e9 olejov\u00e9 p\u00e1ry a uvol\u0148uje je, jakmile jsou dostate\u010dn\u011b t\u011b\u017ek\u00e9 na to, aby spadly dol\u016f.<br \/>\nPokud se olej dostane p\u0159es filtr, je p\u0159\u00edli\u0161 t\u011b\u017ek\u00fd na to, aby se dostal do sac\u00edho traktu.<\/p>\n<p>&nbsp;<\/p>\n<p>&nbsp;<\/p>\n<p><strong>Vhodn\u00e9 pro:<\/strong><\/p>\n<table width=\"449\">\n<tbody>\n<tr>\n<td width=\"115\"><strong>Zna\u010dka<\/strong><\/td>\n<td width=\"145\"><strong>Model<\/strong><\/td>\n<td width=\"106\"><strong>Motor<\/strong><\/td>\n<td width=\"83\"><strong>Rok v\u00fdstavby<\/strong><\/td>\n<\/tr>\n<tr>\n<td width=\"115\">Dodge<\/td>\n<td width=\"145\">Charger<\/td>\n<td width=\"106\">6.2 Hellcat<\/td>\n<td>2015\u20132023<\/td>\n<\/tr>\n<tr>\n<td width=\"115\">Dodge<\/td>\n<td width=\"145\">Challenger<\/td>\n<td width=\"106\">6.2 Hellcat<\/td>\n<td>2015\u20132023<\/td>\n<\/tr>\n<tr>\n<td width=\"115\">Dodge<\/td>\n<td width=\"145\">Durango<\/td>\n<td width=\"106\">6.2 Hellcat<\/td>\n<td>2021\u20132025<\/td>\n<\/tr>\n<\/tbody>\n<\/table>\n<p>&nbsp;<\/p>\n<p><strong>Rozsah dod\u00e1vky:<\/strong><\/p>\n<ul>\n<li>Kraftwerk Oil Catch Can<\/li>\n<li>Hadice<\/li>\n<li>Spojovac\u00ed d\u00edly specifick\u00e9 pro vozidlo<\/li>\n<li>N\u011bmeck\u00fd n\u00e1vod k obsluze<\/li>\n<\/ul>\n<p>&nbsp;<\/p>","protected":false},"excerpt":{"rendered":"<p>Oil Catch Can in solider Aluminiumausf\u00fchrung f\u00fcr Dodge Challenger, Charger und Durango Hellcat &nbsp; Solide Billet-Ausf\u00fchrung, gefertigt aus zertifiziertem 6061-T6<\/p>","protected":false},"featured_media":68275214,"comment_status":"open","ping_status":"closed","template":"","meta":{"_acf_changed":false},"product_brand":[19068],"product_cat":[1693,1628,2713],"product_tag":[101,2446,54,53,49,3853,3854,95,100,36,84,82,85,83],"class_list":{"0":"post-68251499","1":"product","2":"type-product","3":"status-publish","4":"has-post-thumbnail","6":"product_brand-kraftwerk","7":"product_cat-challenger-hellcat-oil-catch-can","8":"product_cat-charger-hellcat-oil-catch-can","9":"product_cat-durango-hellcat-oil-catch-can","10":"product_tag-6-2","11":"product_tag-billettech","12":"product_tag-challenger","13":"product_tag-charger","14":"product_tag-dodge","15":"product_tag-dodge-challenger","16":"product_tag-dodge-charger","17":"product_tag-durango","18":"product_tag-hellcat","19":"product_tag-kraftwerk","20":"product_tag-kurbelgehaeuseentlueftung","21":"product_tag-oil-catch-can","22":"product_tag-oil-catch-tank","23":"product_tag-oelabscheider","25":"first","26":"outofstock","27":"taxable","28":"shipping-taxable","29":"purchasable","30":"product-type-variable"},"bundled_by":[],"bundle_stock_status":"outofstock","bundle_stock_quantity":0,"bundle_virtual":false,"bundle_layout":"","bundle_add_to_cart_form_location":"","bundle_editable_in_cart":false,"bundle_sold_individually_context":"","bundle_item_grouping":"","bundle_min_size":"","bundle_max_size":"","bundle_price":[],"bundled_items":[],"bundle_sell_ids":[],"exclude_global_add_ons":[],"addons":[],"acf":[],"_links":{"self":[{"href":"https:\/\/kraftwerk-shop.cc\/cs\/wp-json\/wp\/v2\/product\/68251499","targetHints":{"allow":["GET"]}}],"collection":[{"href":"https:\/\/kraftwerk-shop.cc\/cs\/wp-json\/wp\/v2\/product"}],"about":[{"href":"https:\/\/kraftwerk-shop.cc\/cs\/wp-json\/wp\/v2\/types\/product"}],"replies":[{"embeddable":true,"href":"https:\/\/kraftwerk-shop.cc\/cs\/wp-json\/wp\/v2\/comments?post=68251499"}],"version-history":[{"count":0,"href":"https:\/\/kraftwerk-shop.cc\/cs\/wp-json\/wp\/v2\/product\/68251499\/revisions"}],"wp:featuredmedia":[{"embeddable":true,"href":"https:\/\/kraftwerk-shop.cc\/cs\/wp-json\/wp\/v2\/media\/68275214"}],"wp:attachment":[{"href":"https:\/\/kraftwerk-shop.cc\/cs\/wp-json\/wp\/v2\/media?parent=68251499"}],"wp:term":[{"taxonomy":"product_brand","embeddable":true,"href":"https:\/\/kraftwerk-shop.cc\/cs\/wp-json\/wp\/v2\/product_brand?post=68251499"},{"taxonomy":"product_cat","embeddable":true,"href":"https:\/\/kraftwerk-shop.cc\/cs\/wp-json\/wp\/v2\/product_cat?post=68251499"},{"taxonomy":"product_tag","embeddable":true,"href":"https:\/\/kraftwerk-shop.cc\/cs\/wp-json\/wp\/v2\/product_tag?post=68251499"}],"curies":[{"name":"wp","href":"https:\/\/api.w.org\/{rel}","templated":true}]}}