{"id":68251545,"date":"2021-09-14T11:41:05","date_gmt":"2021-09-14T09:41:05","guid":{"rendered":"https:\/\/kraftwerk-gruppe.de\/?post_type=product&#038;p=68251545"},"modified":"2026-04-14T17:16:18","modified_gmt":"2026-04-14T15:16:18","slug":"latkova-hadice-pro-oil-catch-can","status":"publish","type":"product","link":"https:\/\/kraftwerk-shop.cc\/cs\/produkt\/oil-catch-can-gewebeschlauch\/","title":{"rendered":"L\u00e1tkov\u00e1 hadice s koncovkami pro zachycen\u00ed oleje"},"content":{"rendered":"<h1>\u010cern\u00e1 textiln\u00ed hadice s koncovkami jako n\u00e1hrada za p\u0159ipojovac\u00ed hadice k olejov\u00e9mu kanystru.<\/h1>\n<p>&nbsp;<\/p>\n<p>Jedn\u00e1 se o vizu\u00e1ln\u00ed vylep\u0161en\u00ed, kter\u00e9 nem\u00e1 \u017e\u00e1dn\u00fd vliv na funkci \/ instalaci n\u00e1doby na olej.<br \/>\nKoncov\u00e9 d\u00edly jsou vyfr\u00e9zov\u00e1ny z masivn\u00edho materi\u00e1lu.<\/p>\n<p>Vhodn\u00e9 pouze pro olejov\u00e9 z\u00e1chytn\u00e9 vany Kraftwerk, nevhodn\u00e9 pro olejov\u00e9 z\u00e1chytn\u00e9 vany J&amp;L.<\/p>\n<p>&nbsp;<\/p>\n<p><strong>Rozsah dod\u00e1vky:<\/strong><\/p>\n<ul>\n<li>L\u00e1tkov\u00e1 hadice, \u010dern\u00e1<\/li>\n<li>4 koncov\u00e9 d\u00edly<\/li>\n<\/ul>","protected":false},"excerpt":{"rendered":"<p>Vhodn\u00e9 pro olejov\u00e9 z\u00e1chytn\u00e9 n\u00e1doby Kraftwerk<\/p>","protected":false},"featured_media":68275188,"comment_status":"open","ping_status":"closed","template":"","meta":{"_acf_changed":false},"product_brand":[19068],"product_cat":[1548,1572,4983,1580,1588,1677,1685,1693,1701,1612,5161,1620,1628,1636,1653,2713,1661,1717,1725,3338,1733,1749,1757,1765,1773,1514,5019],"product_tag":[52,112,113,2446,54,53,536,49,3853,3854,111,109,56,100,50,4425,4427,4426,36,55,82,108,102,110],"class_list":{"0":"post-68251545","1":"product","2":"type-product","3":"status-publish","4":"has-post-thumbnail","6":"product_brand-kraftwerk","7":"product_cat-300c-30-diesel-oil-catch-can","8":"product_cat-300c-57-2005-2010-oil-catch-can","9":"product_cat-300c-57-2011-2023-oil-catch-can","10":"product_cat-300c-61-oil-catch-can","11":"product_cat-300c-64-oil-catch-can","12":"product_cat-challenger-57-oil-catch-can","13":"product_cat-challenger-61-oil-catch-can","14":"product_cat-challenger-hellcat-oil-catch-can","15":"product_cat-challenger-64-oil-catch-can","16":"product_cat-charger-57-oil-catch-can","17":"product_cat-charger-57-2011-2023-oil-catch-can","18":"product_cat-charger-61-oil-catch-can","19":"product_cat-charger-hellcat-oil-catch-can","20":"product_cat-charger-64-oil-catch-can","21":"product_cat-durango-57-oil-catch-can","22":"product_cat-durango-hellcat-oil-catch-can","23":"product_cat-durango-64-oil-catch-can","24":"product_cat-magnum-57-oil-catch-can","25":"product_cat-magnum-61-oil-catch-can","26":"product_cat-commander-oil-catch-can","27":"product_cat-grand-cherokee-30-diesel-oil-catch-can","28":"product_cat-grand-cherokee-57-2011-2021-oil-catch-can","29":"product_cat-grand-cherokee-61-oil-catch-can","30":"product_cat-trackhawk-oil-catch-can","31":"product_cat-grand-cherokee-64-oil-catch-can","32":"product_cat-1500-57-2009-2018-classic-oil-catch-can","33":"product_cat-1500-57-dt-oil-catch-can","34":"product_tag-300c","35":"product_tag-abschluss","36":"product_tag-alu","37":"product_tag-billettech","38":"product_tag-challenger","39":"product_tag-charger","40":"product_tag-chrysler-300c","41":"product_tag-dodge","42":"product_tag-dodge-challenger","43":"product_tag-dodge-charger","44":"product_tag-ende","45":"product_tag-gewebeschlauch","46":"product_tag-grand-cherokee","47":"product_tag-hellcat","48":"product_tag-jeep","49":"product_tag-jeep-grand-cherokee","50":"product_tag-jeep-grand-cherokee-trackhawk","51":"product_tag-jeep-trackhawk","52":"product_tag-kraftwerk","53":"product_tag-magnum","54":"product_tag-oil-catch-can","55":"product_tag-schlauch","56":"product_tag-trackhawk","57":"product_tag-verbinder","58":"product_shipping_class-deutschlandohne","60":"first","61":"instock","62":"taxable","63":"shipping-taxable","64":"purchasable","65":"product-type-variable"},"bundled_by":[],"bundle_stock_status":"instock","bundle_stock_quantity":4,"bundle_virtual":false,"bundle_layout":"","bundle_add_to_cart_form_location":"","bundle_editable_in_cart":false,"bundle_sold_individually_context":"","bundle_item_grouping":"","bundle_min_size":"","bundle_max_size":"","bundle_price":[],"bundled_items":[],"bundle_sell_ids":[],"exclude_global_add_ons":[],"addons":[],"acf":[],"_links":{"self":[{"href":"https:\/\/kraftwerk-shop.cc\/cs\/wp-json\/wp\/v2\/product\/68251545","targetHints":{"allow":["GET"]}}],"collection":[{"href":"https:\/\/kraftwerk-shop.cc\/cs\/wp-json\/wp\/v2\/product"}],"about":[{"href":"https:\/\/kraftwerk-shop.cc\/cs\/wp-json\/wp\/v2\/types\/product"}],"replies":[{"embeddable":true,"href":"https:\/\/kraftwerk-shop.cc\/cs\/wp-json\/wp\/v2\/comments?post=68251545"}],"version-history":[{"count":0,"href":"https:\/\/kraftwerk-shop.cc\/cs\/wp-json\/wp\/v2\/product\/68251545\/revisions"}],"wp:featuredmedia":[{"embeddable":true,"href":"https:\/\/kraftwerk-shop.cc\/cs\/wp-json\/wp\/v2\/media\/68275188"}],"wp:attachment":[{"href":"https:\/\/kraftwerk-shop.cc\/cs\/wp-json\/wp\/v2\/media?parent=68251545"}],"wp:term":[{"taxonomy":"product_brand","embeddable":true,"href":"https:\/\/kraftwerk-shop.cc\/cs\/wp-json\/wp\/v2\/product_brand?post=68251545"},{"taxonomy":"product_cat","embeddable":true,"href":"https:\/\/kraftwerk-shop.cc\/cs\/wp-json\/wp\/v2\/product_cat?post=68251545"},{"taxonomy":"product_tag","embeddable":true,"href":"https:\/\/kraftwerk-shop.cc\/cs\/wp-json\/wp\/v2\/product_tag?post=68251545"}],"curies":[{"name":"wp","href":"https:\/\/api.w.org\/{rel}","templated":true}]}}