{"id":68251670,"date":"2021-09-14T14:33:45","date_gmt":"2021-09-14T12:33:45","guid":{"rendered":"https:\/\/kraftwerk-gruppe.de\/?post_type=product&#038;p=68251670"},"modified":"2026-04-14T01:34:50","modified_gmt":"2026-04-13T23:34:50","slug":"mechanismus-odemykani-parku","status":"publish","type":"product","link":"https:\/\/kraftwerk-shop.cc\/cs\/produkt\/park-entriegelungs-mechanismus\/","title":{"rendered":"Parkovac\u00ed uvol\u0148ovac\u00ed p\u00e1ka \/ mal\u00ed\u010dek pro p\u0159evodovku NAG1 z hlin\u00edku"},"content":{"rendered":"<h1>Hlin\u00edkov\u00e9 odblokov\u00e1n\u00ed parkovac\u00edho st\u00e1n\u00ed \/ z\u00e1mek \u0159adic\u00ed p\u00e1ky jako n\u00e1hrada p\u016fvodn\u00edho plastov\u00e9ho d\u00edlu<\/h1>\n<p>&nbsp;<\/p>\n<p>Zasekla se p\u0159evodovka va\u0161eho vozu Chrysler 300C, Pacifica, Dodge Charger nebo Magnum v poloze \"P\"? \u0158e\u0161en\u00ed najdete zde.<\/p>\n<p>Po\u017eadovan\u00e1 \u010d\u00e1st je k dispozici tak\u00e9 pod n\u00e1zvem \"<strong>Pinky<\/strong>\" a \"<strong>R\u016f\u017eov\u00e1 hra\u010dka<\/strong>\" zn\u00e1m\u00e9.<\/p>\n<p>Pokud se p\u00e1ka voli\u010de automatick\u00e9 p\u0159evodovky ji\u017e ned\u00e1 p\u0159esunout z polohy \"P\" nebo nelze za\u0159adit v\u00edce rychlostn\u00edch stup\u0148\u016f, je \u010dasto ulomen\u00e1 plastov\u00e1 \u010d\u00e1st v modulu \u0159azen\u00ed.<br \/>\nV d\u00edln\u011b se obvykle vym\u011b\u0148uje cel\u00fd sp\u00ednac\u00ed modul.<\/p>\n<p>Zku\u0161enosti ukazuj\u00ed, \u017ee k t\u00e9to z\u00e1vad\u011b doch\u00e1z\u00ed nej\u010dast\u011bji, kdy\u017e je poprv\u00e9 po zim\u011b op\u011bt velmi teplo nebo kdy\u017e bylo vozidlo vystaveno extr\u00e9mn\u00edmu slune\u010dn\u00edmu z\u00e1\u0159en\u00ed.<\/p>\n<p>N\u00e1\u0161 n\u00e1hradn\u00ed d\u00edl probl\u00e9m nejen vy\u0159e\u0161\u00ed, ale tak\u00e9 zabr\u00e1n\u00ed jeho opakov\u00e1n\u00ed.<\/p>\n<p>Tento d\u00edl je vst\u0159ikovan\u00e1 hlin\u00edkov\u00e1 verze.<br \/>\nVerzi fr\u00e9zovanou CNC najdete <a href=\"https:\/\/kraftwerk-shop.cc\/cs\/produkt\/park-entriegelungs-mechanismus-2\/\">zde<\/a>.<\/p>\n<p>&nbsp;<\/p>\n<p><strong>Vhodn\u00e9 pro:<\/strong><\/p>\n<table width=\"548\">\n<tbody>\n<tr>\n<td width=\"154\">Chrysler<\/td>\n<td width=\"114\">300C<\/td>\n<td width=\"166\">3.0 CRD, 3.5, 5.7, 6.1<\/td>\n<td width=\"114\">2005\u20132007<\/td>\n<\/tr>\n<tr>\n<td>Chrysler<\/td>\n<td>Pacifica<\/td>\n<td>3.5, 3.8<\/td>\n<td>2005\u20132007<\/td>\n<\/tr>\n<tr>\n<td>Dodge<\/td>\n<td>Charger<\/td>\n<td>3.5, 5.7, 6.1<\/td>\n<td>2005\u20132007<\/td>\n<\/tr>\n<tr>\n<td>Dodge<\/td>\n<td>Magnum<\/td>\n<td>3.5, 5.7, 6.1<\/td>\n<td>2005\u20132007<\/td>\n<\/tr>\n<\/tbody>\n<\/table>\n<p>&nbsp;<\/p>\n<p>stejn\u011b jako r\u016fzn\u00e9 modely Mercedes s p\u0159evodovkou NAG1 \/ W5A580.<\/p>\n<p>Sou\u010d\u00e1st\u00ed dod\u00e1vky je nov\u00e1 pru\u017eina a podrobn\u00fd n\u00e1vod k mont\u00e1\u017ei.<\/p>\n<p>&nbsp;<\/p>\n<p><strong>Rozsah dod\u00e1vky:<\/strong><\/p>\n<ul>\n<li>Uvoln\u011bn\u00ed parkovi\u0161t\u011b<\/li>\n<li>Nov\u00e9 jaro<\/li>\n<li>St\u00e1hn\u011bte si pokyny k instalaci<\/li>\n<\/ul>","protected":false},"excerpt":{"rendered":"<p>Parkentriegelung \/ Schaltsperre aus Aluminium als Ersatz f\u00fcr das Originalteil aus Kunststoff &nbsp; Das Getriebe Ihres Chrysler 300C, Pacifica, Dodge<\/p>","protected":false},"featured_media":68275063,"comment_status":"open","ping_status":"closed","template":"","meta":{"_acf_changed":false},"product_brand":[],"product_cat":[1549,1557,1573,1581,1422,1597,1613,1621,1710,1718,1726],"product_tag":[52,144,147,130,131,139,138,53,536,49,3854,135,136,134,132,133,55,137,143,4400,127,4401,4402,142,141,4403,4404,4405,140,4406,129,4407,128,146,145],"class_list":{"0":"post-68251670","1":"product","2":"type-product","3":"status-publish","4":"has-post-thumbnail","6":"product_cat-300c-30-diesel-getriebe","7":"product_cat-300c-35-getriebe","8":"product_cat-300c-57-2005-2010-getriebe","9":"product_cat-300c-61-getriebe","10":"product_cat-pacifica-getriebe","11":"product_cat-charger-35-getriebe","12":"product_cat-charger-57-getriebe","13":"product_cat-charger-61-getriebe","14":"product_cat-magnum-35-getriebe","15":"product_cat-magnum-57-getriebe","16":"product_cat-magnum-61-getriebe","17":"product_tag-300c","18":"product_tag-5-gang","19":"product_tag-68088259ab","20":"product_tag-automatik","21":"product_tag-automatikhebel","22":"product_tag-blockieren","23":"product_tag-blockiert","24":"product_tag-charger","25":"product_tag-chrysler-300c","26":"product_tag-dodge","27":"product_tag-dodge-charger","28":"product_tag-entriegeln","29":"product_tag-entriegelung","30":"product_tag-gebrochen","31":"product_tag-haengt","32":"product_tag-klemmt","33":"product_tag-magnum","34":"product_tag-mechanismus","35":"product_tag-nag1","36":"product_tag-nicht-aus-p","37":"product_tag-pacifica","38":"product_tag-parkentriegelungshebel","39":"product_tag-parkhebel-blockiert","40":"product_tag-pink-thingy","41":"product_tag-pinky","42":"product_tag-pinky-aus-metall","43":"product_tag-pinky-ersetzen","44":"product_tag-pinky-tauschen","45":"product_tag-plastikteil","46":"product_tag-robust","47":"product_tag-schalthebel","48":"product_tag-schaltsperre","49":"product_tag-schaltung","50":"product_tag-w5a580","51":"product_tag-wa580","53":"first","54":"instock","55":"taxable","56":"shipping-taxable","57":"purchasable","58":"product-type-simple"},"bundled_by":[],"bundle_stock_status":"instock","bundle_stock_quantity":12,"bundle_virtual":false,"bundle_layout":"","bundle_add_to_cart_form_location":"","bundle_editable_in_cart":false,"bundle_sold_individually_context":"","bundle_item_grouping":"","bundle_min_size":"","bundle_max_size":"","bundle_price":[],"bundled_items":[],"bundle_sell_ids":[],"exclude_global_add_ons":[],"addons":[],"acf":[],"_links":{"self":[{"href":"https:\/\/kraftwerk-shop.cc\/cs\/wp-json\/wp\/v2\/product\/68251670","targetHints":{"allow":["GET"]}}],"collection":[{"href":"https:\/\/kraftwerk-shop.cc\/cs\/wp-json\/wp\/v2\/product"}],"about":[{"href":"https:\/\/kraftwerk-shop.cc\/cs\/wp-json\/wp\/v2\/types\/product"}],"replies":[{"embeddable":true,"href":"https:\/\/kraftwerk-shop.cc\/cs\/wp-json\/wp\/v2\/comments?post=68251670"}],"version-history":[{"count":0,"href":"https:\/\/kraftwerk-shop.cc\/cs\/wp-json\/wp\/v2\/product\/68251670\/revisions"}],"wp:featuredmedia":[{"embeddable":true,"href":"https:\/\/kraftwerk-shop.cc\/cs\/wp-json\/wp\/v2\/media\/68275063"}],"wp:attachment":[{"href":"https:\/\/kraftwerk-shop.cc\/cs\/wp-json\/wp\/v2\/media?parent=68251670"}],"wp:term":[{"taxonomy":"product_brand","embeddable":true,"href":"https:\/\/kraftwerk-shop.cc\/cs\/wp-json\/wp\/v2\/product_brand?post=68251670"},{"taxonomy":"product_cat","embeddable":true,"href":"https:\/\/kraftwerk-shop.cc\/cs\/wp-json\/wp\/v2\/product_cat?post=68251670"},{"taxonomy":"product_tag","embeddable":true,"href":"https:\/\/kraftwerk-shop.cc\/cs\/wp-json\/wp\/v2\/product_tag?post=68251670"}],"curies":[{"name":"wp","href":"https:\/\/api.w.org\/{rel}","templated":true}]}}