{"id":68251695,"date":"2021-09-15T16:36:08","date_gmt":"2021-09-15T14:36:08","guid":{"rendered":"https:\/\/kraftwerk-gruppe.de\/?post_type=product&#038;p=68251695"},"modified":"2026-02-15T00:49:45","modified_gmt":"2026-02-14T23:49:45","slug":"niklove-spoje-oil-catch-can","status":"publish","type":"product","link":"https:\/\/kraftwerk-shop.cc\/cs\/produkt\/nickel-anschluesse-oil-catch-can\/","title":{"rendered":"Niklov\u00e9 p\u0159\u00edpojky pro n\u00e1dobu na olej"},"content":{"rendered":"<p>Niklov\u00e9 p\u0159\u00edpojky pro olejov\u00e9 z\u00e1chytn\u00e9 n\u00e1doby Kraftwerk.<br \/>\nVhodn\u00e9 pouze pro olejov\u00e9 z\u00e1chytn\u00e9 vany Kraftwerk, nikoli J&amp;L.<\/p>\n<p>&nbsp;<\/p>\n<p>Rozsah dod\u00e1vky: 2 kusy<\/p>","protected":false},"excerpt":{"rendered":"<p>Vhodn\u00e9 pro olejov\u00e9 z\u00e1chytn\u00e9 n\u00e1doby Kraftwerk<\/p>","protected":false},"featured_media":68275167,"comment_status":"open","ping_status":"closed","template":"","meta":{"_acf_changed":false},"product_brand":[19068],"product_cat":[1548,1572,4983,1580,1588,1677,1685,1693,1701,1612,5161,1620,1628,1636,1653,2713,1661,1717,1725,3338,1733,1749,1757,1765,1773,1514,5019],"product_tag":[149,2446,150,82],"class_list":{"0":"post-68251695","1":"product","2":"type-product","3":"status-publish","4":"has-post-thumbnail","6":"product_brand-kraftwerk","7":"product_cat-300c-30-diesel-oil-catch-can","8":"product_cat-300c-57-2005-2010-oil-catch-can","9":"product_cat-300c-57-2011-2023-oil-catch-can","10":"product_cat-300c-61-oil-catch-can","11":"product_cat-300c-64-oil-catch-can","12":"product_cat-challenger-57-oil-catch-can","13":"product_cat-challenger-61-oil-catch-can","14":"product_cat-challenger-hellcat-oil-catch-can","15":"product_cat-challenger-64-oil-catch-can","16":"product_cat-charger-57-oil-catch-can","17":"product_cat-charger-57-2011-2023-oil-catch-can","18":"product_cat-charger-61-oil-catch-can","19":"product_cat-charger-hellcat-oil-catch-can","20":"product_cat-charger-64-oil-catch-can","21":"product_cat-durango-57-oil-catch-can","22":"product_cat-durango-hellcat-oil-catch-can","23":"product_cat-durango-64-oil-catch-can","24":"product_cat-magnum-57-oil-catch-can","25":"product_cat-magnum-61-oil-catch-can","26":"product_cat-commander-oil-catch-can","27":"product_cat-grand-cherokee-30-diesel-oil-catch-can","28":"product_cat-grand-cherokee-57-2011-2021-oil-catch-can","29":"product_cat-grand-cherokee-61-oil-catch-can","30":"product_cat-trackhawk-oil-catch-can","31":"product_cat-grand-cherokee-64-oil-catch-can","32":"product_cat-1500-57-2009-2018-classic-oil-catch-can","33":"product_cat-1500-57-dt-oil-catch-can","34":"product_tag-anschluss","35":"product_tag-billettech","36":"product_tag-nickel","37":"product_tag-oil-catch-can","39":"first","40":"instock","41":"taxable","42":"shipping-taxable","43":"purchasable","44":"product-type-simple"},"bundled_by":[],"bundle_stock_status":"instock","bundle_stock_quantity":1,"bundle_virtual":false,"bundle_layout":"","bundle_add_to_cart_form_location":"","bundle_editable_in_cart":false,"bundle_sold_individually_context":"","bundle_item_grouping":"","bundle_min_size":"","bundle_max_size":"","bundle_price":[],"bundled_items":[],"bundle_sell_ids":[],"exclude_global_add_ons":[],"addons":[],"acf":[],"_links":{"self":[{"href":"https:\/\/kraftwerk-shop.cc\/cs\/wp-json\/wp\/v2\/product\/68251695","targetHints":{"allow":["GET"]}}],"collection":[{"href":"https:\/\/kraftwerk-shop.cc\/cs\/wp-json\/wp\/v2\/product"}],"about":[{"href":"https:\/\/kraftwerk-shop.cc\/cs\/wp-json\/wp\/v2\/types\/product"}],"replies":[{"embeddable":true,"href":"https:\/\/kraftwerk-shop.cc\/cs\/wp-json\/wp\/v2\/comments?post=68251695"}],"version-history":[{"count":0,"href":"https:\/\/kraftwerk-shop.cc\/cs\/wp-json\/wp\/v2\/product\/68251695\/revisions"}],"wp:featuredmedia":[{"embeddable":true,"href":"https:\/\/kraftwerk-shop.cc\/cs\/wp-json\/wp\/v2\/media\/68275167"}],"wp:attachment":[{"href":"https:\/\/kraftwerk-shop.cc\/cs\/wp-json\/wp\/v2\/media?parent=68251695"}],"wp:term":[{"taxonomy":"product_brand","embeddable":true,"href":"https:\/\/kraftwerk-shop.cc\/cs\/wp-json\/wp\/v2\/product_brand?post=68251695"},{"taxonomy":"product_cat","embeddable":true,"href":"https:\/\/kraftwerk-shop.cc\/cs\/wp-json\/wp\/v2\/product_cat?post=68251695"},{"taxonomy":"product_tag","embeddable":true,"href":"https:\/\/kraftwerk-shop.cc\/cs\/wp-json\/wp\/v2\/product_tag?post=68251695"}],"curies":[{"name":"wp","href":"https:\/\/api.w.org\/{rel}","templated":true}]}}