{"id":68251746,"date":"2021-09-15T16:50:22","date_gmt":"2021-09-15T14:50:22","guid":{"rendered":"https:\/\/kraftwerk-gruppe.de\/?post_type=product&#038;p=68251746"},"modified":"2026-04-09T15:36:06","modified_gmt":"2026-04-09T13:36:06","slug":"portovany-ventil-skrtici-klapky-57","status":"publish","type":"product","link":"https:\/\/kraftwerk-shop.cc\/cs\/produkt\/geportete-drosselklappe-ram-57\/","title":{"rendered":"Mont\u00e1\u017e \u0161krtic\u00ed klapky pro RAM 5.7 od roku 2013"},"content":{"rendered":"<h1>Mont\u00e1\u017e \u0161krtic\u00ed klapky pro RAM 5.7 od roku 2013<\/h1>\n<p>&nbsp;<\/p>\n<p>Pr\u016fm\u011br \u0161krtic\u00ed klapky byl zv\u011bt\u0161en z 80 na 87 mm.<\/p>\n<p>Velikost \u0161krtic\u00ed klapky se m\u011bn\u00ed, aby se dos\u00e1hlo takzvan\u00e9ho Venturiho efektu.<\/p>\n<p>Vy\u0161\u0161\u00ed pr\u016ftok vzduchu a lep\u0161\u00ed odezva.<br \/>\nProto\u017ee se jedn\u00e1 o p\u0159estav\u011bn\u00fd origin\u00e1ln\u00ed d\u00edl, nen\u00ed zven\u010d\u00ed patrn\u00fd \u017e\u00e1dn\u00fd rozd\u00edl oproti standardn\u00edmu d\u00edlu.<\/p>\n<p>Vhodn\u00e9 zejm\u00e9na pro vozidla se zv\u00fd\u0161en\u00fdm v\u00fdkonem.<\/p>\n<p>P\u016fvodn\u00ed 80mm t\u011bleso \u0161krtic\u00ed klapky se v mnoha vozidlech uk\u00e1zalo jako \u00fazk\u00e9 hrdlo, ale d\u00edky t\u00e9to nov\u00e9 konstrukci podobn\u00e9 ventil\u00e1toru se pr\u016ftok vzduchu p\u016fvodn\u00edm t\u011blesem \u0161krtic\u00ed klapky zv\u00fd\u0161il, ani\u017e by byla ob\u011btov\u00e1na rychlost proud\u011bn\u00ed vzduchu (jako u 85mm a 90mm t\u011blesa \u0161krtic\u00ed klapky s p\u0159\u00edm\u00fdm otvorem), co\u017e umo\u017e\u0148uje je\u0161t\u011b vy\u0161\u0161\u00ed v\u00fdkon a z\u00e1rove\u0148 p\u0159\u00edmou n\u00e1hradu.<\/p>\n<p>Vysokoot\u00e1\u010dkov\u00e9 \u0161krtic\u00ed klapky jsou zcela nov\u00e9 \u0161krtic\u00ed klapky z origin\u00e1ln\u00edho vybaven\u00ed, opracovan\u00e9 na CNC stroj\u00edch.<\/p>\n<p>&nbsp;<\/p>\n<p><strong>Vhodn\u00e9 pro:<\/strong><\/p>\n<table width=\"371\">\n<tbody>\n<tr>\n<td width=\"122\"><strong>Zna\u010dka<\/strong><\/td>\n<td width=\"83\"><strong>Model<\/strong><\/td>\n<td width=\"83\"><strong>Motor<\/strong><\/td>\n<td width=\"83\"><strong>Rok v\u00fdstavby<\/strong><\/td>\n<\/tr>\n<tr>\n<td>RAM<\/td>\n<td>1500<\/td>\n<td>5.7<\/td>\n<td>2013\u20132023<\/td>\n<\/tr>\n<\/tbody>\n<\/table>\n<p>&nbsp;<\/p>","protected":false},"excerpt":{"rendered":"<p>Geportete Drosselklappe f\u00fcr RAM 5.7 ab 2013 &nbsp; Der Durchmesser der Drosselklappe wurde von 80 auf bis zu 87 mm<\/p>","protected":false},"featured_media":68275150,"comment_status":"open","ping_status":"closed","template":"","meta":{"_acf_changed":false},"product_brand":[19068],"product_cat":[1512,5009],"product_tag":[165,91,161,49,158,162,159,160,126,36,86],"class_list":{"0":"post-68251746","1":"product","2":"type-product","3":"status-publish","4":"has-post-thumbnail","6":"product_brand-kraftwerk","7":"product_cat-1500-57-2009-2018-classic-ansaugung","8":"product_cat-1500-57-dt-ansaugung","9":"product_tag-165","10":"product_tag-5-7","11":"product_tag-87-mm","12":"product_tag-dodge","13":"product_tag-drosselklappe","14":"product_tag-geportet","15":"product_tag-gross","16":"product_tag-groesser","17":"product_tag-hemi","18":"product_tag-kraftwerk","19":"product_tag-ram","21":"first","22":"outofstock","23":"taxable","24":"shipping-taxable","25":"purchasable","26":"product-type-simple"},"bundled_by":[],"bundle_stock_status":"outofstock","bundle_stock_quantity":0,"bundle_virtual":false,"bundle_layout":"","bundle_add_to_cart_form_location":"","bundle_editable_in_cart":false,"bundle_sold_individually_context":"","bundle_item_grouping":"","bundle_min_size":"","bundle_max_size":"","bundle_price":[],"bundled_items":[],"bundle_sell_ids":[],"exclude_global_add_ons":[],"addons":[],"acf":[],"_links":{"self":[{"href":"https:\/\/kraftwerk-shop.cc\/cs\/wp-json\/wp\/v2\/product\/68251746","targetHints":{"allow":["GET"]}}],"collection":[{"href":"https:\/\/kraftwerk-shop.cc\/cs\/wp-json\/wp\/v2\/product"}],"about":[{"href":"https:\/\/kraftwerk-shop.cc\/cs\/wp-json\/wp\/v2\/types\/product"}],"replies":[{"embeddable":true,"href":"https:\/\/kraftwerk-shop.cc\/cs\/wp-json\/wp\/v2\/comments?post=68251746"}],"version-history":[{"count":0,"href":"https:\/\/kraftwerk-shop.cc\/cs\/wp-json\/wp\/v2\/product\/68251746\/revisions"}],"wp:featuredmedia":[{"embeddable":true,"href":"https:\/\/kraftwerk-shop.cc\/cs\/wp-json\/wp\/v2\/media\/68275150"}],"wp:attachment":[{"href":"https:\/\/kraftwerk-shop.cc\/cs\/wp-json\/wp\/v2\/media?parent=68251746"}],"wp:term":[{"taxonomy":"product_brand","embeddable":true,"href":"https:\/\/kraftwerk-shop.cc\/cs\/wp-json\/wp\/v2\/product_brand?post=68251746"},{"taxonomy":"product_cat","embeddable":true,"href":"https:\/\/kraftwerk-shop.cc\/cs\/wp-json\/wp\/v2\/product_cat?post=68251746"},{"taxonomy":"product_tag","embeddable":true,"href":"https:\/\/kraftwerk-shop.cc\/cs\/wp-json\/wp\/v2\/product_tag?post=68251746"}],"curies":[{"name":"wp","href":"https:\/\/api.w.org\/{rel}","templated":true}]}}