{"id":68251780,"date":"2021-09-17T07:50:41","date_gmt":"2021-09-17T05:50:41","guid":{"rendered":"https:\/\/kraftwerk-gruppe.de\/?post_type=product&#038;p=68251780"},"modified":"2026-03-06T12:38:21","modified_gmt":"2026-03-06T11:38:21","slug":"bbk-85-mm-skrtici-klapka-chrysler-dodge-jeep-ram-hemi-srt","status":"publish","type":"product","link":"https:\/\/kraftwerk-shop.cc\/cs\/produkt\/bbk-85-mm-drosselklappe-chrysler-dodge-jeep-ram-hemi-srt\/","title":{"rendered":"BBK 85 mm \u0161krtic\u00ed klapka 5.7, 6.1 a 6.4"},"content":{"rendered":"<h1>\u0160krtic\u00ed klapka BBK 85 mm pro Chrysler, Dodge, Jeep a RAM 5.7, 6.1 a 6.4<\/h1>\n<p>&nbsp;<\/p>\n<p>Pr\u016fm\u011br \u0161krtic\u00ed klapky je v cel\u00e9m rozsahu 85 mm.<br \/>\nJedn\u00e1 se o nejv\u011bt\u0161\u00ed pr\u016fm\u011br, kter\u00fd lze na standardn\u00ed sac\u00ed potrub\u00ed namontovat bez dal\u0161\u00edch prac\u00ed.<\/p>\n<p>Vy\u0161\u0161\u00ed pr\u016ftok vzduchu a lep\u0161\u00ed odezva ne\u017e u p\u016fvodn\u00ed \u0161krtic\u00ed klapky.<\/p>\n<p>\u0160krtic\u00ed klapky BBK Hemi jsou vyrobeny CNC z vysoce kvalitn\u00edho hlin\u00edkov\u00e9ho odlitku 356, aby byla zaji\u0161t\u011bna dokonal\u00e1 kvalita a mont\u00e1\u017e OEM.<br \/>\nP\u0159evodovka \u0161krtic\u00ed klapky v kvalit\u011b OEM, dvojit\u011b ut\u011bsn\u011bn\u00e1 lo\u017eiska a t\u00e1hla \u0161krtic\u00ed klapky opat\u0159en\u00e1 O-krou\u017eky.<\/p>\n<p>Vhodn\u00e9 pro standardn\u00ed vozidla a vozidla se zv\u00fd\u0161en\u00fdm v\u00fdkonem (v\u010detn\u011b p\u0159estaveb na p\u0159epl\u0148ov\u00e1n\u00ed).<\/p>\n<p>&nbsp;<\/p>\n<p><strong>Vhodn\u00e9 pro:<\/strong><\/p>\n<table width=\"449\">\n<tbody>\n<tr>\n<td width=\"115\"><strong>Zna\u010dka<\/strong><\/td>\n<td width=\"145\"><strong>Model<\/strong><\/td>\n<td width=\"106\"><strong>Motor<\/strong><\/td>\n<td width=\"83\"><strong>Rok v\u00fdstavby<\/strong><\/td>\n<\/tr>\n<tr>\n<td>Chrysler<\/td>\n<td>300C<\/td>\n<td>5.7<\/td>\n<td>2005\u20132023<\/td>\n<\/tr>\n<tr>\n<td>Chrysler<\/td>\n<td>300C<\/td>\n<td>6.1<\/td>\n<td>2005\u20132010<\/td>\n<\/tr>\n<tr>\n<td width=\"115\">Chrysler<\/td>\n<td width=\"145\">300C<\/td>\n<td>6.4<\/td>\n<td width=\"83\">2012\u20132014<\/td>\n<\/tr>\n<tr>\n<td>Dodge<\/td>\n<td>Challenger<\/td>\n<td>5.7<\/td>\n<td>2008\u20132023<\/td>\n<\/tr>\n<tr>\n<td>Dodge<\/td>\n<td>Challenger<\/td>\n<td>6.1<\/td>\n<td>2008\u20132010<\/td>\n<\/tr>\n<tr>\n<td width=\"115\">Dodge<\/td>\n<td width=\"145\">Challenger<\/td>\n<td>6.4<\/td>\n<td width=\"83\">2011\u20132023<\/td>\n<\/tr>\n<tr>\n<td>Dodge<\/td>\n<td>Charger<\/td>\n<td>5.7<\/td>\n<td>2005\u20132023<\/td>\n<\/tr>\n<tr>\n<td>Dodge<\/td>\n<td>Charger<\/td>\n<td>6.1<\/td>\n<td>2005\u20132010<\/td>\n<\/tr>\n<tr>\n<td width=\"115\">Dodge<\/td>\n<td width=\"145\">Charger<\/td>\n<td>6.4<\/td>\n<td width=\"83\">2011\u20132023<\/td>\n<\/tr>\n<tr>\n<td>Dodge<\/td>\n<td>Durango<\/td>\n<td>5.7<\/td>\n<td>2013\u20132023<\/td>\n<\/tr>\n<tr>\n<td>Dodge<\/td>\n<td>Durango<\/td>\n<td>6.4<\/td>\n<td>2018\u20132023<\/td>\n<\/tr>\n<tr>\n<td>Dodge<\/td>\n<td>Magnum<\/td>\n<td>5.7<\/td>\n<td>2005\u20132008<\/td>\n<\/tr>\n<tr>\n<td>Dodge<\/td>\n<td>Magnum<\/td>\n<td>6.1<\/td>\n<td>2006\u20132008<\/td>\n<\/tr>\n<tr>\n<td>Jeep<\/td>\n<td>Commander<\/td>\n<td>5.7<\/td>\n<td>2006\u20132010<\/td>\n<\/tr>\n<tr>\n<td>Jeep<\/td>\n<td>Grand Cherokee<\/td>\n<td>5.7<\/td>\n<td>2005\u20132022<\/td>\n<\/tr>\n<tr>\n<td>Jeep<\/td>\n<td>Grand Cherokee<\/td>\n<td>6.1<\/td>\n<td>2006\u20132010<\/td>\n<\/tr>\n<tr>\n<td>Jeep<\/td>\n<td>Grand Cherokee<\/td>\n<td>6.4<\/td>\n<td>2011\u20132021<\/td>\n<\/tr>\n<tr>\n<td>RAM<\/td>\n<td>1500<\/td>\n<td>5.7<\/td>\n<td>2013\u20132023<\/td>\n<\/tr>\n<\/tbody>\n<\/table>\n<p>&nbsp;<\/p>\n<p>Ujist\u011bte se, \u017ee jste vybrali spr\u00e1vn\u00fd rok v\u00fdroby, proto\u017ee existuj\u00ed dv\u011b r\u016fzn\u00e9 varianty.<br \/>\nPrvn\u00ed varianta byla instalov\u00e1na do roku 2012, druh\u00e1 varianta od roku 2013.<\/p>\n<p>Pokud si nejste jisti, porovnejte \u0161krt\u00edc\u00ed klapku ve sv\u00e9m vozidle s t\u00edmto obr\u00e1zkem, abyste zjistili, zda pasuje varianta do roku 2012 nebo od roku 2013:<\/p>\n<p><img decoding=\"async\" class=\"aligncenter wp-image-68256549\" src=\"https:\/\/kraftwerk-shop.cc\/wp-content\/uploads\/2021\/09\/Drosselklappe-Zuordnung-1-300x286.jpg\" alt=\"P\u0159i\u0159azen\u00ed \u0161krtic\u00ed klapky Chrysler, Dodge, Jeep\" width=\"450\" height=\"429\" \/><\/p>","protected":false},"excerpt":{"rendered":"<p>BBK 85 mm \u0161krtic\u00ed klapka pro Chrysler, Dodge, Jeep a RAM 5.7, 6.1 a 6.4 Pr\u016fm\u011br \u0161krtic\u00ed klapky je<\/p>","protected":false},"featured_media":68275126,"comment_status":"open","ping_status":"closed","template":"","meta":{"_acf_changed":false},"product_brand":[17174],"product_cat":[10262],"product_tag":[2790,2791,52,185,91,92,93,183,1388,3365,54,53,48,536,94,49,3853,3854,158,95,56,159,160,126,50,4425,36,55,184,186,86,96],"class_list":{"0":"post-68251780","1":"product","2":"type-product","3":"status-publish","4":"has-post-thumbnail","6":"product_brand-bbk","7":"product_cat-alle-produkte","8":"product_tag-2790","9":"product_tag-2791","10":"product_tag-300c","11":"product_tag-185","12":"product_tag-5-7","13":"product_tag-6-1","14":"product_tag-6-4","15":"product_tag-183","16":"product_tag-bbk","17":"product_tag-bbkdk","18":"product_tag-challenger","19":"product_tag-charger","20":"product_tag-chrysler","21":"product_tag-chrysler-300c","22":"product_tag-commander","23":"product_tag-dodge","24":"product_tag-dodge-challenger","25":"product_tag-dodge-charger","26":"product_tag-drosselklappe","27":"product_tag-durango","28":"product_tag-grand-cherokee","29":"product_tag-gross","30":"product_tag-groesser","31":"product_tag-hemi","32":"product_tag-jeep","33":"product_tag-jeep-grand-cherokee","34":"product_tag-kraftwerk","35":"product_tag-magnum","36":"product_tag-mm","37":"product_tag-performance","38":"product_tag-ram","39":"product_tag-srt","41":"first","42":"instock","43":"taxable","44":"shipping-taxable","45":"purchasable","46":"product-type-variable"},"bundled_by":[],"bundle_stock_status":"instock","bundle_stock_quantity":2,"bundle_virtual":false,"bundle_layout":"","bundle_add_to_cart_form_location":"","bundle_editable_in_cart":false,"bundle_sold_individually_context":"","bundle_item_grouping":"","bundle_min_size":"","bundle_max_size":"","bundle_price":[],"bundled_items":[],"bundle_sell_ids":[],"exclude_global_add_ons":[],"addons":[],"acf":[],"_links":{"self":[{"href":"https:\/\/kraftwerk-shop.cc\/cs\/wp-json\/wp\/v2\/product\/68251780","targetHints":{"allow":["GET"]}}],"collection":[{"href":"https:\/\/kraftwerk-shop.cc\/cs\/wp-json\/wp\/v2\/product"}],"about":[{"href":"https:\/\/kraftwerk-shop.cc\/cs\/wp-json\/wp\/v2\/types\/product"}],"replies":[{"embeddable":true,"href":"https:\/\/kraftwerk-shop.cc\/cs\/wp-json\/wp\/v2\/comments?post=68251780"}],"version-history":[{"count":0,"href":"https:\/\/kraftwerk-shop.cc\/cs\/wp-json\/wp\/v2\/product\/68251780\/revisions"}],"wp:featuredmedia":[{"embeddable":true,"href":"https:\/\/kraftwerk-shop.cc\/cs\/wp-json\/wp\/v2\/media\/68275126"}],"wp:attachment":[{"href":"https:\/\/kraftwerk-shop.cc\/cs\/wp-json\/wp\/v2\/media?parent=68251780"}],"wp:term":[{"taxonomy":"product_brand","embeddable":true,"href":"https:\/\/kraftwerk-shop.cc\/cs\/wp-json\/wp\/v2\/product_brand?post=68251780"},{"taxonomy":"product_cat","embeddable":true,"href":"https:\/\/kraftwerk-shop.cc\/cs\/wp-json\/wp\/v2\/product_cat?post=68251780"},{"taxonomy":"product_tag","embeddable":true,"href":"https:\/\/kraftwerk-shop.cc\/cs\/wp-json\/wp\/v2\/product_tag?post=68251780"}],"curies":[{"name":"wp","href":"https:\/\/api.w.org\/{rel}","templated":true}]}}