{"id":68251821,"date":"2021-09-17T07:58:11","date_gmt":"2021-09-17T05:58:11","guid":{"rendered":"https:\/\/kraftwerk-gruppe.de\/?post_type=product&#038;p=68251821"},"modified":"2026-02-15T00:53:45","modified_gmt":"2026-02-14T23:53:45","slug":"bbk-78-mm-skrtici-klapka-36-v6","status":"publish","type":"product","link":"https:\/\/kraftwerk-shop.cc\/cs\/produkt\/bbk-78-mm-drosselklappe-36-v6\/","title":{"rendered":"BBK 78 mm \u0161krtic\u00ed klapka 3.6 V6"},"content":{"rendered":"<h1>\u0160krtic\u00ed klapka BBK 78 mm pro Chrysler, Dodge a Jeep 3.6 V6<\/h1>\n<p>&nbsp;<\/p>\n<p>Pr\u016fm\u011br \u0161krtic\u00ed klapky je v cel\u00e9m rozsahu 78 mm.<\/p>\n<p>Vy\u0161\u0161\u00ed pr\u016ftok vzduchu a lep\u0161\u00ed odezva ne\u017e u p\u016fvodn\u00ed \u0161krtic\u00ed klapky.<\/p>\n<p>\u0160krtic\u00ed klapky BBK Hemi jsou vyrobeny CNC z vysoce kvalitn\u00edho hlin\u00edkov\u00e9ho odlitku 356, aby byla zaji\u0161t\u011bna dokonal\u00e1 kvalita a mont\u00e1\u017e OEM.<br \/>\nP\u0159evodovka \u0161krtic\u00ed klapky v kvalit\u011b OEM, dvojit\u011b ut\u011bsn\u011bn\u00e1 lo\u017eiska a t\u00e1hla \u0161krtic\u00ed klapky opat\u0159en\u00e1 O-krou\u017eky.<\/p>\n<p>Vhodn\u00e9 pro standardn\u00ed vozidla a vozidla se zv\u00fd\u0161en\u00fdm v\u00fdkonem (v\u010detn\u011b p\u0159estaveb na p\u0159epl\u0148ov\u00e1n\u00ed).<\/p>\n<p>&nbsp;<\/p>\n<p><strong>Vhodn\u00e9 pro:<\/strong><\/p>\n<table width=\"366\">\n<tbody>\n<tr>\n<td width=\"115\"><strong>Zna\u010dka<\/strong><\/td>\n<td width=\"145\"><strong>Model<\/strong><\/td>\n<td width=\"106\"><strong>Motor<\/strong><\/td>\n<\/tr>\n<tr>\n<td>Chrysler<\/td>\n<td>200<\/td>\n<td>3.6<\/td>\n<\/tr>\n<tr>\n<td>Chrysler<\/td>\n<td>300C<\/td>\n<td>3.6<\/td>\n<\/tr>\n<tr>\n<td>Chrysler<\/td>\n<td>Town &amp; Country<\/td>\n<td>3.6<\/td>\n<\/tr>\n<tr>\n<td>Chrysler<\/td>\n<td>Voyager<\/td>\n<td>3.6<\/td>\n<\/tr>\n<tr>\n<td>Dodge<\/td>\n<td>Avenger<\/td>\n<td>3.6<\/td>\n<\/tr>\n<tr>\n<td>Dodge<\/td>\n<td>Karavan<\/td>\n<td>3.6<\/td>\n<\/tr>\n<tr>\n<td>Dodge<\/td>\n<td>Challenger<\/td>\n<td>3.6<\/td>\n<\/tr>\n<tr>\n<td>Dodge<\/td>\n<td>Charger<\/td>\n<td>3.6<\/td>\n<\/tr>\n<tr>\n<td>Dodge<\/td>\n<td>Durango<\/td>\n<td>3.6<\/td>\n<\/tr>\n<tr>\n<td>Dodge<\/td>\n<td>Journey<\/td>\n<td>3.6<\/td>\n<\/tr>\n<tr>\n<td>Jeep<\/td>\n<td>Gladi\u00e1tor<\/td>\n<td>3.6<\/td>\n<\/tr>\n<tr>\n<td>Jeep<\/td>\n<td>Grand Cherokee<\/td>\n<td>3.6<\/td>\n<\/tr>\n<tr>\n<td>Jeep<\/td>\n<td>Wrangler<\/td>\n<td>3.6<\/td>\n<\/tr>\n<tr>\n<td>Fiat<\/td>\n<td>Freemont<\/td>\n<td>3.6<\/td>\n<\/tr>\n<tr>\n<td>Lancia<\/td>\n<td>T\u00e9ma<\/td>\n<td>3.6<\/td>\n<\/tr>\n<\/tbody>\n<\/table>","protected":false},"excerpt":{"rendered":"<p>BBK 78 mm Drosselklappe f\u00fcr Chrysler, Dodge und Jeep 3.6 V6 &nbsp; Der Durchmesser der Drosselklappe ist durchgehend 78 mm.<\/p>","protected":false},"featured_media":68275106,"comment_status":"open","ping_status":"closed","template":"","meta":{"_acf_changed":false},"product_brand":[17174],"product_cat":[2522,2523,2524,2525,3008,2526,2946,4752],"product_tag":[169,52,185,91,92,93,1389,1388,3365,54,53,48,536,94,49,3853,3854,158,95,56,159,160,126,50,4425,36,55,184,170,186,86,96],"class_list":{"0":"post-68251821","1":"product","2":"type-product","3":"status-publish","4":"has-post-thumbnail","6":"product_brand-bbk","7":"product_cat-300c-36-ansaugung","8":"product_cat-challenger-36-ansaugung","9":"product_cat-charger-36-ansaugung","10":"product_cat-durango-36-ansaugung","11":"product_cat-gladiator-36-ansaugung","12":"product_cat-grand-cherokee-36-ansaugung","13":"product_cat-wrangler-36-ansaugung","14":"product_cat-1500-36-ansaugung","15":"product_tag-3-6","16":"product_tag-300c","17":"product_tag-185","18":"product_tag-5-7","19":"product_tag-6-1","20":"product_tag-6-4","21":"product_tag-1389","22":"product_tag-bbk","23":"product_tag-bbkdk","24":"product_tag-challenger","25":"product_tag-charger","26":"product_tag-chrysler","27":"product_tag-chrysler-300c","28":"product_tag-commander","29":"product_tag-dodge","30":"product_tag-dodge-challenger","31":"product_tag-dodge-charger","32":"product_tag-drosselklappe","33":"product_tag-durango","34":"product_tag-grand-cherokee","35":"product_tag-gross","36":"product_tag-groesser","37":"product_tag-hemi","38":"product_tag-jeep","39":"product_tag-jeep-grand-cherokee","40":"product_tag-kraftwerk","41":"product_tag-magnum","42":"product_tag-mm","43":"product_tag-pentastar","44":"product_tag-performance","45":"product_tag-ram","46":"product_tag-srt","47":"product_shipping_class-deutschlandohne","49":"first","50":"instock","51":"taxable","52":"shipping-taxable","53":"purchasable","54":"product-type-simple"},"bundled_by":[],"bundle_stock_status":"instock","bundle_stock_quantity":1,"bundle_virtual":false,"bundle_layout":"","bundle_add_to_cart_form_location":"","bundle_editable_in_cart":false,"bundle_sold_individually_context":"","bundle_item_grouping":"","bundle_min_size":"","bundle_max_size":"","bundle_price":[],"bundled_items":[],"bundle_sell_ids":[],"exclude_global_add_ons":[],"addons":[],"acf":[],"_links":{"self":[{"href":"https:\/\/kraftwerk-shop.cc\/cs\/wp-json\/wp\/v2\/product\/68251821","targetHints":{"allow":["GET"]}}],"collection":[{"href":"https:\/\/kraftwerk-shop.cc\/cs\/wp-json\/wp\/v2\/product"}],"about":[{"href":"https:\/\/kraftwerk-shop.cc\/cs\/wp-json\/wp\/v2\/types\/product"}],"replies":[{"embeddable":true,"href":"https:\/\/kraftwerk-shop.cc\/cs\/wp-json\/wp\/v2\/comments?post=68251821"}],"version-history":[{"count":0,"href":"https:\/\/kraftwerk-shop.cc\/cs\/wp-json\/wp\/v2\/product\/68251821\/revisions"}],"wp:featuredmedia":[{"embeddable":true,"href":"https:\/\/kraftwerk-shop.cc\/cs\/wp-json\/wp\/v2\/media\/68275106"}],"wp:attachment":[{"href":"https:\/\/kraftwerk-shop.cc\/cs\/wp-json\/wp\/v2\/media?parent=68251821"}],"wp:term":[{"taxonomy":"product_brand","embeddable":true,"href":"https:\/\/kraftwerk-shop.cc\/cs\/wp-json\/wp\/v2\/product_brand?post=68251821"},{"taxonomy":"product_cat","embeddable":true,"href":"https:\/\/kraftwerk-shop.cc\/cs\/wp-json\/wp\/v2\/product_cat?post=68251821"},{"taxonomy":"product_tag","embeddable":true,"href":"https:\/\/kraftwerk-shop.cc\/cs\/wp-json\/wp\/v2\/product_tag?post=68251821"}],"curies":[{"name":"wp","href":"https:\/\/api.w.org\/{rel}","templated":true}]}}