{"id":68251823,"date":"2021-09-17T08:06:21","date_gmt":"2021-09-17T06:06:21","guid":{"rendered":"https:\/\/kraftwerk-gruppe.de\/?post_type=product&#038;p=68251823"},"modified":"2026-02-14T23:59:59","modified_gmt":"2026-02-14T22:59:59","slug":"vykonne-hlavy-valcu-57-hemi","status":"publish","type":"product","link":"https:\/\/kraftwerk-shop.cc\/cs\/produkt\/performance-zylinderkoepfe-57-hemi\/","title":{"rendered":"V\u00fdkonn\u00e9 hlavy v\u00e1lc\u016f 5.7 Hemi (2003-2008)"},"content":{"rendered":"<h2>V\u00fdkonn\u00e9 hlavy v\u00e1lc\u016f pro motory 5.7 Hemi z let 2003 - 2008<\/h2>\n<p>&nbsp;<\/p>\n<ul>\n<li>Zv\u011bt\u0161en\u00e9 a opracovan\u00e9 vstupn\u00ed a v\u00fdstupn\u00ed kan\u00e1ly<\/li>\n<li>obr\u00e1b\u011bn\u00e1 sedla ventil\u016f<\/li>\n<li>Nov\u00e9 ventily<\/li>\n<li>nov\u00e9 pru\u017einy ventil\u016f PSI 1511<\/li>\n<li>Nov\u00e9 t\u011bsn\u011bn\u00ed d\u0159\u00edku ventilu<\/li>\n<li>nov\u00e9 dr\u017e\u00e1ky ventilov\u00fdch pru\u017ein Moly<\/li>\n<li>Kompletn\u011b p\u0159ipraveno k instalaci<\/li>\n<\/ul>\n<p>&nbsp;<\/p>\n<p>&nbsp;<\/p>\n<p><strong>Vhodn\u00e9 pro:<\/strong><\/p>\n<table width=\"371\">\n<tbody>\n<tr>\n<td width=\"83\"><strong>Zna\u010dka<\/strong><\/td>\n<td width=\"122\"><strong>Model<\/strong><\/td>\n<td width=\"83\"><strong>Motor<\/strong><\/td>\n<td width=\"83\"><strong>Rok v\u00fdstavby<\/strong><\/td>\n<\/tr>\n<tr>\n<td>Chrysler<\/td>\n<td>300C<\/td>\n<td>5.7<\/td>\n<td>2005\u20132008<\/td>\n<\/tr>\n<tr>\n<td>Dodge<\/td>\n<td>Charger<\/td>\n<td>5.7<\/td>\n<td>2005\u20132008<\/td>\n<\/tr>\n<tr>\n<td>Dodge<\/td>\n<td>Magnum<\/td>\n<td>5.7<\/td>\n<td>2005\u20132008<\/td>\n<\/tr>\n<tr>\n<td>Jeep<\/td>\n<td>Grand Cherokee<\/td>\n<td>5.7<\/td>\n<td>2005\u20132008<\/td>\n<\/tr>\n<\/tbody>\n<\/table>\n<p>&nbsp;<\/p>\n<p>*P\u016fvodn\u00ed hlavy v\u00e1lc\u016f ji\u017e nejsou k dispozici jako nov\u00e9 d\u00edly, ale pouze jako \"repasovan\u00e9\".<\/p>\n<p>&nbsp;<\/p>\n<p><strong>Rozsah dod\u00e1vky:<\/strong><\/p>\n<ul>\n<li>2 hlavy v\u00e1lc\u016f<\/li>\n<\/ul>","protected":false},"excerpt":{"rendered":"<p>Performance Zylinderk\u00f6pfe f\u00fcr 5.7 Hemi Motoren von 2003 &#8211; 2008 &nbsp; vergr\u00f6\u00dferte und bearbeitete Einlass- und Auslasskan\u00e4le bearbeitete Ventilsitze neue<\/p>","protected":false},"featured_media":68274887,"comment_status":"open","ping_status":"closed","template":"","meta":{"_acf_changed":false},"product_brand":[],"product_cat":[6706,6711,6736,1715,6716,3024],"product_tag":[18129,18126,18122,18124,205,206,207,208,209,210,52,91,18127,18125,18120,18123,203,200,54,53,48,536,49,3854,204,56,126,50,4425,36,55,2455,202,186,201,18121,18128,199],"class_list":{"0":"post-68251823","1":"product","2":"type-product","3":"status-publish","4":"has-post-thumbnail","6":"product_cat-300c-57-2005-2010-zylinderkopf","7":"product_cat-charger-57-zylinderkopf","8":"product_cat-durango-57-zylinderkopf","9":"product_cat-magnum-57-motor","10":"product_cat-grand-cherokee-57-2005-2010-zylinderkopf","11":"product_cat-nicht-nach-eu","12":"product_tag-05143396aa","13":"product_tag-05143396ab","14":"product_tag-05143397aa","15":"product_tag-05143397ab","16":"product_tag-205","17":"product_tag-206","18":"product_tag-207","19":"product_tag-208","20":"product_tag-209","21":"product_tag-210","22":"product_tag-300c","23":"product_tag-5-7","24":"product_tag-5143396aa","25":"product_tag-5143396ab","26":"product_tag-5143397aa","27":"product_tag-5143397ab","28":"product_tag-austausch","29":"product_tag-bearbeitet","30":"product_tag-challenger","31":"product_tag-charger","32":"product_tag-chrysler","33":"product_tag-chrysler-300c","34":"product_tag-dodge","35":"product_tag-dodge-charger","36":"product_tag-ersatz","37":"product_tag-grand-cherokee","38":"product_tag-hemi","39":"product_tag-jeep","40":"product_tag-jeep-grand-cherokee","41":"product_tag-kraftwerk","42":"product_tag-magnum","43":"product_tag-mm5","44":"product_tag-optimiert","45":"product_tag-performance","46":"product_tag-ported","47":"product_tag-r5857034ab","48":"product_tag-r6857034ab","49":"product_tag-zylinderkoepfe","50":"product_shipping_class-spedition-1","52":"first","53":"onbackorder","54":"taxable","55":"shipping-taxable","56":"purchasable","57":"product-type-simple"},"bundled_by":[],"bundle_stock_status":"onbackorder","bundle_stock_quantity":0,"bundle_virtual":false,"bundle_layout":"","bundle_add_to_cart_form_location":"","bundle_editable_in_cart":false,"bundle_sold_individually_context":"","bundle_item_grouping":"","bundle_min_size":"","bundle_max_size":"","bundle_price":[],"bundled_items":[],"bundle_sell_ids":[],"exclude_global_add_ons":[],"addons":[],"acf":[],"_links":{"self":[{"href":"https:\/\/kraftwerk-shop.cc\/cs\/wp-json\/wp\/v2\/product\/68251823","targetHints":{"allow":["GET"]}}],"collection":[{"href":"https:\/\/kraftwerk-shop.cc\/cs\/wp-json\/wp\/v2\/product"}],"about":[{"href":"https:\/\/kraftwerk-shop.cc\/cs\/wp-json\/wp\/v2\/types\/product"}],"replies":[{"embeddable":true,"href":"https:\/\/kraftwerk-shop.cc\/cs\/wp-json\/wp\/v2\/comments?post=68251823"}],"version-history":[{"count":0,"href":"https:\/\/kraftwerk-shop.cc\/cs\/wp-json\/wp\/v2\/product\/68251823\/revisions"}],"wp:featuredmedia":[{"embeddable":true,"href":"https:\/\/kraftwerk-shop.cc\/cs\/wp-json\/wp\/v2\/media\/68274887"}],"wp:attachment":[{"href":"https:\/\/kraftwerk-shop.cc\/cs\/wp-json\/wp\/v2\/media?parent=68251823"}],"wp:term":[{"taxonomy":"product_brand","embeddable":true,"href":"https:\/\/kraftwerk-shop.cc\/cs\/wp-json\/wp\/v2\/product_brand?post=68251823"},{"taxonomy":"product_cat","embeddable":true,"href":"https:\/\/kraftwerk-shop.cc\/cs\/wp-json\/wp\/v2\/product_cat?post=68251823"},{"taxonomy":"product_tag","embeddable":true,"href":"https:\/\/kraftwerk-shop.cc\/cs\/wp-json\/wp\/v2\/product_tag?post=68251823"}],"curies":[{"name":"wp","href":"https:\/\/api.w.org\/{rel}","templated":true}]}}