{"id":68251869,"date":"2021-09-17T08:25:11","date_gmt":"2021-09-17T06:25:11","guid":{"rendered":"https:\/\/kraftwerk-gruppe.de\/?post_type=product&#038;p=68251869"},"modified":"2026-02-15T00:43:16","modified_gmt":"2026-02-14T23:43:16","slug":"vykonne-hlavy-valcu-57-eagle","status":"publish","type":"product","link":"https:\/\/kraftwerk-shop.cc\/cs\/produkt\/performance-zylinderkoepfe-57-eagle\/","title":{"rendered":"V\u00fdkonn\u00e9 hlavy v\u00e1lc\u016f 5.7 Hemi (2009 +) - Eagle"},"content":{"rendered":"<h2>Hlavy v\u00e1lc\u016f Performance Eagle pro motory 5.7 Hemi od roku 2009<\/h2>\n<p>&nbsp;<\/p>\n<ul>\n<li>Zv\u011bt\u0161en\u00e9 a opracovan\u00e9 vstupn\u00ed a v\u00fdstupn\u00ed kan\u00e1ly<\/li>\n<li>obr\u00e1b\u011bn\u00e1 sedla ventil\u016f<\/li>\n<li>Nov\u00e9 ventily<\/li>\n<li>nov\u00e9 pru\u017einy ventil\u016f PSI 1511<\/li>\n<li>Nov\u00e9 t\u011bsn\u011bn\u00ed d\u0159\u00edku ventilu<\/li>\n<li>nov\u00e9 dr\u017e\u00e1ky ventilov\u00fdch pru\u017ein Moly<\/li>\n<li>Kompletn\u011b p\u0159ipraveno k instalaci<\/li>\n<\/ul>\n<p>&nbsp;<\/p>\n<p>&nbsp;<\/p>\n<p><strong>Vhodn\u00e9 pro:<\/strong><\/p>\n<table width=\"371\">\n<tbody>\n<tr>\n<td width=\"83\"><strong>Zna\u010dka<\/strong><\/td>\n<td width=\"122\"><strong>Model<\/strong><\/td>\n<td width=\"83\"><strong>Motor<\/strong><\/td>\n<td width=\"83\"><strong>Rok v\u00fdstavby<\/strong><\/td>\n<\/tr>\n<tr>\n<td>Chrysler<\/td>\n<td>300C<\/td>\n<td>5.7<\/td>\n<td>2009\u20132023<\/td>\n<\/tr>\n<tr>\n<td>Dodge<\/td>\n<td>Challenger<\/td>\n<td>5.7<\/td>\n<td>2009\u20132023<\/td>\n<\/tr>\n<tr>\n<td>Dodge<\/td>\n<td>Charger<\/td>\n<td>5.7<\/td>\n<td>2009\u20132023<\/td>\n<\/tr>\n<tr>\n<td>Dodge<\/td>\n<td>Durango<\/td>\n<td>5.7<\/td>\n<td>2009\u20132025<\/td>\n<\/tr>\n<tr>\n<td>Jeep<\/td>\n<td>Grand Cherokee<\/td>\n<td>5.7<\/td>\n<td>2009\u20132022<\/td>\n<\/tr>\n<tr>\n<td>RAM<\/td>\n<td>1500<\/td>\n<td>5.7<\/td>\n<td>2009\u20132024<\/td>\n<\/tr>\n<\/tbody>\n<\/table>\n<p>&nbsp;<\/p>\n<p>* V z\u00e1vislosti na dostupnosti se m\u016f\u017ee jednat o nov\u00e9 d\u00edly nebo repasovan\u00e9 hlavy v\u00e1lc\u016f.<br \/>\nInformujte se o dostupnosti.<\/p>\n<p>&nbsp;<\/p>\n<p><strong>Rozsah dod\u00e1vky:<\/strong><\/p>\n<ul>\n<li>2 hlavy v\u00e1lc\u016f<\/li>\n<\/ul>","protected":false},"excerpt":{"rendered":"<p>Performance Eagle-Zylinderk\u00f6pfe f\u00fcr 5.7 Hemi Motoren ab 2009 &nbsp; vergr\u00f6\u00dferte und bearbeitete Einlass- und Auslasskan\u00e4le bearbeitete Ventilsitze neue Ventile neue<\/p>","protected":false},"featured_media":68274879,"comment_status":"open","ping_status":"closed","template":"","meta":{"_acf_changed":false},"product_brand":[],"product_cat":[6706,6721,6726,6711,6731,6736,6716,6741,3024],"product_tag":[213,214,176,177,165,52,91,18136,18139,18140,18141,18142,18138,18137,18144,18145,18146,18147,18143,18131,18132,18130,18133,203,200,54,53,48,536,49,3853,3854,212,204,56,126,50,4425,36,55,2455,202,186,201,18134,18135,199],"class_list":{"0":"post-68251869","1":"product","2":"type-product","3":"status-publish","4":"has-post-thumbnail","6":"product_cat-300c-57-2005-2010-zylinderkopf","7":"product_cat-300c-57-2011-2023-zylinderkopf","8":"product_cat-challenger-57-zylinderkopf","9":"product_cat-charger-57-zylinderkopf","10":"product_cat-charger-57-2011-2023-zylinderkopf","11":"product_cat-durango-57-zylinderkopf","12":"product_cat-grand-cherokee-57-2005-2010-zylinderkopf","13":"product_cat-grand-cherokee-57-2011-2021-zylinderkopf","14":"product_cat-nicht-nach-eu","15":"product_tag-213","16":"product_tag-214","17":"product_tag-176","18":"product_tag-177","19":"product_tag-165","20":"product_tag-300c","21":"product_tag-5-7","22":"product_tag-53021608df","23":"product_tag-68280502ab","24":"product_tag-68280502ac","25":"product_tag-68280502ad","26":"product_tag-68280502ae","27":"product_tag-68280502af","28":"product_tag-68280503aa","29":"product_tag-68280503ab","30":"product_tag-68280503ac","31":"product_tag-68280503ad","32":"product_tag-68280503ae","33":"product_tag-68280503af","34":"product_tag-68333006aa","35":"product_tag-68333006ab","36":"product_tag-68333006ac","37":"product_tag-68333007aa","38":"product_tag-austausch","39":"product_tag-bearbeitet","40":"product_tag-challenger","41":"product_tag-charger","42":"product_tag-chrysler","43":"product_tag-chrysler-300c","44":"product_tag-dodge","45":"product_tag-dodge-challenger","46":"product_tag-dodge-charger","47":"product_tag-eagle","48":"product_tag-ersatz","49":"product_tag-grand-cherokee","50":"product_tag-hemi","51":"product_tag-jeep","52":"product_tag-jeep-grand-cherokee","53":"product_tag-kraftwerk","54":"product_tag-magnum","55":"product_tag-mm5","56":"product_tag-optimiert","57":"product_tag-performance","58":"product_tag-ported","59":"product_tag-r8225256aa","60":"product_tag-r8225257aa","61":"product_tag-zylinderkoepfe","62":"product_shipping_class-spedition-1","64":"first","65":"onbackorder","66":"taxable","67":"shipping-taxable","68":"purchasable","69":"product-type-simple"},"bundled_by":[],"bundle_stock_status":"onbackorder","bundle_stock_quantity":0,"bundle_virtual":false,"bundle_layout":"","bundle_add_to_cart_form_location":"","bundle_editable_in_cart":false,"bundle_sold_individually_context":"","bundle_item_grouping":"","bundle_min_size":"","bundle_max_size":"","bundle_price":[],"bundled_items":[],"bundle_sell_ids":[],"exclude_global_add_ons":[],"addons":[],"acf":[],"_links":{"self":[{"href":"https:\/\/kraftwerk-shop.cc\/cs\/wp-json\/wp\/v2\/product\/68251869","targetHints":{"allow":["GET"]}}],"collection":[{"href":"https:\/\/kraftwerk-shop.cc\/cs\/wp-json\/wp\/v2\/product"}],"about":[{"href":"https:\/\/kraftwerk-shop.cc\/cs\/wp-json\/wp\/v2\/types\/product"}],"replies":[{"embeddable":true,"href":"https:\/\/kraftwerk-shop.cc\/cs\/wp-json\/wp\/v2\/comments?post=68251869"}],"version-history":[{"count":0,"href":"https:\/\/kraftwerk-shop.cc\/cs\/wp-json\/wp\/v2\/product\/68251869\/revisions"}],"wp:featuredmedia":[{"embeddable":true,"href":"https:\/\/kraftwerk-shop.cc\/cs\/wp-json\/wp\/v2\/media\/68274879"}],"wp:attachment":[{"href":"https:\/\/kraftwerk-shop.cc\/cs\/wp-json\/wp\/v2\/media?parent=68251869"}],"wp:term":[{"taxonomy":"product_brand","embeddable":true,"href":"https:\/\/kraftwerk-shop.cc\/cs\/wp-json\/wp\/v2\/product_brand?post=68251869"},{"taxonomy":"product_cat","embeddable":true,"href":"https:\/\/kraftwerk-shop.cc\/cs\/wp-json\/wp\/v2\/product_cat?post=68251869"},{"taxonomy":"product_tag","embeddable":true,"href":"https:\/\/kraftwerk-shop.cc\/cs\/wp-json\/wp\/v2\/product_tag?post=68251869"}],"curies":[{"name":"wp","href":"https:\/\/api.w.org\/{rel}","templated":true}]}}