{"id":68252009,"date":"2021-09-17T08:59:17","date_gmt":"2021-09-17T06:59:17","guid":{"rendered":"https:\/\/kraftwerk-gruppe.de\/?post_type=product&#038;p=68252009"},"modified":"2026-02-15T00:58:47","modified_gmt":"2026-02-14T23:58:47","slug":"obrabene-saci-potrubi-61-srt8","status":"publish","type":"product","link":"https:\/\/kraftwerk-shop.cc\/cs\/produkt\/bearbeitete-ansaugbruecke-61-srt8\/","title":{"rendered":"Namontovan\u00e9 sac\u00ed potrub\u00ed 6.1 SRT8"},"content":{"rendered":"<h1>Obr\u00e1b\u011bn\u00e9 sac\u00ed potrub\u00ed SRT8 v r\u016fzn\u00fdch verz\u00edch \/ stupn\u00edch<\/h1>\n<p>&nbsp;<\/p>\n<ul>\n<li><strong>\u00darove\u0148 1<\/strong> m\u00e1 zv\u011bt\u0161en\u00e9 sac\u00ed kan\u00e1ly a 87mm otvor \u0161krtic\u00ed klapky.<\/li>\n<li><strong>\u00darove\u0148 2<\/strong> m\u00e1 zv\u011bt\u0161en\u00e9 sac\u00ed kan\u00e1ly, dodate\u010dn\u00e9 opracov\u00e1n\u00ed sac\u00edho potrub\u00ed pro optimalizaci pr\u016ftoku a 87mm otvor \u0161krtic\u00ed klapky.<\/li>\n<li><strong>\u00darove\u0148 3<\/strong> m\u00e1 zv\u011bt\u0161en\u00e9 sac\u00ed kan\u00e1ly, dodate\u010dn\u00e9 opracov\u00e1n\u00ed sac\u00edho potrub\u00ed pro optimalizaci pr\u016ftoku a 90mm otvor \u0161krtic\u00ed klapky.<\/li>\n<\/ul>\n<p>&nbsp;<\/p>\n<p><strong>Vhodn\u00e9 pro:<\/strong><\/p>\n<table width=\"437\">\n<tbody>\n<tr>\n<td width=\"83\"><strong>Zna\u010dka<\/strong><\/td>\n<td width=\"122\"><strong>Model<\/strong><\/td>\n<td width=\"136\"><strong>Motor<\/strong><\/td>\n<td width=\"96\"><strong>Rok v\u00fdstavby<\/strong><\/td>\n<\/tr>\n<tr>\n<td>Chrysler<\/td>\n<td>300C<\/td>\n<td>6.1<\/td>\n<td>2005\u20132010<\/td>\n<\/tr>\n<tr>\n<td>Dodge<\/td>\n<td>Challenger<\/td>\n<td>6.1<\/td>\n<td>2008\u20132010<\/td>\n<\/tr>\n<tr>\n<td>Dodge<\/td>\n<td>Charger<\/td>\n<td>6.1<\/td>\n<td>2005\u20132010<\/td>\n<\/tr>\n<tr>\n<td>Dodge<\/td>\n<td>Magnum<\/td>\n<td>6.1<\/td>\n<td>2006\u20132008<\/td>\n<\/tr>\n<tr>\n<td>Jeep<\/td>\n<td>Grand Cherokee<\/td>\n<td>6.1<\/td>\n<td>2006\u20132010<\/td>\n<\/tr>\n<\/tbody>\n<\/table>\n<p>&nbsp;<\/p>","protected":false},"excerpt":{"rendered":"<p>Bearbeitete SRT8 Angsaugbr\u00fccke in verschiedenen Ausf\u00fchrungen \/ Stufen &nbsp; Stufe 1 verf\u00fcgt \u00fcber vergr\u00f6\u00dferte Ansaugkan\u00e4le und eine 87mm Drosselklappen\u00f6ffnung. Stufe<\/p>","protected":false},"featured_media":68275090,"comment_status":"open","ping_status":"closed","template":"","meta":{"_acf_changed":false},"product_brand":[19068],"product_cat":[2507,2514,2504,2505,2499,3024],"product_tag":[52,219,226,223,200,54,53,48,536,49,3853,3854,162,56,50,4425,36,55,2455,202,225,224,164,228,227],"class_list":{"0":"post-68252009","1":"product","2":"type-product","3":"status-publish","4":"has-post-thumbnail","6":"product_brand-kraftwerk","7":"product_cat-300c-61-ansaugung","8":"product_cat-challenger-61-ansaugung","9":"product_cat-charger-61-ansaugung","10":"product_cat-magnum-61-ansaugung","11":"product_cat-grand-cherokee-61-ansaugung","12":"product_cat-nicht-nach-eu","13":"product_tag-300c","14":"product_tag-ansaugbruecke","15":"product_tag-aufbohren","16":"product_tag-bearbeiten","17":"product_tag-bearbeitet","18":"product_tag-challenger","19":"product_tag-charger","20":"product_tag-chrysler","21":"product_tag-chrysler-300c","22":"product_tag-dodge","23":"product_tag-dodge-challenger","24":"product_tag-dodge-charger","25":"product_tag-geportet","26":"product_tag-grand-cherokee","27":"product_tag-jeep","28":"product_tag-jeep-grand-cherokee","29":"product_tag-kraftwerk","30":"product_tag-magnum","31":"product_tag-mm5","32":"product_tag-optimiert","33":"product_tag-polieren","34":"product_tag-poliert","35":"product_tag-srt8","36":"product_tag-stage-1","37":"product_tag-stufe-1","38":"product_shipping_class-paket-l","40":"first","41":"outofstock","42":"taxable","43":"shipping-taxable","44":"purchasable","45":"product-type-variable"},"bundled_by":[],"bundle_stock_status":"outofstock","bundle_stock_quantity":0,"bundle_virtual":false,"bundle_layout":"","bundle_add_to_cart_form_location":"","bundle_editable_in_cart":false,"bundle_sold_individually_context":"","bundle_item_grouping":"","bundle_min_size":"","bundle_max_size":"","bundle_price":[],"bundled_items":[],"bundle_sell_ids":[],"exclude_global_add_ons":[],"addons":[],"acf":[],"_links":{"self":[{"href":"https:\/\/kraftwerk-shop.cc\/cs\/wp-json\/wp\/v2\/product\/68252009","targetHints":{"allow":["GET"]}}],"collection":[{"href":"https:\/\/kraftwerk-shop.cc\/cs\/wp-json\/wp\/v2\/product"}],"about":[{"href":"https:\/\/kraftwerk-shop.cc\/cs\/wp-json\/wp\/v2\/types\/product"}],"replies":[{"embeddable":true,"href":"https:\/\/kraftwerk-shop.cc\/cs\/wp-json\/wp\/v2\/comments?post=68252009"}],"version-history":[{"count":0,"href":"https:\/\/kraftwerk-shop.cc\/cs\/wp-json\/wp\/v2\/product\/68252009\/revisions"}],"wp:featuredmedia":[{"embeddable":true,"href":"https:\/\/kraftwerk-shop.cc\/cs\/wp-json\/wp\/v2\/media\/68275090"}],"wp:attachment":[{"href":"https:\/\/kraftwerk-shop.cc\/cs\/wp-json\/wp\/v2\/media?parent=68252009"}],"wp:term":[{"taxonomy":"product_brand","embeddable":true,"href":"https:\/\/kraftwerk-shop.cc\/cs\/wp-json\/wp\/v2\/product_brand?post=68252009"},{"taxonomy":"product_cat","embeddable":true,"href":"https:\/\/kraftwerk-shop.cc\/cs\/wp-json\/wp\/v2\/product_cat?post=68252009"},{"taxonomy":"product_tag","embeddable":true,"href":"https:\/\/kraftwerk-shop.cc\/cs\/wp-json\/wp\/v2\/product_tag?post=68252009"}],"curies":[{"name":"wp","href":"https:\/\/api.w.org\/{rel}","templated":true}]}}