{"id":68252018,"date":"2021-09-17T09:17:15","date_gmt":"2021-09-17T07:17:15","guid":{"rendered":"https:\/\/kraftwerk-gruppe.de\/?post_type=product&#038;p=68252018"},"modified":"2026-02-15T00:44:07","modified_gmt":"2026-02-14T23:44:07","slug":"sada-kompresoru-edelbrock-e-force-6-4-srt8","status":"publish","type":"product","link":"https:\/\/kraftwerk-shop.cc\/cs\/produkt\/edelbrock-e-force-kompressorkit-6-4-srt8\/","title":{"rendered":"Sada p\u0159epl\u0148ov\u00e1n\u00ed Edelbrock E-Force 6.4 SRT"},"content":{"rendered":"<h1>Sada p\u0159epl\u0148ov\u00e1n\u00ed Edelbrock E-Force pro Chrysler 300C, Dodge Challenger a Charger 6.4 SRT<\/h1>\n<p>&nbsp;<\/p>\n<p>Nov\u00e1 6. generace rotor\u016f Eaton TVS R2650 je o 15 % v\u011bt\u0161\u00ed ne\u017e \u0159ada TVS R2300, kter\u00e1 se d\u0159\u00edve pou\u017e\u00edvala v kompresorov\u00fdch syst\u00e9mech Edelbrock. V\u011bt\u0161\u00ed sada rotor\u016f R2650 nem\u00e1 \u017e\u00e1dn\u00fd vliv na celkov\u00e9 rozm\u011bry kompresoru, tak\u017ee se vejde pod kapotu bez jak\u00fdchkoli \u00faprav.<\/p>\n<p>Tyto syst\u00e9my rovn\u011b\u017e vyu\u017e\u00edvaj\u00ed exkluzivn\u00ed mezichladi\u010d DP-3C spole\u010dnosti Edelbrock. DP-3C nab\u00edz\u00ed o 45 % v\u011bt\u0161\u00ed plochu ne\u017e p\u0159edchoz\u00ed konstrukce, co\u017e tomuto syst\u00e9mu umo\u017e\u0148uje dos\u00e1hnout ni\u017e\u0161\u00edch teplot nas\u00e1van\u00e9ho vzduchu pro lep\u0161\u00ed v\u00fdkon a v\u00edce mo\u017enost\u00ed lad\u011bn\u00ed, nap\u0159\u00edklad p\u0159edstihu zapalov\u00e1n\u00ed. Syst\u00e9my R2650 a DP-3C spole\u010dn\u011b p\u0159edstavuj\u00ed dokonalou kombinaci pro va\u0161e vysoce v\u00fdkonn\u00e9 vozidlo.<\/p>\n<p>V\u011bt\u0161\u00ed lo\u017eiska a siln\u011bj\u0161\u00ed rozvodov\u00e1 kola pro vy\u0161\u0161\u00ed odolnost, otvory pro odleh\u010den\u00ed tlaku v lo\u017eiskov\u00e9 desce pro sn\u00ed\u017een\u00ed t\u0159en\u00ed a 170stup\u0148ov\u00e9 kompresorov\u00e9 elementy ve srovn\u00e1n\u00ed se 160 stupni u \u0159ady R2300 zaji\u0161\u0165uj\u00ed o 25 % vy\u0161\u0161\u00ed pr\u016ftok vzduchu p\u0159i 18 000 ot\/min a plnic\u00ed tlak 14 psi ve srovn\u00e1n\u00ed s \u0159adou R2300.<\/p>\n<p>Kompresorov\u00e9 syst\u00e9my Edelbrock jsou na rozd\u00edl od jin\u00fdch dodavatel\u016f zn\u00e1m\u00e9 svou n\u00edzkou hlu\u010dnost\u00ed.<\/p>\n<p>&nbsp;<\/p>\n<p><strong>Vhodn\u00e9 pro:<\/strong><\/p>\n<table width=\"437\">\n<tbody>\n<tr>\n<td width=\"83\"><strong>Zna\u010dka<\/strong><\/td>\n<td width=\"122\"><strong>Model<\/strong><\/td>\n<td width=\"136\"><strong>Motor<\/strong><\/td>\n<td width=\"96\"><strong>Rok v\u00fdstavby<\/strong><\/td>\n<\/tr>\n<tr>\n<td width=\"83\">Chrysler<\/td>\n<td width=\"122\">300C<\/td>\n<td>6.4<\/td>\n<td width=\"96\">2012\u20132014<\/td>\n<\/tr>\n<tr>\n<td width=\"83\">Dodge<\/td>\n<td width=\"122\">Challenger<\/td>\n<td>6.4<\/td>\n<td width=\"96\">2011\u20132023<\/td>\n<\/tr>\n<tr>\n<td width=\"83\">Dodge<\/td>\n<td width=\"122\">Charger<\/td>\n<td>6.4<\/td>\n<td width=\"96\">2011\u20132023<\/td>\n<\/tr>\n<\/tbody>\n<\/table>\n<p>&nbsp;<\/p>","protected":false},"excerpt":{"rendered":"<p>Kompletn\u00ed sada pro p\u0159estavbu turbodmychadla pro 6.4 SRT<\/p>","protected":false},"featured_media":68278735,"comment_status":"open","ping_status":"closed","template":"","meta":{"_acf_changed":false},"product_brand":[20091],"product_cat":[1794,1792,1795,3024],"product_tag":[52,217,93,54,53,48,536,49,3853,3854,2854,247,56,50,20273,242,244,20102,243,426,36,55,96,164,246,20103,233,245,216],"class_list":{"0":"post-68252018","1":"product","2":"type-product","3":"status-publish","4":"has-post-thumbnail","6":"product_brand-edelbrock","7":"product_cat-300c-64-kompressor","8":"product_cat-challenger-64-kompressor","9":"product_cat-charger-64-kompressor","10":"product_cat-nicht-nach-eu","11":"product_tag-300c","12":"product_tag-217","13":"product_tag-6-4","14":"product_tag-challenger","15":"product_tag-charger","16":"product_tag-chrysler","17":"product_tag-chrysler-300c","18":"product_tag-dodge","19":"product_tag-dodge-challenger","20":"product_tag-dodge-charger","21":"product_tag-e-force","22":"product_tag-edelbrock","23":"product_tag-grand-cherokee","24":"product_tag-jeep","25":"product_tag-keintuev","26":"product_tag-kompressor","27":"product_tag-kompressorkit","28":"product_tag-kompressorsystem","29":"product_tag-kompressorumbau","30":"product_tag-kompressorupgrade","31":"product_tag-kraftwerk","32":"product_tag-magnum","33":"product_tag-srt","34":"product_tag-srt8","35":"product_tag-supercharger","36":"product_tag-supercharger-kit","37":"product_tag-tuning","38":"product_tag-umbaukit","39":"product_tag-upgrade","40":"product_shipping_class-spedition-1","42":"first","43":"onbackorder","44":"taxable","45":"shipping-taxable","46":"purchasable","47":"product-type-simple"},"bundled_by":[],"bundle_stock_status":"onbackorder","bundle_stock_quantity":0,"bundle_virtual":false,"bundle_layout":"","bundle_add_to_cart_form_location":"","bundle_editable_in_cart":false,"bundle_sold_individually_context":"","bundle_item_grouping":"","bundle_min_size":"","bundle_max_size":"","bundle_price":[],"bundled_items":[],"bundle_sell_ids":[],"exclude_global_add_ons":[],"addons":[],"acf":[],"_links":{"self":[{"href":"https:\/\/kraftwerk-shop.cc\/cs\/wp-json\/wp\/v2\/product\/68252018","targetHints":{"allow":["GET"]}}],"collection":[{"href":"https:\/\/kraftwerk-shop.cc\/cs\/wp-json\/wp\/v2\/product"}],"about":[{"href":"https:\/\/kraftwerk-shop.cc\/cs\/wp-json\/wp\/v2\/types\/product"}],"replies":[{"embeddable":true,"href":"https:\/\/kraftwerk-shop.cc\/cs\/wp-json\/wp\/v2\/comments?post=68252018"}],"version-history":[{"count":0,"href":"https:\/\/kraftwerk-shop.cc\/cs\/wp-json\/wp\/v2\/product\/68252018\/revisions"}],"wp:featuredmedia":[{"embeddable":true,"href":"https:\/\/kraftwerk-shop.cc\/cs\/wp-json\/wp\/v2\/media\/68278735"}],"wp:attachment":[{"href":"https:\/\/kraftwerk-shop.cc\/cs\/wp-json\/wp\/v2\/media?parent=68252018"}],"wp:term":[{"taxonomy":"product_brand","embeddable":true,"href":"https:\/\/kraftwerk-shop.cc\/cs\/wp-json\/wp\/v2\/product_brand?post=68252018"},{"taxonomy":"product_cat","embeddable":true,"href":"https:\/\/kraftwerk-shop.cc\/cs\/wp-json\/wp\/v2\/product_cat?post=68252018"},{"taxonomy":"product_tag","embeddable":true,"href":"https:\/\/kraftwerk-shop.cc\/cs\/wp-json\/wp\/v2\/product_tag?post=68252018"}],"curies":[{"name":"wp","href":"https:\/\/api.w.org\/{rel}","templated":true}]}}