{"id":68252022,"date":"2021-09-17T09:29:03","date_gmt":"2021-09-17T07:29:03","guid":{"rendered":"https:\/\/kraftwerk-gruppe.de\/?post_type=product&#038;p=68252022"},"modified":"2026-02-15T00:02:51","modified_gmt":"2026-02-14T23:02:51","slug":"sada-kompresoru-edelbrock-e-force-5-7009010","status":"publish","type":"product","link":"https:\/\/kraftwerk-shop.cc\/cs\/produkt\/edelbrock-e-force-kompressorkit-5-7009010\/","title":{"rendered":"Sada kompresoru Edelbrock E-Force 5.7"},"content":{"rendered":"<h1>Kompletn\u00ed sada pro p\u0159estavbu turbodmychadla pro Chrysler 300C, Dodge Challenger a Charger 5.7 z let 2009 a\u017e 2010<\/h1>\n<p>&nbsp;<\/p>\n<p>P\u0159epl\u0148ov\u00e1n\u00ed Edelbrock nab\u00edz\u00ed p\u0159\u00edmou odezvu, plynul\u00e9 zrychlen\u00ed a snadnou instalaci bez dal\u0161\u00edch \u00faprav.<br \/>\nSady Edelbrock jsou vyv\u00edjeny na zku\u0161ebn\u00edch stolic\u00edch a jsou prov\u011b\u0159eny v z\u00e1vodech, aby v\u00e1m poskytly maxim\u00e1ln\u00ed v\u00fdkon a spolehlivost pro ka\u017edodenn\u00ed j\u00edzdu na ulici.<br \/>\nKompresor Edelbrock je jedn\u00edm z nejti\u0161\u0161\u00edch ko\u0159enov\u00fdch kompresor\u016f na trhu. Kompresor Edelbrock nab\u00edz\u00ed tich\u00fd provoz a vynikaj\u00edc\u00ed odezvu na plyn.<\/p>\n<p>&nbsp;<\/p>\n<p><strong>Rozsah dod\u00e1vky:<\/strong><\/p>\n<ul>\n<li>Kompresor Eaton se sac\u00edm potrub\u00edm<\/li>\n<li>Kladka BHJ<\/li>\n<li>Kl\u00ednov\u00fd \u0159emen<\/li>\n<li>Nap\u00edna\u010d \u0159emene<\/li>\n<li>V\u011bt\u0161\u00ed vst\u0159ikovac\u00ed trysky<\/li>\n<li>V\u00fdkonn\u011bj\u0161\u00ed benz\u00ednov\u00e9 \u010derpadlo<\/li>\n<li>Benz\u00ednov\u00e9 linky<\/li>\n<li>Sn\u00edma\u010d MAP s tlakem 2 bary<\/li>\n<li>Chlazen\u00ed vzduch\/voda s v\u00fdm\u011bn\u00edkem tepla<\/li>\n<li>Vyrovn\u00e1vac\u00ed n\u00e1dr\u017e<\/li>\n<li>Elektrick\u00e9 chladic\u00ed vodn\u00ed \u010derpadlo<\/li>\n<li>Adapt\u00e9rov\u00e9 desky<\/li>\n<li>P\u0159ipojovac\u00ed trubky, adapt\u00e9ry<\/li>\n<li>Omyvateln\u00fd vzduchov\u00fd filtr<\/li>\n<li>Kryty motoru Edelbrock<\/li>\n<\/ul>\n<p>&nbsp;<\/p>\n<p><strong>Vhodn\u00e9 pro:<\/strong><\/p>\n<table width=\"437\">\n<tbody>\n<tr>\n<td width=\"83\"><strong>Zna\u010dka<\/strong><\/td>\n<td width=\"122\"><strong>Model<\/strong><\/td>\n<td width=\"136\"><strong>Motor<\/strong><\/td>\n<td width=\"96\"><strong>Rok v\u00fdstavby<\/strong><\/td>\n<\/tr>\n<tr>\n<td>Chrysler<\/td>\n<td>300C<\/td>\n<td>5.7<\/td>\n<td width=\"96\">2009\u20132010<\/td>\n<\/tr>\n<tr>\n<td>Dodge<\/td>\n<td>Challenger<\/td>\n<td>5.7<\/td>\n<td width=\"96\">2009\u20132010<\/td>\n<\/tr>\n<tr>\n<td>Dodge<\/td>\n<td>Charger<\/td>\n<td>5.7<\/td>\n<td width=\"96\">2009\u20132010<\/td>\n<\/tr>\n<\/tbody>\n<\/table>\n<p>&nbsp;<\/p>","protected":false},"excerpt":{"rendered":"<p>2009\u20132010<\/p>","protected":false},"featured_media":68278729,"comment_status":"open","ping_status":"closed","template":"","meta":{"_acf_changed":false},"product_brand":[20091],"product_cat":[2509,2508,2511,3024],"product_tag":[52,91,54,53,48,536,49,3853,3854,2854,247,56,126,50,20273,242,244,20102,243,426,36,55,246,20103,233,245,216],"class_list":{"0":"post-68252022","1":"product","2":"type-product","3":"status-publish","4":"has-post-thumbnail","6":"product_brand-edelbrock","7":"product_cat-300c-57-2005-2010-kompressor","8":"product_cat-challenger-57-kompressor","9":"product_cat-charger-57-kompressor","10":"product_cat-nicht-nach-eu","11":"product_tag-300c","12":"product_tag-5-7","13":"product_tag-challenger","14":"product_tag-charger","15":"product_tag-chrysler","16":"product_tag-chrysler-300c","17":"product_tag-dodge","18":"product_tag-dodge-challenger","19":"product_tag-dodge-charger","20":"product_tag-e-force","21":"product_tag-edelbrock","22":"product_tag-grand-cherokee","23":"product_tag-hemi","24":"product_tag-jeep","25":"product_tag-keintuev","26":"product_tag-kompressor","27":"product_tag-kompressorkit","28":"product_tag-kompressorsystem","29":"product_tag-kompressorumbau","30":"product_tag-kompressorupgrade","31":"product_tag-kraftwerk","32":"product_tag-magnum","33":"product_tag-supercharger","34":"product_tag-supercharger-kit","35":"product_tag-tuning","36":"product_tag-umbaukit","37":"product_tag-upgrade","38":"product_shipping_class-spedition-1","40":"first","41":"onbackorder","42":"taxable","43":"shipping-taxable","44":"purchasable","45":"product-type-simple"},"bundled_by":[],"bundle_stock_status":"onbackorder","bundle_stock_quantity":0,"bundle_virtual":false,"bundle_layout":"","bundle_add_to_cart_form_location":"","bundle_editable_in_cart":false,"bundle_sold_individually_context":"","bundle_item_grouping":"","bundle_min_size":"","bundle_max_size":"","bundle_price":[],"bundled_items":[],"bundle_sell_ids":[],"exclude_global_add_ons":[],"addons":[],"acf":[],"_links":{"self":[{"href":"https:\/\/kraftwerk-shop.cc\/cs\/wp-json\/wp\/v2\/product\/68252022","targetHints":{"allow":["GET"]}}],"collection":[{"href":"https:\/\/kraftwerk-shop.cc\/cs\/wp-json\/wp\/v2\/product"}],"about":[{"href":"https:\/\/kraftwerk-shop.cc\/cs\/wp-json\/wp\/v2\/types\/product"}],"replies":[{"embeddable":true,"href":"https:\/\/kraftwerk-shop.cc\/cs\/wp-json\/wp\/v2\/comments?post=68252022"}],"version-history":[{"count":0,"href":"https:\/\/kraftwerk-shop.cc\/cs\/wp-json\/wp\/v2\/product\/68252022\/revisions"}],"wp:featuredmedia":[{"embeddable":true,"href":"https:\/\/kraftwerk-shop.cc\/cs\/wp-json\/wp\/v2\/media\/68278729"}],"wp:attachment":[{"href":"https:\/\/kraftwerk-shop.cc\/cs\/wp-json\/wp\/v2\/media?parent=68252022"}],"wp:term":[{"taxonomy":"product_brand","embeddable":true,"href":"https:\/\/kraftwerk-shop.cc\/cs\/wp-json\/wp\/v2\/product_brand?post=68252022"},{"taxonomy":"product_cat","embeddable":true,"href":"https:\/\/kraftwerk-shop.cc\/cs\/wp-json\/wp\/v2\/product_cat?post=68252022"},{"taxonomy":"product_tag","embeddable":true,"href":"https:\/\/kraftwerk-shop.cc\/cs\/wp-json\/wp\/v2\/product_tag?post=68252022"}],"curies":[{"name":"wp","href":"https:\/\/api.w.org\/{rel}","templated":true}]}}