{"id":68252654,"date":"2021-09-17T12:53:31","date_gmt":"2021-09-17T12:53:31","guid":{"rendered":"https:\/\/kraftwerk-gruppe.de\/?post_type=product&#038;p=68252654"},"modified":"2026-04-04T12:29:48","modified_gmt":"2026-04-04T10:29:48","slug":"granatelli-termostat-hemi","status":"publish","type":"product","link":"https:\/\/kraftwerk-shop.cc\/cs\/produkt\/granatelli-thermostat-hemi\/","title":{"rendered":"Granatelli 83 stup\u0148ov\u00fd termostat pro motory 5.7 \/ 6.1 \/ 6.2 \/ 6.4"},"content":{"rendered":"<h1>Granatelli 83 stup\u0148ov\u00fd termostat s vysok\u00fdm pr\u016ftokem pro ni\u017e\u0161\u00ed teplotu chladic\u00ed vody \/ teplotu motoru <strong><br \/>\n<\/strong><\/h1>\n<p>&nbsp;<\/p>\n<p>P\u016fvodn\u00ed termostat se otev\u00edr\u00e1 p\u0159i 95 stupn\u00edch.<\/p>\n<p>Pro dal\u0161\u00ed zlep\u0161en\u00ed chlazen\u00ed motoru doporu\u010dujeme krom\u011b termostatu nastavit i regulaci ventil\u00e1toru.<br \/>\nBez se\u0159\u00edzen\u00ed kles\u00e1 teplota chladic\u00ed vody za j\u00edzdy vlivem proudu vzduchu, ale p\u0159i st\u00e1n\u00ed a pomal\u00e9 j\u00edzd\u011b kles\u00e1 podstatn\u011b m\u00e9n\u011b.<\/p>\n<p>Nastaven\u00edm regulace ventil\u00e1toru se sn\u00ed\u017e\u00ed zap\u00ednac\u00ed teploty elektrick\u00fdch ventil\u00e1tor\u016f, tak\u017ee teplota chladic\u00ed vody z\u016fstane trvale n\u00edzk\u00e1 i p\u0159i pomal\u00e9 j\u00edzd\u011b a p\u0159i st\u00e1n\u00ed. T\u00edm je zaji\u0161t\u011bno optim\u00e1ln\u00ed chlazen\u00ed motoru a p\u0159edch\u00e1z\u00ed se mo\u017en\u00e9mu p\u0159eh\u0159\u00e1t\u00ed.<\/p>\n<p>Ovl\u00e1d\u00e1n\u00ed ventil\u00e1toru lze p\u0159izp\u016fsobit nap\u0159\u00edklad pomoc\u00ed syst\u00e9mu Diablosport. <a href=\"https:\/\/kraftwerk-shop.cc\/cs\/produkt\/diablosport-trinity-t2-platinum-programmiergerat-fur-chrysler-dodge-jeep-und-ram\/\" target=\"_blank\" rel=\"noopener\" data-link-type=\"external\" data-type=\"linkpicker\">Trinity<\/a> a <a href=\"https:\/\/kraftwerk-shop.cc\/cs\/produkt\/diablosport-intune-i3-platinum-chrysler-dodge-jeep-und-ram-programmiergerat\/\" target=\"_blank\" rel=\"noopener\" data-link-type=\"external\" data-type=\"linkpicker\">inTune<\/a> mo\u017en\u00e9.<br \/>\nAlternativn\u011b m\u016f\u017eeme naprogramovat \u0159\u00eddic\u00ed jednotku motoru i bez t\u011bchto za\u0159\u00edzen\u00ed, co\u017e je v\u00fdrazn\u011b levn\u011bj\u0161\u00ed.<br \/>\nZa t\u00edmto \u00fa\u010delem si pros\u00edm vezm\u011bte <a href=\"http:\/\/www.kraftwerk.cc\/de\/kontakt\" target=\"_blank\" rel=\"noopener\" data-link-type=\"external\" data-type=\"linkpicker\">Kontaktujte n\u00e1s<\/a> s n\u00e1mi.<\/p>\n<p>&nbsp;<\/p>\n<p><strong>Vhodn\u00e9 pro:<\/strong><\/p>\n<table width=\"449\">\n<tbody>\n<tr>\n<td width=\"115\"><strong>Zna\u010dka<\/strong><\/td>\n<td width=\"145\"><strong>Model\u00a0<\/strong><\/td>\n<td width=\"106\"><strong>Motor<\/strong><\/td>\n<td width=\"83\"><strong>Rok v\u00fdstavby<\/strong><\/td>\n<\/tr>\n<tr>\n<td>Chrysler<\/td>\n<td>300C<\/td>\n<td>5.7<\/td>\n<td>2005\u20132023<\/td>\n<\/tr>\n<tr>\n<td>Chrysler<\/td>\n<td>300C<\/td>\n<td>6.1<\/td>\n<td>2005\u20132010<\/td>\n<\/tr>\n<tr>\n<td width=\"115\">Chrysler<\/td>\n<td width=\"145\">300C<\/td>\n<td>6.4<\/td>\n<td width=\"83\">2012\u20132014<\/td>\n<\/tr>\n<tr>\n<td>Dodge<\/td>\n<td>Challenger<\/td>\n<td>5.7<\/td>\n<td>2008\u20132023<\/td>\n<\/tr>\n<tr>\n<td>Dodge<\/td>\n<td>Challenger<\/td>\n<td>6.1<\/td>\n<td>2008\u20132010<\/td>\n<\/tr>\n<tr>\n<td width=\"115\">Dodge<\/td>\n<td width=\"145\">Challenger<\/td>\n<td width=\"106\">6.2 Hellcat<\/td>\n<td width=\"83\">2015\u20132023<\/td>\n<\/tr>\n<tr>\n<td width=\"115\">Dodge<\/td>\n<td width=\"145\">Challenger<\/td>\n<td>6.4<\/td>\n<td width=\"83\">2011\u20132023<\/td>\n<\/tr>\n<tr>\n<td>Dodge<\/td>\n<td>Charger<\/td>\n<td>5.7<\/td>\n<td>2005\u20132023<\/td>\n<\/tr>\n<tr>\n<td>Dodge<\/td>\n<td>Charger<\/td>\n<td>6.1<\/td>\n<td>2005\u20132010<\/td>\n<\/tr>\n<tr>\n<td width=\"115\">Dodge<\/td>\n<td width=\"145\">Charger<\/td>\n<td width=\"106\">6.2 Hellcat<\/td>\n<td width=\"83\">2015\u20132023<\/td>\n<\/tr>\n<tr>\n<td width=\"115\">Dodge<\/td>\n<td width=\"145\">Charger<\/td>\n<td>6.4<\/td>\n<td width=\"83\">2011\u20132023<\/td>\n<\/tr>\n<tr>\n<td>Dodge<\/td>\n<td>Durango<\/td>\n<td>5.7<\/td>\n<td>2013\u20132025<\/td>\n<\/tr>\n<tr>\n<td width=\"115\">Dodge<\/td>\n<td width=\"145\">Durango<\/td>\n<td width=\"106\">6.2 Hellcat<\/td>\n<td width=\"83\">2021\u20132025<\/td>\n<\/tr>\n<tr>\n<td>Dodge<\/td>\n<td>Durango<\/td>\n<td>6.4<\/td>\n<td>2018\u20132024<\/td>\n<\/tr>\n<tr>\n<td>Dodge<\/td>\n<td>Magnum<\/td>\n<td>6.1<\/td>\n<td>2006\u20132008<\/td>\n<\/tr>\n<tr>\n<td>Dodge<\/td>\n<td>Magnum<\/td>\n<td>5.7<\/td>\n<td>2005\u20132008<\/td>\n<\/tr>\n<tr>\n<td>Jeep<\/td>\n<td>Commander<\/td>\n<td>5.7<\/td>\n<td>2006\u20132010<\/td>\n<\/tr>\n<tr>\n<td>Jeep<\/td>\n<td>Grand Cherokee<\/td>\n<td>5.7<\/td>\n<td>2005\u20132022<\/td>\n<\/tr>\n<tr>\n<td>Jeep<\/td>\n<td>Grand Cherokee<\/td>\n<td>6.1<\/td>\n<td>2006\u20132010<\/td>\n<\/tr>\n<tr>\n<td width=\"115\">Jeep<\/td>\n<td width=\"145\">Grand Cherokee<\/td>\n<td width=\"106\">6.2 Trackhawk<\/td>\n<td width=\"83\">2018\u20132021<\/td>\n<\/tr>\n<tr>\n<td>Jeep<\/td>\n<td>Grand Cherokee<\/td>\n<td>6.4<\/td>\n<td>2011\u20132021<\/td>\n<\/tr>\n<tr>\n<td>Jeep<\/td>\n<td>Wrangler<\/td>\n<td>6.4<\/td>\n<td>2021\u20132025<\/td>\n<\/tr>\n<tr>\n<td>RAM<\/td>\n<td>1500<\/td>\n<td>5.7<\/td>\n<td>2009\u20132024<\/td>\n<\/tr>\n<tr>\n<td width=\"115\">RAM<\/td>\n<td width=\"145\">1500<\/td>\n<td width=\"106\">6.2 TRX<\/td>\n<td width=\"83\">2021\u20132024<\/td>\n<\/tr>\n<tr>\n<td><\/td>\n<td><\/td>\n<td><\/td>\n<td><\/td>\n<\/tr>\n<\/tbody>\n<\/table>\n<p><strong>\u00a0<\/strong><\/p>\n<p>&nbsp;<\/p>\n<p><strong>Rozsah dod\u00e1vky:<\/strong><\/p>\n<p>- 83 stup\u0148ov\u00fd termostat<br \/>\n- T\u011bsn\u011bn\u00ed<\/p>\n<p>Upozorn\u011bn\u00ed: proto\u017ee t\u011bsn\u011bn\u00ed je sou\u010d\u00e1st\u00ed dod\u00e1vky, nemus\u00edte t\u011bsn\u011bn\u00ed sk\u0159\u00edn\u011b termostatu objedn\u00e1vat zvl\u00e1\u0161\u0165!<\/p>\n<p>&nbsp;<\/p>\n<p>\u00dakolem standardn\u00edho termostatu je regulovat teplotu motoru a udr\u017eovat ji v ide\u00e1ln\u00edm provozn\u00edm rozsahu, aby byl zaji\u0161t\u011bn co nejlep\u0161\u00ed v\u00fdkon a \u017eivotnost.<\/p>\n<p>Kdy\u017e je motor studen\u00fd, je vosk uvnit\u0159 termostatu ztuhl\u00fd a termostat z\u016fst\u00e1v\u00e1 uzav\u0159en\u00fd, co\u017e br\u00e1n\u00ed pr\u016ftoku chladic\u00ed kapaliny motorem. Jakmile se motor zah\u0159eje, vosk za\u010dne t\u00e1t a rozp\u00ednat se, \u010d\u00edm\u017e se termostatick\u00fd ventil otev\u0159e a chladic\u00ed kapalina za\u010dne proudit motorem. Jakmile motor dos\u00e1hne optim\u00e1ln\u00ed provozn\u00ed teploty, vosk v termostatu se zcela rozt\u00e1hne a ventil z\u016fstane otev\u0159en\u00fd, aby udr\u017eoval po\u017eadovanou teplotu.<\/p>\n<p>Voskov\u00fd termostat je \u00fa\u010dinnou metodou regulace teploty motoru, proto\u017ee rychle reaguje na zm\u011bny teploty a dok\u00e1\u017ee podle toho upravit pr\u016ftok chladic\u00ed kapaliny. Je tak\u00e9 odoln\u00fd a relativn\u011b nen\u00e1ro\u010dn\u00fd na \u00fadr\u017ebu, co\u017e z n\u011bj \u010din\u00ed obl\u00edbenou volbu pro automobilov\u00e9 aplikace.<\/p>","protected":false},"excerpt":{"rendered":"<p>Granatelli 83 stup\u0148ov\u00fd termostat s vysok\u00fdm pr\u016ftokem pro ni\u017e\u0161\u00ed teplotu chladic\u00ed vody \/ teplotu motoru P\u016fvodn\u00ed termostat se otev\u00edr\u00e1 p\u0159i 95 stupn\u00edch. Pro<\/p>","protected":false},"featured_media":68300222,"comment_status":"open","ping_status":"closed","template":"","meta":{"_acf_changed":false},"product_brand":[20094],"product_cat":[2549,4981,2545,2546,2530,2548,2550,2547,2537,5160,2536,2535,2534,2533,2730,2531,2544,2543,6383,4806,2541,2540,2539,2538,2957,7762,1517,5017,9951,2702],"product_tag":[11105,11103,11104,11102,295,52,51,6840,6841,4480,6839,101,93,296,297,54,53,48,536,49,3853,3854,266,6847,56,50,4425,4427,4426,273,36,664,269,271,272,55,274,275,34,86,270,267,102,2353,2456],"class_list":{"0":"post-68252654","1":"product","2":"type-product","3":"status-publish","4":"has-post-thumbnail","6":"product_brand-granatelli-motor-sports","7":"product_cat-300c-57-2005-2010-kuehlung","8":"product_cat-300c-57-2011-2023-kuehlung","9":"product_cat-300c-61-kuehlung","10":"product_cat-300c-64-kuehlung","11":"product_cat-challenger-57-kuehlung","12":"product_cat-challenger-61-kuehlung","13":"product_cat-challenger-hellcat-kuehlung","14":"product_cat-challenger-64-kuehlung","15":"product_cat-charger-57-kuehlung","16":"product_cat-charger-57-2011-2023-kuehlung","17":"product_cat-charger-61-kuehlung","18":"product_cat-charger-hellcat-kuehlung","19":"product_cat-charger-64-kuehlung","20":"product_cat-durango-57-kuehlung","21":"product_cat-durango-hellcat-kuehlung","22":"product_cat-durango-64-kuehlung","23":"product_cat-magnum-57-kuehlung","24":"product_cat-magnum-61-kuehlung","25":"product_cat-commander-kuehlung","26":"product_cat-grand-cherokee-57-2005-2010-kuehlung","27":"product_cat-grand-cherokee-57-2011-2021-kuehlung","28":"product_cat-grand-cherokee-61-kuehlung","29":"product_cat-trackhawk-kuehlung","30":"product_cat-grand-cherokee-64-kuehlung","31":"product_cat-wrangler-64-kuehlung","32":"product_cat-1500-57-2003-2008-kuehlung","33":"product_cat-1500-57-2009-2018-classic-kuehlung","34":"product_cat-1500-57-dt-kuehlung","35":"product_cat-2500-3500-57-kuehlung","36":"product_cat-trx-kuehlung","37":"product_tag-052028898ad","38":"product_tag-052028898ae","39":"product_tag-052028898ai","40":"product_tag-052028898aj","41":"product_tag-295","42":"product_tag-300c","43":"product_tag-5-7-6-1","44":"product_tag-52028898ad","45":"product_tag-52028898ae","46":"product_tag-52028898ai","47":"product_tag-52028898aj","48":"product_tag-6-2","49":"product_tag-6-4","50":"product_tag-296","51":"product_tag-297","52":"product_tag-challenger","53":"product_tag-charger","54":"product_tag-chrysler","55":"product_tag-chrysler-300c","56":"product_tag-dodge","57":"product_tag-dodge-challenger","58":"product_tag-dodge-charger","59":"product_tag-grad","60":"product_tag-granatelli","61":"product_tag-grand-cherokee","62":"product_tag-jeep","63":"product_tag-jeep-grand-cherokee","64":"product_tag-jeep-grand-cherokee-trackhawk","65":"product_tag-jeep-trackhawk","66":"product_tag-jet","67":"product_tag-kraftwerk","68":"product_tag-kuehlung","69":"product_tag-kuehlwasser","70":"product_tag-luefter","71":"product_tag-lueftersteuerung","72":"product_tag-magnum","73":"product_tag-mishimoto","74":"product_tag-motorad","75":"product_tag-original","76":"product_tag-ram","77":"product_tag-temperatur","78":"product_tag-thermostat","79":"product_tag-trackhawk","80":"product_tag-trx","81":"product_tag-tstat15","83":"first","84":"instock","85":"taxable","86":"shipping-taxable","87":"purchasable","88":"product-type-simple"},"bundled_by":[],"bundle_stock_status":"instock","bundle_stock_quantity":63,"bundle_virtual":false,"bundle_layout":"","bundle_add_to_cart_form_location":"","bundle_editable_in_cart":false,"bundle_sold_individually_context":"","bundle_item_grouping":"","bundle_min_size":"","bundle_max_size":"","bundle_price":[],"bundled_items":[],"bundle_sell_ids":[],"exclude_global_add_ons":[],"addons":[],"acf":[],"_links":{"self":[{"href":"https:\/\/kraftwerk-shop.cc\/cs\/wp-json\/wp\/v2\/product\/68252654","targetHints":{"allow":["GET"]}}],"collection":[{"href":"https:\/\/kraftwerk-shop.cc\/cs\/wp-json\/wp\/v2\/product"}],"about":[{"href":"https:\/\/kraftwerk-shop.cc\/cs\/wp-json\/wp\/v2\/types\/product"}],"replies":[{"embeddable":true,"href":"https:\/\/kraftwerk-shop.cc\/cs\/wp-json\/wp\/v2\/comments?post=68252654"}],"version-history":[{"count":0,"href":"https:\/\/kraftwerk-shop.cc\/cs\/wp-json\/wp\/v2\/product\/68252654\/revisions"}],"wp:featuredmedia":[{"embeddable":true,"href":"https:\/\/kraftwerk-shop.cc\/cs\/wp-json\/wp\/v2\/media\/68300222"}],"wp:attachment":[{"href":"https:\/\/kraftwerk-shop.cc\/cs\/wp-json\/wp\/v2\/media?parent=68252654"}],"wp:term":[{"taxonomy":"product_brand","embeddable":true,"href":"https:\/\/kraftwerk-shop.cc\/cs\/wp-json\/wp\/v2\/product_brand?post=68252654"},{"taxonomy":"product_cat","embeddable":true,"href":"https:\/\/kraftwerk-shop.cc\/cs\/wp-json\/wp\/v2\/product_cat?post=68252654"},{"taxonomy":"product_tag","embeddable":true,"href":"https:\/\/kraftwerk-shop.cc\/cs\/wp-json\/wp\/v2\/product_tag?post=68252654"}],"curies":[{"name":"wp","href":"https:\/\/api.w.org\/{rel}","templated":true}]}}