{"id":68252664,"date":"2021-09-17T12:53:31","date_gmt":"2021-09-17T10:53:31","guid":{"rendered":"https:\/\/kraftwerk-gruppe.de\/?post_type=product&#038;p=68252664"},"modified":"2026-02-15T00:03:56","modified_gmt":"2026-02-14T23:03:56","slug":"termostat-hummer-h2-62","status":"publish","type":"product","link":"https:\/\/kraftwerk-shop.cc\/cs\/produkt\/thermostat-hummer-h2-62\/","title":{"rendered":"83 stup\u0148ov\u00fd termostat pro Hummer H2 6.2"},"content":{"rendered":"<h1>83 stup\u0148ov\u00fd termostat s vysok\u00fdm pr\u016ftokem pro sn\u00ed\u017een\u00ed teploty chladic\u00ed vody \/ teploty motoru pro Hummer H2 6.2<\/h1>\n<p>&nbsp;<\/p>\n<p>\u00dakolem standardn\u00edho termostatu je regulovat teplotu motoru a udr\u017eovat ji v ide\u00e1ln\u00edm provozn\u00edm rozsahu, aby byl zaji\u0161t\u011bn co nejlep\u0161\u00ed v\u00fdkon a \u017eivotnost.<\/p>\n<p>Kdy\u017e je motor studen\u00fd, je vosk uvnit\u0159 termostatu ztuhl\u00fd a termostat z\u016fst\u00e1v\u00e1 uzav\u0159en\u00fd, co\u017e br\u00e1n\u00ed pr\u016ftoku chladic\u00ed kapaliny motorem. Jakmile se motor zah\u0159eje, vosk za\u010dne t\u00e1t a rozp\u00ednat se, \u010d\u00edm\u017e se termostatick\u00fd ventil otev\u0159e a chladic\u00ed kapalina za\u010dne proudit motorem. Jakmile motor dos\u00e1hne optim\u00e1ln\u00ed provozn\u00ed teploty, vosk v termostatu se zcela rozt\u00e1hne a ventil z\u016fstane otev\u0159en\u00fd, aby udr\u017eoval po\u017eadovanou teplotu.<\/p>\n<p>Voskov\u00fd termostat je \u00fa\u010dinnou metodou regulace teploty motoru, proto\u017ee rychle reaguje na zm\u011bny teploty a dok\u00e1\u017ee podle toho upravit pr\u016ftok chladic\u00ed kapaliny. Je tak\u00e9 odoln\u00fd a relativn\u011b nen\u00e1ro\u010dn\u00fd na \u00fadr\u017ebu, co\u017e z n\u011bj \u010din\u00ed obl\u00edbenou volbu pro automobilov\u00e9 aplikace.<\/p>\n<p>&nbsp;<\/p>\n<p><strong>Rozsah dod\u00e1vky:<\/strong><\/p>\n<p>- 83 stup\u0148ov\u00fd termostat pro Hummer H2 6.2<br \/>\n- T\u011bsn\u011bn\u00ed<\/p>\n<p>&nbsp;<\/p>\n<p>Upozorn\u011bn\u00ed: proto\u017ee t\u011bsn\u011bn\u00ed je sou\u010d\u00e1st\u00ed dod\u00e1vky, nemus\u00edte t\u011bsn\u011bn\u00ed sk\u0159\u00edn\u011b termostatu objedn\u00e1vat zvl\u00e1\u0161\u0165!<\/p>","protected":false},"excerpt":{"rendered":"<p>83 Grad High Flow Thermostat f\u00fcr geringere K\u00fchlwassertemperatur \/ Motortemperatur f\u00fcr Hummer H2 6.2 &nbsp; Die Aufgabe eines Standardthermostats besteht<\/p>","protected":false},"featured_media":68300352,"comment_status":"open","ping_status":"closed","template":"","meta":{"_acf_changed":false},"product_brand":[],"product_cat":[1527],"product_tag":[276,277,189,190,2375,1318,266,301,300,6929,1126,2374,664,267,2456],"class_list":{"0":"post-68252664","1":"product","2":"type-product","3":"status-publish","4":"has-post-thumbnail","6":"product_cat-hummer","7":"product_tag-276","8":"product_tag-277","9":"product_tag-chevrolet","10":"product_tag-chevy","11":"product_tag-degree","12":"product_tag-gm","13":"product_tag-grad","14":"product_tag-h2","15":"product_tag-hummer","16":"product_tag-hummer-h2","17":"product_tag-kaelter","18":"product_tag-kuehlsystem","19":"product_tag-kuehlung","20":"product_tag-thermostat","21":"product_tag-tstat15","23":"first","24":"instock","25":"taxable","26":"shipping-taxable","27":"purchasable","28":"product-type-simple"},"bundled_by":[],"bundle_stock_status":"instock","bundle_stock_quantity":2,"bundle_virtual":false,"bundle_layout":"","bundle_add_to_cart_form_location":"","bundle_editable_in_cart":false,"bundle_sold_individually_context":"","bundle_item_grouping":"","bundle_min_size":"","bundle_max_size":"","bundle_price":[],"bundled_items":[],"bundle_sell_ids":[],"exclude_global_add_ons":[],"addons":[],"acf":[],"_links":{"self":[{"href":"https:\/\/kraftwerk-shop.cc\/cs\/wp-json\/wp\/v2\/product\/68252664","targetHints":{"allow":["GET"]}}],"collection":[{"href":"https:\/\/kraftwerk-shop.cc\/cs\/wp-json\/wp\/v2\/product"}],"about":[{"href":"https:\/\/kraftwerk-shop.cc\/cs\/wp-json\/wp\/v2\/types\/product"}],"replies":[{"embeddable":true,"href":"https:\/\/kraftwerk-shop.cc\/cs\/wp-json\/wp\/v2\/comments?post=68252664"}],"version-history":[{"count":0,"href":"https:\/\/kraftwerk-shop.cc\/cs\/wp-json\/wp\/v2\/product\/68252664\/revisions"}],"wp:featuredmedia":[{"embeddable":true,"href":"https:\/\/kraftwerk-shop.cc\/cs\/wp-json\/wp\/v2\/media\/68300352"}],"wp:attachment":[{"href":"https:\/\/kraftwerk-shop.cc\/cs\/wp-json\/wp\/v2\/media?parent=68252664"}],"wp:term":[{"taxonomy":"product_brand","embeddable":true,"href":"https:\/\/kraftwerk-shop.cc\/cs\/wp-json\/wp\/v2\/product_brand?post=68252664"},{"taxonomy":"product_cat","embeddable":true,"href":"https:\/\/kraftwerk-shop.cc\/cs\/wp-json\/wp\/v2\/product_cat?post=68252664"},{"taxonomy":"product_tag","embeddable":true,"href":"https:\/\/kraftwerk-shop.cc\/cs\/wp-json\/wp\/v2\/product_tag?post=68252664"}],"curies":[{"name":"wp","href":"https:\/\/api.w.org\/{rel}","templated":true}]}}