{"id":68252698,"date":"2021-09-17T12:53:33","date_gmt":"2021-09-17T12:53:33","guid":{"rendered":"https:\/\/kraftwerk-gruppe.de\/?post_type=product&#038;p=68252698"},"modified":"2026-03-23T14:16:11","modified_gmt":"2026-03-23T13:16:11","slug":"sada-klikoveho-cepu-dodge-hellcat-jeep-trackhawk-ram-trx","status":"publish","type":"product","link":"https:\/\/kraftwerk-shop.cc\/cs\/produkt\/crank-pin-kit-dodge-hellcat-jeep-trackhawk-ram-trx\/","title":{"rendered":"Sada klikov\u00fdch \u010dep\u016f Hellcat, Trackhawk a TRX"},"content":{"rendered":"<h1>Sada klikov\u00e9ho \u010depu pro upevn\u011bn\u00ed klikov\u00e9ho h\u0159\u00eddele pro Dodge Challenger, Charger, Durango Hellcat, Jeep Trackhawk a RAM TRX<\/h1>\n<p>&nbsp;<\/p>\n<p>\u0158emenice \u0159emene je ke klikov\u00e9mu h\u0159\u00eddeli p\u0159ipevn\u011bna pomoc\u00ed sady klikov\u00e9ho \u010depu.<br \/>\nTo je u\u017eite\u010dn\u00e9, pokud se v\u00fdrazn\u011b zm\u011bnil kompresorov\u00fd pom\u011br.<\/p>\n<p>Sadu lze pou\u017e\u00edt n\u011bkolikr\u00e1t, je t\u0159eba pouze vym\u011bnit kol\u00edky.<\/p>\n<p>&nbsp;<\/p>\n<p><strong>Vhodn\u00e9 pro:<\/strong><\/p>\n<table width=\"449\">\n<tbody>\n<tr>\n<td width=\"115\"><strong>Zna\u010dka<\/strong><\/td>\n<td width=\"145\"><strong>Model<\/strong><\/td>\n<td width=\"106\"><strong>Motor<\/strong><\/td>\n<td width=\"83\"><strong>Rok v\u00fdstavby<\/strong><\/td>\n<\/tr>\n<tr>\n<td width=\"115\">Dodge<\/td>\n<td width=\"145\">Charger<\/td>\n<td width=\"106\">6.2 Hellcat<\/td>\n<td width=\"83\">2015\u20132023<\/td>\n<\/tr>\n<tr>\n<td width=\"115\">Dodge<\/td>\n<td width=\"145\">Challenger<\/td>\n<td width=\"106\">6.2 Hellcat<\/td>\n<td width=\"83\">2015\u20132023<\/td>\n<\/tr>\n<tr>\n<td width=\"115\">Dodge<\/td>\n<td width=\"145\">Durango<\/td>\n<td width=\"106\">6.2 Hellcat<\/td>\n<td width=\"83\">2021\u20132025<\/td>\n<\/tr>\n<tr>\n<td width=\"115\">Jeep<\/td>\n<td width=\"145\">Grand Cherokee<\/td>\n<td width=\"106\">6.2 Trackhawk<\/td>\n<td width=\"83\">2018\u20132021<\/td>\n<\/tr>\n<tr>\n<td width=\"115\">RAM<\/td>\n<td width=\"145\">1500<\/td>\n<td width=\"106\">TRX<\/td>\n<td width=\"83\">2021\u20132024<\/td>\n<\/tr>\n<\/tbody>\n<\/table>\n<p>&nbsp;<\/p>","protected":false},"excerpt":{"rendered":"<p>Sada klikov\u00e9ho \u010depu pro \u010depov\u00e1n\u00ed klikov\u00e9ho h\u0159\u00eddele pro Dodge Challenger, Charger, Durango Hellcat, Jeep Trackhawk a RAM TRX S<\/p>","protected":false},"featured_media":68347762,"comment_status":"open","ping_status":"closed","template":"","meta":{"_acf_changed":false},"product_brand":[],"product_cat":[2585,6659,2709,6664,2708,6669,2669,6674,2701,6679],"product_tag":[91,92,101,93,54,53,325,152,49,3853,3854,95,324,56,100,126,50,4425,4427,4426,222,36,323,2455,326,86,151,102,2353,233],"class_list":{"0":"post-68252698","1":"product","2":"type-product","3":"status-publish","4":"has-post-thumbnail","6":"product_cat-challenger-hellcat-kompressor","7":"product_cat-challenger-hellcat-kurbelwelle-kolben","8":"product_cat-charger-hellcat-kompressor","9":"product_cat-charger-hellcat-kurbelwelle-kolben","10":"product_cat-durango-hellcat-kompressor","11":"product_cat-durango-hellcat-kurbelwelle-kolben","12":"product_cat-trackhawk-kompressor","13":"product_cat-trackhawk-kurbelwelle-kolben","14":"product_cat-trx-kompressor","15":"product_cat-trx-kurbelwelle-kolben","16":"product_tag-5-7","17":"product_tag-6-1","18":"product_tag-6-2","19":"product_tag-6-4","20":"product_tag-challenger","21":"product_tag-charger","22":"product_tag-crank","23":"product_tag-demon","24":"product_tag-dodge","25":"product_tag-dodge-challenger","26":"product_tag-dodge-charger","27":"product_tag-durango","28":"product_tag-fixieren","29":"product_tag-grand-cherokee","30":"product_tag-hellcat","31":"product_tag-hemi","32":"product_tag-jeep","33":"product_tag-jeep-grand-cherokee","34":"product_tag-jeep-grand-cherokee-trackhawk","35":"product_tag-jeep-trackhawk","36":"product_tag-kit","37":"product_tag-kraftwerk","38":"product_tag-kurbelwelle","39":"product_tag-mm5","40":"product_tag-pin","41":"product_tag-ram","42":"product_tag-redeye","43":"product_tag-trackhawk","44":"product_tag-trx","45":"product_tag-tuning","46":"product_shipping_class-deutschlandohne","48":"first","49":"instock","50":"taxable","51":"shipping-taxable","52":"purchasable","53":"product-type-simple"},"bundled_by":[],"bundle_stock_status":"instock","bundle_stock_quantity":1,"bundle_virtual":false,"bundle_layout":"","bundle_add_to_cart_form_location":"","bundle_editable_in_cart":false,"bundle_sold_individually_context":"","bundle_item_grouping":"","bundle_min_size":"","bundle_max_size":"","bundle_price":[],"bundled_items":[],"bundle_sell_ids":[],"exclude_global_add_ons":[],"addons":[],"acf":[],"_links":{"self":[{"href":"https:\/\/kraftwerk-shop.cc\/cs\/wp-json\/wp\/v2\/product\/68252698","targetHints":{"allow":["GET"]}}],"collection":[{"href":"https:\/\/kraftwerk-shop.cc\/cs\/wp-json\/wp\/v2\/product"}],"about":[{"href":"https:\/\/kraftwerk-shop.cc\/cs\/wp-json\/wp\/v2\/types\/product"}],"replies":[{"embeddable":true,"href":"https:\/\/kraftwerk-shop.cc\/cs\/wp-json\/wp\/v2\/comments?post=68252698"}],"version-history":[{"count":0,"href":"https:\/\/kraftwerk-shop.cc\/cs\/wp-json\/wp\/v2\/product\/68252698\/revisions"}],"wp:featuredmedia":[{"embeddable":true,"href":"https:\/\/kraftwerk-shop.cc\/cs\/wp-json\/wp\/v2\/media\/68347762"}],"wp:attachment":[{"href":"https:\/\/kraftwerk-shop.cc\/cs\/wp-json\/wp\/v2\/media?parent=68252698"}],"wp:term":[{"taxonomy":"product_brand","embeddable":true,"href":"https:\/\/kraftwerk-shop.cc\/cs\/wp-json\/wp\/v2\/product_brand?post=68252698"},{"taxonomy":"product_cat","embeddable":true,"href":"https:\/\/kraftwerk-shop.cc\/cs\/wp-json\/wp\/v2\/product_cat?post=68252698"},{"taxonomy":"product_tag","embeddable":true,"href":"https:\/\/kraftwerk-shop.cc\/cs\/wp-json\/wp\/v2\/product_tag?post=68252698"}],"curies":[{"name":"wp","href":"https:\/\/api.w.org\/{rel}","templated":true}]}}