{"id":68252720,"date":"2021-09-17T12:53:34","date_gmt":"2021-09-17T12:53:34","guid":{"rendered":"https:\/\/kraftwerk-gruppe.de\/?post_type=product&#038;p=68252720"},"modified":"2026-04-03T17:00:00","modified_gmt":"2026-04-03T15:00:00","slug":"zapalovaci-civka-msd-blaster","status":"publish","type":"product","link":"https:\/\/kraftwerk-shop.cc\/cs\/produkt\/msd-blaster-zuendspulen\/","title":{"rendered":"Zapalovac\u00ed c\u00edvky MSD Blaster"},"content":{"rendered":"<h1>C\u00edvky zapalov\u00e1n\u00ed MSD Blaster Upgrade<strong><br \/>\n<\/strong><\/h1>\n<p>&nbsp;<\/p>\n<ul>\n<li>Nahrazuje p\u016fvodn\u00ed zapalovac\u00ed c\u00edvky<\/li>\n<li>Lep\u0161\u00ed reakce na plyn a plynulej\u0161\u00ed volnob\u011bh<\/li>\n<li>Lep\u0161\u00ed v\u00fdkon p\u0159i vysok\u00fdch rychlostech<\/li>\n<li>Konstrukce tipu<\/li>\n<li>Zejm\u00e9na pro motory Chrysler, Dodge, Jeep a RAM Hemi<\/li>\n<li>Povrchov\u00e1 \u00faprava: \u010derven\u00e1<\/li>\n<\/ul>\n<p>&nbsp;<\/p>\n<p><strong>Srovn\u00e1vac\u00ed \u010d\u00edsla Mopar:<\/strong> <span class=\"list-value\">56029129AA, 56029129AB, 56029129AF, 68060346AA<\/span>, 68238603AA<\/p>\n<p>&nbsp;<\/p>\n<p><strong>Vhodn\u00e9 pro :<\/strong><\/p>\n<table width=\"449\">\n<tbody>\n<tr>\n<td width=\"115\"><strong>Zna\u010dka<\/strong><\/td>\n<td width=\"145\"><strong>Model<\/strong><\/td>\n<td width=\"106\"><strong>Motor<\/strong><\/td>\n<td width=\"83\"><strong>Rok v\u00fdstavby<\/strong><\/td>\n<\/tr>\n<tr>\n<td>Chrysler<\/td>\n<td>300C<\/td>\n<td>5.7<\/td>\n<td>2005\u20132023<\/td>\n<\/tr>\n<tr>\n<td>Chrysler<\/td>\n<td>300C<\/td>\n<td>6.1<\/td>\n<td>2005\u20132010<\/td>\n<\/tr>\n<tr>\n<td width=\"115\">Chrysler<\/td>\n<td width=\"145\">300C<\/td>\n<td>6.4<\/td>\n<td width=\"83\">2012\u20132014<\/td>\n<\/tr>\n<tr>\n<td>Dodge<\/td>\n<td>Challenger<\/td>\n<td>5.7<\/td>\n<td>2008\u20132023<\/td>\n<\/tr>\n<tr>\n<td>Dodge<\/td>\n<td>Challenger<\/td>\n<td>6.1<\/td>\n<td>2008\u20132010<\/td>\n<\/tr>\n<tr>\n<td width=\"115\">Dodge<\/td>\n<td width=\"145\">Challenger<\/td>\n<td width=\"106\">6.2 Hellcat<\/td>\n<td width=\"83\">2015\u20132023<\/td>\n<\/tr>\n<tr>\n<td width=\"115\">Dodge<\/td>\n<td width=\"145\">Challenger<\/td>\n<td>6.4<\/td>\n<td width=\"83\">2011\u20132023<\/td>\n<\/tr>\n<tr>\n<td>Dodge<\/td>\n<td>Charger<\/td>\n<td>5.7<\/td>\n<td>2005\u20132023<\/td>\n<\/tr>\n<tr>\n<td>Dodge<\/td>\n<td>Charger<\/td>\n<td>6.1<\/td>\n<td>2005\u20132010<\/td>\n<\/tr>\n<tr>\n<td width=\"115\">Dodge<\/td>\n<td width=\"145\">Charger<\/td>\n<td width=\"106\">6.2 Hellcat<\/td>\n<td width=\"83\">2015\u20132023<\/td>\n<\/tr>\n<tr>\n<td width=\"115\">Dodge<\/td>\n<td width=\"145\">Charger<\/td>\n<td>6.4<\/td>\n<td width=\"83\">2011\u20132023<\/td>\n<\/tr>\n<tr>\n<td>Dodge<\/td>\n<td>Durango<\/td>\n<td>5.7<\/td>\n<td>2013\u20132025<\/td>\n<\/tr>\n<tr>\n<td width=\"115\">Dodge<\/td>\n<td width=\"145\">Durango<\/td>\n<td width=\"106\">6.2 Hellcat<\/td>\n<td width=\"83\">2021\u20132025<\/td>\n<\/tr>\n<tr>\n<td>Dodge<\/td>\n<td>Durango<\/td>\n<td>6.4<\/td>\n<td>2018\u20132024<\/td>\n<\/tr>\n<tr>\n<td>Dodge<\/td>\n<td>Magnum<\/td>\n<td>6.1<\/td>\n<td>2006\u20132008<\/td>\n<\/tr>\n<tr>\n<td>Dodge<\/td>\n<td>Magnum<\/td>\n<td>5.7<\/td>\n<td>2005\u20132008<\/td>\n<\/tr>\n<tr>\n<td>Jeep<\/td>\n<td>Commander<\/td>\n<td>5.7<\/td>\n<td>2006\u20132010<\/td>\n<\/tr>\n<tr>\n<td>Jeep<\/td>\n<td>Grand Cherokee<\/td>\n<td>5.7<\/td>\n<td>2005\u20132022<\/td>\n<\/tr>\n<tr>\n<td>Jeep<\/td>\n<td>Grand Cherokee<\/td>\n<td>6.1<\/td>\n<td>2006\u20132010<\/td>\n<\/tr>\n<tr>\n<td width=\"115\">Jeep<\/td>\n<td width=\"145\">Grand Cherokee<\/td>\n<td width=\"106\">6.2 Trackhawk<\/td>\n<td width=\"83\">2018\u20132021<\/td>\n<\/tr>\n<tr>\n<td>Jeep<\/td>\n<td>Grand Cherokee<\/td>\n<td>6.4<\/td>\n<td>2011\u20132021<\/td>\n<\/tr>\n<tr>\n<td>Jeep<\/td>\n<td>Wrangler<\/td>\n<td>6.4<\/td>\n<td>2021\u20132025<\/td>\n<\/tr>\n<tr>\n<td>RAM<\/td>\n<td>1500<\/td>\n<td>5.7<\/td>\n<td>2009\u20132024<\/td>\n<\/tr>\n<tr>\n<td width=\"115\">RAM<\/td>\n<td width=\"145\">1500<\/td>\n<td width=\"106\">6.2 TRX<\/td>\n<td width=\"83\">2021\u20132024<\/td>\n<\/tr>\n<tr>\n<td>RAM<\/td>\n<td>2500<\/td>\n<td>6.4<\/td>\n<td>2014\u20132024<\/td>\n<\/tr>\n<\/tbody>\n<\/table>\n<p>&nbsp;<\/p>\n<p><strong>Rozsah dod\u00e1vky:<\/strong><\/p>\n<ul>\n<li>8 zapalovac\u00edch c\u00edvek MSD Blaster<\/li>\n<\/ul>\n<p>&nbsp;<\/p>","protected":false},"excerpt":{"rendered":"<p>MSD Blaster Coil Upgrade Z\u00fcndspulen &nbsp; Ersetzt die originalen Z\u00fcndspulen Bessere Gasannahme &amp; ruhigerer Leerlauf Bessere Leistung bei hohen Drehzahlen<\/p>","protected":false},"featured_media":68274989,"comment_status":"open","ping_status":"closed","template":"","meta":{"_acf_changed":false},"product_brand":[20093],"product_cat":[7261,7266,7272,7277,7290,7294,7302,7298,7316,7320,7324,7328,7332,7343,7347,7353,7362,7368,7373,7393,7397,7402,7407,7412,7418,7428,7443,7448,7458,7453],"product_tag":[11140,11141,11142,52,217,91,4410,4411,4412,92,93,4413,4414,3470,54,53,48,536,94,49,3853,3854,56,100,50,4425,4427,4426,55,373,4481,20101,86,96,164,102,2353,374],"class_list":{"0":"post-68252720","1":"product","2":"type-product","3":"status-publish","4":"has-post-thumbnail","6":"product_brand-msd","7":"product_cat-300c-57-2005-2010-zuendung","8":"product_cat-300c-57-2011-2023-zuendung","9":"product_cat-300c-61-zuendung","10":"product_cat-300c-64-zuendung","11":"product_cat-challenger-57-zuendung","12":"product_cat-challenger-61-zuendung","13":"product_cat-challenger-hellcat-zuendung","14":"product_cat-challenger-64-zuendung","15":"product_cat-charger-57-zuendung","16":"product_cat-charger-57-2011-2023-zuendung","17":"product_cat-charger-61-zuendung","18":"product_cat-charger-hellcat-zuendung","19":"product_cat-charger-64-zuendung","20":"product_cat-durango-57-zuendung","21":"product_cat-durango-hellcat-zuendung","22":"product_cat-durango-64-zuendung","23":"product_cat-magnum-57-zuendung","24":"product_cat-magnum-61-zuendung","25":"product_cat-commander-zuendung","26":"product_cat-grand-cherokee-57-2005-2010-zuendung","27":"product_cat-grand-cherokee-57-2011-2021-zuendung","28":"product_cat-grand-cherokee-61-zuendung","29":"product_cat-trackhawk-zuendung","30":"product_cat-grand-cherokee-64-zuendung","31":"product_cat-wagoneer-64-zuendung","32":"product_cat-wrangler-64-zuendung","33":"product_cat-1500-57-2009-2018-classic-zuendung","34":"product_cat-1500-57-dt-zuendung","35":"product_cat-2500-3500-64-zuendung","36":"product_cat-trx-zuendung","37":"product_tag-056029129aa","38":"product_tag-056029129ab","39":"product_tag-056029129af","40":"product_tag-300c","41":"product_tag-217","42":"product_tag-5-7","43":"product_tag-56029129aa","44":"product_tag-56029129ab","45":"product_tag-56029129af","46":"product_tag-6-1","47":"product_tag-6-4","48":"product_tag-68060346aa","49":"product_tag-68238603aa","50":"product_tag-blaster","51":"product_tag-challenger","52":"product_tag-charger","53":"product_tag-chrysler","54":"product_tag-chrysler-300c","55":"product_tag-commander","56":"product_tag-dodge","57":"product_tag-dodge-challenger","58":"product_tag-dodge-charger","59":"product_tag-grand-cherokee","60":"product_tag-hellcat","61":"product_tag-jeep","62":"product_tag-jeep-grand-cherokee","63":"product_tag-jeep-grand-cherokee-trackhawk","64":"product_tag-jeep-trackhawk","65":"product_tag-magnum","66":"product_tag-msd","67":"product_tag-msd-blaster","68":"product_tag-msd-zuendspulen","69":"product_tag-ram","70":"product_tag-srt","71":"product_tag-srt8","72":"product_tag-trackhawk","73":"product_tag-trx","74":"product_tag-zuendspule","76":"first","77":"onbackorder","78":"taxable","79":"shipping-taxable","80":"purchasable","81":"product-type-simple"},"bundled_by":[],"bundle_stock_status":"onbackorder","bundle_stock_quantity":-1,"bundle_virtual":false,"bundle_layout":"","bundle_add_to_cart_form_location":"","bundle_editable_in_cart":false,"bundle_sold_individually_context":"","bundle_item_grouping":"","bundle_min_size":"","bundle_max_size":"","bundle_price":[],"bundled_items":[],"bundle_sell_ids":[],"exclude_global_add_ons":[],"addons":[],"acf":[],"_links":{"self":[{"href":"https:\/\/kraftwerk-shop.cc\/cs\/wp-json\/wp\/v2\/product\/68252720","targetHints":{"allow":["GET"]}}],"collection":[{"href":"https:\/\/kraftwerk-shop.cc\/cs\/wp-json\/wp\/v2\/product"}],"about":[{"href":"https:\/\/kraftwerk-shop.cc\/cs\/wp-json\/wp\/v2\/types\/product"}],"replies":[{"embeddable":true,"href":"https:\/\/kraftwerk-shop.cc\/cs\/wp-json\/wp\/v2\/comments?post=68252720"}],"version-history":[{"count":0,"href":"https:\/\/kraftwerk-shop.cc\/cs\/wp-json\/wp\/v2\/product\/68252720\/revisions"}],"wp:featuredmedia":[{"embeddable":true,"href":"https:\/\/kraftwerk-shop.cc\/cs\/wp-json\/wp\/v2\/media\/68274989"}],"wp:attachment":[{"href":"https:\/\/kraftwerk-shop.cc\/cs\/wp-json\/wp\/v2\/media?parent=68252720"}],"wp:term":[{"taxonomy":"product_brand","embeddable":true,"href":"https:\/\/kraftwerk-shop.cc\/cs\/wp-json\/wp\/v2\/product_brand?post=68252720"},{"taxonomy":"product_cat","embeddable":true,"href":"https:\/\/kraftwerk-shop.cc\/cs\/wp-json\/wp\/v2\/product_cat?post=68252720"},{"taxonomy":"product_tag","embeddable":true,"href":"https:\/\/kraftwerk-shop.cc\/cs\/wp-json\/wp\/v2\/product_tag?post=68252720"}],"curies":[{"name":"wp","href":"https:\/\/api.w.org\/{rel}","templated":true}]}}