{"id":68252723,"date":"2021-09-17T12:53:34","date_gmt":"2021-09-17T12:53:34","guid":{"rendered":"https:\/\/kraftwerk-gruppe.de\/?post_type=product&#038;p=68252723"},"modified":"2026-02-15T00:00:07","modified_gmt":"2026-02-14T23:00:07","slug":"adapter-pro-zapalovaci-civka-57-hemi","status":"publish","type":"product","link":"https:\/\/kraftwerk-shop.cc\/cs\/produkt\/adapter-zuendspulenumruestung-57-hemi\/","title":{"rendered":"Sada adapt\u00e9r\u016f pro p\u0159estavbu zapalovac\u00ed c\u00edvky 5.7 Hemi"},"content":{"rendered":"<h1>Sada adapt\u00e9r\u016f pro p\u0159estavbu zapalovac\u00edch c\u00edvek 5.7 Hemi na nov\u011bj\u0161\u00ed verzi<\/h1>\n<p>&nbsp;<\/p>\n<p>Tyto adapt\u00e9ry umo\u017e\u0148uj\u00ed pou\u017eit\u00ed v\u00fdkonn\u011bj\u0161\u00edch zapalovac\u00edch c\u00edvek 6.1L HEMI na motoru 5.7L HEMI 2003 - 2005 a vytv\u00e1\u0159ej\u00ed siln\u011bj\u0161\u00ed jiskru.<br \/>\nPro p\u0159echod na nov\u00e9 zapalovac\u00ed c\u00edvky nen\u00ed nutn\u00e9 prov\u00e1d\u011bt \u017e\u00e1dn\u00e9 slo\u017eit\u011bj\u0161\u00ed \u00fapravy kabel\u00e1\u017ee.<\/p>\n<p>&nbsp;<\/p>\n<p><strong>Rozsah dod\u00e1vky:<\/strong><\/p>\n<ul>\n<li>Kompletn\u00ed konverzn\u00ed sada (8 adapt\u00e9r\u016f)<\/li>\n<\/ul>\n<p>&nbsp;<\/p>","protected":false},"excerpt":{"rendered":"<p>Adapterset zum Umr\u00fcsten der 5.7 Hemi Z\u00fcndspulen auf die neuere Variante &nbsp; Mit diesen Adaptern k\u00f6nnen Sie die leistungsst\u00e4rkeren 6.1L<\/p>","protected":false},"featured_media":68348835,"comment_status":"open","ping_status":"closed","template":"","meta":{"_acf_changed":false},"product_brand":[19068],"product_cat":[7261,7316,7343,7362,7373,7393],"product_tag":[52,91,122,54,53,48,94,49,56,50,375,55,220,216,374,2379],"class_list":{"0":"post-68252723","1":"product","2":"type-product","3":"status-publish","4":"has-post-thumbnail","6":"product_brand-kraftwerk","7":"product_cat-300c-57-2005-2010-zuendung","8":"product_cat-charger-57-zuendung","9":"product_cat-durango-57-zuendung","10":"product_cat-magnum-57-zuendung","11":"product_cat-commander-zuendung","12":"product_cat-grand-cherokee-57-2005-2010-zuendung","13":"product_tag-300c","14":"product_tag-5-7","15":"product_tag-adapter","16":"product_tag-challenger","17":"product_tag-charger","18":"product_tag-chrysler","19":"product_tag-commander","20":"product_tag-dodge","21":"product_tag-grand-cherokee","22":"product_tag-jeep","23":"product_tag-kabel","24":"product_tag-magnum","25":"product_tag-umruestung","26":"product_tag-upgrade","27":"product_tag-zuendspule","28":"product_tag-zuendstecker","30":"first","31":"onbackorder","32":"taxable","33":"shipping-taxable","34":"purchasable","35":"product-type-simple"},"bundled_by":[],"bundle_stock_status":"onbackorder","bundle_stock_quantity":0,"bundle_virtual":false,"bundle_layout":"","bundle_add_to_cart_form_location":"","bundle_editable_in_cart":false,"bundle_sold_individually_context":"","bundle_item_grouping":"","bundle_min_size":"","bundle_max_size":"","bundle_price":[],"bundled_items":[],"bundle_sell_ids":[],"exclude_global_add_ons":[],"addons":[],"acf":[],"_links":{"self":[{"href":"https:\/\/kraftwerk-shop.cc\/cs\/wp-json\/wp\/v2\/product\/68252723","targetHints":{"allow":["GET"]}}],"collection":[{"href":"https:\/\/kraftwerk-shop.cc\/cs\/wp-json\/wp\/v2\/product"}],"about":[{"href":"https:\/\/kraftwerk-shop.cc\/cs\/wp-json\/wp\/v2\/types\/product"}],"replies":[{"embeddable":true,"href":"https:\/\/kraftwerk-shop.cc\/cs\/wp-json\/wp\/v2\/comments?post=68252723"}],"version-history":[{"count":0,"href":"https:\/\/kraftwerk-shop.cc\/cs\/wp-json\/wp\/v2\/product\/68252723\/revisions"}],"wp:featuredmedia":[{"embeddable":true,"href":"https:\/\/kraftwerk-shop.cc\/cs\/wp-json\/wp\/v2\/media\/68348835"}],"wp:attachment":[{"href":"https:\/\/kraftwerk-shop.cc\/cs\/wp-json\/wp\/v2\/media?parent=68252723"}],"wp:term":[{"taxonomy":"product_brand","embeddable":true,"href":"https:\/\/kraftwerk-shop.cc\/cs\/wp-json\/wp\/v2\/product_brand?post=68252723"},{"taxonomy":"product_cat","embeddable":true,"href":"https:\/\/kraftwerk-shop.cc\/cs\/wp-json\/wp\/v2\/product_cat?post=68252723"},{"taxonomy":"product_tag","embeddable":true,"href":"https:\/\/kraftwerk-shop.cc\/cs\/wp-json\/wp\/v2\/product_tag?post=68252723"}],"curies":[{"name":"wp","href":"https:\/\/api.w.org\/{rel}","templated":true}]}}