{"id":68252784,"date":"2021-09-17T12:54:06","date_gmt":"2021-09-17T12:54:06","guid":{"rendered":"https:\/\/kraftwerk-gruppe.de\/?post_type=product&#038;p=68252784"},"modified":"2026-02-15T00:59:46","modified_gmt":"2026-02-14T23:59:46","slug":"chladic-oleje","status":"publish","type":"product","link":"https:\/\/kraftwerk-shop.cc\/cs\/produkt\/oelkuehler\/","title":{"rendered":"Chladi\u010d oleje"},"content":{"rendered":"<h1>Hlin\u00edkov\u00fd chladi\u010d oleje vhodn\u00fd pro na\u0161e mont\u00e1\u017en\u00ed sady<\/h1>\n<p>&nbsp;<\/p>\n<p><strong>Specifikace:<\/strong><\/p>\n<table width=\"372\">\n<tbody>\n<tr>\n<td width=\"177\">Po\u010det chladic\u00edch \u0159ad:<\/td>\n<td width=\"195\">v z\u00e1vislosti na verzi<\/td>\n<\/tr>\n<tr>\n<td width=\"177\">Celkov\u00e1 \u0161\u00ed\u0159ka:<\/td>\n<td width=\"195\">330 mm<\/td>\n<\/tr>\n<tr>\n<td width=\"177\">\u0160\u00ed\u0159ka ok:<\/td>\n<td width=\"195\">290 mm<\/td>\n<\/tr>\n<tr>\n<td width=\"177\">Jmenovit\u00fd tlak:<\/td>\n<td width=\"195\">12 bar\u016f<\/td>\n<\/tr>\n<tr>\n<td width=\"177\">Tlak p\u0159i prasknut\u00ed:<\/td>\n<td width=\"195\">27 bar\u016f<\/td>\n<\/tr>\n<tr>\n<td width=\"177\">P\u0159ipojen\u00ed:<\/td>\n<td width=\"195\">Vnit\u0159n\u00ed z\u00e1vit M18 x 1,5<\/td>\n<\/tr>\n<\/tbody>\n<\/table>\n<p>&nbsp;<\/p>","protected":false},"excerpt":{"rendered":"<p>Hlin\u00edkov\u00fd chladi\u010d oleje v r\u016fzn\u00fdch velikostech<\/p>","protected":false},"featured_media":68278614,"comment_status":"open","ping_status":"closed","template":"","meta":{"_acf_changed":false},"product_brand":[],"product_cat":[2567,2549,4981,2545,2546,2565,2530,2548,2547,2590,2537,5160,2536,2534,2653,2544,2543],"product_tag":[52,54,53,189,48,94,49,3853,56,50,36,405,55,406,400,2454,86,401],"class_list":{"0":"post-68252784","1":"product","2":"type-product","3":"status-publish","4":"has-post-thumbnail","6":"product_cat-300c-35-kuehlung","7":"product_cat-300c-57-2005-2010-kuehlung","8":"product_cat-300c-57-2011-2023-kuehlung","9":"product_cat-300c-61-kuehlung","10":"product_cat-300c-64-kuehlung","11":"product_cat-challenger-35-kuehlung","12":"product_cat-challenger-57-kuehlung","13":"product_cat-challenger-61-kuehlung","14":"product_cat-challenger-64-kuehlung","15":"product_cat-charger-35-kuehlung","16":"product_cat-charger-57-kuehlung","17":"product_cat-charger-57-2011-2023-kuehlung","18":"product_cat-charger-61-kuehlung","19":"product_cat-charger-64-kuehlung","20":"product_cat-magnum-35-kuehlung","21":"product_cat-magnum-57-kuehlung","22":"product_cat-magnum-61-kuehlung","23":"product_tag-300c","24":"product_tag-challenger","25":"product_tag-charger","26":"product_tag-chevrolet","27":"product_tag-chrysler","28":"product_tag-commander","29":"product_tag-dodge","30":"product_tag-dodge-challenger","31":"product_tag-grand-cherokee","32":"product_tag-jeep","33":"product_tag-kraftwerk","34":"product_tag-kuehler","35":"product_tag-magnum","36":"product_tag-oel","37":"product_tag-oelkuehler","38":"product_tag-oelkuehlung","39":"product_tag-ram","40":"product_tag-zusatzkuehler","41":"pa_oelkuehler-10-reihen","42":"pa_oelkuehler-13-reihen","43":"pa_oelkuehler-16-reihen","44":"pa_oelkuehler-19-reihen","45":"pa_oelkuehler-25-reihen","46":"pa_oelkuehler-7-reihen","48":"first","49":"instock","50":"taxable","51":"shipping-taxable","52":"purchasable","53":"product-type-variable"},"bundled_by":[],"bundle_stock_status":"instock","bundle_stock_quantity":3,"bundle_virtual":false,"bundle_layout":"","bundle_add_to_cart_form_location":"","bundle_editable_in_cart":false,"bundle_sold_individually_context":"","bundle_item_grouping":"","bundle_min_size":"","bundle_max_size":"","bundle_price":[],"bundled_items":[],"bundle_sell_ids":[],"exclude_global_add_ons":[],"addons":[],"acf":[],"_links":{"self":[{"href":"https:\/\/kraftwerk-shop.cc\/cs\/wp-json\/wp\/v2\/product\/68252784","targetHints":{"allow":["GET"]}}],"collection":[{"href":"https:\/\/kraftwerk-shop.cc\/cs\/wp-json\/wp\/v2\/product"}],"about":[{"href":"https:\/\/kraftwerk-shop.cc\/cs\/wp-json\/wp\/v2\/types\/product"}],"replies":[{"embeddable":true,"href":"https:\/\/kraftwerk-shop.cc\/cs\/wp-json\/wp\/v2\/comments?post=68252784"}],"version-history":[{"count":0,"href":"https:\/\/kraftwerk-shop.cc\/cs\/wp-json\/wp\/v2\/product\/68252784\/revisions"}],"wp:featuredmedia":[{"embeddable":true,"href":"https:\/\/kraftwerk-shop.cc\/cs\/wp-json\/wp\/v2\/media\/68278614"}],"wp:attachment":[{"href":"https:\/\/kraftwerk-shop.cc\/cs\/wp-json\/wp\/v2\/media?parent=68252784"}],"wp:term":[{"taxonomy":"product_brand","embeddable":true,"href":"https:\/\/kraftwerk-shop.cc\/cs\/wp-json\/wp\/v2\/product_brand?post=68252784"},{"taxonomy":"product_cat","embeddable":true,"href":"https:\/\/kraftwerk-shop.cc\/cs\/wp-json\/wp\/v2\/product_cat?post=68252784"},{"taxonomy":"product_tag","embeddable":true,"href":"https:\/\/kraftwerk-shop.cc\/cs\/wp-json\/wp\/v2\/product_tag?post=68252784"}],"curies":[{"name":"wp","href":"https:\/\/api.w.org\/{rel}","templated":true}]}}