{"id":68252801,"date":"2021-09-17T12:54:07","date_gmt":"2021-09-17T12:54:07","guid":{"rendered":"https:\/\/kraftwerk-gruppe.de\/?post_type=product&#038;p=68252801"},"modified":"2026-02-15T01:01:14","modified_gmt":"2026-02-15T00:01:14","slug":"kovany-pist-kovana-ojnice-61-srt8-2618","status":"publish","type":"product","link":"https:\/\/kraftwerk-shop.cc\/cs\/produkt\/schmiedekolben-schmiedepleuel-61-srt8-2618\/","title":{"rendered":"Kovan\u00fd p\u00edst a kovan\u00e1 ojnice pro 6.1 SRT8 (2618)"},"content":{"rendered":"<h1>Kovan\u00e9 p\u00edsty a kovan\u00e9 ojnice pro motory 6.1 SRT8 jako p\u0159\u00edm\u00e1 n\u00e1hrada standardn\u00edch d\u00edl\u016f<\/h1>\n<p>&nbsp;<\/p>\n<ul>\n<li>Kovan\u00fd p\u00edst MAHLE Modern Muscle Super Power Pack z hlin\u00edku 2618<\/li>\n<li>horn\u00ed krou\u017eek posunut\u00fd sm\u011brem dol\u016f, vyroben\u00fd z molitanu nebo oceli, v z\u00e1vislosti na pou\u017eit\u00ed<\/li>\n<li>\u00dalo\u017en\u00e1 dr\u00e1\u017eka ve druh\u00e9m p\u00e1su<\/li>\n<li>Pota\u017een\u00e9 p\u00edstov\u00e9 ko\u0161ile<\/li>\n<li>Povrstven\u00e9 dr\u00e1\u017eky p\u00edstn\u00edch krou\u017ek\u016f<\/li>\n<li>Komprese mezi 10,0 a 10,8 (v z\u00e1vislosti na t\u011bsn\u011bn\u00ed hlavy v\u00e1lc\u016f)<\/li>\n<li>Manleyova ojnice<\/li>\n<li>\u0160rouby a svorn\u00edky ojnic ARP<\/li>\n<\/ul>\n<p>&nbsp;<\/p>\n<p><strong>Vhodn\u00e9 pro:<\/strong><\/p>\n<table width=\"437\">\n<tbody>\n<tr>\n<td width=\"83\"><strong>Zna\u010dka<\/strong><\/td>\n<td width=\"122\"><strong>Model<\/strong><\/td>\n<td width=\"136\"><strong>Motor<\/strong><\/td>\n<td width=\"96\"><strong>Rok v\u00fdstavby<\/strong><\/td>\n<\/tr>\n<tr>\n<td>Chrysler<\/td>\n<td>300C<\/td>\n<td>6.1<\/td>\n<td>2005\u20132010<\/td>\n<\/tr>\n<tr>\n<td>Dodge<\/td>\n<td>Challenger<\/td>\n<td>6.1<\/td>\n<td>2008\u20132010<\/td>\n<\/tr>\n<tr>\n<td>Dodge<\/td>\n<td>Charger<\/td>\n<td>6.1<\/td>\n<td>2005\u20132010<\/td>\n<\/tr>\n<tr>\n<td>Dodge<\/td>\n<td>Magnum<\/td>\n<td>6.1<\/td>\n<td>2006\u20132008<\/td>\n<\/tr>\n<tr>\n<td>Jeep<\/td>\n<td>Grand Cherokee<\/td>\n<td>6.1<\/td>\n<td>2006\u20132010<\/td>\n<\/tr>\n<\/tbody>\n<\/table>\n<p>&nbsp;<\/p>\n<p><strong>Rozsah dod\u00e1vky:\u00a0<\/strong><\/p>\n<ul>\n<li>8 kovan\u00fdch p\u00edst\u016f<\/li>\n<li>8 Kovan\u00e9 ojnice<\/li>\n<li>P\u00edstn\u00ed krou\u017eky<\/li>\n<li>\u0160rouby ojnice<\/li>\n<li>\u0160roub ARP 2000<\/li>\n<\/ul>\n<p>&nbsp;<\/p>","protected":false},"excerpt":{"rendered":"<p>Schmiedekolben und Schmiedepleuel f\u00fcr 6.1 SRT8 Motoren als direkter Ersatz f\u00fcr die Serienteile &nbsp; MAHLE Modern Muscle Super Power Pack<\/p>","protected":false},"featured_media":68278682,"comment_status":"open","ping_status":"closed","template":"","meta":{"_acf_changed":false},"product_brand":[19065],"product_cat":[6684,6689,6694,6698,6703],"product_tag":[52,92,54,53,48,536,49,3853,3854,56,50,4425,409,413,36,55,411,2455,412,410,414,407,408],"class_list":{"0":"post-68252801","1":"product","2":"type-product","3":"status-publish","4":"has-post-thumbnail","6":"product_brand-mahle","7":"product_cat-300c-61-kurbelwelle-kolben","8":"product_cat-challenger-61-kurbelwelle-kolben","9":"product_cat-charger-61-kurbelwelle-kolben","10":"product_cat-magnum-61-kurbelwelle-kolben","11":"product_cat-grand-cherokee-61-kurbelwelle-kolben","12":"product_tag-300c","13":"product_tag-6-1","14":"product_tag-challenger","15":"product_tag-charger","16":"product_tag-chrysler","17":"product_tag-chrysler-300c","18":"product_tag-dodge","19":"product_tag-dodge-challenger","20":"product_tag-dodge-charger","21":"product_tag-grand-cherokee","22":"product_tag-jeep","23":"product_tag-jeep-grand-cherokee","24":"product_tag-kolben","25":"product_tag-kolbenringe","26":"product_tag-kraftwerk","27":"product_tag-magnum","28":"product_tag-mahle","29":"product_tag-mm5","30":"product_tag-molnar","31":"product_tag-pleuel","32":"product_tag-pleuelschrauben","33":"product_tag-schmiedekolben","34":"product_tag-schmiedepleuel","35":"pa_kolbenmass-010-uebermass","36":"pa_kolbenmass-serienmab","38":"first","39":"onbackorder","40":"taxable","41":"shipping-taxable","42":"purchasable","43":"product-type-variable"},"bundled_by":[],"bundle_stock_status":"onbackorder","bundle_stock_quantity":0,"bundle_virtual":false,"bundle_layout":"","bundle_add_to_cart_form_location":"","bundle_editable_in_cart":false,"bundle_sold_individually_context":"","bundle_item_grouping":"","bundle_min_size":"","bundle_max_size":"","bundle_price":[],"bundled_items":[],"bundle_sell_ids":[],"exclude_global_add_ons":[],"addons":[],"acf":[],"_links":{"self":[{"href":"https:\/\/kraftwerk-shop.cc\/cs\/wp-json\/wp\/v2\/product\/68252801","targetHints":{"allow":["GET"]}}],"collection":[{"href":"https:\/\/kraftwerk-shop.cc\/cs\/wp-json\/wp\/v2\/product"}],"about":[{"href":"https:\/\/kraftwerk-shop.cc\/cs\/wp-json\/wp\/v2\/types\/product"}],"replies":[{"embeddable":true,"href":"https:\/\/kraftwerk-shop.cc\/cs\/wp-json\/wp\/v2\/comments?post=68252801"}],"version-history":[{"count":0,"href":"https:\/\/kraftwerk-shop.cc\/cs\/wp-json\/wp\/v2\/product\/68252801\/revisions"}],"wp:featuredmedia":[{"embeddable":true,"href":"https:\/\/kraftwerk-shop.cc\/cs\/wp-json\/wp\/v2\/media\/68278682"}],"wp:attachment":[{"href":"https:\/\/kraftwerk-shop.cc\/cs\/wp-json\/wp\/v2\/media?parent=68252801"}],"wp:term":[{"taxonomy":"product_brand","embeddable":true,"href":"https:\/\/kraftwerk-shop.cc\/cs\/wp-json\/wp\/v2\/product_brand?post=68252801"},{"taxonomy":"product_cat","embeddable":true,"href":"https:\/\/kraftwerk-shop.cc\/cs\/wp-json\/wp\/v2\/product_cat?post=68252801"},{"taxonomy":"product_tag","embeddable":true,"href":"https:\/\/kraftwerk-shop.cc\/cs\/wp-json\/wp\/v2\/product_tag?post=68252801"}],"curies":[{"name":"wp","href":"https:\/\/api.w.org\/{rel}","templated":true}]}}