{"id":68252809,"date":"2021-09-17T12:54:08","date_gmt":"2021-09-17T12:54:08","guid":{"rendered":"https:\/\/kraftwerk-gruppe.de\/?post_type=product&#038;p=68252809"},"modified":"2026-02-15T00:57:23","modified_gmt":"2026-02-14T23:57:23","slug":"kovany-pist-64-srt-4032","status":"publish","type":"product","link":"https:\/\/kraftwerk-shop.cc\/cs\/produkt\/schmiedekolben-64-srt-4032\/","title":{"rendered":"Kovan\u00fd p\u00edst pro 6.4 SRT (4032)"},"content":{"rendered":"<h1>Kovan\u00e9 p\u00edsty pro motory 6.4 SRT8 (392) jako p\u0159\u00edm\u00e1 n\u00e1hrada standardn\u00edch d\u00edl\u016f<\/h1>\n<p>&nbsp;<\/p>\n<ul>\n<li>P\u0159\u00edm\u00e1 n\u00e1hrada standardn\u00edch p\u00edst\u016f<\/li>\n<li>Kovan\u00fd hlin\u00edk 4032<\/li>\n<li>pro pou\u017eit\u00ed se standardn\u00edmi p\u00edstn\u00edmi krou\u017eky<\/li>\n<li>pro pou\u017eit\u00ed se standardn\u00edmi ojnicemi<\/li>\n<li>\u00dalo\u017en\u00e1 dr\u00e1\u017eka ve druh\u00e9m p\u00e1su<\/li>\n<li>Pota\u017een\u00e9 p\u00edstov\u00e9 ko\u0161ile<\/li>\n<li>Povrstven\u00e9 dr\u00e1\u017eky p\u00edstn\u00edch krou\u017ek\u016f<\/li>\n<li>Komprese jako s\u00e9rie<\/li>\n<li>Ventilov\u00e9 kapsy pro va\u010dkov\u00e9 h\u0159\u00eddele do <span id=\"dnn_ctr306650_ContentPane\">.080 int a .050 exh<\/span><\/li>\n<\/ul>\n<p>&nbsp;<\/p>\n<p><strong>Vhodn\u00e9 pro:<\/strong><\/p>\n<table width=\"437\">\n<tbody>\n<tr>\n<td width=\"83\"><strong>Zna\u010dka<\/strong><\/td>\n<td width=\"122\"><strong>Model<\/strong><\/td>\n<td width=\"136\"><strong>Motor<\/strong><\/td>\n<td width=\"96\"><strong>Rok v\u00fdstavby<\/strong><\/td>\n<\/tr>\n<tr>\n<td width=\"83\">Chrysler<\/td>\n<td width=\"122\">300C<\/td>\n<td>6.4<\/td>\n<td width=\"96\">2012\u20132014<\/td>\n<\/tr>\n<tr>\n<td width=\"83\">Dodge<\/td>\n<td width=\"122\">Challenger<\/td>\n<td>6.4<\/td>\n<td width=\"96\">2011\u20132023<\/td>\n<\/tr>\n<tr>\n<td width=\"83\">Dodge<\/td>\n<td width=\"122\">Charger<\/td>\n<td>6.4<\/td>\n<td width=\"96\">2011\u20132023<\/td>\n<\/tr>\n<tr>\n<td>Dodge<\/td>\n<td>Durango<\/td>\n<td>6.4<\/td>\n<td>2018\u20132024<\/td>\n<\/tr>\n<tr>\n<td>Jeep<\/td>\n<td>Grand Cherokee<\/td>\n<td>6.4<\/td>\n<td>2011\u20132021<\/td>\n<\/tr>\n<tr>\n<td>Jeep<\/td>\n<td>Wrangler<\/td>\n<td>6.4<\/td>\n<td>2021\u20132025<\/td>\n<\/tr>\n<\/tbody>\n<\/table>\n<p>&nbsp;<\/p>\n<p><strong>Rozsah dod\u00e1vky:<\/strong><\/p>\n<ul>\n<li>8 kovan\u00fdch p\u00edst\u016f<\/li>\n<li>P\u00edstn\u00ed krou\u017eky<\/li>\n<\/ul>","protected":false},"excerpt":{"rendered":"<p>Kovan\u00e9 p\u00edsty pro motory 6.4 SRT8 (392) jako p\u0159\u00edm\u00e1 n\u00e1hrada standardn\u00edch d\u00edl\u016f p\u0159\u00edm\u00e1 n\u00e1hrada standardn\u00edch p\u00edst\u016f kovan\u00e9 4032<\/p>","protected":false},"featured_media":68278650,"comment_status":"open","ping_status":"closed","template":"","meta":{"_acf_changed":false},"product_brand":[],"product_cat":[6490,6484,6495,6500,6505,6510,19352],"product_tag":[52,217,93,54,53,48,536,49,3853,3854,95,56,50,4425,409,413,36,411,2455,412,414,407,175],"class_list":{"0":"post-68252809","1":"product","2":"type-product","3":"status-publish","4":"has-post-thumbnail","6":"product_cat-300c-64-kurbelwelle-kolben","7":"product_cat-challenger-64-kurbelwelle-kolben","8":"product_cat-charger-64-kurbelwelle-kolben","9":"product_cat-durango-64-kurbelwelle-kolben","10":"product_cat-grand-cherokee-64-kurbelwelle-kolben","11":"product_cat-wrangler-64-kurbelwelle-kolben","12":"product_cat-2500-3500-64-kurbelwelle-kolben","13":"product_tag-300c","14":"product_tag-217","15":"product_tag-6-4","16":"product_tag-challenger","17":"product_tag-charger","18":"product_tag-chrysler","19":"product_tag-chrysler-300c","20":"product_tag-dodge","21":"product_tag-dodge-challenger","22":"product_tag-dodge-charger","23":"product_tag-durango","24":"product_tag-grand-cherokee","25":"product_tag-jeep","26":"product_tag-jeep-grand-cherokee","27":"product_tag-kolben","28":"product_tag-kolbenringe","29":"product_tag-kraftwerk","30":"product_tag-mahle","31":"product_tag-mm5","32":"product_tag-molnar","33":"product_tag-pleuelschrauben","34":"product_tag-schmiedekolben","35":"product_tag-wrangler","36":"pa_kolbenmass-010-uebermass","37":"pa_kolbenmass-serienmab","39":"first","40":"onbackorder","41":"taxable","42":"shipping-taxable","43":"purchasable","44":"product-type-variable"},"bundled_by":[],"bundle_stock_status":"onbackorder","bundle_stock_quantity":0,"bundle_virtual":false,"bundle_layout":"","bundle_add_to_cart_form_location":"","bundle_editable_in_cart":false,"bundle_sold_individually_context":"","bundle_item_grouping":"","bundle_min_size":"","bundle_max_size":"","bundle_price":[],"bundled_items":[],"bundle_sell_ids":[],"exclude_global_add_ons":[],"addons":[],"acf":[],"_links":{"self":[{"href":"https:\/\/kraftwerk-shop.cc\/cs\/wp-json\/wp\/v2\/product\/68252809","targetHints":{"allow":["GET"]}}],"collection":[{"href":"https:\/\/kraftwerk-shop.cc\/cs\/wp-json\/wp\/v2\/product"}],"about":[{"href":"https:\/\/kraftwerk-shop.cc\/cs\/wp-json\/wp\/v2\/types\/product"}],"replies":[{"embeddable":true,"href":"https:\/\/kraftwerk-shop.cc\/cs\/wp-json\/wp\/v2\/comments?post=68252809"}],"version-history":[{"count":0,"href":"https:\/\/kraftwerk-shop.cc\/cs\/wp-json\/wp\/v2\/product\/68252809\/revisions"}],"wp:featuredmedia":[{"embeddable":true,"href":"https:\/\/kraftwerk-shop.cc\/cs\/wp-json\/wp\/v2\/media\/68278650"}],"wp:attachment":[{"href":"https:\/\/kraftwerk-shop.cc\/cs\/wp-json\/wp\/v2\/media?parent=68252809"}],"wp:term":[{"taxonomy":"product_brand","embeddable":true,"href":"https:\/\/kraftwerk-shop.cc\/cs\/wp-json\/wp\/v2\/product_brand?post=68252809"},{"taxonomy":"product_cat","embeddable":true,"href":"https:\/\/kraftwerk-shop.cc\/cs\/wp-json\/wp\/v2\/product_cat?post=68252809"},{"taxonomy":"product_tag","embeddable":true,"href":"https:\/\/kraftwerk-shop.cc\/cs\/wp-json\/wp\/v2\/product_tag?post=68252809"}],"curies":[{"name":"wp","href":"https:\/\/api.w.org\/{rel}","templated":true}]}}