{"id":68252833,"date":"2021-09-17T12:54:09","date_gmt":"2021-09-17T12:54:09","guid":{"rendered":"https:\/\/kraftwerk-gruppe.de\/?post_type=product&#038;p=68252833"},"modified":"2026-02-15T00:04:14","modified_gmt":"2026-02-14T23:04:14","slug":"kovana-ojnice-64-srt","status":"publish","type":"product","link":"https:\/\/kraftwerk-shop.cc\/cs\/produkt\/schmiedepleuel-64-srt\/","title":{"rendered":"Kovan\u00e1 ojnice pro 6.4 SRT"},"content":{"rendered":"<h1>Kovan\u00e1 ojnice pro motory 6.4 SRT (392) pro pou\u017eit\u00ed s kovan\u00fdmi p\u00edsty<\/h1>\n<p>&nbsp;<\/p>\n<p><strong>Vhodn\u00e9 pro:<\/strong><\/p>\n<table width=\"437\">\n<tbody>\n<tr>\n<td width=\"83\"><strong>Zna\u010dka<\/strong><\/td>\n<td width=\"122\"><strong>Model<\/strong><\/td>\n<td width=\"136\"><strong>Motor<\/strong><\/td>\n<td width=\"96\"><strong>Rok v\u00fdstavby<\/strong><\/td>\n<\/tr>\n<tr>\n<td width=\"83\">Chrysler<\/td>\n<td width=\"122\">300C<\/td>\n<td>6.4<\/td>\n<td width=\"96\">2012\u20132014<\/td>\n<\/tr>\n<tr>\n<td width=\"83\">Dodge<\/td>\n<td width=\"122\">Challenger<\/td>\n<td>6.4<\/td>\n<td width=\"96\">2011\u20132023<\/td>\n<\/tr>\n<tr>\n<td width=\"83\">Dodge<\/td>\n<td width=\"122\">Charger<\/td>\n<td>6.4<\/td>\n<td width=\"96\">2011\u20132023<\/td>\n<\/tr>\n<tr>\n<td>Dodge<\/td>\n<td>Durango<\/td>\n<td>6.4<\/td>\n<td>2018\u20132024<\/td>\n<\/tr>\n<tr>\n<td>Jeep<\/td>\n<td>Grand Cherokee<\/td>\n<td>6.4<\/td>\n<td>2011\u20132021<\/td>\n<\/tr>\n<tr>\n<td>Jeep<\/td>\n<td>Wrangler<\/td>\n<td>6.4<\/td>\n<td>2021\u20132025<\/td>\n<\/tr>\n<\/tbody>\n<\/table>\n<p>&nbsp;<\/p>\n<p><strong><span style=\"font-size: 16px;\">Rozsah dod\u00e1vky:\u00a0<\/span><\/strong><\/p>\n<ul>\n<li><span style=\"font-size: 16px;\">\u00a08 Kovan\u00e9 ojnice<\/span><\/li>\n<li><span style=\"font-size: 16px;\">Zes\u00edlen\u00e9 \u0161rouby ARP 2000<\/span><\/li>\n<\/ul>","protected":false},"excerpt":{"rendered":"<p>Schmiedepleuel f\u00fcr 6.4 SRT (392) Motoren zur Verwendung mit Schmiedekolben &nbsp; Passend f\u00fcr: Marke Modell Motor Baujahr Chrysler 300C 6.4<\/p>","protected":false},"featured_media":68278641,"comment_status":"open","ping_status":"closed","template":"","meta":{"_acf_changed":false},"product_brand":[],"product_cat":[6490,6484,6495,6500,6505,6510,19352],"product_tag":[52,217,93,54,53,48,536,49,3853,3854,56,50,4425,413,36,411,2455,412,410,414,408],"class_list":{"0":"post-68252833","1":"product","2":"type-product","3":"status-publish","4":"has-post-thumbnail","6":"product_cat-300c-64-kurbelwelle-kolben","7":"product_cat-challenger-64-kurbelwelle-kolben","8":"product_cat-charger-64-kurbelwelle-kolben","9":"product_cat-durango-64-kurbelwelle-kolben","10":"product_cat-grand-cherokee-64-kurbelwelle-kolben","11":"product_cat-wrangler-64-kurbelwelle-kolben","12":"product_cat-2500-3500-64-kurbelwelle-kolben","13":"product_tag-300c","14":"product_tag-217","15":"product_tag-6-4","16":"product_tag-challenger","17":"product_tag-charger","18":"product_tag-chrysler","19":"product_tag-chrysler-300c","20":"product_tag-dodge","21":"product_tag-dodge-challenger","22":"product_tag-dodge-charger","23":"product_tag-grand-cherokee","24":"product_tag-jeep","25":"product_tag-jeep-grand-cherokee","26":"product_tag-kolbenringe","27":"product_tag-kraftwerk","28":"product_tag-mahle","29":"product_tag-mm5","30":"product_tag-molnar","31":"product_tag-pleuel","32":"product_tag-pleuelschrauben","33":"product_tag-schmiedepleuel","35":"first","36":"onbackorder","37":"taxable","38":"shipping-taxable","39":"purchasable","40":"product-type-simple"},"bundled_by":[],"bundle_stock_status":"onbackorder","bundle_stock_quantity":0,"bundle_virtual":false,"bundle_layout":"","bundle_add_to_cart_form_location":"","bundle_editable_in_cart":false,"bundle_sold_individually_context":"","bundle_item_grouping":"","bundle_min_size":"","bundle_max_size":"","bundle_price":[],"bundled_items":[],"bundle_sell_ids":[],"exclude_global_add_ons":[],"addons":[],"acf":[],"_links":{"self":[{"href":"https:\/\/kraftwerk-shop.cc\/cs\/wp-json\/wp\/v2\/product\/68252833","targetHints":{"allow":["GET"]}}],"collection":[{"href":"https:\/\/kraftwerk-shop.cc\/cs\/wp-json\/wp\/v2\/product"}],"about":[{"href":"https:\/\/kraftwerk-shop.cc\/cs\/wp-json\/wp\/v2\/types\/product"}],"replies":[{"embeddable":true,"href":"https:\/\/kraftwerk-shop.cc\/cs\/wp-json\/wp\/v2\/comments?post=68252833"}],"version-history":[{"count":0,"href":"https:\/\/kraftwerk-shop.cc\/cs\/wp-json\/wp\/v2\/product\/68252833\/revisions"}],"wp:featuredmedia":[{"embeddable":true,"href":"https:\/\/kraftwerk-shop.cc\/cs\/wp-json\/wp\/v2\/media\/68278641"}],"wp:attachment":[{"href":"https:\/\/kraftwerk-shop.cc\/cs\/wp-json\/wp\/v2\/media?parent=68252833"}],"wp:term":[{"taxonomy":"product_brand","embeddable":true,"href":"https:\/\/kraftwerk-shop.cc\/cs\/wp-json\/wp\/v2\/product_brand?post=68252833"},{"taxonomy":"product_cat","embeddable":true,"href":"https:\/\/kraftwerk-shop.cc\/cs\/wp-json\/wp\/v2\/product_cat?post=68252833"},{"taxonomy":"product_tag","embeddable":true,"href":"https:\/\/kraftwerk-shop.cc\/cs\/wp-json\/wp\/v2\/product_tag?post=68252833"}],"curies":[{"name":"wp","href":"https:\/\/api.w.org\/{rel}","templated":true}]}}