{"id":68252836,"date":"2021-09-17T12:54:10","date_gmt":"2021-09-17T12:54:10","guid":{"rendered":"https:\/\/kraftwerk-gruppe.de\/?post_type=product&#038;p=68252836"},"modified":"2026-02-15T00:57:42","modified_gmt":"2026-02-14T23:57:42","slug":"kovany-pist-kovana-ojnice-57-hemi-2618","status":"publish","type":"product","link":"https:\/\/kraftwerk-shop.cc\/cs\/produkt\/schmiedekolben-schmiedepleuel-57-hemi-2618\/","title":{"rendered":"Kovan\u00fd p\u00edst a kovan\u00e1 ojnice pro 5.7 Hemi (2618)"},"content":{"rendered":"<h1>Kovan\u00e9 p\u00edsty a kovan\u00e9 ojnice pro motory 5.7 Hemi jako p\u0159\u00edm\u00e1 n\u00e1hrada standardn\u00edch d\u00edl\u016f<\/h1>\n<p>&nbsp;<\/p>\n<ul>\n<li>Kovan\u00fd p\u00edst MAHLE Modern Muscle Super Power Pack z hlin\u00edku 2618<\/li>\n<li>horn\u00ed krou\u017eek posunut\u00fd sm\u011brem dol\u016f, vyroben\u00fd z molitanu nebo oceli, v z\u00e1vislosti na pou\u017eit\u00ed<\/li>\n<li>\u00dalo\u017en\u00e1 dr\u00e1\u017eka ve druh\u00e9m p\u00e1su<\/li>\n<li>Pota\u017een\u00e9 p\u00edstov\u00e9 ko\u0161ile<\/li>\n<li>Povrstven\u00e9 dr\u00e1\u017eky p\u00edstn\u00edch krou\u017ek\u016f<\/li>\n<li>Komprese mezi 9,7 a 10,2 (v z\u00e1vislosti na t\u011bsn\u011bn\u00ed hlavy v\u00e1lc\u016f)<\/li>\n<li>Ojnice Molnar<\/li>\n<li>\u0160rouby a svorn\u00edky ojnic ARP<\/li>\n<\/ul>\n<p>&nbsp;<\/p>\n<p><strong>Vhodn\u00e9 pro:<\/strong><\/p>\n<table width=\"437\">\n<tbody>\n<tr>\n<td width=\"83\"><strong>Zna\u010dka<\/strong><\/td>\n<td width=\"122\"><strong>Model<\/strong><\/td>\n<td width=\"136\"><strong>Motor<\/strong><\/td>\n<td width=\"96\"><strong>Rok v\u00fdstavby<\/strong><\/td>\n<\/tr>\n<tr>\n<td>Chrysler<\/td>\n<td>300C<\/td>\n<td>5.7<\/td>\n<td>2009\u20132023<\/td>\n<\/tr>\n<tr>\n<td>Dodge<\/td>\n<td>Challenger<\/td>\n<td>5.7<\/td>\n<td>2009\u20132023<\/td>\n<\/tr>\n<tr>\n<td>Dodge<\/td>\n<td>Charger<\/td>\n<td>5.7<\/td>\n<td>2009\u20132023<\/td>\n<\/tr>\n<tr>\n<td>Dodge<\/td>\n<td>Durango<\/td>\n<td>5.7<\/td>\n<td>2009\u20132025<\/td>\n<\/tr>\n<tr>\n<td>Jeep<\/td>\n<td>Grand Cherokee<\/td>\n<td>5.7<\/td>\n<td>2009\u20132023<\/td>\n<\/tr>\n<tr>\n<td>Jeep<\/td>\n<td>Commander<\/td>\n<td>5.7<\/td>\n<td>2009\u20132010<\/td>\n<\/tr>\n<tr>\n<td>RAM<\/td>\n<td>1500 \/ 2500 \/ 3500<\/td>\n<td>5.7<\/td>\n<td>2009\u20132024<\/td>\n<\/tr>\n<\/tbody>\n<\/table>\n<p>&nbsp;<\/p>\n<p><strong>Rozsah dod\u00e1vky:<\/strong><\/p>\n<ul>\n<li>8 kovan\u00fdch p\u00edst\u016f<\/li>\n<li>8 Kovan\u00e9 ojnice<\/li>\n<li>P\u00edstn\u00ed krou\u017eky<\/li>\n<li>\u0160rouby ojnice<\/li>\n<li>\u0160roub ARP 2000<\/li>\n<\/ul>","protected":false},"excerpt":{"rendered":"<p>2009\u20132023<\/p>","protected":false},"featured_media":68278694,"comment_status":"open","ping_status":"closed","template":"","meta":{"_acf_changed":false},"product_brand":[19065],"product_cat":[6709,6724,6729,6714,6734,6739,1715,19347,6719,6744,6749,6754,9960],"product_tag":[52,91,54,53,48,536,94,49,3853,3854,95,56,126,50,4425,409,413,36,411,2455,412,410,414,86,407,408],"class_list":{"0":"post-68252836","1":"product","2":"type-product","3":"status-publish","4":"has-post-thumbnail","6":"product_brand-mahle","7":"product_cat-300c-57-2005-2010-kurbelwelle-kolben","8":"product_cat-300c-57-2011-2023-kurbelwelle-kolben","9":"product_cat-challenger-57-kurbelwelle-kolben","10":"product_cat-charger-57-kurbelwelle-kolben","11":"product_cat-charger-57-2011-2023-kurbelwelle-kolben","12":"product_cat-durango-57-kurbelwelle-kolben","13":"product_cat-magnum-57-motor","14":"product_cat-commander-57-kurbelwelle-kolben","15":"product_cat-grand-cherokee-57-2005-2010-kurbelwelle-kolben","16":"product_cat-grand-cherokee-57-2011-2021-kurbelwelle-kolben","17":"product_cat-1500-57-2009-2018-classic-kurbelwelle-kolben","18":"product_cat-1500-57-dt-kurbelwelle-kolben","19":"product_cat-2500-3500-57-kurbelwelle-kolben","20":"product_tag-300c","21":"product_tag-5-7","22":"product_tag-challenger","23":"product_tag-charger","24":"product_tag-chrysler","25":"product_tag-chrysler-300c","26":"product_tag-commander","27":"product_tag-dodge","28":"product_tag-dodge-challenger","29":"product_tag-dodge-charger","30":"product_tag-durango","31":"product_tag-grand-cherokee","32":"product_tag-hemi","33":"product_tag-jeep","34":"product_tag-jeep-grand-cherokee","35":"product_tag-kolben","36":"product_tag-kolbenringe","37":"product_tag-kraftwerk","38":"product_tag-mahle","39":"product_tag-mm5","40":"product_tag-molnar","41":"product_tag-pleuel","42":"product_tag-pleuelschrauben","43":"product_tag-ram","44":"product_tag-schmiedekolben","45":"product_tag-schmiedepleuel","46":"product_shipping_class-deutschlandohne","47":"pa_kolbenmass-010-uebermass","48":"pa_kolbenmass-serienmab","50":"first","51":"onbackorder","52":"taxable","53":"shipping-taxable","54":"purchasable","55":"product-type-variable"},"bundled_by":[],"bundle_stock_status":"onbackorder","bundle_stock_quantity":0,"bundle_virtual":false,"bundle_layout":"","bundle_add_to_cart_form_location":"","bundle_editable_in_cart":false,"bundle_sold_individually_context":"","bundle_item_grouping":"","bundle_min_size":"","bundle_max_size":"","bundle_price":[],"bundled_items":[],"bundle_sell_ids":[],"exclude_global_add_ons":[],"addons":[],"acf":[],"_links":{"self":[{"href":"https:\/\/kraftwerk-shop.cc\/cs\/wp-json\/wp\/v2\/product\/68252836","targetHints":{"allow":["GET"]}}],"collection":[{"href":"https:\/\/kraftwerk-shop.cc\/cs\/wp-json\/wp\/v2\/product"}],"about":[{"href":"https:\/\/kraftwerk-shop.cc\/cs\/wp-json\/wp\/v2\/types\/product"}],"replies":[{"embeddable":true,"href":"https:\/\/kraftwerk-shop.cc\/cs\/wp-json\/wp\/v2\/comments?post=68252836"}],"version-history":[{"count":0,"href":"https:\/\/kraftwerk-shop.cc\/cs\/wp-json\/wp\/v2\/product\/68252836\/revisions"}],"wp:featuredmedia":[{"embeddable":true,"href":"https:\/\/kraftwerk-shop.cc\/cs\/wp-json\/wp\/v2\/media\/68278694"}],"wp:attachment":[{"href":"https:\/\/kraftwerk-shop.cc\/cs\/wp-json\/wp\/v2\/media?parent=68252836"}],"wp:term":[{"taxonomy":"product_brand","embeddable":true,"href":"https:\/\/kraftwerk-shop.cc\/cs\/wp-json\/wp\/v2\/product_brand?post=68252836"},{"taxonomy":"product_cat","embeddable":true,"href":"https:\/\/kraftwerk-shop.cc\/cs\/wp-json\/wp\/v2\/product_cat?post=68252836"},{"taxonomy":"product_tag","embeddable":true,"href":"https:\/\/kraftwerk-shop.cc\/cs\/wp-json\/wp\/v2\/product_tag?post=68252836"}],"curies":[{"name":"wp","href":"https:\/\/api.w.org\/{rel}","templated":true}]}}