{"id":68252863,"date":"2021-09-17T12:54:12","date_gmt":"2021-09-17T12:54:12","guid":{"rendered":"https:\/\/kraftwerk-gruppe.de\/?post_type=product&#038;p=68252863"},"modified":"2026-02-15T00:45:31","modified_gmt":"2026-02-14T23:45:31","slug":"kovana-ojnice-hellcat-trackhawk-trx","status":"publish","type":"product","link":"https:\/\/kraftwerk-shop.cc\/cs\/produkt\/schmiedepleuel-hellcat-trackhawk-trx\/","title":{"rendered":"Kovan\u00e9 ojnice pro 6.2 Hellcat, Trackhawk a TRX"},"content":{"rendered":"<h1>Kovan\u00e1 ojnice pro motory 6.2 Hellcat pro pou\u017eit\u00ed se standardn\u00edmi p\u00edsty<\/h1>\n<p>&nbsp;<\/p>\n<p>Tyto kovan\u00e9 ojnice Hellcat \/ Trackhawk \/ TRX jsou pevn\u011bj\u0161\u00ed ne\u017e standardn\u00ed ojnice a st\u00e1le odpov\u00eddaj\u00ed hmotnosti z v\u00fdroby, tak\u017ee nen\u00ed nutn\u00e9 je vyva\u017eovat.<\/p>\n<p>&nbsp;<\/p>\n<p><strong>Vhodn\u00e9 pro:<\/strong><\/p>\n<table width=\"449\">\n<tbody>\n<tr>\n<td width=\"115\"><strong>Zna\u010dka<\/strong><\/td>\n<td width=\"145\"><strong>Model<\/strong><\/td>\n<td width=\"106\"><strong>Motor<\/strong><\/td>\n<td width=\"83\"><strong>Rok v\u00fdstavby<\/strong><\/td>\n<\/tr>\n<tr>\n<td width=\"115\">Dodge<\/td>\n<td width=\"145\">Charger<\/td>\n<td width=\"106\">6.2 Hellcat<\/td>\n<td width=\"83\">2015\u20132023<\/td>\n<\/tr>\n<tr>\n<td width=\"115\">Dodge<\/td>\n<td width=\"145\">Challenger<\/td>\n<td width=\"106\">6.2 Hellcat<\/td>\n<td width=\"83\">2015\u20132023<\/td>\n<\/tr>\n<tr>\n<td width=\"115\">Dodge<\/td>\n<td width=\"145\">Durango<\/td>\n<td width=\"106\">6.2 Hellcat<\/td>\n<td width=\"83\">2021\u20132025<\/td>\n<\/tr>\n<tr>\n<td width=\"115\">Jeep<\/td>\n<td width=\"145\">Grand Cherokee<\/td>\n<td width=\"106\">6.2 Trackhawk<\/td>\n<td width=\"83\">2018\u20132021<\/td>\n<\/tr>\n<tr>\n<td width=\"115\">RAM<\/td>\n<td width=\"145\">1500<\/td>\n<td width=\"106\">TRX<\/td>\n<td width=\"83\">2021\u20132024<\/td>\n<\/tr>\n<\/tbody>\n<\/table>\n<p>&nbsp;<\/p>\n<p><strong><span style=\"font-size: 16px;\">Rozsah dod\u00e1vky:\u00a0<\/span><\/strong><\/p>\n<ul>\n<li><span style=\"font-size: 16px;\">8 Kovan\u00e9 ojnice<\/span><\/li>\n<\/ul>","protected":false},"excerpt":{"rendered":"<p>Schmiedepleuel f\u00fcr 6.2 Hellcat Motoren zur Verwendung mit den Serienkolben &nbsp; Diese Hellcat \/ Trackhawk \/ TRX Schmiedepleuel sind st\u00e4rker<\/p>","protected":false},"featured_media":68278632,"comment_status":"open","ping_status":"closed","template":"","meta":{"_acf_changed":false},"product_brand":[],"product_cat":[6659,6664,6669,6674,6679],"product_tag":[101,54,53,49,3853,3854,95,56,100,50,4425,4427,4426,413,36,411,2455,412,410,414,86,151,408,102,2353],"class_list":{"0":"post-68252863","1":"product","2":"type-product","3":"status-publish","4":"has-post-thumbnail","6":"product_cat-challenger-hellcat-kurbelwelle-kolben","7":"product_cat-charger-hellcat-kurbelwelle-kolben","8":"product_cat-durango-hellcat-kurbelwelle-kolben","9":"product_cat-trackhawk-kurbelwelle-kolben","10":"product_cat-trx-kurbelwelle-kolben","11":"product_tag-6-2","12":"product_tag-challenger","13":"product_tag-charger","14":"product_tag-dodge","15":"product_tag-dodge-challenger","16":"product_tag-dodge-charger","17":"product_tag-durango","18":"product_tag-grand-cherokee","19":"product_tag-hellcat","20":"product_tag-jeep","21":"product_tag-jeep-grand-cherokee","22":"product_tag-jeep-grand-cherokee-trackhawk","23":"product_tag-jeep-trackhawk","24":"product_tag-kolbenringe","25":"product_tag-kraftwerk","26":"product_tag-mahle","27":"product_tag-mm5","28":"product_tag-molnar","29":"product_tag-pleuel","30":"product_tag-pleuelschrauben","31":"product_tag-ram","32":"product_tag-redeye","33":"product_tag-schmiedepleuel","34":"product_tag-trackhawk","35":"product_tag-trx","37":"first","38":"onbackorder","39":"taxable","40":"shipping-taxable","41":"purchasable","42":"product-type-simple"},"bundled_by":[],"bundle_stock_status":"onbackorder","bundle_stock_quantity":0,"bundle_virtual":false,"bundle_layout":"","bundle_add_to_cart_form_location":"","bundle_editable_in_cart":false,"bundle_sold_individually_context":"","bundle_item_grouping":"","bundle_min_size":"","bundle_max_size":"","bundle_price":[],"bundled_items":[],"bundle_sell_ids":[],"exclude_global_add_ons":[],"addons":[],"acf":[],"_links":{"self":[{"href":"https:\/\/kraftwerk-shop.cc\/cs\/wp-json\/wp\/v2\/product\/68252863","targetHints":{"allow":["GET"]}}],"collection":[{"href":"https:\/\/kraftwerk-shop.cc\/cs\/wp-json\/wp\/v2\/product"}],"about":[{"href":"https:\/\/kraftwerk-shop.cc\/cs\/wp-json\/wp\/v2\/types\/product"}],"replies":[{"embeddable":true,"href":"https:\/\/kraftwerk-shop.cc\/cs\/wp-json\/wp\/v2\/comments?post=68252863"}],"version-history":[{"count":0,"href":"https:\/\/kraftwerk-shop.cc\/cs\/wp-json\/wp\/v2\/product\/68252863\/revisions"}],"wp:featuredmedia":[{"embeddable":true,"href":"https:\/\/kraftwerk-shop.cc\/cs\/wp-json\/wp\/v2\/media\/68278632"}],"wp:attachment":[{"href":"https:\/\/kraftwerk-shop.cc\/cs\/wp-json\/wp\/v2\/media?parent=68252863"}],"wp:term":[{"taxonomy":"product_brand","embeddable":true,"href":"https:\/\/kraftwerk-shop.cc\/cs\/wp-json\/wp\/v2\/product_brand?post=68252863"},{"taxonomy":"product_cat","embeddable":true,"href":"https:\/\/kraftwerk-shop.cc\/cs\/wp-json\/wp\/v2\/product_cat?post=68252863"},{"taxonomy":"product_tag","embeddable":true,"href":"https:\/\/kraftwerk-shop.cc\/cs\/wp-json\/wp\/v2\/product_tag?post=68252863"}],"curies":[{"name":"wp","href":"https:\/\/api.w.org\/{rel}","templated":true}]}}