{"id":68252891,"date":"2021-09-17T12:54:13","date_gmt":"2021-09-17T12:54:13","guid":{"rendered":"https:\/\/kraftwerk-gruppe.de\/?post_type=product&#038;p=68252891"},"modified":"2026-02-15T00:04:15","modified_gmt":"2026-02-14T23:04:15","slug":"sada-kompresoru-whipple-chrysler-300c-6-4-srt","status":"publish","type":"product","link":"https:\/\/kraftwerk-shop.cc\/cs\/produkt\/whipple-kompressorkit-chrysler-300c-6-4-srt\/","title":{"rendered":"Sada p\u0159epl\u0148ov\u00e1n\u00ed Whipple Chrysler 300C 6.4 SRT"},"content":{"rendered":"<h1>Nejv\u011bt\u0161\u00ed, nej\u00fa\u010dinn\u011bj\u0161\u00ed a nejv\u00fdkonn\u011bj\u0161\u00ed syst\u00e9m p\u0159epl\u0148ov\u00e1n\u00ed pro Chrysler 300C 6.4 SRT<\/h1>\n<p>&nbsp;<\/p>\n<p>Zcela nov\u00fd syst\u00e9m p\u0159epl\u0148ov\u00e1n\u00ed Whipple Gen 5 pro Chrysler 300C 6.4 je vybaven stejnou technologi\u00ed, jakou Dodge pou\u017e\u00edv\u00e1 pro sv\u016fj tov\u00e1rn\u00ed program Drag Pak, kter\u00fd pom\u00e1h\u00e1 t\u00fdm\u016fm dosahovat nov\u00fdch rekord\u016f t\u00e9m\u011b\u0159 ka\u017ed\u00fd z\u00e1vodn\u00ed v\u00edkend. Toto zcela nov\u00e9 turbodmychadlo, kter\u00e9 nelze zam\u011b\u0148ovat se syst\u00e9mem Gen 3 nebo Gen 4, nab\u00edz\u00ed \u0161pi\u010dkovou \u00fa\u010dinnost od volnob\u011b\u017en\u00fdch a\u017e po maxim\u00e1ln\u00ed ot\u00e1\u010dky. Optimalizovan\u00e1 lo\u017eiska, p\u0159evody, rotory a sk\u0159\u00ed\u0148 zaji\u0161\u0165uj\u00ed, \u017ee nov\u00e9 turbodmychadlo pracuje rychleji, d\u00e9le a bezpe\u010dn\u011bji a z\u00e1rove\u0148 produkuje vy\u0161\u0161\u00ed v\u00fdkon ne\u017e jak\u00e9koli jin\u00e9 turbodmychadlo, kter\u00e9 kdy bylo vyrobeno. Nov\u00e1 generace 5 m\u00e1 zcela novou kombinaci rotor\u016f 3\/4 ve srovn\u00e1n\u00ed s p\u0159edchoz\u00ed kombinac\u00ed rotor\u016f 3\/5, spir\u00e1lu 285 stup\u0148\u016f ve srovn\u00e1n\u00ed s p\u0159edchoz\u00ed spir\u00e1lou 270 stup\u0148\u016f, nov\u00fd sac\u00ed zvon, optimalizovan\u00fd v\u00fdstupn\u00ed otvor a v\u011bt\u0161\u00ed pr\u016fm\u011br ve srovn\u00e1n\u00ed s d\u00e9lkou pro vy\u0161\u0161\u00ed \u00fa\u010dinnost.<\/p>\n<p>Syst\u00e9m p\u0159epl\u0148ov\u00e1n\u00ed Whipple je vybaven nov\u00fdmi vysokopr\u016ftokov\u00fdmi vst\u0159ikova\u010di, p\u0159edlit\u00fdm palivov\u00fdm veden\u00edm, naddimenzovan\u00fdm v\u00fdm\u011bn\u00edkem tepla, vysoce v\u00fdkonn\u00fdm mezichladic\u00edm \u010derpadlem, v\u0161emi p\u0159edlisovan\u00fdmi a smontovan\u00fdmi hadicemi a v\u0161emi pot\u0159ebn\u00fdmi kabelov\u00fdmi p\u0159\u00edpojkami pro snadnou instalaci.<\/p>\n<p>*Modelov\u00e9 roky 2015-2021 a nov\u011bj\u0161\u00ed vy\u017eaduj\u00ed odblokovan\u00e9 \u0159\u00eddic\u00ed jednotky motoru.<br \/>\nSpole\u010dnost Whipple dod\u00e1v\u00e1 aktiva\u010dn\u00ed k\u00f3d HP Tuner spolu s n\u00e1kupem syst\u00e9mu p\u0159epl\u0148ov\u00e1n\u00ed.<br \/>\nPCM mus\u00ed b\u00fdt odesl\u00e1n k odblokov\u00e1n\u00ed do spole\u010dnosti HP Tuners.<\/p>\n<p>*Sady pro modelov\u00e9 roky 2019-2022 vy\u017eaduj\u00ed tak\u00e9 bypass modul pro bezpe\u010dnostn\u00ed br\u00e1nu, kter\u00fd umo\u017e\u0148uje \u010dten\u00ed\/z\u00e1pis do PCM.<\/p>\n<p>&nbsp;<\/p>\n<p><strong>Vlastnosti:<\/strong><\/p>\n<ul>\n<li>Nejv\u00fdkonn\u011bj\u0161\u00ed kompresorov\u00fd syst\u00e9m na trhu<\/li>\n<li>Stejn\u00e1 technologie jako u Dodge Drag Pak<\/li>\n<li>Vp\u0159edu montovan\u00e9 invertovan\u00e9 dvou\u0161roubov\u00e9 p\u0159epl\u0148ov\u00e1n\u00ed Whipple Gen 5 3.0L, kter\u00e9 v\u00fdrazn\u011b p\u0159ekon\u00e1v\u00e1 konkuren\u010dn\u00ed Rootsovy syst\u00e9my 1.9L, 2.3L a 2.65L.<\/li>\n<li>Integrovan\u00fd 112mm kulat\u00fd vstup Crusher\u2122 p\u0159ekon\u00e1v\u00e1 men\u0161\u00ed 90mm a 93mm vstupy, kter\u00e9 se nach\u00e1zej\u00ed v jin\u00fdch syst\u00e9mech Eaton.<\/li>\n<li>Integrovan\u00fd 112mm kulat\u00fd vstup Crusher\u2122 pro voliteln\u00e9 nadm\u011brn\u00e9 \u0161krtic\u00ed klapky<\/li>\n<li>Patentovan\u00e1 technologie dvojit\u00e9ho j\u00e1dra mezichladi\u010de a dvoupr\u016fchodov\u00e9 technologie pro \u0161pi\u010dkov\u00fd chladic\u00ed v\u00fdkon, d\u00edky kter\u00e9mu Whipple dosahuje ni\u017e\u0161\u00edch teplot plnic\u00edho vzduchu ne\u017e jak\u00fdkoli jin\u00fd syst\u00e9m p\u0159epl\u0148ov\u00e1n\u00ed.<\/li>\n<li>Masivn\u00ed hlin\u00edkov\u00e9 mezichladi\u010de vzduch-voda nab\u00edzej\u00ed v\u011bt\u0161\u00ed chladic\u00ed v\u00fdkon ne\u017e jak\u00fdkoli jin\u00fd kompresorov\u00fd syst\u00e9m na trhu.<\/li>\n<li>Obrovsk\u00e1 hlin\u00edkov\u00e1 n\u00e1dr\u017e na chladic\u00ed kapalinu syst\u00e9mu chlazen\u00ed plnic\u00edho vzduchu m\u00e1 v\u00edce ne\u017e dvojn\u00e1sobn\u00fd objem oproti ostatn\u00edm konkurent\u016fm. V\u00edce vody - lep\u0161\u00ed chlazen\u00ed - vy\u0161\u0161\u00ed v\u00fdkon<\/li>\n<li>Kompresory Whipple nab\u00edzej\u00ed masivn\u00ed, p\u0159edimenzovan\u00fd syst\u00e9m obtoku vzduchu, kter\u00fd sni\u017euje klep\u00e1n\u00ed motoru, zat\u00edmco jin\u00e9 syst\u00e9my recirkuluj\u00ed hork\u00fd vzduch.<\/li>\n<li>Exkluzivn\u00ed kombinace rotor\u016f 3\u00d74 pro \u0161pi\u010dkovou \u00fa\u010dinnost v oboru<\/li>\n<li>S\u00e1n\u00ed s jedn\u00edm ohybem umo\u017e\u0148uje sn\u00ed\u017eit ztr\u00e1ty p\u0159i s\u00e1n\u00ed ve srovn\u00e1n\u00ed se syst\u00e9my se zadn\u00edm vstupem a 180stup\u0148ov\u00fdm ohybem.<\/li>\n<li>Ploch\u00e1 k\u0159ivka to\u010div\u00e9ho momentu pro neuv\u011b\u0159iteln\u00e9 zrychlen\u00ed<\/li>\n<li>P\u0159edimenzovan\u00fd v\u00fdm\u011bn\u00edk tepla pro neuv\u011b\u0159iteln\u011b n\u00edzk\u00e9 teploty vody v chladi\u010di plnic\u00edho vzduchu.<\/li>\n<li>\u010cerpadlo syst\u00e9mu chlazen\u00ed plnic\u00edho vzduchu s vysok\u00fdm pr\u016ftokem pro rychlou regeneraci teploty<\/li>\n<li>Kompletn\u00ed instalace vypad\u00e1 jako instalace z v\u00fdroby<\/li>\n<li>Sady jsou dod\u00e1v\u00e1ny se v\u0161emi pot\u0159ebn\u00fdmi d\u00edly a hardwarem pro instalaci.<\/li>\n<li>Kabel\u00e1\u017e typu plug-and-play s konektory samec a samice<\/li>\n<li>Voliteln\u00fd syst\u00e9m vzduchov\u00e9ho filtru s vysok\u00fdm pr\u016ftokem s filtrem S&amp;B True-Flow<\/li>\n<li>Sou\u010d\u00e1st\u00ed dod\u00e1vky jsou vysokopr\u016ftokov\u00e9 vst\u0159ikovac\u00ed trysky.<\/li>\n<li>Osv\u011bd\u010den\u00fd syst\u00e9m 6-ti \u017eebrov\u00fdch \u0159emen\u016f s nastavitelnou nap\u00ednac\u00ed kladkou pro snadnou v\u00fdm\u011bnu \u0159emen\u016f a r\u016fzn\u00e9 konfigurace \u0159emenic.<\/li>\n<li>OEM rychlospojky pro snadnou instalaci, \u017e\u00e1dn\u00e9 o\u0161kliv\u00e9 mosazn\u00e9 nebo ocelov\u00e9 spoje na kompresoru.<\/li>\n<li>Snadn\u00e1 modernizace pomoc\u00ed v\u011bt\u0161\u00edch \u0161krtic\u00edch klapek<\/li>\n<li>V\u011bt\u0161\u00ed to\u010div\u00fd moment p\u0159i rozb\u011bhu ne\u017e u jak\u00e9hokoli srovnateln\u00e9ho kompresorov\u00e9ho syst\u00e9mu.<\/li>\n<li>\u0158emenice lze vym\u011bnit b\u011bhem n\u011bkolika minut.<\/li>\n<li>Flash n\u00e1stroj, pomoc\u00ed kter\u00e9ho lze naprogramovat \u0159\u00eddic\u00ed jednotku motoru a \u010d\u00edst a mazat data sn\u00edma\u010d\u016f a chybov\u00e9 k\u00f3dy.<\/li>\n<li>Sou\u010d\u00e1st\u00ed dod\u00e1vky jsou nov\u00e9, chladn\u011bj\u0161\u00ed zapalovac\u00ed sv\u00ed\u010dky.<\/li>\n<\/ul>\n<p>&nbsp;<\/p>\n<p><strong>Vhodn\u00e9 pro:<\/strong><\/p>\n<table width=\"437\">\n<tbody>\n<tr>\n<td width=\"83\"><strong>Zna\u010dka<\/strong><\/td>\n<td width=\"122\"><strong>Model<\/strong><\/td>\n<td width=\"136\"><strong>Motor<\/strong><\/td>\n<td width=\"96\"><strong>Rok v\u00fdstavby<\/strong><\/td>\n<\/tr>\n<tr>\n<td width=\"83\">Chrysler<\/td>\n<td width=\"122\">300C<\/td>\n<td>6.4<\/td>\n<td width=\"96\">2012\u20132014<\/td>\n<\/tr>\n<\/tbody>\n<\/table>\n<p>&nbsp;<\/p>\n<p>&nbsp;<\/p>\n<p><strong>O spole\u010dnosti Whipple<\/strong><\/p>\n<p>Spole\u010dnost Whipple Superchargers\u2122 je pr\u016fkopn\u00edkem a pr\u016fkopn\u00edkem v oblasti dvou\u0161roubov\u00fdch kompresor\u016f ji\u017e od roku 1987.<br \/>\nD\u00edky v\u00edce ne\u017e 30 let\u016fm zku\u0161enost\u00ed s t\u011bmito p\u0159epl\u0148ovac\u00edmi syst\u00e9my vyvinul t\u00fdm Whipple nejv\u00fdkonn\u011bj\u0161\u00ed dvou\u0161roubov\u00e9 p\u0159epl\u0148ovac\u00ed syst\u00e9my chlazen\u00e9 plnic\u00edm vzduchem, kter\u00e9 jsou dnes k dispozici pro motory V8 Chrysler \/ Dodge \/ Jeep.<br \/>\nZcela nov\u00fd syst\u00e9m Whipple poskytuje vy\u0161\u0161\u00ed v\u00fdkon ne\u017e jak\u00fdkoli jin\u00fd kompresorov\u00fd syst\u00e9m na trhu.<br \/>\nJe kompletn\u00ed podle 100% a byl vyvinut pro s\u00e9riov\u00e9 motory, ale m\u00e1 dostate\u010dn\u00e9 rezervy pro dosa\u017een\u00ed je\u0161t\u011b lep\u0161\u00edch v\u00fdsledk\u016f u siln\u011b upraven\u00fdch motor\u016f.<\/p>","protected":false},"excerpt":{"rendered":"<p>Das gr\u00f6\u00dfte, effizienteste und leistungsf\u00e4higste Kompressorsystem f\u00fcr Chrysler 300C 6.4 SRT &nbsp; Das brandneue Whipple Gen 5 Kompressorsystem f\u00fcr den<\/p>","protected":false},"featured_media":68275961,"comment_status":"open","ping_status":"closed","template":"","meta":{"_acf_changed":false},"product_brand":[19061],"product_cat":[1794,3024],"product_tag":[52,217,93,48,536,49,3854,20273,242,244,243,36,96,164,246,233,245,376,6811],"class_list":{"0":"post-68252891","1":"product","2":"type-product","3":"status-publish","4":"has-post-thumbnail","6":"product_brand-whipple","7":"product_cat-300c-64-kompressor","8":"product_cat-nicht-nach-eu","9":"product_tag-300c","10":"product_tag-217","11":"product_tag-6-4","12":"product_tag-chrysler","13":"product_tag-chrysler-300c","14":"product_tag-dodge","15":"product_tag-dodge-charger","16":"product_tag-keintuev","17":"product_tag-kompressor","18":"product_tag-kompressorkit","19":"product_tag-kompressorumbau","20":"product_tag-kraftwerk","21":"product_tag-srt","22":"product_tag-srt8","23":"product_tag-supercharger","24":"product_tag-tuning","25":"product_tag-umbaukit","26":"product_tag-whipple","27":"product_tag-whipple5","28":"product_shipping_class-spedition-1","30":"first","31":"onbackorder","32":"taxable","33":"shipping-taxable","34":"purchasable","35":"product-type-simple"},"bundled_by":[],"bundle_stock_status":"onbackorder","bundle_stock_quantity":0,"bundle_virtual":false,"bundle_layout":"","bundle_add_to_cart_form_location":"","bundle_editable_in_cart":false,"bundle_sold_individually_context":"","bundle_item_grouping":"","bundle_min_size":"","bundle_max_size":"","bundle_price":[],"bundled_items":[],"bundle_sell_ids":[],"exclude_global_add_ons":[],"addons":[],"acf":[],"_links":{"self":[{"href":"https:\/\/kraftwerk-shop.cc\/cs\/wp-json\/wp\/v2\/product\/68252891","targetHints":{"allow":["GET"]}}],"collection":[{"href":"https:\/\/kraftwerk-shop.cc\/cs\/wp-json\/wp\/v2\/product"}],"about":[{"href":"https:\/\/kraftwerk-shop.cc\/cs\/wp-json\/wp\/v2\/types\/product"}],"replies":[{"embeddable":true,"href":"https:\/\/kraftwerk-shop.cc\/cs\/wp-json\/wp\/v2\/comments?post=68252891"}],"version-history":[{"count":0,"href":"https:\/\/kraftwerk-shop.cc\/cs\/wp-json\/wp\/v2\/product\/68252891\/revisions"}],"wp:featuredmedia":[{"embeddable":true,"href":"https:\/\/kraftwerk-shop.cc\/cs\/wp-json\/wp\/v2\/media\/68275961"}],"wp:attachment":[{"href":"https:\/\/kraftwerk-shop.cc\/cs\/wp-json\/wp\/v2\/media?parent=68252891"}],"wp:term":[{"taxonomy":"product_brand","embeddable":true,"href":"https:\/\/kraftwerk-shop.cc\/cs\/wp-json\/wp\/v2\/product_brand?post=68252891"},{"taxonomy":"product_cat","embeddable":true,"href":"https:\/\/kraftwerk-shop.cc\/cs\/wp-json\/wp\/v2\/product_cat?post=68252891"},{"taxonomy":"product_tag","embeddable":true,"href":"https:\/\/kraftwerk-shop.cc\/cs\/wp-json\/wp\/v2\/product_tag?post=68252891"}],"curies":[{"name":"wp","href":"https:\/\/api.w.org\/{rel}","templated":true}]}}