{"id":68252952,"date":"2021-09-17T12:54:16","date_gmt":"2021-09-17T12:54:16","guid":{"rendered":"https:\/\/kraftwerk-gruppe.de\/?post_type=product&#038;p=68252952"},"modified":"2026-02-15T00:03:11","modified_gmt":"2026-02-14T23:03:11","slug":"sada-kompresoru-whipple-ram-5-7-2013-2018","status":"publish","type":"product","link":"https:\/\/kraftwerk-shop.cc\/cs\/produkt\/whipple-kompressorkit-ram-5-7-2013-2018\/","title":{"rendered":"Sada kompresoru Whipple RAM 5.7"},"content":{"rendered":"<h1>Nejv\u011bt\u0161\u00ed, nej\u00fa\u010dinn\u011bj\u0161\u00ed a nejv\u00fdkonn\u011bj\u0161\u00ed kompresorov\u00fd syst\u00e9m pro RAM 5.7 z let 2013 a\u017e 2018<\/h1>\n<p>&nbsp;<\/p>\n<p>Syst\u00e9m pro RAM 5.7 je vybaven nov\u00fdm p\u0159epl\u0148ovac\u00edm kompresorem 4. generace o objemu 2,9 litru, masivn\u00edm mezichladi\u010dem s vysok\u00fdm pr\u016ftokem, v\u011bt\u0161\u00edmi vst\u0159ikova\u010di, posilova\u010dem palivov\u00e9ho \u010derpadla MSD, sn\u00edma\u010dem MAP o tlaku 2 bary, konektory plug-and-play, p\u0159edem smontovan\u00fdmi hadicemi a v\u0161\u00edm, co pot\u0159ebujete pro ka\u017edodenn\u00ed provoz s tlakem p\u0159epl\u0148ov\u00e1n\u00ed 6,5 PSI (0,45 baru)*.<\/p>\n<p><span style=\"font-size: 14px;\">*Modelov\u00e9 roky 2015 a nov\u011bj\u0161\u00ed vy\u017eaduj\u00ed aktivovan\u00fd PCM. Nen\u00ed sou\u010d\u00e1st\u00ed dod\u00e1vky.<br \/>\n*Tlak zv\u00fd\u0161en\u00ed slou\u017e\u00ed jako referen\u010dn\u00ed hodnota, v\u00fdsledky se mohou li\u0161it.<\/span><\/p>\n<p><strong>Popis<\/strong><\/p>\n<ul>\n<li>\u017d\u00e1dn\u00e9 dal\u0161\u00ed upgrady nejsou nutn\u00e9<\/li>\n<li>Dvou\u0161roubov\u00e9 p\u0159epl\u0148ov\u00e1n\u00ed Whipple W175ax (2,9 litru) s p\u0159edn\u00edm s\u00e1n\u00edm, kter\u00e9 v\u00fdrazn\u011b p\u0159ekon\u00e1v\u00e1 konkuren\u010dn\u00ed syst\u00e9my s objemem 1,9 l a 2,3 l.<\/li>\n<li>Kompresor s p\u0159edn\u00edm vstupem vyu\u017e\u00edv\u00e1 p\u0159esn\u00e1 brou\u0161en\u00e1 \u0161roubov\u00e1 ozuben\u00e1 kola nam\u00edsto problematick\u00e9ho \u0159emene nebo h\u0159\u00eddele p\u0159es vstup, co\u017e by vedlo k obrovsk\u00e9 ztr\u00e1t\u011b \u00fa\u010dinnosti.<\/li>\n<li>Integrovan\u00fd kulat\u00fd vstupn\u00ed otvor Crusher\u2122 102 mm p\u0159ekon\u00e1v\u00e1 men\u0161\u00ed vstupn\u00ed otvory 90 a 93 mm, jako jsou jin\u00e9 syst\u00e9my Eaton.<\/li>\n<li>Integrovan\u00fd kulat\u00fd vstup Crusher\u2122 102 mm pro voliteln\u00e9 v\u011bt\u0161\u00ed t\u011bleso \u0161krtic\u00ed klapky<\/li>\n<li>Konstrukce umo\u017e\u0148uje zv\u011bt\u0161it j\u00e1dro mezichladi\u010de ve srovn\u00e1n\u00ed s jin\u00fdmi men\u0161\u00edmi syst\u00e9my, co\u017e spole\u010dnosti Whipple umo\u017e\u0148uje dos\u00e1hnout ni\u017e\u0161\u00edch teplot plnic\u00edho vzduchu.<\/li>\n<li>Masivn\u00ed hlin\u00edkov\u00fd mezichladi\u010d vzduch-voda poskytuje v\u00edce chlazen\u00ed ne\u017e jak\u00fdkoli jin\u00fd dostupn\u00fd syst\u00e9m.<\/li>\n<li>Obrovsk\u00e1 hlin\u00edkov\u00e1 n\u00e1dr\u017e na chladic\u00ed kapalinu syst\u00e9mu chlazen\u00ed plnic\u00edho vzduchu m\u00e1 v\u00edce ne\u017e dvojn\u00e1sobn\u00fd objem oproti ostatn\u00edm konkurent\u016fm. V\u00edce vody - lep\u0161\u00ed chlazen\u00ed - vy\u0161\u0161\u00ed v\u00fdkon<\/li>\n<li>Samostatn\u00fd, p\u0159edimenzovan\u00fd olejov\u00fd syst\u00e9m pro v\u00fdrazn\u00e9 sn\u00ed\u017een\u00ed teploty oleje i v t\u011bch nejn\u00e1ro\u010dn\u011bj\u0161\u00edch podm\u00ednk\u00e1ch.<\/li>\n<li>Exkluzivn\u00ed kombinace rotor\u016f 3\u00d75 pro v\u00fdrazn\u00e9 zv\u00fd\u0161en\u00ed pr\u016ftoku vzduchu pod k\u0159ivkou ve srovn\u00e1n\u00ed s m\u00e9n\u011b \u00fa\u010dinn\u00fdmi kombinacemi rotor\u016f 4\u00d76.<\/li>\n<li>S\u00e1n\u00ed umo\u017e\u0148uje ni\u017e\u0161\u00ed induk\u010dn\u00ed ztr\u00e1ty ve srovn\u00e1n\u00ed se zadn\u00edmi sac\u00edmi syst\u00e9my se 180\u00b0 ohyby.<\/li>\n<li>V\u00fdfukov\u00fd otvor uprost\u0159ed pro lep\u0161\u00ed rozvod mezi v\u00e1lci ne\u017e u jin\u00fdch syst\u00e9m\u016f s adapt\u00e9ry se \u0161rouby a v\u00fdfukem sm\u011b\u0159uj\u00edc\u00edm dop\u0159edu.<\/li>\n<li>Konstrukce v\u00fdtlaku umo\u017e\u0148uje ni\u017e\u0161\u00ed tlakov\u00e9 ztr\u00e1ty, co\u017e vede k vy\u0161\u0161\u00edmu v\u00fdkonu p\u0159i ni\u017e\u0161\u00edch hodnot\u00e1ch plnic\u00edho tlaku.<\/li>\n<li>Konstrukce pro horn\u00ed mont\u00e1\u017e umo\u017e\u0148uje chladn\u011bj\u0161\u00ed provoz<\/li>\n<li>V\u011bt\u0161\u00ed to\u010div\u00fd moment p\u0159i rozb\u011bhu ne\u017e u jak\u00e9hokoli srovnateln\u00e9ho kompresorov\u00e9ho syst\u00e9mu.<\/li>\n<li>Ploch\u00e1 k\u0159ivka to\u010div\u00e9ho momentu pro neuv\u011b\u0159iteln\u00e9 zrychlen\u00ed<\/li>\n<li>P\u0159edimenzovan\u00fd v\u00fdm\u011bn\u00edk tepla pro n\u00edzk\u00e9 teploty vody v oblasti chladi\u010de plnic\u00edho vzduchu<\/li>\n<li>Nejsou nutn\u00e9 \u017e\u00e1dn\u00e9 \u00fapravy vnit\u0159n\u00edch \u010d\u00e1st\u00ed motoru.<\/li>\n<li>Sady kompresor\u016f jsou dod\u00e1v\u00e1ny se v\u0161emi pot\u0159ebn\u00fdmi d\u00edly a p\u0159\u00edslu\u0161enstv\u00edm pro instalaci.<\/li>\n<li>Unik\u00e1tn\u00ed pr\u016fhled\u00edtko pro snadnou kontrolu hladiny oleje a kvality<\/li>\n<li>Kabel\u00e1\u017e typu plug-and-play se z\u00e1str\u010dkou a z\u00e1suvkou<\/li>\n<li>Voliteln\u00fd syst\u00e9m vzduchov\u00e9ho filtru s vysokopr\u016ftokov\u00fdm filtrem<\/li>\n<li>V\u010detn\u011b vst\u0159ikovac\u00edch trysek s vysok\u00fdm pr\u016ftokem paliva<\/li>\n<li>Osv\u011bd\u010den\u00fd syst\u00e9m 6-ti \u017eebrov\u00fdch \u0159emen\u016f s nastaviteln\u00fdm syst\u00e9mem vych\u00fdlen\u00ed pro snadnou v\u00fdm\u011bnu \u0159emen\u016f a r\u016fzn\u00e9 konfigurace \u0159emenic.<\/li>\n<li>Hnac\u00ed h\u0159\u00eddel z nerezov\u00e9 oceli s plastov\u00fdm krytem (na p\u0159\u00e1n\u00ed tak\u00e9 z uhl\u00edkov\u00fdch vl\u00e1ken) pro v\u011bt\u0161\u00ed bezpe\u010dnost.<\/li>\n<li>Rychloup\u00ednac\u00ed \u0161rouben\u00ed OEM pro snadnou instalaci, \u017e\u00e1dn\u00e9 o\u0161kliv\u00e9 mosazn\u00e9 nebo ocelov\u00e9 \u0161rouben\u00ed na kompresoru.<\/li>\n<li>Standardn\u00ed barva je \u010dern\u00e1, dal\u0161\u00ed barvy jsou k dispozici na vy\u017e\u00e1d\u00e1n\u00ed.<\/li>\n<li>Snadno roz\u0161i\u0159iteln\u00e9 o velk\u00e9 vzduchov\u00e9 filtry a v\u011bt\u0161\u00ed \u0161krtic\u00ed klapky.<\/li>\n<li>\u0158emenice lze vym\u011bnit b\u011bhem n\u011bkolika minut.<\/li>\n<li>Flash n\u00e1stroj, pomoc\u00ed kter\u00e9ho lze naprogramovat \u0159\u00eddic\u00ed jednotku motoru a \u010d\u00edst a mazat data sn\u00edma\u010d\u016f a chybov\u00e9 k\u00f3dy.<\/li>\n<\/ul>\n<p>&nbsp;<\/p>\n<p><strong>Vhodn\u00e9 pro:<\/strong><\/p>\n<table width=\"437\">\n<tbody>\n<tr>\n<td width=\"83\"><strong>Zna\u010dka<\/strong><\/td>\n<td width=\"122\"><strong>Model<\/strong><\/td>\n<td width=\"136\"><strong>Motor<\/strong><\/td>\n<td width=\"96\"><strong>Rok v\u00fdstavby<\/strong><\/td>\n<\/tr>\n<tr>\n<td>RAM<\/td>\n<td>1500<\/td>\n<td>5.7<\/td>\n<td>2013\u20132018<\/td>\n<\/tr>\n<\/tbody>\n<\/table>\n<p>&nbsp;<\/p>\n<p>&nbsp;<\/p>\n<p><strong>O spole\u010dnosti Whipple<\/strong><\/p>\n<p>Spole\u010dnost Whipple Superchargers\u2122 je pr\u016fkopn\u00edkem a pr\u016fkopn\u00edkem v oblasti dvou\u0161roubov\u00fdch kompresor\u016f ji\u017e od roku 1987.<br \/>\nD\u00edky v\u00edce ne\u017e 30 let\u016fm zku\u0161enost\u00ed s t\u011bmito p\u0159epl\u0148ovac\u00edmi syst\u00e9my vyvinul t\u00fdm Whipple nejv\u00fdkonn\u011bj\u0161\u00ed dvou\u0161roubov\u00e9 p\u0159epl\u0148ovac\u00ed syst\u00e9my chlazen\u00e9 plnic\u00edm vzduchem, kter\u00e9 jsou dnes k dispozici pro motory V8 Chrysler \/ Dodge \/ Jeep.<br \/>\nSyst\u00e9my \u00farovn\u011b 1 i 2 jsou vybaveny nejmodern\u011bj\u0161\u00edmi technologiemi a nab\u00edzej\u00ed mo\u017enost volby po\u017eadovan\u00e9 \u00farovn\u011b v\u00fdstupu.<br \/>\nZcela nov\u00fd syst\u00e9m Whipple poskytuje vy\u0161\u0161\u00ed v\u00fdkon ne\u017e jak\u00fdkoli jin\u00fd kompresorov\u00fd syst\u00e9m na trhu.<br \/>\nJe kompletn\u00ed podle 100% a byl vyvinut pro s\u00e9riov\u00e9 motory, ale m\u00e1 dostate\u010dn\u00e9 rezervy pro dosa\u017een\u00ed je\u0161t\u011b lep\u0161\u00edch v\u00fdsledk\u016f u siln\u011b upraven\u00fdch motor\u016f.<\/p>\n<p>&nbsp;<\/p>\n<p>&nbsp;<\/p>\n<p>&nbsp;<\/p>","protected":false},"excerpt":{"rendered":"<p>2013\u20132018<\/p>","protected":false},"featured_media":68276002,"comment_status":"open","ping_status":"closed","template":"","meta":{"_acf_changed":false},"product_brand":[19061],"product_cat":[3024,1513],"product_tag":[91,49,3854,126,20273,242,244,243,36,86,246,233,245,376,6811],"class_list":{"0":"post-68252952","1":"product","2":"type-product","3":"status-publish","4":"has-post-thumbnail","6":"product_brand-whipple","7":"product_cat-nicht-nach-eu","8":"product_cat-1500-57-2009-2018-classic-kompressor","9":"product_tag-5-7","10":"product_tag-dodge","11":"product_tag-dodge-charger","12":"product_tag-hemi","13":"product_tag-keintuev","14":"product_tag-kompressor","15":"product_tag-kompressorkit","16":"product_tag-kompressorumbau","17":"product_tag-kraftwerk","18":"product_tag-ram","19":"product_tag-supercharger","20":"product_tag-tuning","21":"product_tag-umbaukit","22":"product_tag-whipple","23":"product_tag-whipple5","24":"product_shipping_class-spedition-1","26":"first","27":"outofstock","28":"taxable","29":"shipping-taxable","30":"purchasable","31":"product-type-simple"},"bundled_by":[],"bundle_stock_status":"outofstock","bundle_stock_quantity":0,"bundle_virtual":false,"bundle_layout":"","bundle_add_to_cart_form_location":"","bundle_editable_in_cart":false,"bundle_sold_individually_context":"","bundle_item_grouping":"","bundle_min_size":"","bundle_max_size":"","bundle_price":[],"bundled_items":[],"bundle_sell_ids":[],"exclude_global_add_ons":[],"addons":[],"acf":[],"_links":{"self":[{"href":"https:\/\/kraftwerk-shop.cc\/cs\/wp-json\/wp\/v2\/product\/68252952","targetHints":{"allow":["GET"]}}],"collection":[{"href":"https:\/\/kraftwerk-shop.cc\/cs\/wp-json\/wp\/v2\/product"}],"about":[{"href":"https:\/\/kraftwerk-shop.cc\/cs\/wp-json\/wp\/v2\/types\/product"}],"replies":[{"embeddable":true,"href":"https:\/\/kraftwerk-shop.cc\/cs\/wp-json\/wp\/v2\/comments?post=68252952"}],"version-history":[{"count":0,"href":"https:\/\/kraftwerk-shop.cc\/cs\/wp-json\/wp\/v2\/product\/68252952\/revisions"}],"wp:featuredmedia":[{"embeddable":true,"href":"https:\/\/kraftwerk-shop.cc\/cs\/wp-json\/wp\/v2\/media\/68276002"}],"wp:attachment":[{"href":"https:\/\/kraftwerk-shop.cc\/cs\/wp-json\/wp\/v2\/media?parent=68252952"}],"wp:term":[{"taxonomy":"product_brand","embeddable":true,"href":"https:\/\/kraftwerk-shop.cc\/cs\/wp-json\/wp\/v2\/product_brand?post=68252952"},{"taxonomy":"product_cat","embeddable":true,"href":"https:\/\/kraftwerk-shop.cc\/cs\/wp-json\/wp\/v2\/product_cat?post=68252952"},{"taxonomy":"product_tag","embeddable":true,"href":"https:\/\/kraftwerk-shop.cc\/cs\/wp-json\/wp\/v2\/product_tag?post=68252952"}],"curies":[{"name":"wp","href":"https:\/\/api.w.org\/{rel}","templated":true}]}}