{"id":68252982,"date":"2021-09-17T12:54:17","date_gmt":"2021-09-17T12:54:17","guid":{"rendered":"https:\/\/kraftwerk-gruppe.de\/?post_type=product&#038;p=68252982"},"modified":"2026-02-15T01:00:46","modified_gmt":"2026-02-15T00:00:46","slug":"sada-kompresoru-pro-camaro-l99-od-spolecnosti-kraftwerks","status":"publish","type":"product","link":"https:\/\/kraftwerk-shop.cc\/cs\/produkt\/kraftwerks-camaro-l99-kompressorkit\/","title":{"rendered":"Sada p\u0159epl\u0148ov\u00e1n\u00ed Kraftwerks Camaro L99"},"content":{"rendered":"<h1>Kompletn\u00ed syst\u00e9m p\u0159epl\u0148ov\u00e1n\u00ed Kraftwerks pro Chevrolet Camaro L99 z let 2010 a\u017e 2015<\/h1>\n<p>&nbsp;<\/p>\n<p><strong>Sada se skl\u00e1d\u00e1 z:<\/strong><\/p>\n<ul>\n<li>Odst\u0159ediv\u00fd kompresor Rotrex C38-91 s olejov\u00fdm maz\u00e1n\u00edm odd\u011blen\u00fdm od motoru<\/li>\n<li>Vst\u0159ikova\u010de paliva Grams Performance 550cc\/52lbs<\/li>\n<li>Mezichladi\u010d (3palcov\u00fd vstup a v\u00fdstup - rozm\u011bry 600 x300 x 100 mm)<\/li>\n<li>Vzduchov\u00fd filtr<\/li>\n<li>Hlin\u00edkov\u00e9 trubky<\/li>\n<li>Chladi\u010d oleje pro kompresor<\/li>\n<li>Olejov\u00fd filtr pro kompresor<\/li>\n<li>Obtokov\u00fd ventil<\/li>\n<li>CNC fr\u00e9zovan\u00e9 dr\u017e\u00e1ky<\/li>\n<li>Nap\u00ednac\u00ed v\u00e1le\u010dky<\/li>\n<li>\u0158emenice ATI Super Damper (jemn\u011b vyv\u00e1\u017een\u00e1)<\/li>\n<li>Ozuben\u00fd p\u00e1s<\/li>\n<li>Nap\u00edna\u010d \u0159emene (nastaviteln\u00fd)<\/li>\n<li>Silikonov\u00e9 hadice<\/li>\n<li>Hadicov\u00e9 svorky<\/li>\n<li>Zapalovac\u00ed sv\u00ed\u010dky<\/li>\n<\/ul>\n<p>Na rozd\u00edl od jin\u00fdch syst\u00e9m\u016f, kter\u00e9 pou\u017e\u00edvaj\u00ed b\u011b\u017en\u00fd kl\u00ednov\u00fd \u0159emen, zabra\u0148uje ozuben\u00fd \u0159emen prokluzov\u00e1n\u00ed p\u0159i vysok\u00e9m zat\u00ed\u017een\u00ed.<\/p>\n<p>Vzhledem k tomu, \u017ee turbodmychadlo nen\u00ed namontov\u00e1no na motoru, ale vedle n\u011bj, jsou teploty nas\u00e1van\u00e9ho vzduchu v\u00fdrazn\u011b ni\u017e\u0161\u00ed ne\u017e u syst\u00e9m\u016f namontovan\u00fdch na motoru. To znamen\u00e1, \u017ee p\u0159i stejn\u00e9m tlaku p\u0159epl\u0148ov\u00e1n\u00ed lze o\u010dek\u00e1vat v\u011bt\u0161\u00ed n\u00e1r\u016fst v\u00fdkonu.<\/p>\n<p>Zv\u00fd\u0161en\u00fd tlak ve standardn\u00edm proveden\u00ed je p\u0159ibli\u017en\u011b 7 PSI (0,48 bar).<br \/>\nS ozubenou \u0159emenic\u00ed High Boost o pr\u016fm\u011bru 75 mm lze zv\u00fd\u0161it plnic\u00ed tlak o 2 PSI (mo\u017enost High Boost).<br \/>\nV takov\u00e9m p\u0159\u00edpad\u011b jsou nutn\u00e9 v\u011bt\u0161\u00ed vst\u0159ikovac\u00ed trysky (750 cm3 nebo 1000 cm3) a doporu\u010dujeme tak\u00e9 v\u00fdkonn\u011bj\u0161\u00ed benzinov\u00e9 \u010derpadlo.<br \/>\nTo nen\u00ed zahrnuto v rozsahu dod\u00e1vky.<\/p>","protected":false},"excerpt":{"rendered":"<p>2010\u20132015<\/p>","protected":false},"featured_media":68278607,"comment_status":"open","ping_status":"closed","template":"","meta":{"_acf_changed":false},"product_brand":[19068],"product_cat":[1534,3024],"product_tag":[130,191,189,429,427,428,222,242,243,426,421,192,425,393,422,246,424,233,423],"class_list":{"0":"post-68252982","1":"product","2":"type-product","3":"status-publish","4":"has-post-thumbnail","6":"product_brand-kraftwerk","7":"product_cat-camaro-62-2010-2015-kompressor","8":"product_cat-nicht-nach-eu","9":"product_tag-automatik","10":"product_tag-camaro","11":"product_tag-chevrolet","12":"product_tag-deutschland","13":"product_tag-diablosport","14":"product_tag-intune","15":"product_tag-kit","16":"product_tag-kompressor","17":"product_tag-kompressorumbau","18":"product_tag-kompressorupgrade","19":"product_tag-kraftwerks","20":"product_tag-l99","21":"product_tag-ladeluftkuehler","22":"product_tag-leistungssteigerung","23":"product_tag-rotrex","24":"product_tag-supercharger","25":"product_tag-system","26":"product_tag-tuning","27":"product_tag-zentrifugal","28":"product_shipping_class-spedition-1","29":"pa_einspritzduesen-1000-cc","30":"pa_einspritzduesen-550-cc","31":"pa_einspritzduesen-750-cc","32":"pa_programmer-mit-intune","33":"pa_programmer-ohne-intune","34":"pa_pulley-high-boost-9-psi","35":"pa_pulley-standard-7-psi","37":"first","38":"onbackorder","39":"taxable","40":"shipping-taxable","41":"purchasable","42":"product-type-variable"},"bundled_by":[],"bundle_stock_status":"onbackorder","bundle_stock_quantity":0,"bundle_virtual":false,"bundle_layout":"","bundle_add_to_cart_form_location":"","bundle_editable_in_cart":false,"bundle_sold_individually_context":"","bundle_item_grouping":"","bundle_min_size":"","bundle_max_size":"","bundle_price":[],"bundled_items":[],"bundle_sell_ids":[],"exclude_global_add_ons":[],"addons":[],"acf":[],"_links":{"self":[{"href":"https:\/\/kraftwerk-shop.cc\/cs\/wp-json\/wp\/v2\/product\/68252982","targetHints":{"allow":["GET"]}}],"collection":[{"href":"https:\/\/kraftwerk-shop.cc\/cs\/wp-json\/wp\/v2\/product"}],"about":[{"href":"https:\/\/kraftwerk-shop.cc\/cs\/wp-json\/wp\/v2\/types\/product"}],"replies":[{"embeddable":true,"href":"https:\/\/kraftwerk-shop.cc\/cs\/wp-json\/wp\/v2\/comments?post=68252982"}],"version-history":[{"count":0,"href":"https:\/\/kraftwerk-shop.cc\/cs\/wp-json\/wp\/v2\/product\/68252982\/revisions"}],"wp:featuredmedia":[{"embeddable":true,"href":"https:\/\/kraftwerk-shop.cc\/cs\/wp-json\/wp\/v2\/media\/68278607"}],"wp:attachment":[{"href":"https:\/\/kraftwerk-shop.cc\/cs\/wp-json\/wp\/v2\/media?parent=68252982"}],"wp:term":[{"taxonomy":"product_brand","embeddable":true,"href":"https:\/\/kraftwerk-shop.cc\/cs\/wp-json\/wp\/v2\/product_brand?post=68252982"},{"taxonomy":"product_cat","embeddable":true,"href":"https:\/\/kraftwerk-shop.cc\/cs\/wp-json\/wp\/v2\/product_cat?post=68252982"},{"taxonomy":"product_tag","embeddable":true,"href":"https:\/\/kraftwerk-shop.cc\/cs\/wp-json\/wp\/v2\/product_tag?post=68252982"}],"curies":[{"name":"wp","href":"https:\/\/api.w.org\/{rel}","templated":true}]}}