{"id":68253001,"date":"2021-09-17T12:54:18","date_gmt":"2021-09-17T12:54:18","guid":{"rendered":"https:\/\/kraftwerk-gruppe.de\/?post_type=product&#038;p=68253001"},"modified":"2026-02-15T00:04:16","modified_gmt":"2026-02-14T23:04:16","slug":"modul-zamku-linky-burnbox-gen1","status":"publish","type":"product","link":"https:\/\/kraftwerk-shop.cc\/cs\/produkt\/burnbox-gen1-line-lock-modul\/","title":{"rendered":"BurnBox Gen 1 (modul elektronick\u00e9ho z\u00e1mku linky)"},"content":{"rendered":"<h1>BurnBox Gen 2 (elektronick\u00fd modul blokov\u00e1n\u00ed veden\u00ed) - ide\u00e1ln\u00ed \u0159e\u0161en\u00ed pro jednoduch\u00e9 vypalov\u00e1n\u00ed<\/h1>\n<p><strong>\u00a0<\/strong><\/p>\n<p>Na rozd\u00edl od sad pro mechanick\u00e9 blokov\u00e1n\u00ed veden\u00ed nejsou nutn\u00e9 \u017e\u00e1dn\u00e9 \u00fapravy brzdov\u00e9ho syst\u00e9mu.<br \/>\nVypalovac\u00ed box se jednodu\u0161e p\u0159ipoj\u00ed k diagnostick\u00e9mu p\u0159ipojen\u00ed (p\u0159ipojen\u00ed OBD).<br \/>\nStisknut\u00edm sp\u00edna\u010de tempomatu se p\u0159edn\u00ed kola zablokuj\u00ed brzdou, dokud sp\u00edna\u010d neuvoln\u00edte.<\/p>\n<p>Na rozd\u00edl od \"norm\u00e1ln\u00edho\" vyho\u0159en\u00ed nejsou zadn\u00ed brzdy ovl\u00e1d\u00e1ny blokov\u00e1n\u00edm veden\u00ed.<br \/>\nVypalov\u00e1n\u00ed je v\u00fdrazn\u011b zjednodu\u0161eno a snadn\u011bji se ovl\u00e1d\u00e1, zejm\u00e9na u vozidel s manu\u00e1ln\u00ed p\u0159evodovkou.<\/p>\n<p>Za\u0159\u00edzen\u00ed nab\u00edz\u00ed tak\u00e9 funkci sv\u011bteln\u00e9 show, p\u0159i kter\u00e9 blikaj\u00ed blinkry, p\u0159edn\u00ed sv\u011btla, mlhov\u00e1 sv\u011btla, brzdov\u00e1 sv\u011btla a zadn\u00ed sv\u011btla.<br \/>\nTato funkce je ur\u010dena pouze pro p\u0159edv\u00e1d\u011bc\u00ed \u00fa\u010dely a funguje pouze p\u0159i stoj\u00edc\u00edm vozidle. Za j\u00edzdy ji nelze aktivovat.<\/p>\n<p>Za\u0159\u00edzen\u00ed lze aktualizovat pomoc\u00ed softwaru, kter\u00fd je k dispozici ke sta\u017een\u00ed p\u0159es port USB.<\/p>\n<p>&nbsp;<\/p>\n<p>BurnBox je vhodn\u00fd pro n\u00e1sleduj\u00edc\u00ed vozidla:<\/p>\n<table border=\"0\" width=\"261\" cellspacing=\"0\" cellpadding=\"0\">\n<colgroup>\n<col \/>\n<col \/> <\/colgroup>\n<tbody>\n<tr>\n<td style=\"height: 20px; width: 127px;\" height=\"20\">Chrysler 300C<\/td>\n<td style=\"width: 89px;\">2005\u20132010<\/td>\n<\/tr>\n<tr>\n<td style=\"height: 20px;\" height=\"20\">Dodge Charger<\/td>\n<td>2006\u20132010<\/td>\n<\/tr>\n<tr>\n<td style=\"height: 20px;\" height=\"20\">Dodge Magnum<\/td>\n<td>2005\u20132008<\/td>\n<\/tr>\n<tr>\n<td style=\"height: 20px;\" height=\"20\">Dodge Challenger<\/td>\n<td>2008\u20132014<\/td>\n<\/tr>\n<\/tbody>\n<\/table>\n<p>&nbsp;<\/p>\n<p>V\u011bnujte pros\u00edm pozornost modelu a roku v\u00fdroby.<br \/>\nPokud va\u0161e vozidlo nen\u00ed uvedeno v seznamu, pod\u00edvejte se tak\u00e9 na. <a href=\"https:\/\/kraftwerk-shop.cc\/cs\/produkt\/burnout-box-gen-2-elektronisches-line-lock-modul\/\" data-link-type=\"external\" data-type=\"linkpicker\">BurnBox Gen 2<\/a> a <a href=\"https:\/\/kraftwerk-shop.cc\/cs\/produkt\/burnout-box-hellcat-elektronisches-line-lock-modul\/\" data-link-type=\"external\" data-type=\"linkpicker\">BurnBox Hellcat<\/a> na.<\/p>\n<h3>Jsme autorizovan\u00fdm prodejcem Z-Automotive!<\/h3>","protected":false},"excerpt":{"rendered":"<p>Elektronick\u00fd blokovac\u00ed box linky pro dokonal\u00e9 vypalov\u00e1n\u00ed<\/p>","protected":false},"featured_media":68278593,"comment_status":"open","ping_status":"closed","template":"","meta":{"_acf_changed":false},"product_brand":[17480],"product_cat":[2573,1673,1681,1689,1705,1600,1616,1624,1713,1721,1729],"product_tag":[52,432,2996,431,54,53,48,536,429,439,49,3853,3854,437,430,441,222,434,433,435,55,436,438,470,440],"class_list":{"0":"post-68253001","1":"product","2":"type-product","3":"status-publish","4":"has-post-thumbnail","6":"product_brand-z-automotive","7":"product_cat-challenger-35-programmiergerate","8":"product_cat-challenger-36-programmiergeraete","9":"product_cat-challenger-57-programmiergeraete","10":"product_cat-challenger-61-programmiergeraete","11":"product_cat-challenger-64-programmiergeraete","12":"product_cat-charger-35-programmiergeraete","13":"product_cat-charger-57-programmiergeraete","14":"product_cat-charger-61-programmiergeraete","15":"product_cat-magnum-35-programmiergeraete","16":"product_cat-magnum-57-programmiergeraete","17":"product_cat-magnum-61-programmiergeraete","18":"product_tag-300c","19":"product_tag-box","20":"product_tag-burnbox","21":"product_tag-burnout","22":"product_tag-challenger","23":"product_tag-charger","24":"product_tag-chrysler","25":"product_tag-chrysler-300c","26":"product_tag-deutschland","27":"product_tag-diagnosestecker","28":"product_tag-dodge","29":"product_tag-dodge-challenger","30":"product_tag-dodge-charger","31":"product_tag-elektronisch","32":"product_tag-gen-1","33":"product_tag-kaufen","34":"product_tag-kit","35":"product_tag-line","36":"product_tag-linelock","37":"product_tag-lock","38":"product_tag-magnum","39":"product_tag-module","40":"product_tag-obd","41":"product_tag-z-auto","42":"product_tag-zautotech","44":"first","45":"instock","46":"taxable","47":"shipping-taxable","48":"purchasable","49":"product-type-simple"},"bundled_by":[],"bundle_stock_status":"instock","bundle_stock_quantity":3,"bundle_virtual":false,"bundle_layout":"","bundle_add_to_cart_form_location":"","bundle_editable_in_cart":false,"bundle_sold_individually_context":"","bundle_item_grouping":"","bundle_min_size":"","bundle_max_size":"","bundle_price":[],"bundled_items":[],"bundle_sell_ids":[],"exclude_global_add_ons":[],"addons":[],"acf":[],"_links":{"self":[{"href":"https:\/\/kraftwerk-shop.cc\/cs\/wp-json\/wp\/v2\/product\/68253001","targetHints":{"allow":["GET"]}}],"collection":[{"href":"https:\/\/kraftwerk-shop.cc\/cs\/wp-json\/wp\/v2\/product"}],"about":[{"href":"https:\/\/kraftwerk-shop.cc\/cs\/wp-json\/wp\/v2\/types\/product"}],"replies":[{"embeddable":true,"href":"https:\/\/kraftwerk-shop.cc\/cs\/wp-json\/wp\/v2\/comments?post=68253001"}],"version-history":[{"count":0,"href":"https:\/\/kraftwerk-shop.cc\/cs\/wp-json\/wp\/v2\/product\/68253001\/revisions"}],"wp:featuredmedia":[{"embeddable":true,"href":"https:\/\/kraftwerk-shop.cc\/cs\/wp-json\/wp\/v2\/media\/68278593"}],"wp:attachment":[{"href":"https:\/\/kraftwerk-shop.cc\/cs\/wp-json\/wp\/v2\/media?parent=68253001"}],"wp:term":[{"taxonomy":"product_brand","embeddable":true,"href":"https:\/\/kraftwerk-shop.cc\/cs\/wp-json\/wp\/v2\/product_brand?post=68253001"},{"taxonomy":"product_cat","embeddable":true,"href":"https:\/\/kraftwerk-shop.cc\/cs\/wp-json\/wp\/v2\/product_cat?post=68253001"},{"taxonomy":"product_tag","embeddable":true,"href":"https:\/\/kraftwerk-shop.cc\/cs\/wp-json\/wp\/v2\/product_tag?post=68253001"}],"curies":[{"name":"wp","href":"https:\/\/api.w.org\/{rel}","templated":true}]}}