{"id":68253006,"date":"2021-09-17T12:54:19","date_gmt":"2021-09-17T12:54:19","guid":{"rendered":"https:\/\/kraftwerk-gruppe.de\/?post_type=product&#038;p=68253006"},"modified":"2026-04-04T00:35:53","modified_gmt":"2026-04-03T22:35:53","slug":"tazer","status":"publish","type":"product","link":"https:\/\/kraftwerk-shop.cc\/cs\/produkt\/tazer\/","title":{"rendered":"Program\u00e1tor Tazer Chrysler, Dodge a Jeep"},"content":{"rendered":"<h1>Programovac\u00ed za\u0159\u00edzen\u00ed Tazer pro Chrysler 300C, Dodge Challenger, Charger, Durangu a Jeep Grand Cherokee<\/h1>\n<p><strong><br \/>\nAktivace funkc\u00ed:<\/strong><\/p>\n<ul>\n<li>Aktivujte sportovn\u00ed re\u017eim v\u00fdrobce (5stup\u0148ov\u00e1 a 8stup\u0148ov\u00e1 p\u0159evodovka. Modelov\u00e9 roky 2012 - 2017).<\/li>\n<li>SRT Performance Pages v EVIC a naviga\u010dn\u00edm syst\u00e9mu (mo\u017en\u00e9 pouze s Uconnect 8.4 od roku 2012 do roku 2017)<\/li>\n<li>Aktivace p\u00e1del \u0159azen\u00ed (p\u0159i p\u0159estavb\u011b na origin\u00e1ln\u00ed volant s p\u00e1dly)<\/li>\n<li>Aktivace mlhov\u00fdch sv\u011btel (pokud jsou nainstalov\u00e1na, ale nejsou aktivov\u00e1na)<\/li>\n<li>Aktivace couvac\u00ed kamery (pokud je namontov\u00e1na dodate\u010dn\u011b)<\/li>\n<li>Aktivace kontrolky \u0159azen\u00ed pro 6stup\u0148ov\u00e9 manu\u00e1ln\u00ed p\u0159evodovky 2015<\/li>\n<\/ul>\n<p><u><strong><br \/>\nFunkce Line Lock:<\/strong><\/u><\/p>\n<p>Stisknut\u00edm 2 tla\u010d\u00edtek na volantu p\u0159i stoj\u00edc\u00edm vozidle se p\u0159edn\u00ed brzdy prost\u0159ednictv\u00edm syst\u00e9mu ABS zablokuj\u00ed a vy m\u016f\u017eete prov\u00e9st jednoduch\u00fd, kontrolovan\u00fd burnout zrychlen\u00edm, ani\u017e byste zat\u00ed\u017eili zadn\u00ed brzdy, jak je tomu v\u017edy p\u0159i \"norm\u00e1ln\u00edm\" burnoutu.<br \/>\nNa rozd\u00edl od klasick\u00fdch souprav pro blokov\u00e1n\u00ed veden\u00ed nen\u00ed nutn\u00e1 \u017e\u00e1dn\u00e1 p\u0159estavba vozidla nebo brzdov\u00e9ho syst\u00e9mu.<\/p>\n<p><u><strong><br \/>\nSv\u011bteln\u00e1 show:\u00a0<\/strong><\/u><\/p>\n<p>Blikaj\u00ed blinkry, sv\u011btlomety, mlhov\u00e1 sv\u011btla, brzdov\u00e1 sv\u011btla a zadn\u00ed sv\u011btla.<br \/>\nTato funkce je ur\u010dena pouze pro p\u0159edv\u00e1d\u011bc\u00ed \u00fa\u010dely a funguje pouze p\u0159i stoj\u00edc\u00edm vozidle. Za j\u00edzdy ji nelze aktivovat.<\/p>\n<p><u><strong><br \/>\n\u0158adic\u00ed p\u00e1ka na volantu:<\/strong><\/u><\/p>\n<p>Tato funkce umo\u017e\u0148uje ru\u010dn\u00ed \u0159azen\u00ed na volantu pomoc\u00ed tla\u010d\u00edtek Cruise +\/- podobn\u011b jako u \u0159adic\u00edch p\u00e1k.<br \/>\nLze je kdykoli zapnout a vypnout.<br \/>\n<u><\/u><\/p>\n<p>Automatick\u00e9 \u0159azen\u00ed nahoru:<\/p>\n<p>V re\u017eimu Autostick si m\u016f\u017eete nastavit vlastn\u00ed body \u0159azen\u00ed. Abyste mohli tuto funkci pou\u017e\u00edvat, mus\u00ed b\u00fdt aktivov\u00e1n re\u017eim Sport (modelov\u00e9 roky 2012 a\u017e 2014). Nen\u00ed ur\u010deno pro 8stup\u0148ovou p\u0159evodovku.<\/p>\n<p><u><strong><br \/>\nZobrazen\u00ed maxim\u00e1ln\u00ed rychlosti:<\/strong><\/u><\/p>\n<p>Zobrazuje maxim\u00e1ln\u00ed rychlost po ka\u017ed\u00e9m posunu. U\u017eite\u010dn\u00e9 p\u0159i hled\u00e1n\u00ed ide\u00e1ln\u00edho bodu \u0159azen\u00ed (p\u0159i nastavov\u00e1n\u00ed hodnot automatick\u00e9ho zv\u00fd\u0161en\u00ed rychlosti).<br \/>\n<u><strong>Stopky 0-30 mph a 0-60 mph:<\/strong><\/u><\/p>\n<p>Funguje tak\u00e9 u model\u016f 2011, u kter\u00fdch nelze aktivovat str\u00e1nky Performacne.<\/p>\n<p><u><strong><br \/>\nVynucen\u00ed re\u017eimu AWD:<\/strong><\/u><\/p>\n<p>D\u00edky t\u00e9to funkci m\u016f\u017eete sami rozhodnout, zda m\u00e1 vozidlo jezdit s pohonem zadn\u00edch nebo v\u0161ech kol, m\u00edsto abyste nechali nastaven\u00ed na n\u011bm samotn\u00e9m.<br \/>\nHod\u00ed se zejm\u00e9na pro driftov\u00e1n\u00ed a na z\u00e1vodn\u00ed dr\u00e1hu.  Lze kdykoli zapnout a vypnout.<br \/>\n<u><\/u><\/p>\n<p>Obnoven\u00ed adapt\u00e9r\u016f:<\/p>\n<p>Pomoc\u00ed t\u00e9to funkce lze resetovat adapta\u010dn\u00ed hodnoty \u0159\u00eddic\u00ed jednotky p\u0159evodovky.<\/p>\n<p><u><strong><br \/>\n\u00dapln\u00e9 zapnut\u00ed\/vypnut\u00ed ESP:<\/strong><\/u><\/p>\n<p>Kompletn\u00ed aktivace ESP, nap\u0159. pro z\u00e1vodn\u00ed dr\u00e1hu.<\/p>\n<p><span style=\"font-size: 16px;\"><span style=\"font-family: Helvetica, Arial, sans-serif; line-height: 16.8px;\">Za\u0159\u00edzen\u00ed lze aktualizovat pomoc\u00ed softwaru, kter\u00fd je k dispozici ke sta\u017een\u00ed p\u0159es port USB.<\/span><\/span><\/p>\n<p>&nbsp;<\/p>\n<p><strong>Vhodn\u00e9 pro:<\/strong><\/p>\n<table border=\"0\" width=\"325\" cellspacing=\"0\" cellpadding=\"0\">\n<colgroup>\n<col \/>\n<col \/> <\/colgroup>\n<tbody>\n<tr>\n<td style=\"height: 20px; width: 216px;\" height=\"20\">Chrysler 300<\/td>\n<td style=\"width: 109px;\">2011\u20132023*<\/td>\n<\/tr>\n<tr>\n<td style=\"height: 20px;\" height=\"20\">Dodge Charger<\/td>\n<td>2011\u20132023*<\/td>\n<\/tr>\n<tr>\n<td style=\"height: 20px;\" height=\"20\">Dodge Challenger<\/td>\n<td>2015\u20132023*<\/td>\n<\/tr>\n<tr>\n<td style=\"height: 20px;\" height=\"20\">Dodge Durango<\/td>\n<td>2014\u20132024*<\/td>\n<\/tr>\n<tr>\n<td style=\"height: 20px;\" height=\"20\">Jeep Grand Cherokee<\/td>\n<td>2014\u20132023*<\/td>\n<\/tr>\n<\/tbody>\n<\/table>\n<p>* Model 2018 a nov\u011bj\u0161\u00ed pouze ve spojen\u00ed s obtokov\u00fdm kabelem<\/p>\n<p>&nbsp;<\/p>\n<p><strong>Rozsah dod\u00e1vky:<\/strong><\/p>\n<ul>\n<li>Programovac\u00ed za\u0159\u00edzen\u00ed Tazer<\/li>\n<\/ul>\n<p>&nbsp;<\/p>\n<p><u><strong>D\u016fle\u017eit\u00e9:<\/strong><\/u> V\u0161echny zm\u011bny jsou funkce, kter\u00e9 jsou ji\u017e k dispozici ve vozidle ex works, ale nejsou v\u017edy aktivov\u00e1ny.<br \/>\nVzhledem k tomu, \u017ee se verze softwaru ve vozidlech li\u0161\u00ed a v r\u00e1mci aktualizac\u00ed n\u011bkdy doch\u00e1z\u00ed ke zm\u011bn\u00e1m, nem\u016f\u017eeme zaru\u010dit, \u017ee v ka\u017ed\u00e9m vozidle lze nastavit\/aktivovat v\u0161echny funkce podle popisu.<br \/>\nPokud funkce nen\u00ed ulo\u017eena, nelze ji aktivovat.<\/p>\n<h3><\/h3>\n<h4>Jsme autorizovan\u00fdm prodejcem Z-Automotive!<\/h4>\n<p>Z Automotive Technologies je americk\u00e1 spole\u010dnost, kter\u00e1 se specializuje na \u0159e\u0161en\u00ed elektronick\u00e9 modernizace pro vozidla Dodge, Jeep, RAM a Chrysler.<br \/>\nSpole\u010dnost vyv\u00edj\u00ed produkty, jako je modul Tazer pro odemyk\u00e1n\u00ed skryt\u00fdch funkc\u00ed vozidla, BurnBox pro funkce linkov\u00e9ho z\u00e1mku a sada AuxZiliary Kit pro dal\u0161\u00ed mo\u017enosti ovl\u00e1d\u00e1n\u00ed.<br \/>\nC\u00edlem je roz\u0161\u00ed\u0159it funk\u010dnost a p\u0159izp\u016fsobitelnost modern\u00edch vozidel, ani\u017e by byly ohro\u017eeny jejich p\u016fvodn\u00ed syst\u00e9my.<br \/>\nSpole\u010dnost Z Automotive p\u0159edstavuje technickou inovaci v oblasti programov\u00e1n\u00ed a p\u0159izp\u016fsobov\u00e1n\u00ed vozidel.<\/p>\n<p>&nbsp;<\/p>","protected":false},"excerpt":{"rendered":"<p>Tazer Programmierger\u00e4t f\u00fcr Chrysler 300C, Dodge Challenger, Charger, Durangu und Jeep Grand Cherokee Aktivieren von Funktionen: Aktivieren des herstellerseitigen Sport-Modus<\/p>","protected":false},"featured_media":68284876,"comment_status":"open","ping_status":"closed","template":"","meta":{"_acf_changed":false},"product_brand":[17480],"product_cat":[1568,4984,1592,1673,1681,1697,1705,1608,5162,1632,1640,1649,1657,2718,1665,1737,1745,1753,1769,1777],"product_tag":[455,456,460,452,431,54,53,462,429,49,3853,3854,95,461,447,115,454,56,453,50,4425,441,36,450,451,457,445,449,448,444,459,446,463,443,442,464,470,2991,440,458],"class_list":{"0":"post-68253006","1":"product","2":"type-product","3":"status-publish","4":"has-post-thumbnail","6":"product_brand-z-automotive","7":"product_cat-300c-36-programmiergeraete","8":"product_cat-300c-57-2011-2023-programmiergeraete","9":"product_cat-300c-64-programmiergeraete","10":"product_cat-challenger-36-programmiergeraete","11":"product_cat-challenger-57-programmiergeraete","12":"product_cat-challenger-hellcat-programmiergeraete","13":"product_cat-challenger-64-programmiergeraete","14":"product_cat-charger-36-programmiergeraete","15":"product_cat-charger-57-2011-2023-programmiergeraete","16":"product_cat-charger-hellcat-programmiergeraete","17":"product_cat-charger-64-programmiergeraete","18":"product_cat-durango-36-programmiergeraete","19":"product_cat-durango-57-programmiergeraete","20":"product_cat-durango-hellcat-programmiergeraete","21":"product_cat-durango-64-programmiergeraete","22":"product_cat-grand-cherokee-30-diesel-programmiergeraete","23":"product_cat-grand-cherokee-36-programmiergeraete","24":"product_cat-grand-cherokee-57-2011-2021-programmiergeraete","25":"product_cat-trackhawk-programmiergeraete","26":"product_cat-grand-cherokee-64-programmiergeraete","27":"product_tag-adaption","28":"product_tag-adaptionswerte","29":"product_tag-aktivieren","30":"product_tag-allrad","31":"product_tag-burnout","32":"product_tag-challenger","33":"product_tag-charger","34":"product_tag-codieren","35":"product_tag-deutschland","36":"product_tag-dodge","37":"product_tag-dodge-challenger","38":"product_tag-dodge-charger","39":"product_tag-durango","40":"product_tag-einschalten","41":"product_tag-evic","42":"product_tag-getriebe","43":"product_tag-getriebesteuerung","44":"product_tag-grand-cherokee","45":"product_tag-heckantrieb","46":"product_tag-jeep","47":"product_tag-jeep-grand-cherokee","48":"product_tag-kaufen","49":"product_tag-kraftwerk","50":"product_tag-lenkradschaltung","51":"product_tag-line-lock","52":"product_tag-loeschen","53":"product_tag-nebelleuchten","54":"product_tag-paddle-shifter","55":"product_tag-paddles","56":"product_tag-performance-pages","57":"product_tag-programmieren","58":"product_tag-rueckfahrkamera","59":"product_tag-shop","60":"product_tag-sport-modus","61":"product_tag-tazer","62":"product_tag-webshop","63":"product_tag-z-auto","64":"product_tag-zauto","65":"product_tag-zautotech","66":"product_tag-zuruecksetzen","68":"first","69":"instock","70":"taxable","71":"shipping-taxable","72":"purchasable","73":"product-type-simple"},"bundled_by":[],"bundle_stock_status":"instock","bundle_stock_quantity":3,"bundle_virtual":false,"bundle_layout":"","bundle_add_to_cart_form_location":"","bundle_editable_in_cart":false,"bundle_sold_individually_context":"","bundle_item_grouping":"","bundle_min_size":"","bundle_max_size":"","bundle_price":[],"bundled_items":[],"bundle_sell_ids":[],"exclude_global_add_ons":[],"addons":[],"acf":[],"_links":{"self":[{"href":"https:\/\/kraftwerk-shop.cc\/cs\/wp-json\/wp\/v2\/product\/68253006","targetHints":{"allow":["GET"]}}],"collection":[{"href":"https:\/\/kraftwerk-shop.cc\/cs\/wp-json\/wp\/v2\/product"}],"about":[{"href":"https:\/\/kraftwerk-shop.cc\/cs\/wp-json\/wp\/v2\/types\/product"}],"replies":[{"embeddable":true,"href":"https:\/\/kraftwerk-shop.cc\/cs\/wp-json\/wp\/v2\/comments?post=68253006"}],"version-history":[{"count":0,"href":"https:\/\/kraftwerk-shop.cc\/cs\/wp-json\/wp\/v2\/product\/68253006\/revisions"}],"wp:featuredmedia":[{"embeddable":true,"href":"https:\/\/kraftwerk-shop.cc\/cs\/wp-json\/wp\/v2\/media\/68284876"}],"wp:attachment":[{"href":"https:\/\/kraftwerk-shop.cc\/cs\/wp-json\/wp\/v2\/media?parent=68253006"}],"wp:term":[{"taxonomy":"product_brand","embeddable":true,"href":"https:\/\/kraftwerk-shop.cc\/cs\/wp-json\/wp\/v2\/product_brand?post=68253006"},{"taxonomy":"product_cat","embeddable":true,"href":"https:\/\/kraftwerk-shop.cc\/cs\/wp-json\/wp\/v2\/product_cat?post=68253006"},{"taxonomy":"product_tag","embeddable":true,"href":"https:\/\/kraftwerk-shop.cc\/cs\/wp-json\/wp\/v2\/product_tag?post=68253006"}],"curies":[{"name":"wp","href":"https:\/\/api.w.org\/{rel}","templated":true}]}}