{"id":68253020,"date":"2021-09-17T12:54:20","date_gmt":"2021-09-17T12:54:20","guid":{"rendered":"https:\/\/kraftwerk-gruppe.de\/?post_type=product&#038;p=68253020"},"modified":"2026-04-07T11:44:09","modified_gmt":"2026-04-07T09:44:09","slug":"dvojity-obtokovy-kabel","status":"publish","type":"product","link":"https:\/\/kraftwerk-shop.cc\/cs\/produkt\/double-bypass-kabel\/","title":{"rendered":"Dvojit\u00fd obtokov\u00fd kabel"},"content":{"rendered":"<h1>Obtokov\u00fd kabel Chrysler 300C, Dodge Challenger a Charger<\/h1>\n<p>&nbsp;<\/p>\n<p><strong>P\u0159\u00eddavn\u00fd kabel pro za\u0159\u00edzen\u00ed Tazer a BurnBox u model\u016f od modelov\u00e9ho roku 2018<\/strong><\/p>\n<p>Vozidla Chrysler, Dodge a Jeep od modelov\u00e9ho roku 2018 jsou vybavena novou bezpe\u010dnostn\u00ed funkc\u00ed, kter\u00e1 zabra\u0148uje pou\u017eit\u00ed portu OBD pro p\u0159\u00eddavn\u00e1 za\u0159\u00edzen\u00ed.<\/p>\n<p>Tento kabel slou\u017e\u00ed k instalaci dal\u0161\u00edho p\u0159ipojen\u00ed OBD do zavazadlov\u00e9ho prostoru, kter\u00e9 obch\u00e1z\u00ed modul bezpe\u010dnostn\u00ed br\u00e1ny.<br \/>\nTo znamen\u00e1, \u017ee za\u0159\u00edzen\u00ed Tazer, BurnBox a dal\u0161\u00ed za\u0159\u00edzen\u00ed OBD mohou op\u011bt fungovat na tomto p\u0159ipojen\u00ed.<\/p>\n<p>Jednoduch\u00e1 instalace, bez p\u00e1jen\u00ed apod.<\/p>\n<p>Kabel funguje tak\u00e9 u voz\u016f Charger 2011 - 2017 a Challenger 2015 - 2017, pokud chcete m\u00edt v zavazadlov\u00e9m prostoru dal\u0161\u00ed port OBD, abyste mohli nechat BurnBox nebo Tazer trvale nainstalovan\u00fd a nezab\u00edral p\u016fvodn\u00ed port OBD.<\/p>\n<p>&nbsp;<\/p>\n<p><strong>Vhodn\u00e9 pro:<\/strong><\/p>\n<table width=\"354\">\n<tbody>\n<tr>\n<td width=\"97\">Chrysler<\/td>\n<td width=\"141\">300<\/td>\n<td width=\"116\">2011\u20132023<\/td>\n<\/tr>\n<tr>\n<td width=\"97\">Dodge<\/td>\n<td width=\"141\">Challenger<\/td>\n<td width=\"116\">2015\u20132023<\/td>\n<\/tr>\n<tr>\n<td width=\"97\">Dodge<\/td>\n<td width=\"141\">Charger<\/td>\n<td width=\"116\">2011\u20132023<\/td>\n<\/tr>\n<\/tbody>\n<\/table>\n<p><strong><br \/>\nRozsah dod\u00e1vky:<\/strong><\/p>\n<ul>\n<li>Obtokov\u00fd kabel<\/li>\n<li>N\u011bmeck\u00fd n\u00e1vod k instalaci<\/li>\n<\/ul>\n<p><strong><br \/>\nPozor:<\/strong> Zat\u00edm jsou k dispozici pouze pokyny k instalaci pro modely 300C, Charger a Challenger. To znamen\u00e1, \u017ee nejsou k dispozici \u017e\u00e1dn\u00e9 informace o instalaci pro ostatn\u00ed vozidla.<\/p>\n<p>&nbsp;<\/p>","protected":false},"excerpt":{"rendered":"<p>Obtokov\u00fd kabel Chrysler 300C, Dodge Challenger a Charger P\u0159\u00eddavn\u00fd kabel pro Tazer a BurnBox u model\u016f od modelov\u00e9ho roku 2018 Chrysler,<\/p>","protected":false},"featured_media":68306905,"comment_status":"open","ping_status":"closed","template":"","meta":{"_acf_changed":false},"product_brand":[17480],"product_cat":[1568,4984,1592,1673,1681,1697,1705,1608,5162,1632,1640],"product_tag":[252,419,420,2066,2373,455,456,460,452,431,54,53,536,462,429,49,3853,3854,466,95,461,447,115,454,56,453,441,36,450,451,457,445,467,449,448,444,459,446,469,468,463,443,442,464,470,2991,440,458],"class_list":{"0":"post-68253020","1":"product","2":"type-product","3":"status-publish","4":"has-post-thumbnail","6":"product_brand-z-automotive","7":"product_cat-300c-36-programmiergeraete","8":"product_cat-300c-57-2011-2023-programmiergeraete","9":"product_cat-300c-64-programmiergeraete","10":"product_cat-challenger-36-programmiergeraete","11":"product_cat-challenger-57-programmiergeraete","12":"product_cat-challenger-hellcat-programmiergeraete","13":"product_cat-challenger-64-programmiergeraete","14":"product_cat-charger-36-programmiergeraete","15":"product_cat-charger-57-2011-2023-programmiergeraete","16":"product_cat-charger-hellcat-programmiergeraete","17":"product_cat-charger-64-programmiergeraete","18":"product_tag-252","19":"product_tag-419","20":"product_tag-420","21":"product_tag-2066","22":"product_tag-2373","23":"product_tag-adaption","24":"product_tag-adaptionswerte","25":"product_tag-aktivieren","26":"product_tag-allrad","27":"product_tag-burnout","28":"product_tag-challenger","29":"product_tag-charger","30":"product_tag-chrysler-300c","31":"product_tag-codieren","32":"product_tag-deutschland","33":"product_tag-dodge","34":"product_tag-dodge-challenger","35":"product_tag-dodge-charger","36":"product_tag-double-bypass","37":"product_tag-durango","38":"product_tag-einschalten","39":"product_tag-evic","40":"product_tag-getriebe","41":"product_tag-getriebesteuerung","42":"product_tag-grand-cherokee","43":"product_tag-heckantrieb","44":"product_tag-kaufen","45":"product_tag-kraftwerk","46":"product_tag-lenkradschaltung","47":"product_tag-line-lock","48":"product_tag-loeschen","49":"product_tag-nebelleuchten","50":"product_tag-obd-anschluss","51":"product_tag-paddle-shifter","52":"product_tag-paddles","53":"product_tag-performance-pages","54":"product_tag-programmieren","55":"product_tag-rueckfahrkamera","56":"product_tag-security-gateway","57":"product_tag-sgw","58":"product_tag-shop","59":"product_tag-sport-modus","60":"product_tag-tazer","61":"product_tag-webshop","62":"product_tag-z-auto","63":"product_tag-zauto","64":"product_tag-zautotech","65":"product_tag-zuruecksetzen","67":"first","68":"instock","69":"taxable","70":"shipping-taxable","71":"purchasable","72":"product-type-simple"},"bundled_by":[],"bundle_stock_status":"instock","bundle_stock_quantity":8,"bundle_virtual":false,"bundle_layout":"","bundle_add_to_cart_form_location":"","bundle_editable_in_cart":false,"bundle_sold_individually_context":"","bundle_item_grouping":"","bundle_min_size":"","bundle_max_size":"","bundle_price":[],"bundled_items":[],"bundle_sell_ids":[],"exclude_global_add_ons":[],"addons":[],"acf":[],"_links":{"self":[{"href":"https:\/\/kraftwerk-shop.cc\/cs\/wp-json\/wp\/v2\/product\/68253020","targetHints":{"allow":["GET"]}}],"collection":[{"href":"https:\/\/kraftwerk-shop.cc\/cs\/wp-json\/wp\/v2\/product"}],"about":[{"href":"https:\/\/kraftwerk-shop.cc\/cs\/wp-json\/wp\/v2\/types\/product"}],"replies":[{"embeddable":true,"href":"https:\/\/kraftwerk-shop.cc\/cs\/wp-json\/wp\/v2\/comments?post=68253020"}],"version-history":[{"count":0,"href":"https:\/\/kraftwerk-shop.cc\/cs\/wp-json\/wp\/v2\/product\/68253020\/revisions"}],"wp:featuredmedia":[{"embeddable":true,"href":"https:\/\/kraftwerk-shop.cc\/cs\/wp-json\/wp\/v2\/media\/68306905"}],"wp:attachment":[{"href":"https:\/\/kraftwerk-shop.cc\/cs\/wp-json\/wp\/v2\/media?parent=68253020"}],"wp:term":[{"taxonomy":"product_brand","embeddable":true,"href":"https:\/\/kraftwerk-shop.cc\/cs\/wp-json\/wp\/v2\/product_brand?post=68253020"},{"taxonomy":"product_cat","embeddable":true,"href":"https:\/\/kraftwerk-shop.cc\/cs\/wp-json\/wp\/v2\/product_cat?post=68253020"},{"taxonomy":"product_tag","embeddable":true,"href":"https:\/\/kraftwerk-shop.cc\/cs\/wp-json\/wp\/v2\/product_tag?post=68253020"}],"curies":[{"name":"wp","href":"https:\/\/api.w.org\/{rel}","templated":true}]}}