{"id":68253022,"date":"2021-09-17T12:54:21","date_gmt":"2021-09-17T12:54:21","guid":{"rendered":"https:\/\/kraftwerk-gruppe.de\/?post_type=product&#038;p=68253022"},"modified":"2026-03-25T15:14:22","modified_gmt":"2026-03-25T14:14:22","slug":"modul-obchazeni-bezpecnostni-brany","status":"publish","type":"product","link":"https:\/\/kraftwerk-shop.cc\/cs\/produkt\/security-gateway-bypass-modul\/","title":{"rendered":"Modul obch\u00e1zen\u00ed bezpe\u010dnostn\u00ed br\u00e1ny"},"content":{"rendered":"<h1>Modul obch\u00e1zen\u00ed bezpe\u010dnostn\u00ed br\u00e1ny<\/h1>\n<p>&nbsp;<\/p>\n<p>V\u0161echny vozy Chryler, Dodge, Jeep a RAM od roku 2018 jsou vybaveny modulem Safety Gateway Module (SGW), kter\u00fd umo\u017e\u0148uje p\u0159\u00edstup do vozidla p\u0159es port OBD2 pouze diagnostick\u00fdm n\u00e1stroj\u016fm prodejce.<\/p>\n<p>Sta\u010d\u00ed naj\u00edt modul SGW, odpojit jej a na jeho m\u00edsto vlo\u017eit blok bypassu SGW.<br \/>\nPort OBD2 je pak pln\u011b p\u0159\u00edstupn\u00fd pro pou\u017eit\u00ed za\u0159\u00edzen\u00ed pro dodate\u010dn\u00fd trh, jako je Tazer nebo BurnBox od spole\u010dnosti Z Automotive, tuningov\u00e9 n\u00e1stroje a diagnostick\u00e1 za\u0159\u00edzen\u00ed pro dodate\u010dn\u00fd trh.<\/p>\n<p>Jednoduch\u00e1 instalace, bez p\u00e1jen\u00ed apod.<\/p>\n<p><strong>Pozor:<\/strong> Zat\u00edm jsou k dispozici pouze pokyny k instalaci pro Jeep Grand Cherokee, Dodge Durango a RAM 2018.<br \/>\nTo znamen\u00e1, \u017ee zat\u00edm nemus\u00ed b\u00fdt k dispozici \u017e\u00e1dn\u00e9 informace o instalaci pro jin\u00e1 vozidla.<\/p>\n<p>&nbsp;<\/p>","protected":false},"excerpt":{"rendered":"<p>Security Gateway Bypass Modul &nbsp; Alle Chryler, Dodge, Jeep und RAM ab 2018 sind mit einem Sicherheits-Gateway-Modul (SGW) ausgestattet, das<\/p>","protected":false},"featured_media":68272805,"comment_status":"open","ping_status":"closed","template":"","meta":{"_acf_changed":false},"product_brand":[17480],"product_cat":[1649,1657,2718,1665,1737,1745,1753,1769,1777,4241,19417,4760,19690,1518,5020,2705],"product_tag":[252,419,420,2066,2373,455,456,460,452,149,431,471,462,429,49,95,461,447,115,454,56,453,50,4425,441,36,450,451,457,472,445,449,448,444,459,446,469,468,463,443,442,464,470,2991,440,458],"class_list":{"0":"post-68253022","1":"product","2":"type-product","3":"status-publish","4":"has-post-thumbnail","6":"product_brand-z-automotive","7":"product_cat-durango-36-programmiergeraete","8":"product_cat-durango-57-programmiergeraete","9":"product_cat-durango-hellcat-programmiergeraete","10":"product_cat-durango-64-programmiergeraete","11":"product_cat-grand-cherokee-30-diesel-programmiergeraete","12":"product_cat-grand-cherokee-36-programmiergeraete","13":"product_cat-grand-cherokee-57-2011-2021-programmiergeraete","14":"product_cat-trackhawk-programmiergeraete","15":"product_cat-grand-cherokee-64-programmiergeraete","16":"product_cat-1500-ecodiesel-programmiergeraete","17":"product_cat-1500-ecodiesel-2020-2023-programmiergeraete","18":"product_cat-1500-36-programmiergeraete","19":"product_cat-1500-36-dt-programmiergeraete","20":"product_cat-1500-57-2009-2018-classic-programmiergeraete","21":"product_cat-1500-57-dt-programmiergeraete","22":"product_cat-trx-programmiergeraete","23":"product_tag-252","24":"product_tag-419","25":"product_tag-420","26":"product_tag-2066","27":"product_tag-2373","28":"product_tag-adaption","29":"product_tag-adaptionswerte","30":"product_tag-aktivieren","31":"product_tag-allrad","32":"product_tag-anschluss","33":"product_tag-burnout","34":"product_tag-bypass","35":"product_tag-codieren","36":"product_tag-deutschland","37":"product_tag-dodge","38":"product_tag-durango","39":"product_tag-einschalten","40":"product_tag-evic","41":"product_tag-getriebe","42":"product_tag-getriebesteuerung","43":"product_tag-grand-cherokee","44":"product_tag-heckantrieb","45":"product_tag-jeep","46":"product_tag-jeep-grand-cherokee","47":"product_tag-kaufen","48":"product_tag-kraftwerk","49":"product_tag-lenkradschaltung","50":"product_tag-line-lock","51":"product_tag-loeschen","52":"product_tag-modul","53":"product_tag-nebelleuchten","54":"product_tag-paddle-shifter","55":"product_tag-paddles","56":"product_tag-performance-pages","57":"product_tag-programmieren","58":"product_tag-rueckfahrkamera","59":"product_tag-security-gateway","60":"product_tag-sgw","61":"product_tag-shop","62":"product_tag-sport-modus","63":"product_tag-tazer","64":"product_tag-webshop","65":"product_tag-z-auto","66":"product_tag-zauto","67":"product_tag-zautotech","68":"product_tag-zuruecksetzen","70":"first","71":"instock","72":"taxable","73":"shipping-taxable","74":"purchasable","75":"product-type-simple"},"bundled_by":[],"bundle_stock_status":"instock","bundle_stock_quantity":6,"bundle_virtual":false,"bundle_layout":"","bundle_add_to_cart_form_location":"","bundle_editable_in_cart":false,"bundle_sold_individually_context":"","bundle_item_grouping":"","bundle_min_size":"","bundle_max_size":"","bundle_price":[],"bundled_items":[],"bundle_sell_ids":[],"exclude_global_add_ons":[],"addons":[],"acf":[],"_links":{"self":[{"href":"https:\/\/kraftwerk-shop.cc\/cs\/wp-json\/wp\/v2\/product\/68253022","targetHints":{"allow":["GET"]}}],"collection":[{"href":"https:\/\/kraftwerk-shop.cc\/cs\/wp-json\/wp\/v2\/product"}],"about":[{"href":"https:\/\/kraftwerk-shop.cc\/cs\/wp-json\/wp\/v2\/types\/product"}],"replies":[{"embeddable":true,"href":"https:\/\/kraftwerk-shop.cc\/cs\/wp-json\/wp\/v2\/comments?post=68253022"}],"version-history":[{"count":0,"href":"https:\/\/kraftwerk-shop.cc\/cs\/wp-json\/wp\/v2\/product\/68253022\/revisions"}],"wp:featuredmedia":[{"embeddable":true,"href":"https:\/\/kraftwerk-shop.cc\/cs\/wp-json\/wp\/v2\/media\/68272805"}],"wp:attachment":[{"href":"https:\/\/kraftwerk-shop.cc\/cs\/wp-json\/wp\/v2\/media?parent=68253022"}],"wp:term":[{"taxonomy":"product_brand","embeddable":true,"href":"https:\/\/kraftwerk-shop.cc\/cs\/wp-json\/wp\/v2\/product_brand?post=68253022"},{"taxonomy":"product_cat","embeddable":true,"href":"https:\/\/kraftwerk-shop.cc\/cs\/wp-json\/wp\/v2\/product_cat?post=68253022"},{"taxonomy":"product_tag","embeddable":true,"href":"https:\/\/kraftwerk-shop.cc\/cs\/wp-json\/wp\/v2\/product_tag?post=68253022"}],"curies":[{"name":"wp","href":"https:\/\/api.w.org\/{rel}","templated":true}]}}