{"id":68253026,"date":"2021-09-17T12:54:44","date_gmt":"2021-09-17T12:54:44","guid":{"rendered":"https:\/\/kraftwerk-gruppe.de\/?post_type=product&#038;p=68253026"},"modified":"2026-04-04T00:35:43","modified_gmt":"2026-04-03T22:35:43","slug":"tazer-ram-ds","status":"publish","type":"product","link":"https:\/\/kraftwerk-shop.cc\/cs\/produkt\/tazer-ram-ds\/","title":{"rendered":"Programovac\u00ed za\u0159\u00edzen\u00ed Tazer RAM"},"content":{"rendered":"<h1>Programovac\u00ed za\u0159\u00edzen\u00ed Tazer pro RAM 5.7 od roku 2013 do roku 2018 a Classic od roku 2019 do roku 2021<\/h1>\n<p>&nbsp;<\/p>\n<p>Funguje se v\u0161emi variantami motor\u016f v\u010detn\u011b vzn\u011btov\u00fdch.<br \/>\nVozidlo mus\u00ed b\u00fdt vybaveno rychlom\u011brem s v\u011bt\u0161\u00edm displejem, na kter\u00e9m se mohou zobrazovat nap\u0159\u00edklad rozhlasov\u00e9 stanice, nebo s barevn\u00fdm displejem.<\/p>\n<p>U nov\u00e9ho modelu RAM DT z roku 2019 je to <a href=\"https:\/\/kraftwerk-shop.cc\/cs\/produkt\/tazer-dt-unlocker-line-lock-kit-elektronisches-line-lock-modul-fur-ram-2019-2020\/\">Tazer DT.<\/a><br \/>\nJednoduch\u00e1, p\u0159ipojiteln\u00e1 instalace.<\/p>\n<p>Existuj\u00ed dva typy funkc\u00ed - ty, kter\u00e9 se po naprogramov\u00e1n\u00ed trvale ulo\u017e\u00ed, a \"\u017eiv\u00e9\" funkce.<\/p>\n<p>V\u0161echny tyto funkce jsou p\u0159\u00edstupn\u00e9 prost\u0159ednictv\u00edm sdru\u017een\u00fdch p\u0159\u00edstroj\u016f a pomoc\u00ed tla\u010d\u00edtek na volantu se m\u016f\u017eete pohybovat v nab\u00eddk\u00e1ch.<\/p>\n<p>Jakmile je za\u0159\u00edzen\u00ed Tazer \"p\u0159ipojeno\" k Ram, lze otev\u0159\u00edt n\u00e1sleduj\u00edc\u00ed nab\u00eddky. Jakmile Tazer DT ji\u017e nen\u00ed s vozidlem sp\u00e1rov\u00e1n, jsou tato nastaven\u00ed op\u011bt p\u0159\u00edstupn\u00e1:<\/p>\n<p>Tazer RAM je z\u00e1suvn\u00e9 za\u0159\u00edzen\u00ed pro zm\u011bnu nastaven\u00ed vozidla a poskytuje n\u011bkter\u00e9 dal\u0161\u00ed funkce, kter\u00e9 d\u0159\u00edve nebyly k dispozici.  Funguje na v\u0161ech variant\u00e1ch motoru, v\u010detn\u011b vzn\u011btov\u00e9ho motoru.  Vy\u017eaduje sdru\u017een\u00fd tachometr, kter\u00fd m\u00e1 mo\u017enost zobrazovat informace o rozhlasov\u00fdch stanic\u00edch - pouze star\u0161\u00ed z\u00e1kladn\u00ed modely voz\u016f mohou m\u00edt sdru\u017een\u00fd tachometr, kter\u00fd to neum\u00ed.  Funguj\u00ed v\u0161echny barevn\u00e9 displeje.<\/p>\n<p>Funkce Taser-RAM lze rozd\u011blit do dvou kategori\u00ed:<\/p>\n<p>- Nastaven\u00ed vozidla - jedn\u00e1 se o zm\u011bny proveden\u00e9 na vozidle za \u00fa\u010delem p\u0159izp\u016fsoben\u00ed \u00faprav vozidla nebo povolen\u00ed \u010di \"odblokov\u00e1n\u00ed\" technicky dostupn\u00fdch, ale z v\u00fdroby deaktivovan\u00fdch funkc\u00ed, kter\u00e9 jsou obvykle vyhrazeny pro vy\u0161\u0161\u00ed \u00farove\u0148 v\u00fdbavy nebo bal\u00ed\u010dek pro dan\u00fd typ vozidla. Tyto zm\u011bny jsou \u00fa\u010dinn\u00e9 i po vyjmut\u00ed za\u0159\u00edzen\u00ed Tazer RAM.<\/p>\n<p>- Funkce pod nap\u011bt\u00edm - jedn\u00e1 se o funkce, kter\u00e9 Tazer RAM vykon\u00e1v\u00e1 pod nap\u011bt\u00edm pouze tehdy, kdy\u017e je p\u0159ipojen k portu OBD2.<\/p>\n<p>&nbsp;<\/p>\n<p><strong>Nastaven\u00ed vozidla:<\/strong><\/p>\n<ul>\n<li>Kalibrace rychlom\u011bru pro jin\u00e9 ne\u017e tov\u00e1rn\u00ed rozm\u011bry pneumatik<\/li>\n<li>Konfigurace vozidla pro jin\u00fd pom\u011br n\u00e1prav<\/li>\n<li>M\u016f\u017eete deaktivovat varov\u00e1n\u00ed syst\u00e9mu kontroly tlaku v pneumatik\u00e1ch nebo zm\u011bnit nastaven\u00ed PSI*.<\/li>\n<li>Mo\u017enost aktivace\/deaktivace sv\u011btel pro denn\u00ed sv\u00edcen\u00ed a mo\u017enost v\u00fdb\u011bru sv\u011btel, kter\u00e1 se maj\u00ed pou\u017e\u00edt (v z\u00e1vislosti na aplikaci).<\/li>\n<li>M\u016f\u017ee umo\u017enit p\u0159id\u00e1n\u00ed mlhov\u00fdch sv\u011btel z v\u00fdroby<\/li>\n<li>M\u016f\u017ee podporovat LED sv\u011btla<\/li>\n<li>Mo\u017enost deaktivace funkce vy\u0159azen\u00ed mlhov\u00fdch sv\u011btel (p\u0159i blik\u00e1n\u00ed z\u016fst\u00e1vaj\u00ed d\u00e1lkov\u00e1 a potk\u00e1vac\u00ed sv\u011btla a mlhov\u00e1 sv\u011btla zapnut\u00e1 sou\u010dasn\u011b).<\/li>\n<li>Umo\u017e\u0148uje p\u0159idat z\u00e1lo\u017en\u00ed kameru z v\u00fdroby a dodate\u010dn\u011b dod\u00e1vanou p\u0159edn\u00ed kameru*.<\/li>\n<li>M\u016f\u017ee slu\u017eba SiriusXM Travellink vypnout upozorn\u011bn\u00ed na dopravn\u00ed situaci a po\u010das\u00ed?<\/li>\n<li>Mo\u017enost aktivace pomocn\u00e9ho videa\/audia pro p\u0159edn\u00ed kameru a\/nebo extern\u00ed zdroj videa (modely 2018 mohou aktivovat pouze vstup pro n\u00e1kladn\u00ed kameru).<\/li>\n<li>M\u016f\u017ee aktivovat tov\u00e1rn\u00ed tla\u010d\u00edtka aux, podporovat p\u0159id\u00e1n\u00ed elektricky sklopn\u00fdch zrc\u00e1tek a dal\u0161\u00ed funkce.<\/li>\n<li>N\u00e1vrat do p\u016fvodn\u00edho stavu jedn\u00edm dotykem - funkce rychl\u00e9ho \"odmaz\u00e1n\u00ed\" vr\u00e1t\u00ed v\u0161echna nastaven\u00ed vozidla do p\u016fvodn\u00edho stavu. Nen\u00ed t\u0159eba si pamatovat nebo zapisovat p\u016fvodn\u00ed nastaven\u00ed, pokud p\u0159ed n\u00e1v\u0161t\u011bvou servisu v\u0161e neobnov\u00edte.<\/li>\n<\/ul>\n<p>&nbsp;<\/p>\n<p><strong>Funkce Live:<\/strong><\/p>\n<ul>\n<li>AutoFold - dok\u00e1\u017ee automaticky vysunout a zasunout elektricky sklopn\u00e1 zrc\u00e1tka p\u0159i zapnut\u00ed a vypnut\u00ed vozidla.<\/li>\n<li>Okna z kl\u00ed\u010denky - mo\u017enost otev\u00edr\u00e1n\u00ed a zav\u00edr\u00e1n\u00ed elektrick\u00fdch oken pomoc\u00ed kl\u00ed\u010de s d\u00e1lkov\u00fdm ovl\u00e1d\u00e1n\u00edm<\/li>\n<li>Line Lock - vyu\u017e\u00edv\u00e1 aktu\u00e1tory ABS k zablokov\u00e1n\u00ed p\u0159edn\u00edch kol, kdy\u017e chcete na trati nebo jen tak pro z\u00e1bavu prov\u00e9st burnout.<\/li>\n<li>Mo\u017enost aktivovat zad\u00e1v\u00e1n\u00ed adres do navigace b\u011bhem j\u00edzdy<\/li>\n<li>Re\u017eim sv\u011bteln\u00e9 show - 6 p\u0159ednastaven\u00fdch a 3 p\u0159izp\u016fsoben\u00e9 sv\u011bteln\u00e9 show s blik\u00e1n\u00edm v\u0161ech vn\u011bj\u0161\u00edch sv\u011btel. Ide\u00e1ln\u00ed pro automobilov\u00e9 show. Ovl\u00e1d\u00e1n\u00ed pomoc\u00ed kl\u00ed\u010denky nebo tla\u010d\u00edtek na volantu. Lze aktivovat pro pou\u017eit\u00ed p\u0159i p\u0159ehl\u00eddk\u00e1ch, j\u00edzd\u011b v ter\u00e9nu a pro policejn\u00ed\/z\u00e1chrann\u00e9 slo\u017eky.<\/li>\n<li>Re\u017eim ochlazov\u00e1n\u00ed: Zapnut\u00ed ventil\u00e1tor\u016f motoru podle pot\u0159eby, kdy\u017e je zapnut\u00e9 zapalov\u00e1n\u00ed a motor neb\u011b\u017e\u00ed.<\/li>\n<li>Re\u017eim navij\u00e1ku: Do\u010dasn\u00e9 zv\u00fd\u0161en\u00ed ot\u00e1\u010dek motoru na 2000 min-1 p\u0159i volnob\u011bhu, nap\u0159. v re\u017eimu navij\u00e1ku nebo p\u0159i startov\u00e1n\u00ed jin\u00e9ho vozidla.<\/li>\n<li>Spoof4Lo: zvy\u0161uje body volnob\u011bhu a \u0159azen\u00ed<\/li>\n<li>Vymaz\u00e1n\u00ed kontrolky CEL - resetov\u00e1n\u00ed kontrolky motoru, vymaz\u00e1n\u00ed pam\u011bti z\u00e1vad<\/li>\n<li>Stisknut\u00edm a podr\u017een\u00edm tla\u010d\u00edtka ESP zcela deaktivujte syst\u00e9m ESP\/kontrolu trakce.<\/li>\n<li>\u010casova\u010d 0-30 a 0-60 - Zobrazuje \u010dasy 0-30 nebo 0-60 na displeji EVIC.<\/li>\n<li>Aktualizace firmwaru - nov\u00fd firmware je k dispozici pravideln\u011b, v\u017edy zdarma a je zve\u0159ejn\u011bn na webov\u00fdch str\u00e1nk\u00e1ch spole\u010dnosti Z Automotive. Pou\u017eijte programovac\u00ed program ZPU.<\/li>\n<\/ul>\n<p>&nbsp;<\/p>\n<p>*Nastaven\u00ed tlaku v pneumatik\u00e1ch vy\u017eaduje aktualizaci u prodejce, aby vozidlo rozpoznalo zm\u011bnu. \u00dapln\u00e1 deaktivace syst\u00e9mu TPMS a vypnut\u00ed v\u00fdstra\u017en\u00e9ho symbolu NEvy\u017eaduje n\u00e1v\u0161t\u011bvu prodejce.<\/p>\n<p>&nbsp;<\/p>\n<p><strong>Vhodn\u00e9 pro:<\/strong><u><\/u><\/p>\n<table width=\"421\">\n<tbody>\n<tr>\n<td width=\"158\">RAM<\/td>\n<td width=\"117\">1500<\/td>\n<td width=\"146\">2013\u20132018<\/td>\n<\/tr>\n<tr>\n<td>RAM<\/td>\n<td>1500 Classic<\/td>\n<td>2019\u20132021<\/td>\n<\/tr>\n<tr>\n<td>RAM<\/td>\n<td>2500<\/td>\n<td>2013\u20132021<\/td>\n<\/tr>\n<tr>\n<td>RAM<\/td>\n<td>3500<\/td>\n<td>2013\u20132021<\/td>\n<\/tr>\n<\/tbody>\n<\/table>\n<p>Modelov\u00fd rok 2018 a nov\u011bj\u0161\u00ed: Kv\u016fli nov\u00e9mu bezpe\u010dnostn\u00edmu modulu je nutn\u00e9 p\u0159idat dodate\u010dn\u00fd <a href=\"https:\/\/kraftwerk-shop.cc\/cs\/produkt\/obd-t-bypass-kabel-dlouhy\/\" target=\"_blank\" rel=\"noopener\">Obtokov\u00fd T-vaz <\/a>po\u017eadov\u00e1no.<\/p>\n<p>&nbsp;<\/p>\n<p><u><strong>D\u016fle\u017eit\u00e9: <\/strong><\/u>V\u0161echny zm\u011bny jsou funkce, kter\u00e9 jsou ji\u017e k dispozici ve vozidle ex works, ale nejsou v\u017edy aktivov\u00e1ny.<br \/>\nVzhledem k tomu, \u017ee se verze softwaru ve vozidlech li\u0161\u00ed a v r\u00e1mci aktualizac\u00ed n\u011bkdy doch\u00e1z\u00ed ke zm\u011bn\u00e1m, nem\u016f\u017eeme zaru\u010dit, \u017ee v ka\u017ed\u00e9m vozidle lze nastavit\/aktivovat v\u0161echny funkce podle popisu.<br \/>\nPokud funkce nen\u00ed ulo\u017eena, nelze ji aktivovat.<\/p>\n<h3>Jsme autorizovan\u00fdm prodejcem Z-Automotive!<\/h3>","protected":false},"excerpt":{"rendered":"<p>2013\u20132019<\/p>","protected":false},"featured_media":68284882,"comment_status":"open","ping_status":"closed","template":"","meta":{"_acf_changed":false},"product_brand":[17480],"product_cat":[4241,4760,1518],"product_tag":[475,455,456,460,452,431,2219,462,429,49,477,461,447,115,454,453,441,36,450,451,457,445,449,448,444,459,86,446,463,443,442,464,470,2991,440,458],"class_list":{"0":"post-68253026","1":"product","2":"type-product","3":"status-publish","4":"has-post-thumbnail","6":"product_brand-z-automotive","7":"product_cat-1500-ecodiesel-programmiergeraete","8":"product_cat-1500-36-programmiergeraete","9":"product_cat-1500-57-2009-2018-classic-programmiergeraete","10":"product_tag-475","11":"product_tag-adaption","12":"product_tag-adaptionswerte","13":"product_tag-aktivieren","14":"product_tag-allrad","15":"product_tag-burnout","16":"product_tag-classic","17":"product_tag-codieren","18":"product_tag-deutschland","19":"product_tag-dodge","20":"product_tag-ds","21":"product_tag-einschalten","22":"product_tag-evic","23":"product_tag-getriebe","24":"product_tag-getriebesteuerung","25":"product_tag-heckantrieb","26":"product_tag-kaufen","27":"product_tag-kraftwerk","28":"product_tag-lenkradschaltung","29":"product_tag-line-lock","30":"product_tag-loeschen","31":"product_tag-nebelleuchten","32":"product_tag-paddle-shifter","33":"product_tag-paddles","34":"product_tag-performance-pages","35":"product_tag-programmieren","36":"product_tag-ram","37":"product_tag-rueckfahrkamera","38":"product_tag-shop","39":"product_tag-sport-modus","40":"product_tag-tazer","41":"product_tag-webshop","42":"product_tag-z-auto","43":"product_tag-zauto","44":"product_tag-zautotech","45":"product_tag-zuruecksetzen","47":"first","48":"instock","49":"taxable","50":"shipping-taxable","51":"purchasable","52":"product-type-simple"},"bundled_by":[],"bundle_stock_status":"instock","bundle_stock_quantity":1,"bundle_virtual":false,"bundle_layout":"","bundle_add_to_cart_form_location":"","bundle_editable_in_cart":false,"bundle_sold_individually_context":"","bundle_item_grouping":"","bundle_min_size":"","bundle_max_size":"","bundle_price":[],"bundled_items":[],"bundle_sell_ids":[],"exclude_global_add_ons":[],"addons":[],"acf":[],"_links":{"self":[{"href":"https:\/\/kraftwerk-shop.cc\/cs\/wp-json\/wp\/v2\/product\/68253026","targetHints":{"allow":["GET"]}}],"collection":[{"href":"https:\/\/kraftwerk-shop.cc\/cs\/wp-json\/wp\/v2\/product"}],"about":[{"href":"https:\/\/kraftwerk-shop.cc\/cs\/wp-json\/wp\/v2\/types\/product"}],"replies":[{"embeddable":true,"href":"https:\/\/kraftwerk-shop.cc\/cs\/wp-json\/wp\/v2\/comments?post=68253026"}],"version-history":[{"count":0,"href":"https:\/\/kraftwerk-shop.cc\/cs\/wp-json\/wp\/v2\/product\/68253026\/revisions"}],"wp:featuredmedia":[{"embeddable":true,"href":"https:\/\/kraftwerk-shop.cc\/cs\/wp-json\/wp\/v2\/media\/68284882"}],"wp:attachment":[{"href":"https:\/\/kraftwerk-shop.cc\/cs\/wp-json\/wp\/v2\/media?parent=68253026"}],"wp:term":[{"taxonomy":"product_brand","embeddable":true,"href":"https:\/\/kraftwerk-shop.cc\/cs\/wp-json\/wp\/v2\/product_brand?post=68253026"},{"taxonomy":"product_cat","embeddable":true,"href":"https:\/\/kraftwerk-shop.cc\/cs\/wp-json\/wp\/v2\/product_cat?post=68253026"},{"taxonomy":"product_tag","embeddable":true,"href":"https:\/\/kraftwerk-shop.cc\/cs\/wp-json\/wp\/v2\/product_tag?post=68253026"}],"curies":[{"name":"wp","href":"https:\/\/api.w.org\/{rel}","templated":true}]}}