{"id":68253031,"date":"2021-09-17T12:54:44","date_gmt":"2021-09-17T12:54:44","guid":{"rendered":"https:\/\/kraftwerk-gruppe.de\/?post_type=product&#038;p=68253031"},"modified":"2026-04-13T14:07:50","modified_gmt":"2026-04-13T12:07:50","slug":"afe-magnum-flow-pro-5r-sportovni-vzduchovy-filtr-30-10071","status":"publish","type":"product","link":"https:\/\/kraftwerk-shop.cc\/cs\/produkt\/afe-magnum-flow-pro-5r-sportluftfilter-30-10071\/","title":{"rendered":"Sportovn\u00ed vzduchov\u00fd filtr aFe Magnum FLOW Pro 5R 30-10071"},"content":{"rendered":"<h1>Sportovn\u00ed vzduchov\u00fd filtr aFe Magnum FLOW Pro 5R pro RAM<\/h1>\n<h2>N\u00e1hradn\u00ed filtr, kter\u00fd nahrazuje p\u016fvodn\u00ed vzduchov\u00fd filtr<\/h2>\n<p><strong>Srovn\u00e1vac\u00ed \u010d\u00edsla Mopar:<\/strong> <span class=\"list-value sku-display\">68441763AA, <span class=\"list-value\">53032404AA, 53032404AB, 53032404AC, 68319604AA<\/span><\/span><\/p>\n<p>&nbsp;<\/p>\n<p><strong>Filtra\u010dn\u00ed m\u00e9dium Pro 5R:<\/strong><br \/>\n5 vrstev postupn\u011b jemn\u011bj\u0161\u00edch, olejovan\u00fdch bavln\u011bn\u00fdch filtra\u010dn\u00edch m\u00e9di\u00ed pro maxim\u00e1ln\u00ed v\u00fdkon. Jedine\u010dn\u00e1 struktura 5 vrstev zaji\u0161\u0165uje vysok\u00fd pr\u016ftok vzduchu i p\u0159i zne\u010di\u0161t\u011bn\u00ed.<br \/>\nPr\u016ftok vzduchu je a\u017e o 85% vy\u0161\u0161\u00ed ne\u017e u standardn\u00edho vzduchov\u00e9ho filtru.<br \/>\nVzduchov\u00fd filtr lze n\u011bkolikr\u00e1t vyprat a znovu pou\u017e\u00edt.<\/p>\n<div class=\"description std\">\n<p><b>Zaoblen\u00e9 z\u00e1hyby:<\/b><br \/>\nSportovn\u00ed vzduchov\u00e9 filtry aFe maj\u00ed d\u00edky zaoblen\u00fdm z\u00e1hyb\u016fm v\u011bt\u0161\u00ed vyu\u017eitelnou plochu filtru, co\u017e vede k vy\u0161\u0161\u00edmu pr\u016ftoku vzduchu a lep\u0161\u00ed kapacit\u011b filtru.<\/p>\n<p><b>Progresivn\u00ed n\u00e1razov\u00e9 t\u011bsn\u011bn\u00ed:<\/b><br \/>\nHladk\u00fd t\u011bsnic\u00ed povrch se p\u0159izp\u016fsob\u00ed i nerovn\u00e9mu t\u011blesu filtru a zaru\u010duje dokonal\u00e9 uchycen\u00ed vzduchov\u00e9ho filtru.<\/p>\n<p><b>Kompletn\u00ed polyuretanov\u00fd r\u00e1m:<\/b><br \/>\nV\u0161echny sportovn\u00ed vzduchov\u00e9 filtry aFe Power maj\u00ed 360stup\u0148ov\u00fd polyuretanov\u00fd r\u00e1m. Ten zaji\u0161\u0165uje p\u0159esn\u00e9 uchycen\u00ed jako u origin\u00e1ln\u00edho vzduchov\u00e9ho filtru v kombinaci s v\u011bt\u0161\u00ed stabilitou.<\/p>\n<p>&nbsp;<\/p>\n<\/div>\n<p><strong>Vhodn\u00e9 pro:<\/strong><\/p>\n<table width=\"650\">\n<tbody>\n<tr>\n<td width=\"154\"><strong>Rok v\u00fdstavby<\/strong><\/td>\n<td width=\"117\"><strong>Zna\u010dka<\/strong><\/td>\n<td width=\"146\"><strong>Model<\/strong><\/td>\n<td width=\"118\"><strong>Varianta<\/strong><\/td>\n<td width=\"115\"><strong>Motor<\/strong><\/td>\n<\/tr>\n<tr>\n<td width=\"154\">2002-2010<\/td>\n<td width=\"117\">Dodge<\/td>\n<td width=\"146\">Ram 1500<\/td>\n<td width=\"118\"><\/td>\n<td width=\"115\">V6 3,7 L<\/td>\n<\/tr>\n<tr>\n<td width=\"154\">2002-2010<\/td>\n<td width=\"117\">Dodge<\/td>\n<td width=\"146\">Ram 1500<\/td>\n<td width=\"118\"><\/td>\n<td width=\"115\">V8 4,7 L<\/td>\n<\/tr>\n<tr>\n<td width=\"154\">2003-2010<\/td>\n<td width=\"117\">Dodge<\/td>\n<td width=\"146\">Ram 1500<\/td>\n<td width=\"118\">HEMI<\/td>\n<td width=\"115\">V8 5.7L<\/td>\n<\/tr>\n<tr>\n<td width=\"154\">2002-2003<\/td>\n<td width=\"117\">Dodge<\/td>\n<td width=\"146\">Ram 1500<\/td>\n<td width=\"118\"><\/td>\n<td width=\"115\">V8 5.9L<\/td>\n<\/tr>\n<tr>\n<td width=\"154\">2003-2010<\/td>\n<td width=\"117\">Dodge<\/td>\n<td width=\"146\">Ram 2500<\/td>\n<td width=\"118\">HEMI<\/td>\n<td width=\"115\">V8 5.7L<\/td>\n<\/tr>\n<tr>\n<td width=\"154\">2002-2002<\/td>\n<td width=\"117\">Dodge<\/td>\n<td width=\"146\">Ram 2500<\/td>\n<td width=\"118\"><\/td>\n<td width=\"115\">V8 5.9L<\/td>\n<\/tr>\n<tr>\n<td width=\"154\">2003-2003<\/td>\n<td width=\"117\">Dodge<\/td>\n<td width=\"146\">Ram 2500<\/td>\n<td width=\"118\"><\/td>\n<td width=\"115\">V10 8.0L<\/td>\n<\/tr>\n<tr>\n<td width=\"154\">2003-2009<\/td>\n<td width=\"117\">Dodge<\/td>\n<td width=\"146\">Ram 3500<\/td>\n<td width=\"118\">HEMI<\/td>\n<td width=\"115\">V8 5.7L<\/td>\n<\/tr>\n<tr>\n<td width=\"154\">2002-2002<\/td>\n<td width=\"117\">Dodge<\/td>\n<td width=\"146\">Ram 3500<\/td>\n<td width=\"118\"><\/td>\n<td width=\"115\">V8 5.9L<\/td>\n<\/tr>\n<tr>\n<td width=\"154\">2003-2003<\/td>\n<td width=\"117\">Dodge<\/td>\n<td width=\"146\">Ram 3500<\/td>\n<td width=\"118\"><\/td>\n<td width=\"115\">V10 8.0L<\/td>\n<\/tr>\n<tr>\n<td width=\"154\">2014-2020<\/td>\n<td width=\"117\">RAM<\/td>\n<td width=\"146\">1500<\/td>\n<td width=\"118\">EcoDiesel<\/td>\n<td width=\"115\">V6 3.0L (td)<\/td>\n<\/tr>\n<tr>\n<td width=\"154\">2019-2019<\/td>\n<td width=\"117\">RAM<\/td>\n<td width=\"146\">1500 Classic<\/td>\n<td width=\"118\">EcoDiesel<\/td>\n<td width=\"115\">V6 3.0L (td)<\/td>\n<\/tr>\n<tr>\n<td width=\"154\">2019-2023<\/td>\n<td width=\"117\">RAM<\/td>\n<td width=\"146\">1500<\/td>\n<td width=\"118\">eTorque<\/td>\n<td width=\"115\">V6 3.6L<\/td>\n<\/tr>\n<tr>\n<td width=\"154\">2013-2023<\/td>\n<td width=\"117\">RAM<\/td>\n<td width=\"146\">1500<\/td>\n<td width=\"118\"><\/td>\n<td width=\"115\">V6 3.6L<\/td>\n<\/tr>\n<tr>\n<td width=\"154\">2019-2023<\/td>\n<td width=\"117\">RAM<\/td>\n<td width=\"146\">1500 Classic<\/td>\n<td width=\"118\"><\/td>\n<td width=\"115\">V6 3.6L<\/td>\n<\/tr>\n<tr>\n<td width=\"154\">2011-2012<\/td>\n<td width=\"117\">RAM<\/td>\n<td width=\"146\">1500<\/td>\n<td width=\"118\"><\/td>\n<td width=\"115\">V6 3,7 L<\/td>\n<\/tr>\n<tr>\n<td width=\"154\">2011-2013<\/td>\n<td width=\"117\">RAM<\/td>\n<td width=\"146\">1500<\/td>\n<td width=\"118\"><\/td>\n<td width=\"115\">V8 4,7 L<\/td>\n<\/tr>\n<tr>\n<td width=\"154\">2011-2023<\/td>\n<td width=\"117\">RAM<\/td>\n<td width=\"146\">1500<\/td>\n<td width=\"118\">HEMI<\/td>\n<td width=\"115\">V8 5.7L<\/td>\n<\/tr>\n<tr>\n<td width=\"154\">2019-2023<\/td>\n<td width=\"117\">RAM<\/td>\n<td width=\"146\">1500 Classic<\/td>\n<td width=\"118\">HEMI<\/td>\n<td width=\"115\">V8 5.7L<\/td>\n<\/tr>\n<tr>\n<td width=\"154\">2011-2019<\/td>\n<td width=\"117\">RAM<\/td>\n<td width=\"146\">2500<\/td>\n<td width=\"118\">HEMI<\/td>\n<td width=\"115\">V8 5.7L<\/td>\n<\/tr>\n<tr>\n<td width=\"154\">2014-2018<\/td>\n<td width=\"117\">RAM<\/td>\n<td width=\"146\">2500<\/td>\n<td width=\"118\">HEMI<\/td>\n<td width=\"115\">V8 6,4 L<\/td>\n<\/tr>\n<tr>\n<td width=\"154\">2014-2018<\/td>\n<td width=\"117\">RAM<\/td>\n<td width=\"146\">2500 Power Wagon<\/td>\n<td width=\"118\">HEMI<\/td>\n<td width=\"115\">V8 6,4 L<\/td>\n<\/tr>\n<tr>\n<td width=\"154\">2011-2018<\/td>\n<td width=\"117\">RAM<\/td>\n<td width=\"146\">3500<\/td>\n<td width=\"118\">HEMI<\/td>\n<td width=\"115\">V8 5.7L<\/td>\n<\/tr>\n<tr>\n<td width=\"154\">2014-2018<\/td>\n<td width=\"117\">RAM<\/td>\n<td width=\"146\">3500<\/td>\n<td width=\"118\">HEMI<\/td>\n<td width=\"115\">V8 6,4 L<\/td>\n<\/tr>\n<tr>\n<td width=\"154\">2014-2018<\/td>\n<td width=\"117\">RAM<\/td>\n<td width=\"146\">4500<\/td>\n<td width=\"118\">HEMI<\/td>\n<td width=\"115\">V8 6,4 L<\/td>\n<\/tr>\n<tr>\n<td width=\"154\">2014-2018<\/td>\n<td width=\"117\">RAM<\/td>\n<td width=\"146\">5500<\/td>\n<td width=\"118\">HEMI<\/td>\n<td width=\"115\">V8 6,4 L<\/td>\n<\/tr>\n<\/tbody>\n<\/table>\n<p>&nbsp;<\/p>","protected":false},"excerpt":{"rendered":"<p>aFe Magnum FLOW Pro 5R Sportluftfilter f\u00fcr RAM Tauschfilter als Ersatz f\u00fcr den originalen Luftfilter Mopar Vergleichsnummern: 68441763AA, 53032404AA, 53032404AB,<\/p>","protected":false},"featured_media":68276817,"comment_status":"open","ping_status":"closed","template":"","meta":{"_acf_changed":false},"product_brand":[16879],"product_cat":[1512,19404,19418,4752,4761,7750,1521,5009,5021,9941,9954,2916,2922],"product_tag":[18170,18171,18172,475,176,177,165,248,249,250,251,252,419,420,2066,506,89,508,499,507,509,91,4504,4505,4506,93,4507,4503,16880,498,2441,49,504,502,126,36,57,503,505,86,500,501],"class_list":{"0":"post-68253031","1":"product","2":"type-product","3":"status-publish","4":"has-post-thumbnail","6":"product_brand-afe-power","7":"product_cat-1500-57-2009-2018-classic-ansaugung","8":"product_cat-1500-ecodiesel-2020-2023-ansaugung","9":"product_cat-1500-ecodiesel-2020-2023-wartung","10":"product_cat-1500-36-ansaugung","11":"product_cat-1500-36-wartung","12":"product_cat-1500-57-2003-2008-ansaugung","13":"product_cat-1500-57-2009-2018-classic-wartung","14":"product_cat-1500-57-dt-ansaugung","15":"product_cat-1500-57-dt-wartung","16":"product_cat-2500-3500-57-ansaugung","17":"product_cat-2500-3500-57-wartung","18":"product_cat-2500-3500-64-ansaugung","19":"product_cat-2500-3500-64-wartung","20":"product_tag-053032404aa","21":"product_tag-053032404ab","22":"product_tag-053032404ac","23":"product_tag-475","24":"product_tag-176","25":"product_tag-177","26":"product_tag-165","27":"product_tag-248","28":"product_tag-249","29":"product_tag-250","30":"product_tag-251","31":"product_tag-252","32":"product_tag-419","33":"product_tag-420","34":"product_tag-2066","35":"product_tag-506","36":"product_tag-3-0","37":"product_tag-3-7","38":"product_tag-30-10071","39":"product_tag-507","40":"product_tag-4-7","41":"product_tag-5-7","42":"product_tag-53032404aa","43":"product_tag-53032404ab","44":"product_tag-53032404ac","45":"product_tag-6-4","46":"product_tag-68319604aa","47":"product_tag-68441763aa","48":"product_tag-advanced-flow-engineering","49":"product_tag-afe","50":"product_tag-afe-power","51":"product_tag-dodge","52":"product_tag-ecodiesel","53":"product_tag-filtereinsatz","54":"product_tag-hemi","55":"product_tag-kraftwerk","56":"product_tag-luftfilter","57":"product_tag-luftfiltereinsatz","58":"product_tag-powerwagon","59":"product_tag-ram","60":"product_tag-sportluftfilter","61":"product_tag-tauschfilter","63":"first","64":"instock","65":"taxable","66":"shipping-taxable","67":"purchasable","68":"product-type-simple"},"bundled_by":[],"bundle_stock_status":"instock","bundle_stock_quantity":2,"bundle_virtual":false,"bundle_layout":"","bundle_add_to_cart_form_location":"","bundle_editable_in_cart":false,"bundle_sold_individually_context":"","bundle_item_grouping":"","bundle_min_size":"","bundle_max_size":"","bundle_price":[],"bundled_items":[],"bundle_sell_ids":[],"exclude_global_add_ons":[],"addons":[],"acf":[],"_links":{"self":[{"href":"https:\/\/kraftwerk-shop.cc\/cs\/wp-json\/wp\/v2\/product\/68253031","targetHints":{"allow":["GET"]}}],"collection":[{"href":"https:\/\/kraftwerk-shop.cc\/cs\/wp-json\/wp\/v2\/product"}],"about":[{"href":"https:\/\/kraftwerk-shop.cc\/cs\/wp-json\/wp\/v2\/types\/product"}],"replies":[{"embeddable":true,"href":"https:\/\/kraftwerk-shop.cc\/cs\/wp-json\/wp\/v2\/comments?post=68253031"}],"version-history":[{"count":0,"href":"https:\/\/kraftwerk-shop.cc\/cs\/wp-json\/wp\/v2\/product\/68253031\/revisions"}],"wp:featuredmedia":[{"embeddable":true,"href":"https:\/\/kraftwerk-shop.cc\/cs\/wp-json\/wp\/v2\/media\/68276817"}],"wp:attachment":[{"href":"https:\/\/kraftwerk-shop.cc\/cs\/wp-json\/wp\/v2\/media?parent=68253031"}],"wp:term":[{"taxonomy":"product_brand","embeddable":true,"href":"https:\/\/kraftwerk-shop.cc\/cs\/wp-json\/wp\/v2\/product_brand?post=68253031"},{"taxonomy":"product_cat","embeddable":true,"href":"https:\/\/kraftwerk-shop.cc\/cs\/wp-json\/wp\/v2\/product_cat?post=68253031"},{"taxonomy":"product_tag","embeddable":true,"href":"https:\/\/kraftwerk-shop.cc\/cs\/wp-json\/wp\/v2\/product_tag?post=68253031"}],"curies":[{"name":"wp","href":"https:\/\/api.w.org\/{rel}","templated":true}]}}