{"id":68253330,"date":"2021-09-17T12:55:48","date_gmt":"2021-09-17T12:55:48","guid":{"rendered":"https:\/\/kraftwerk-gruppe.de\/?post_type=product&#038;p=68253330"},"modified":"2026-02-15T00:03:19","modified_gmt":"2026-02-14T23:03:19","slug":"olejovy-filtr-30-crd-218-hp","status":"publish","type":"product","link":"https:\/\/kraftwerk-shop.cc\/cs\/produkt\/oelfilter-30-crd-218-ps\/","title":{"rendered":"Olejov\u00fd filtr 3.0 CRD (218 PS)"},"content":{"rendered":"<h1>Olejov\u00fd filtr 3.0 CRD (218 PS)<\/h1>\n<p><span style=\"font-size: 16px;\"><span style=\"font-family: sans-serif;\">Zna\u010dkov\u00fd produkt speci\u00e1ln\u011b vyvinut\u00fd pro vozidla s motorem 3.0 CRD a v\u00fdkonem 218 k.<br \/>\nOlejov\u00fd filtr zaji\u0161\u0165uje optim\u00e1ln\u00ed filtraci motorov\u00e9ho oleje a p\u0159isp\u00edv\u00e1 tak k dlouh\u00e9 \u017eivotnosti a v\u00fdkonu motoru.<\/span><\/span><\/p>\n<p>Tento olejov\u00fd filtr je kompatibiln\u00ed s r\u016fzn\u00fdmi modely vozidel vybaven\u00fdmi motorem 3.0 CRD 218 PS.<\/p>\n<p>&nbsp;<\/p>\n<p>&nbsp;<\/p>","protected":false},"excerpt":{"rendered":"<p>\u00d6lfilter 3.0 CRD (218 PS) Markenprodukt, das speziell f\u00fcr Fahrzeuge mit einem 3.0 CRD-Motor und 218 PS entwickelt wurde. Der<\/p>","protected":false},"featured_media":68275785,"comment_status":"open","ping_status":"closed","template":"","meta":{"_acf_changed":false},"product_brand":[],"product_cat":[1550,2716,1735],"product_tag":[89,52,48,94,90,56,50,404,2320,647,2453,655],"class_list":{"0":"post-68253330","1":"product","2":"type-product","3":"status-publish","4":"has-post-thumbnail","6":"product_cat-300c-30-diesel-wartung","7":"product_cat-commander-wartung","8":"product_cat-grand-cherokee-30-diesel-wartung","9":"product_tag-3-0","10":"product_tag-300c","11":"product_tag-chrysler","12":"product_tag-commander","13":"product_tag-crd","14":"product_tag-grand-cherokee","15":"product_tag-jeep","16":"product_tag-motoroel","17":"product_tag-motoroelfilter","18":"product_tag-oelfilter","19":"product_tag-oelfilter10","20":"product_tag-oelwechsel","22":"first","23":"instock","24":"taxable","25":"shipping-taxable","26":"purchasable","27":"product-type-simple"},"bundled_by":[],"bundle_stock_status":"instock","bundle_stock_quantity":2,"bundle_virtual":false,"bundle_layout":"","bundle_add_to_cart_form_location":"","bundle_editable_in_cart":false,"bundle_sold_individually_context":"","bundle_item_grouping":"","bundle_min_size":"","bundle_max_size":"","bundle_price":[],"bundled_items":[],"bundle_sell_ids":[],"exclude_global_add_ons":[],"addons":[],"acf":[],"_links":{"self":[{"href":"https:\/\/kraftwerk-shop.cc\/cs\/wp-json\/wp\/v2\/product\/68253330","targetHints":{"allow":["GET"]}}],"collection":[{"href":"https:\/\/kraftwerk-shop.cc\/cs\/wp-json\/wp\/v2\/product"}],"about":[{"href":"https:\/\/kraftwerk-shop.cc\/cs\/wp-json\/wp\/v2\/types\/product"}],"replies":[{"embeddable":true,"href":"https:\/\/kraftwerk-shop.cc\/cs\/wp-json\/wp\/v2\/comments?post=68253330"}],"version-history":[{"count":0,"href":"https:\/\/kraftwerk-shop.cc\/cs\/wp-json\/wp\/v2\/product\/68253330\/revisions"}],"wp:featuredmedia":[{"embeddable":true,"href":"https:\/\/kraftwerk-shop.cc\/cs\/wp-json\/wp\/v2\/media\/68275785"}],"wp:attachment":[{"href":"https:\/\/kraftwerk-shop.cc\/cs\/wp-json\/wp\/v2\/media?parent=68253330"}],"wp:term":[{"taxonomy":"product_brand","embeddable":true,"href":"https:\/\/kraftwerk-shop.cc\/cs\/wp-json\/wp\/v2\/product_brand?post=68253330"},{"taxonomy":"product_cat","embeddable":true,"href":"https:\/\/kraftwerk-shop.cc\/cs\/wp-json\/wp\/v2\/product_cat?post=68253330"},{"taxonomy":"product_tag","embeddable":true,"href":"https:\/\/kraftwerk-shop.cc\/cs\/wp-json\/wp\/v2\/product_tag?post=68253330"}],"curies":[{"name":"wp","href":"https:\/\/api.w.org\/{rel}","templated":true}]}}