{"id":68253334,"date":"2021-09-17T12:55:48","date_gmt":"2021-09-17T12:55:48","guid":{"rendered":"https:\/\/kraftwerk-gruppe.de\/?post_type=product&#038;p=68253334"},"modified":"2026-02-15T00:49:47","modified_gmt":"2026-02-14T23:49:47","slug":"lambda-sondy-pro-pulzni-svarovani","status":"publish","type":"product","link":"https:\/\/kraftwerk-shop.cc\/cs\/produkt\/lambdasonden-einschweibhulse\/","title":{"rendered":"Lambda sn\u00edma\u010d nava\u0159en\u00fd v obj\u00edmce"},"content":{"rendered":"<h1>Nerezov\u00e1 nava\u0159en\u00e1 obj\u00edmka lambda sondy se zaslepovac\u00ed z\u00e1tkou a t\u011bsnic\u00edm krou\u017ekem<\/h1>\n<p>&nbsp;<\/p>\n<p><span style=\"font-size: 16px;\"><span style=\"font-family: sans-serif;\">Jako n\u00e1hrada za instalaci standardn\u00edch lambda senzor\u016f a za instalaci \u0161irokop\u00e1smov\u00fdch senzor\u016f.<\/span><\/span><\/p>","protected":false},"excerpt":{"rendered":"<p>Edelstahl Lambdasonden-Einschwei\u00dfh\u00fclse mit Blindstopfen und Dichtring &nbsp; Als Ersatz zum Einbau der serienm\u00e4\u00dfigen Lambdasonden und zum Einbau von Breitbandsonden.<\/p>","protected":false},"featured_media":68275791,"comment_status":"open","ping_status":"closed","template":"","meta":{"_acf_changed":false},"product_brand":[],"product_cat":[1530,2732,2714,6616,6619,6640,6584,2571,2578,6604,6643,6595,6519,2588,2591,6607,6610,6644,6598,6560,2603,6613,6587,2652,7025,6649,1489,2660,2664,6628,6631,6652,6634,6592,6622,6637],"product_tag":[660,48,49,3853,662,363,659,543,658,50,520,661],"class_list":{"0":"post-68253334","1":"product","2":"type-product","3":"status-publish","4":"has-post-thumbnail","6":"product_cat-camaro-62-2010-2015-abgasanlage","7":"product_cat-300c-35-abgasanlage","8":"product_cat-300c-36-abgasanlage","9":"product_cat-300c-57-2005-2010-abgasanlage-dichtungen-hardware","10":"product_cat-300c-57-2011-2023-abgasanlage-dichtungen-hardware","11":"product_cat-300c-61-abgasanlage-dichtungen-hardware","12":"product_cat-300c-64-abgasanlage-dichtungen-hardware","13":"product_cat-challenger-35-abgasanlage","14":"product_cat-challenger-36-abgasanlage","15":"product_cat-challenger-57-abgasanlage-dichtungen-hardware","16":"product_cat-challenger-61-abgasanlage-dichtungen-hardware","17":"product_cat-challenger-hellcat-abgasanlage-dichtungen-hardware","18":"product_cat-challenger-64-abgasanlage-dichtungen-hardware","19":"product_cat-charger-35-abgasanlage","20":"product_cat-charger-36-abgasanlage","21":"product_cat-charger-57-abgasanlage-dichtungen-hardware","22":"product_cat-charger-57-2011-2023-abgasanlage-dichtungen-hardware","23":"product_cat-charger-61-abgasanlage-dichtungen-hardware","24":"product_cat-charger-hellcat-abgasanlage-dichtungen-hardware","25":"product_cat-charger-64-abgasanlage-dichtungen-hardware","26":"product_cat-durango-36-abgasanlage","27":"product_cat-durango-57-abgasanlage-dichtungen-hardware","28":"product_cat-durango-64-abgasanlage-dichtungen-hardware","29":"product_cat-magnum-35-abgasanlage","30":"product_cat-magnum-57-abgasanlage-dichtungen-hardware","31":"product_cat-magnum-61-abgasanlage-dichtungen-hardware","32":"product_cat-cherokee-abgasanlage","33":"product_cat-commander-abgasanlage","34":"product_cat-grand-cherokee-36-abgasanlage","35":"product_cat-grand-cherokee-57-2005-2010-dichtungen-hardware","36":"product_cat-grand-cherokee-57-2011-2021-abgasanlage-dichtungen-hardware","37":"product_cat-grand-cherokee-61-abgasanlage-dichtungen-hardware","38":"product_cat-trackhawk-abgasanlage-dichtungen-hardware","39":"product_cat-grand-cherokee-64-abgasanlage-dichtungen-hardware","40":"product_cat-1500-57-2009-2018-classic-abgasanlage-dichtungen-hardware","41":"product_cat-trx-abgasanlage-dichtungen-hardware","42":"product_tag-breitbandsonde","43":"product_tag-chrysler","44":"product_tag-dodge","45":"product_tag-dodge-challenger","46":"product_tag-edelstahl","47":"product_tag-einbau","48":"product_tag-einschweissgewinde","49":"product_tag-faecherkruemmer","50":"product_tag-gewinde","51":"product_tag-jeep","52":"product_tag-lambdasonde","53":"product_tag-montage","55":"first","56":"instock","57":"taxable","58":"shipping-taxable","59":"purchasable","60":"product-type-simple"},"bundled_by":[],"bundle_stock_status":"instock","bundle_stock_quantity":9,"bundle_virtual":false,"bundle_layout":"","bundle_add_to_cart_form_location":"","bundle_editable_in_cart":false,"bundle_sold_individually_context":"","bundle_item_grouping":"","bundle_min_size":"","bundle_max_size":"","bundle_price":[],"bundled_items":[],"bundle_sell_ids":[],"exclude_global_add_ons":[],"addons":[],"acf":[],"_links":{"self":[{"href":"https:\/\/kraftwerk-shop.cc\/cs\/wp-json\/wp\/v2\/product\/68253334","targetHints":{"allow":["GET"]}}],"collection":[{"href":"https:\/\/kraftwerk-shop.cc\/cs\/wp-json\/wp\/v2\/product"}],"about":[{"href":"https:\/\/kraftwerk-shop.cc\/cs\/wp-json\/wp\/v2\/types\/product"}],"replies":[{"embeddable":true,"href":"https:\/\/kraftwerk-shop.cc\/cs\/wp-json\/wp\/v2\/comments?post=68253334"}],"version-history":[{"count":0,"href":"https:\/\/kraftwerk-shop.cc\/cs\/wp-json\/wp\/v2\/product\/68253334\/revisions"}],"wp:featuredmedia":[{"embeddable":true,"href":"https:\/\/kraftwerk-shop.cc\/cs\/wp-json\/wp\/v2\/media\/68275791"}],"wp:attachment":[{"href":"https:\/\/kraftwerk-shop.cc\/cs\/wp-json\/wp\/v2\/media?parent=68253334"}],"wp:term":[{"taxonomy":"product_brand","embeddable":true,"href":"https:\/\/kraftwerk-shop.cc\/cs\/wp-json\/wp\/v2\/product_brand?post=68253334"},{"taxonomy":"product_cat","embeddable":true,"href":"https:\/\/kraftwerk-shop.cc\/cs\/wp-json\/wp\/v2\/product_cat?post=68253334"},{"taxonomy":"product_tag","embeddable":true,"href":"https:\/\/kraftwerk-shop.cc\/cs\/wp-json\/wp\/v2\/product_tag?post=68253334"}],"curies":[{"name":"wp","href":"https:\/\/api.w.org\/{rel}","templated":true}]}}