{"id":68253502,"date":"2021-09-17T12:56:47","date_gmt":"2021-09-17T12:56:47","guid":{"rendered":"https:\/\/kraftwerk-gruppe.de\/?post_type=product&#038;p=68253502"},"modified":"2026-04-16T11:28:06","modified_gmt":"2026-04-16T09:28:06","slug":"olejovy-filtr-mopar-chrysler-300c","status":"publish","type":"product","link":"https:\/\/kraftwerk-shop.cc\/cs\/produkt\/mopar-oelfilter-chrysler-300c\/","title":{"rendered":"Olejov\u00fd filtr Mopar Chrysler 300C"},"content":{"rendered":"<h1>Olejov\u00fd filtr Mopar Chrysler 300C - <span lang=\"DE\" style=\"display: inline;\">Origin\u00e1ln\u00ed n\u00e1hradn\u00ed d\u00edl<\/span><\/h1>\n<p>&nbsp;<\/p>\n<p><strong>\u010c\u00edslo d\u00edlu Mopar:<\/strong> 5281090AB, 04884899AC, 4884899AC, 04892339AB, 4892339AB<br \/>\n<strong>Nahrazeno:<\/strong> 53020311, 5281090AA, 04884899AA, 04884899AB, 4884899AA, 4884899AB, 04892339AA, 4892339AA.<\/p>\n<p>&nbsp;<\/p>\n<p>Aby motor va\u0161eho vozu Chrysler 300C spr\u00e1vn\u011b fungoval, mus\u00ed b\u00fdt provozov\u00e1n s \u010dist\u00fdm motorov\u00fdm olejem.<br \/>\nProbl\u00e9mem je, \u017ee i nov\u00fd motorov\u00fd olej m\u016f\u017ee obsahovat ne\u010distoty. Ty se p\u0159i pr\u016fchodu motorem hromad\u00ed na r\u016fzn\u00fdch \u010d\u00e1stech a zhor\u0161uj\u00ed efektivn\u00ed pohyb.<br \/>\nSpolu s dal\u0161\u00edmi ne\u010distotami, kter\u00e9 motorov\u00fd olej na sv\u00e9 cest\u011b motorem zachyt\u00ed, mohou v\u00e9st k po\u0161kozen\u00ed motoru.<br \/>\nZde p\u0159ich\u00e1z\u00ed ke slovu origin\u00e1ln\u00ed olejov\u00fd filtr Mopar.<br \/>\nZachycuje tyto mikroskopick\u00e9 pot\u00ed\u017ee na cest\u011b oleje, tak\u017ee do motoru proud\u00ed pouze \u010dist\u00fd olej, kter\u00fd ma\u017ee r\u016fzn\u00e9 d\u00edly. \u010casem se v\u0161ak i kvalitn\u00ed olejov\u00fd filtr porouch\u00e1 nebo ucpe.<\/p>\n<p>Pokud je t\u0159eba vym\u011bnit olejov\u00fd filtr, m\u011bli byste se ujistit, \u017ee pou\u017e\u00edv\u00e1te origin\u00e1ln\u00ed olejov\u00fd filtr Mopar.<br \/>\nJedn\u00e1 se o jedin\u00e9 filtry, u nich\u017e je zaru\u010dena kompatibilita s motorem Chrysler 300C, tak\u017ee se m\u016f\u017eete spolehnout na jejich kompatibilitu a v\u00fdkon.<br \/>\nOlejov\u00fd filtr od jin\u00e9ho dodavatele nemus\u00ed b\u00fdt 100% dokonale padnouc\u00ed, co\u017e m\u016f\u017ee v\u00e9st k net\u011bsnostem nebo je\u0161t\u011b z\u00e1va\u017en\u011bj\u0161\u00edm probl\u00e9m\u016fm s motorem.<\/p>\n<p>V na\u0161em internetov\u00e9m obchod\u011b najdete origin\u00e1ln\u00ed olejov\u00e9 filtry Mopar, kter\u00e9 jsou vhodn\u00e9 pro v\u00e1\u0161 Chrysler 300C.<\/p>\n<p>Tento origin\u00e1ln\u00ed d\u00edl Mopar spl\u0148uje v\u0161echny po\u017eadavky tov\u00e1rn\u00ed z\u00e1ruky.<\/p>\n<p>&nbsp;<\/p>\n<p><strong>Pozn\u00e1mka k variant\u00e1m modelu 300C 5.7:<\/strong><\/p>\n<p>Od roku 2015 byla vozidla dod\u00e1v\u00e1na s ozna\u010den\u00edm MO-899 i MO-339.<br \/>\nMO-339 m\u00e1 men\u0161\u00ed kryt filtru ne\u017e MO-899.<br \/>\nOb\u011b varianty se hod\u00ed a ob\u011b varianty lze pou\u017e\u00edt.<\/p>","protected":false},"excerpt":{"rendered":"<p><span lang=\"DE\" style=\"display: inline;\">Origin\u00e1ln\u00ed d\u00edl Mopar<\/span><\/p>","protected":false},"featured_media":68271408,"comment_status":"open","ping_status":"closed","template":"","meta":{"_acf_changed":false},"product_brand":[16270],"product_cat":[1558,1574,4985,1582,1590],"product_tag":[18178,18176,18177,52,217,685,91,686,92,93,48,536,2321,648,126,675,36,31,8813,9424,16271,16273,16275,16272,16274,7221,404,2320,1091,647,2453,655,34,35,674,96,1056,164,38,37,673],"class_list":{"0":"post-68253502","1":"product","2":"type-product","3":"status-publish","4":"has-post-thumbnail","6":"product_brand-mopar","7":"product_cat-300c-35-wartung","8":"product_cat-300c-57-2005-2010-wartung","9":"product_cat-300c-57-2011-2023-wartung","10":"product_cat-300c-61-wartung","11":"product_cat-300c-64-wartung","12":"product_tag-05281090aa","13":"product_tag-05281090ab","14":"product_tag-18177","15":"product_tag-300c","16":"product_tag-217","17":"product_tag-4884899ac","18":"product_tag-5-7","19":"product_tag-5281090ab","20":"product_tag-6-1","21":"product_tag-6-4","22":"product_tag-chrysler","23":"product_tag-chrysler-300c","24":"product_tag-erstausruester","25":"product_tag-filter","26":"product_tag-hemi","27":"product_tag-inspektion","28":"product_tag-kraftwerk","29":"product_tag-mopar","30":"product_tag-mopar-autoteile","31":"product_tag-mopar-ersatzteile","32":"product_tag-mopar-ersatzteile-kaufen","33":"product_tag-mopar-performance-teile","34":"product_tag-mopar-teile-katalog","35":"product_tag-mopar-teile-online","36":"product_tag-mopar-tuningteile","37":"product_tag-mopar10","38":"product_tag-motoroel","39":"product_tag-motoroelfilter","40":"product_tag-oem","41":"product_tag-oelfilter","42":"product_tag-oelfilter10","43":"product_tag-oelwechsel","44":"product_tag-original","45":"product_tag-originalersatzteil","46":"product_tag-service","47":"product_tag-srt","48":"product_tag-srt-8","49":"product_tag-srt8","50":"product_tag-teile","51":"product_tag-wartung","52":"product_tag-zubehoer","54":"first","55":"instock","56":"taxable","57":"shipping-taxable","58":"purchasable","59":"product-type-variable"},"bundled_by":[],"bundle_stock_status":"instock","bundle_stock_quantity":831,"bundle_virtual":false,"bundle_layout":"","bundle_add_to_cart_form_location":"","bundle_editable_in_cart":false,"bundle_sold_individually_context":"","bundle_item_grouping":"","bundle_min_size":"","bundle_max_size":"","bundle_price":[],"bundled_items":[],"bundle_sell_ids":[],"exclude_global_add_ons":[],"addons":[],"acf":[],"_links":{"self":[{"href":"https:\/\/kraftwerk-shop.cc\/cs\/wp-json\/wp\/v2\/product\/68253502","targetHints":{"allow":["GET"]}}],"collection":[{"href":"https:\/\/kraftwerk-shop.cc\/cs\/wp-json\/wp\/v2\/product"}],"about":[{"href":"https:\/\/kraftwerk-shop.cc\/cs\/wp-json\/wp\/v2\/types\/product"}],"replies":[{"embeddable":true,"href":"https:\/\/kraftwerk-shop.cc\/cs\/wp-json\/wp\/v2\/comments?post=68253502"}],"version-history":[{"count":0,"href":"https:\/\/kraftwerk-shop.cc\/cs\/wp-json\/wp\/v2\/product\/68253502\/revisions"}],"wp:featuredmedia":[{"embeddable":true,"href":"https:\/\/kraftwerk-shop.cc\/cs\/wp-json\/wp\/v2\/media\/68271408"}],"wp:attachment":[{"href":"https:\/\/kraftwerk-shop.cc\/cs\/wp-json\/wp\/v2\/media?parent=68253502"}],"wp:term":[{"taxonomy":"product_brand","embeddable":true,"href":"https:\/\/kraftwerk-shop.cc\/cs\/wp-json\/wp\/v2\/product_brand?post=68253502"},{"taxonomy":"product_cat","embeddable":true,"href":"https:\/\/kraftwerk-shop.cc\/cs\/wp-json\/wp\/v2\/product_cat?post=68253502"},{"taxonomy":"product_tag","embeddable":true,"href":"https:\/\/kraftwerk-shop.cc\/cs\/wp-json\/wp\/v2\/product_tag?post=68253502"}],"curies":[{"name":"wp","href":"https:\/\/api.w.org\/{rel}","templated":true}]}}