{"id":68253534,"date":"2021-09-17T12:56:47","date_gmt":"2021-09-17T12:56:47","guid":{"rendered":"https:\/\/kraftwerk-gruppe.de\/?post_type=product&#038;p=68253534"},"modified":"2026-04-16T11:28:08","modified_gmt":"2026-04-16T09:28:08","slug":"olejovy-filtr-mopar-jeep-grand-cherokee","status":"publish","type":"product","link":"https:\/\/kraftwerk-shop.cc\/cs\/produkt\/mopar-oelfilter-jeep-grand-cherokee\/","title":{"rendered":"Olejov\u00fd filtr Mopar Jeep Grand Cherokee"},"content":{"rendered":"<h1>Olejov\u00fd filtr Mopar Jeep Grand Cherokee - <span lang=\"DE\">Origin\u00e1ln\u00ed n\u00e1hradn\u00ed d\u00edl<\/span><\/h1>\n<p>&nbsp;<\/p>\n<p><strong>\u010c\u00edslo d\u00edlu Mopar:<\/strong> 5281090AB, 04884899AC, 4884899AC, 04892339AB, 4892339AB<br \/>\n<strong>Nahrazeno:<\/strong> 53020311, 5281090AA, 04884899AA, 04884899AB, 4884899AA, 4884899AB, 04892339AA, 4892339AA.<\/p>\n<p>&nbsp;<\/p>\n<p>Aby motor va\u0161eho vozu Jeep Grand Cherokee spr\u00e1vn\u011b fungoval, mus\u00ed b\u00fdt provozov\u00e1n s \u010dist\u00fdm motorov\u00fdm olejem.<br \/>\nProbl\u00e9mem je, \u017ee i nov\u00fd motorov\u00fd olej m\u016f\u017ee obsahovat ne\u010distoty. Ty se p\u0159i pr\u016fchodu motorem hromad\u00ed na r\u016fzn\u00fdch \u010d\u00e1stech a zhor\u0161uj\u00ed efektivn\u00ed pohyb.<br \/>\nSpolu s dal\u0161\u00edmi ne\u010distotami, kter\u00e9 motorov\u00fd olej na sv\u00e9 cest\u011b motorem zachyt\u00ed, mohou v\u00e9st k po\u0161kozen\u00ed motoru.<br \/>\nZde p\u0159ich\u00e1z\u00ed ke slovu origin\u00e1ln\u00ed olejov\u00fd filtr Mopar.<br \/>\nZachycuje tyto mikroskopick\u00e9 pot\u00ed\u017ee na cest\u011b oleje, tak\u017ee do motoru proud\u00ed pouze \u010dist\u00fd olej, kter\u00fd ma\u017ee r\u016fzn\u00e9 d\u00edly. \u010casem se v\u0161ak i kvalitn\u00ed olejov\u00fd filtr porouch\u00e1 nebo ucpe.<\/p>\n<p>Pokud je t\u0159eba vym\u011bnit olejov\u00fd filtr, m\u011bli byste se ujistit, \u017ee pou\u017e\u00edv\u00e1te origin\u00e1ln\u00ed olejov\u00fd filtr Mopar.<br \/>\nJedn\u00e1 se o jedin\u00e9 filtry, u nich\u017e je zaru\u010dena kompatibilita s motorem va\u0161eho vozu Jeep Grand Cherokee, tak\u017ee se m\u016f\u017eete spolehnout na jejich kompatibilitu a v\u00fdkon.<br \/>\nOlejov\u00fd filtr od jin\u00e9ho dodavatele nemus\u00ed b\u00fdt 100% dokonale padnouc\u00ed, co\u017e m\u016f\u017ee v\u00e9st k net\u011bsnostem nebo je\u0161t\u011b z\u00e1va\u017en\u011bj\u0161\u00edm probl\u00e9m\u016fm s motorem.<\/p>\n<p>V na\u0161em internetov\u00e9m obchod\u011b najdete origin\u00e1ln\u00ed olejov\u00e9 filtry Mopar, kter\u00e9 jsou vhodn\u00e9 pro v\u00e1\u0161 Jeep Grand Cherokee.<\/p>\n<p>Tento origin\u00e1ln\u00ed d\u00edl Mopar spl\u0148uje v\u0161echny po\u017eadavky tov\u00e1rn\u00ed z\u00e1ruky.<\/p>","protected":false},"excerpt":{"rendered":"<p><span lang=\"DE\" style=\"display: inline;\">Origin\u00e1ln\u00ed d\u00edl Mopar<\/span><\/p>","protected":false},"featured_media":68271428,"comment_status":"open","ping_status":"closed","template":"","meta":{"_acf_changed":false},"product_brand":[16270],"product_cat":[4810,1751,1759,1767,1775],"product_tag":[4988,4989,4993,4249,4250,18178,18176,18177,217,4990,4991,685,4992,689,91,5081,686,5080,92,93,688,2321,648,126,675,50,4425,4427,4426,36,31,8813,9424,16271,16273,16275,16272,16274,7221,404,2320,1091,647,2453,655,34,35,674,96,1056,164,38,102,37,673],"class_list":{"0":"post-68253534","1":"product","2":"type-product","3":"status-publish","4":"has-post-thumbnail","6":"product_brand-mopar","7":"product_cat-grand-cherokee-57-2005-2010-wartung","8":"product_cat-grand-cherokee-57-2011-2021-wartung","9":"product_cat-grand-cherokee-61-wartung","10":"product_cat-trackhawk-wartung","11":"product_cat-grand-cherokee-64-wartung","12":"product_tag-04884899aa","13":"product_tag-04884899ab","14":"product_tag-04884899ac","15":"product_tag-04892339aa","16":"product_tag-04892339ab","17":"product_tag-05281090aa","18":"product_tag-05281090ab","19":"product_tag-18177","20":"product_tag-217","21":"product_tag-4884899aa","22":"product_tag-4884899ab","23":"product_tag-4884899ac","24":"product_tag-4892339aa","25":"product_tag-4892339ab","26":"product_tag-5-7","27":"product_tag-5281090aa","28":"product_tag-5281090ab","29":"product_tag-5080","30":"product_tag-6-1","31":"product_tag-6-4","32":"product_tag-cherokee-wartung","33":"product_tag-erstausruester","34":"product_tag-filter","35":"product_tag-hemi","36":"product_tag-inspektion","37":"product_tag-jeep","38":"product_tag-jeep-grand-cherokee","39":"product_tag-jeep-grand-cherokee-trackhawk","40":"product_tag-jeep-trackhawk","41":"product_tag-kraftwerk","42":"product_tag-mopar","43":"product_tag-mopar-autoteile","44":"product_tag-mopar-ersatzteile","45":"product_tag-mopar-ersatzteile-kaufen","46":"product_tag-mopar-performance-teile","47":"product_tag-mopar-teile-katalog","48":"product_tag-mopar-teile-online","49":"product_tag-mopar-tuningteile","50":"product_tag-mopar10","51":"product_tag-motoroel","52":"product_tag-motoroelfilter","53":"product_tag-oem","54":"product_tag-oelfilter","55":"product_tag-oelfilter10","56":"product_tag-oelwechsel","57":"product_tag-original","58":"product_tag-originalersatzteil","59":"product_tag-service","60":"product_tag-srt","61":"product_tag-srt-8","62":"product_tag-srt8","63":"product_tag-teile","64":"product_tag-trackhawk","65":"product_tag-wartung","66":"product_tag-zubehoer","68":"first","69":"instock","70":"taxable","71":"shipping-taxable","72":"purchasable","73":"product-type-variable"},"bundled_by":[],"bundle_stock_status":"instock","bundle_stock_quantity":661,"bundle_virtual":false,"bundle_layout":"","bundle_add_to_cart_form_location":"","bundle_editable_in_cart":false,"bundle_sold_individually_context":"","bundle_item_grouping":"","bundle_min_size":"","bundle_max_size":"","bundle_price":[],"bundled_items":[],"bundle_sell_ids":[],"exclude_global_add_ons":[],"addons":[],"acf":[],"_links":{"self":[{"href":"https:\/\/kraftwerk-shop.cc\/cs\/wp-json\/wp\/v2\/product\/68253534","targetHints":{"allow":["GET"]}}],"collection":[{"href":"https:\/\/kraftwerk-shop.cc\/cs\/wp-json\/wp\/v2\/product"}],"about":[{"href":"https:\/\/kraftwerk-shop.cc\/cs\/wp-json\/wp\/v2\/types\/product"}],"replies":[{"embeddable":true,"href":"https:\/\/kraftwerk-shop.cc\/cs\/wp-json\/wp\/v2\/comments?post=68253534"}],"version-history":[{"count":0,"href":"https:\/\/kraftwerk-shop.cc\/cs\/wp-json\/wp\/v2\/product\/68253534\/revisions"}],"wp:featuredmedia":[{"embeddable":true,"href":"https:\/\/kraftwerk-shop.cc\/cs\/wp-json\/wp\/v2\/media\/68271428"}],"wp:attachment":[{"href":"https:\/\/kraftwerk-shop.cc\/cs\/wp-json\/wp\/v2\/media?parent=68253534"}],"wp:term":[{"taxonomy":"product_brand","embeddable":true,"href":"https:\/\/kraftwerk-shop.cc\/cs\/wp-json\/wp\/v2\/product_brand?post=68253534"},{"taxonomy":"product_cat","embeddable":true,"href":"https:\/\/kraftwerk-shop.cc\/cs\/wp-json\/wp\/v2\/product_cat?post=68253534"},{"taxonomy":"product_tag","embeddable":true,"href":"https:\/\/kraftwerk-shop.cc\/cs\/wp-json\/wp\/v2\/product_tag?post=68253534"}],"curies":[{"name":"wp","href":"https:\/\/api.w.org\/{rel}","templated":true}]}}