{"id":68253596,"date":"2021-09-17T12:56:51","date_gmt":"2021-09-17T12:56:51","guid":{"rendered":"https:\/\/kraftwerk-gruppe.de\/?post_type=product&#038;p=68253596"},"modified":"2026-04-06T15:46:32","modified_gmt":"2026-04-06T13:46:32","slug":"mopar-vzduchovy-filtr-dodge-challenger","status":"publish","type":"product","link":"https:\/\/kraftwerk-shop.cc\/cs\/produkt\/mopar-luftfilter-dodge-challenger\/","title":{"rendered":"Vzduchov\u00fd filtr Mopar Dodge Challenger"},"content":{"rendered":"<h1>Origin\u00e1ln\u00ed vzduchov\u00fd filtr Mopar pro Dodge Challenger<\/h1>\n<p>&nbsp;<\/p>\n<p><strong>\u010c\u00edsla d\u00edl\u016f Mopar:<\/strong> 5019002AA, 5037615AA, 68172459AA, 4861746AB, 05019002AA, 05037615AA, 04861746AB<\/p>\n<p>&nbsp;<\/p>\n<p>&nbsp;<\/p>\n<p>Origin\u00e1ln\u00ed vzduchov\u00e9 filtry Mopar ve va\u0161em vozidle slou\u017e\u00ed k ochran\u011b motoru va\u0161eho vozu Dodge Durango. Bez nich by ne\u010distoty a \u0161kodliviny zt\u011b\u017eovaly spr\u00e1vnou funkci va\u0161eho motoru a kvalita va\u0161eho vzduchu by zna\u010dn\u011b utrp\u011bla.<br \/>\nMotor je z\u00e1visl\u00fd na vzduchu, kter\u00fd ho chlad\u00ed a vyr\u00e1b\u00ed energii, tak\u017ee neust\u00e1le spot\u0159ebov\u00e1v\u00e1 velk\u00e9 mno\u017estv\u00ed vzduchu.<br \/>\nVzduchov\u00fd filtr motoru zachycuje ne\u010distoty a prach d\u0159\u00edve, ne\u017e se dostanou do motoru a zp\u016fsob\u00ed jeho po\u0161kozen\u00ed.<br \/>\nPokud je filtr zne\u010di\u0161t\u011bn\u00fd nebo ucpan\u00fd, sni\u017euje se jeho v\u00fdkon. Hromad\u00ed se v n\u011bm karbon, do motoru se dost\u00e1v\u00e1 m\u00e9n\u011b vzduchu a doch\u00e1z\u00ed k nespr\u00e1vn\u00e9mu zapalov\u00e1n\u00ed.<br \/>\nMo\u017en\u00e1 si dokonce v\u0161imnete, \u017ee va\u0161e spot\u0159eba paliva kles\u00e1.<\/p>\n<p>Neriskujte, kdy\u017e se spokoj\u00edte s dodate\u010dn\u011b dod\u00e1van\u00fdm vzduchov\u00fdm filtrem. Pokud \u010d\u00e1stice ne\u010distot proniknou p\u0159es nespr\u00e1vn\u011b namontovan\u00fd vzduchov\u00fd filtr, mohou zp\u016fsobit po\u0161kozen\u00ed bloku motoru nebo po\u0161kodit v\u00e1lce.<br \/>\nOrigin\u00e1ln\u00ed vzduchov\u00e9 filtry Mopar\u00ae v na\u0161\u00ed online nab\u00eddce jsou p\u0159izp\u016fsobeny va\u0161emu vozu Dodge Challenger, tak\u017ee se m\u016f\u017eete spolehnout na jejich vhodnost.<\/p>","protected":false},"excerpt":{"rendered":"<p><span lang=\"DE\" style=\"display: inline;\">Origin\u00e1ln\u00ed d\u00edl Mopar<\/span><\/p>","protected":false},"featured_media":68274831,"comment_status":"open","ping_status":"closed","template":"","meta":{"_acf_changed":false},"product_brand":[16270],"product_cat":[2575,1671,1679,1687,1695,1703],"product_tag":[58,59,4479,87,88,169,706,91,708,4478,92,101,93,707,8777,603,8770,8786,915,54,8803,8819,8792,8823,8676,8814,8806,8805,8810,8811,8824,8830,8836,8837,8796,8818,8797,8835,8674,8840,49,8828,3853,8826,8800,8822,8691,8831,8847,8842,8850,8848,8844,8812,8825,8834,8698,8682,8815,8807,8827,8838,8802,8801,8832,8808,8668,8515,692,63,8625,8790,8635,648,8794,8809,8817,8784,8771,8776,100,126,8772,8846,8641,8654,8778,441,8774,8638,8773,57,8683,8833,8653,8839,31,8813,8820,8799,8849,8795,8829,8645,8841,8667,8651,7221,1020,8652,8816,8821,8637,8793,1091,8845,914,34,8798,8843,8791,8804,8775,8769,700,3402,2413,96,7637,37,673],"class_list":{"0":"post-68253596","1":"product","2":"type-product","3":"status-publish","4":"has-post-thumbnail","6":"product_brand-mopar","7":"product_cat-challenger-35-wartung","8":"product_cat-challenger-36-wartung","9":"product_cat-challenger-57-wartung","10":"product_cat-challenger-61-wartung","11":"product_cat-challenger-hellcat-wartung","12":"product_cat-challenger-64-wartung","13":"product_tag-04861746ab","14":"product_tag-05019002aa","15":"product_tag-05037615aa","16":"product_tag-2-7","17":"product_tag-3-5","18":"product_tag-3-6","19":"product_tag-4861746ab","20":"product_tag-5-7","21":"product_tag-5019002aa","22":"product_tag-5037615aa","23":"product_tag-6-1","24":"product_tag-6-2","25":"product_tag-6-4","26":"product_tag-68172459aa","27":"product_tag-angebot","28":"product_tag-anleitung","29":"product_tag-auto","30":"product_tag-autoteile","31":"product_tag-bestellen","32":"product_tag-challenger","33":"product_tag-challenger-autoteile","34":"product_tag-challenger-ersatzfilter-kaufen","35":"product_tag-challenger-ersatzteile","36":"product_tag-challenger-fahrzeugpflege","37":"product_tag-challenger-filter","38":"product_tag-challenger-luftfilter-angebot","39":"product_tag-challenger-luftfilter-kaufen","40":"product_tag-challenger-luftfilter-oem","41":"product_tag-challenger-luftfilter-original","42":"product_tag-challenger-luftfilter-qualitaet","43":"product_tag-challenger-motorfilter-bestellen","44":"product_tag-challenger-motorfilter-qualitaet","45":"product_tag-challenger-motorteile","46":"product_tag-challenger-reinigung","47":"product_tag-challenger-service","48":"product_tag-challenger-staubschutz","49":"product_tag-challenger-wartung","50":"product_tag-challenger-wartungszubehoer","51":"product_tag-challenger-zubehoer","52":"product_tag-challenger-zubehoer-online","53":"product_tag-dodge","54":"product_tag-dodge-autopflege","55":"product_tag-dodge-challenger","56":"product_tag-dodge-challenger-ersatzteilnummer","57":"product_tag-dodge-challenger-filter","58":"product_tag-dodge-challenger-filter-oem","59":"product_tag-dodge-challenger-filterwechsel","60":"product_tag-dodge-challenger-hochleistung","61":"product_tag-dodge-challenger-luftfilter-ersatzteil","62":"product_tag-dodge-challenger-luftfilter-kaufen","63":"product_tag-dodge-challenger-luftfilter-online-bestellen","64":"product_tag-dodge-challenger-luftfilter-wechseln","65":"product_tag-dodge-challenger-motorluftfilter","66":"product_tag-dodge-challenger-motorwartung","67":"product_tag-dodge-challenger-service","68":"product_tag-dodge-challenger-staubschutz","69":"product_tag-dodge-challenger-zubehoer","70":"product_tag-dodge-ersatzteile","71":"product_tag-dodge-filter-online","72":"product_tag-dodge-filter-service","73":"product_tag-dodge-filterwartung","74":"product_tag-dodge-hochleistungsfilter","75":"product_tag-dodge-luftfilter-wechseln","76":"product_tag-dodge-motorfilter","77":"product_tag-dodge-original-zubehoer","78":"product_tag-dodge-wartungsteile","79":"product_tag-dodge-zubehoer","80":"product_tag-ersatzfilter","81":"product_tag-ersatzteil","82":"product_tag-ersatzteile","83":"product_tag-fahrzeug","84":"product_tag-fahrzeugpflege","85":"product_tag-fahrzeugwartung","86":"product_tag-filter","87":"product_tag-filter-dodge","88":"product_tag-filter-fuer-dodge-challenger","89":"product_tag-filterqualitaet-dodge","90":"product_tag-filterwechsel","91":"product_tag-filtration","92":"product_tag-guenstig","93":"product_tag-hellcat","94":"product_tag-hemi","95":"product_tag-hochleistung","96":"product_tag-hochleistungs-luftfilter-dodge-challenger","97":"product_tag-hochleistungsfilter","98":"product_tag-hochleistungsluftfilter","99":"product_tag-installation-2","100":"product_tag-kaufen","101":"product_tag-kompatibel","102":"product_tag-kraftstoffeffizienz","103":"product_tag-langlebig","104":"product_tag-luftfilter","105":"product_tag-luftfilter-fuer-dodge","106":"product_tag-luftfilter-fuer-muscle-cars","107":"product_tag-luftfilter-kaufen","108":"product_tag-luftfilter-vergleich","109":"product_tag-mopar","110":"product_tag-mopar-autoteile","111":"product_tag-mopar-challenger-filter","112":"product_tag-mopar-dodge","113":"product_tag-mopar-ersatzteile-dodge-challenger","114":"product_tag-mopar-filter","115":"product_tag-mopar-filter-dodge","116":"product_tag-mopar-luftfilter","117":"product_tag-mopar-luftfilter-dodge-challenger","118":"product_tag-mopar-qualitaet","119":"product_tag-mopar-zubehoer","120":"product_tag-mopar10","121":"product_tag-motor","122":"product_tag-motorfilter","123":"product_tag-motorfilter-kaufen","124":"product_tag-motorfilter-original","125":"product_tag-motorleistung","126":"product_tag-motorpflege","127":"product_tag-oem","128":"product_tag-oem-luftfilter-dodge-challenger","129":"product_tag-online","130":"product_tag-original","131":"product_tag-original-ersatzteil","132":"product_tag-original-luftfilter-dodge-challenger","133":"product_tag-original-mopar","134":"product_tag-original-mopar-ersatz","135":"product_tag-passend","136":"product_tag-qualitaet","137":"product_tag-reinigung","138":"product_tag-schmutz","139":"product_tag-schutz","140":"product_tag-srt","141":"product_tag-staubschutz","142":"product_tag-wartung","143":"product_tag-zubehoer","144":"pa_motor-3-5-2","145":"pa_motor-3-6-2","146":"pa_motor-5-7-ab-2011","147":"pa_motor-5-7-bis-2011","148":"pa_motor-6-1-srt8","149":"pa_motor-6-2-hellcat-2015-2023","150":"pa_motor-6-4-srt-2","152":"first","153":"instock","154":"taxable","155":"shipping-taxable","156":"purchasable","157":"product-type-variable"},"bundled_by":[],"bundle_stock_status":"instock","bundle_stock_quantity":96,"bundle_virtual":false,"bundle_layout":"","bundle_add_to_cart_form_location":"","bundle_editable_in_cart":false,"bundle_sold_individually_context":"","bundle_item_grouping":"","bundle_min_size":"","bundle_max_size":"","bundle_price":[],"bundled_items":[],"bundle_sell_ids":[],"exclude_global_add_ons":[],"addons":[],"acf":[],"_links":{"self":[{"href":"https:\/\/kraftwerk-shop.cc\/cs\/wp-json\/wp\/v2\/product\/68253596","targetHints":{"allow":["GET"]}}],"collection":[{"href":"https:\/\/kraftwerk-shop.cc\/cs\/wp-json\/wp\/v2\/product"}],"about":[{"href":"https:\/\/kraftwerk-shop.cc\/cs\/wp-json\/wp\/v2\/types\/product"}],"replies":[{"embeddable":true,"href":"https:\/\/kraftwerk-shop.cc\/cs\/wp-json\/wp\/v2\/comments?post=68253596"}],"version-history":[{"count":0,"href":"https:\/\/kraftwerk-shop.cc\/cs\/wp-json\/wp\/v2\/product\/68253596\/revisions"}],"wp:featuredmedia":[{"embeddable":true,"href":"https:\/\/kraftwerk-shop.cc\/cs\/wp-json\/wp\/v2\/media\/68274831"}],"wp:attachment":[{"href":"https:\/\/kraftwerk-shop.cc\/cs\/wp-json\/wp\/v2\/media?parent=68253596"}],"wp:term":[{"taxonomy":"product_brand","embeddable":true,"href":"https:\/\/kraftwerk-shop.cc\/cs\/wp-json\/wp\/v2\/product_brand?post=68253596"},{"taxonomy":"product_cat","embeddable":true,"href":"https:\/\/kraftwerk-shop.cc\/cs\/wp-json\/wp\/v2\/product_cat?post=68253596"},{"taxonomy":"product_tag","embeddable":true,"href":"https:\/\/kraftwerk-shop.cc\/cs\/wp-json\/wp\/v2\/product_tag?post=68253596"}],"curies":[{"name":"wp","href":"https:\/\/api.w.org\/{rel}","templated":true}]}}