{"id":68253607,"date":"2021-09-17T12:56:52","date_gmt":"2021-09-17T12:56:52","guid":{"rendered":"https:\/\/kraftwerk-gruppe.de\/?post_type=product&#038;p=68253607"},"modified":"2026-04-07T12:13:20","modified_gmt":"2026-04-07T10:13:20","slug":"mopar-vzduchovy-filtr-dodge-charger-2","status":"publish","type":"product","link":"https:\/\/kraftwerk-shop.cc\/cs\/produkt\/mopar-luftfilter-dodge-charger\/","title":{"rendered":"Vzduchov\u00fd filtr Mopar Dodge Charger"},"content":{"rendered":"<h1>Origin\u00e1ln\u00ed vzduchov\u00fd filtr Mopar pro Dodge Charger<\/h1>\n<p>&nbsp;<\/p>\n<p><strong>\u010c\u00edsla d\u00edl\u016f Mopar:<\/strong> 5019002AA, 5037615AA, 68172459AA, 4861746AB, 05019002AA, 05037615AA, 04861746AB<\/p>\n<p>&nbsp;<\/p>\n<p>Origin\u00e1ln\u00ed vzduchov\u00e9 filtry Mopar ve va\u0161em vozidle slou\u017e\u00ed k ochran\u011b motoru va\u0161eho vozu Dodge Durango. Bez nich by ne\u010distoty a \u0161kodliviny zt\u011b\u017eovaly spr\u00e1vnou funkci va\u0161eho motoru a kvalita va\u0161eho vzduchu by zna\u010dn\u011b utrp\u011bla.<br \/>\nMotor je z\u00e1visl\u00fd na vzduchu, kter\u00fd ho chlad\u00ed a vyr\u00e1b\u00ed energii, tak\u017ee neust\u00e1le spot\u0159ebov\u00e1v\u00e1 velk\u00e9 mno\u017estv\u00ed vzduchu.<br \/>\nVzduchov\u00fd filtr motoru zachycuje ne\u010distoty a prach d\u0159\u00edve, ne\u017e se dostanou do motoru a zp\u016fsob\u00ed jeho po\u0161kozen\u00ed.<br \/>\nPokud je filtr zne\u010di\u0161t\u011bn\u00fd nebo ucpan\u00fd, sni\u017euje se jeho v\u00fdkon. Hromad\u00ed se v n\u011bm karbon, do motoru se dost\u00e1v\u00e1 m\u00e9n\u011b vzduchu a doch\u00e1z\u00ed k nespr\u00e1vn\u00e9mu zapalov\u00e1n\u00ed.<br \/>\nMo\u017en\u00e1 si dokonce v\u0161imnete, \u017ee va\u0161e spot\u0159eba paliva kles\u00e1.<\/p>\n<p>Neriskujte, kdy\u017e se spokoj\u00edte s dodate\u010dn\u011b dod\u00e1van\u00fdm vzduchov\u00fdm filtrem. Pokud \u010d\u00e1stice ne\u010distot proniknou p\u0159es nespr\u00e1vn\u011b namontovan\u00fd vzduchov\u00fd filtr, mohou zp\u016fsobit po\u0161kozen\u00ed bloku motoru nebo po\u0161kodit v\u00e1lce.<br \/>\nOrigin\u00e1ln\u00ed vzduchov\u00e9 filtry Mopar\u00ae z na\u0161\u00ed online nab\u00eddky jsou p\u0159izp\u016fsobeny va\u0161emu vozu Dodge Charger, tak\u017ee se m\u016f\u017eete spolehnout na jejich vhodnost.<\/p>","protected":false},"excerpt":{"rendered":"<p><span lang=\"DE\" style=\"display: inline;\">Origin\u00e1ln\u00ed d\u00edl Mopar<\/span><\/p>","protected":false},"featured_media":68274823,"comment_status":"open","ping_status":"closed","template":"","meta":{"_acf_changed":false},"product_brand":[16270],"product_cat":[1598,1606,1614,5163,1622,1630,1638],"product_tag":[58,59,4479,87,88,169,706,91,708,4478,92,101,93,707,53,49,3854,692,100,126,57,31,7221,34,96],"class_list":{"0":"post-68253607","1":"product","2":"type-product","3":"status-publish","4":"has-post-thumbnail","6":"product_brand-mopar","7":"product_cat-charger-35-wartung","8":"product_cat-charger-36-wartung","9":"product_cat-charger-57-wartung","10":"product_cat-dodge-charger-57-2011-2023-wartung","11":"product_cat-charger-61-wartung","12":"product_cat-charger-hellcat-wartung","13":"product_cat-charger-64-wartung","14":"product_tag-04861746ab","15":"product_tag-05019002aa","16":"product_tag-05037615aa","17":"product_tag-2-7","18":"product_tag-3-5","19":"product_tag-3-6","20":"product_tag-4861746ab","21":"product_tag-5-7","22":"product_tag-5019002aa","23":"product_tag-5037615aa","24":"product_tag-6-1","25":"product_tag-6-2","26":"product_tag-6-4","27":"product_tag-68172459aa","28":"product_tag-charger","29":"product_tag-dodge","30":"product_tag-dodge-charger","31":"product_tag-ersatzteil","32":"product_tag-hellcat","33":"product_tag-hemi","34":"product_tag-luftfilter","35":"product_tag-mopar","36":"product_tag-mopar10","37":"product_tag-original","38":"product_tag-srt","39":"product_shipping_class-deutschlandohne","40":"pa_motor-3-5-2","41":"pa_motor-3-6-2","42":"pa_motor-5-7-ab-2011","43":"pa_motor-5-7-bis-2011","44":"pa_motor-6-1-srt8","45":"pa_motor-6-2-hellcat-2015-2023","46":"pa_motor-6-4-srt-2","48":"first","49":"instock","50":"taxable","51":"shipping-taxable","52":"purchasable","53":"product-type-variable"},"bundled_by":[],"bundle_stock_status":"instock","bundle_stock_quantity":96,"bundle_virtual":false,"bundle_layout":"","bundle_add_to_cart_form_location":"","bundle_editable_in_cart":false,"bundle_sold_individually_context":"","bundle_item_grouping":"","bundle_min_size":"","bundle_max_size":"","bundle_price":[],"bundled_items":[],"bundle_sell_ids":[],"exclude_global_add_ons":[],"addons":[],"acf":[],"_links":{"self":[{"href":"https:\/\/kraftwerk-shop.cc\/cs\/wp-json\/wp\/v2\/product\/68253607","targetHints":{"allow":["GET"]}}],"collection":[{"href":"https:\/\/kraftwerk-shop.cc\/cs\/wp-json\/wp\/v2\/product"}],"about":[{"href":"https:\/\/kraftwerk-shop.cc\/cs\/wp-json\/wp\/v2\/types\/product"}],"replies":[{"embeddable":true,"href":"https:\/\/kraftwerk-shop.cc\/cs\/wp-json\/wp\/v2\/comments?post=68253607"}],"version-history":[{"count":0,"href":"https:\/\/kraftwerk-shop.cc\/cs\/wp-json\/wp\/v2\/product\/68253607\/revisions"}],"wp:featuredmedia":[{"embeddable":true,"href":"https:\/\/kraftwerk-shop.cc\/cs\/wp-json\/wp\/v2\/media\/68274823"}],"wp:attachment":[{"href":"https:\/\/kraftwerk-shop.cc\/cs\/wp-json\/wp\/v2\/media?parent=68253607"}],"wp:term":[{"taxonomy":"product_brand","embeddable":true,"href":"https:\/\/kraftwerk-shop.cc\/cs\/wp-json\/wp\/v2\/product_brand?post=68253607"},{"taxonomy":"product_cat","embeddable":true,"href":"https:\/\/kraftwerk-shop.cc\/cs\/wp-json\/wp\/v2\/product_cat?post=68253607"},{"taxonomy":"product_tag","embeddable":true,"href":"https:\/\/kraftwerk-shop.cc\/cs\/wp-json\/wp\/v2\/product_tag?post=68253607"}],"curies":[{"name":"wp","href":"https:\/\/api.w.org\/{rel}","templated":true}]}}