{"id":68253686,"date":"2021-09-17T12:56:55","date_gmt":"2021-09-17T12:56:55","guid":{"rendered":"https:\/\/kraftwerk-gruppe.de\/?post_type=product&#038;p=68253686"},"modified":"2026-02-15T00:46:06","modified_gmt":"2026-02-14T23:46:06","slug":"hellcat-trackhawk-kompresorove-kolo-2-65","status":"publish","type":"product","link":"https:\/\/kraftwerk-shop.cc\/cs\/produkt\/hellcat-trackhawk-kompressorrad-2-65\/","title":{"rendered":"Hellcat \/ Trackhawk \/ TRX kolo p\u0159epl\u0148ov\u00e1n\u00ed 2,65\u2033"},"content":{"rendered":"<h1>2,65\u2033 \u0159emenice turbodmychadla pro vy\u0161\u0161\u00ed plnic\u00ed tlak<\/h1>\n<p>&nbsp;<\/p>\n<p>Kolo kompresoru je dvoud\u00edln\u00e9, krou\u017eek lze v p\u0159\u00edpad\u011b pot\u0159eby vym\u011bnit za jin\u00fd pr\u016fm\u011br.<\/p>\n<p>&nbsp;<\/p>\n<p><strong>Vhodn\u00e9 pro:<\/strong><\/p>\n<table width=\"449\">\n<tbody>\n<tr>\n<td width=\"115\"><strong>Zna\u010dka<\/strong><\/td>\n<td width=\"145\"><strong>Model<\/strong><\/td>\n<td width=\"106\">Motor<\/td>\n<td width=\"83\"><strong>Rok v\u00fdstavby<\/strong><\/td>\n<\/tr>\n<tr>\n<td width=\"115\">Dodge<\/td>\n<td width=\"145\">Charger<\/td>\n<td width=\"106\">6.2 Hellcat<\/td>\n<td width=\"83\">2015\u20132023<\/td>\n<\/tr>\n<tr>\n<td width=\"115\">Dodge<\/td>\n<td width=\"145\">Challenger<\/td>\n<td width=\"106\">6.2 Hellcat<\/td>\n<td width=\"83\">2015\u20132023<\/td>\n<\/tr>\n<tr>\n<td width=\"115\">Dodge<\/td>\n<td width=\"145\">Durango<\/td>\n<td width=\"106\">6.2 Hellcat<\/td>\n<td width=\"83\">2021\u20132025<\/td>\n<\/tr>\n<tr>\n<td width=\"115\">Jeep<\/td>\n<td width=\"145\">Grand Cherokee<\/td>\n<td width=\"106\">6.2 Trackhawk<\/td>\n<td width=\"83\">2018\u20132021<\/td>\n<\/tr>\n<tr>\n<td width=\"115\">RAM<\/td>\n<td width=\"145\">1500<\/td>\n<td width=\"106\">TRX<\/td>\n<td width=\"83\">2021\u20132024<\/td>\n<\/tr>\n<\/tbody>\n<\/table>\n<p>&nbsp;<\/p>\n<p><strong>Pozn\u00e1mky:<\/strong><\/p>\n<ul>\n<li>Tato \u0159emenice je ur\u010dena pouze pro profesion\u00e1ln\u00ed instalaci<\/li>\n<li>N\u00e1vod k instalaci nen\u00ed sou\u010d\u00e1st\u00ed dod\u00e1vky<\/li>\n<li>K instalaci je zapot\u0159eb\u00ed speci\u00e1ln\u00ed n\u00e1\u0159ad\u00ed<\/li>\n<li>Je nutn\u00fd krat\u0161\u00ed \u0159emen<\/li>\n<li>\u0158\u00eddic\u00ed jednotka motoru mus\u00ed b\u00fdt p\u0159izp\u016fsobena<\/li>\n<li>Jsou nutn\u00e9 dal\u0161\u00ed \u00fapravy vozidla<\/li>\n<\/ul>\n<p>&nbsp;<\/p>\n<p>&nbsp;<\/p>","protected":false},"excerpt":{"rendered":"<p>2.65&#8243; Supercharger Pulley f\u00fcr h\u00f6heren Ladedruck &nbsp; Das Kompressorrad ist zweiteilig, bei Bedarf kann der Ring gegen einen anderen Durchmesser<\/p>","protected":false},"featured_media":68275463,"comment_status":"open","ping_status":"closed","template":"","meta":{"_acf_changed":false},"product_brand":[20097],"product_cat":[2585,2709,2708,2669,2701],"product_tag":[475,727,101,54,53,49,3853,3854,3415,56,2452,100,723,50,4425,4427,4426,722,242,394,36,382,157,397,86,721,246,102,2353,233],"class_list":{"0":"post-68253686","1":"product","2":"type-product","3":"status-publish","4":"has-post-thumbnail","6":"product_brand-metco","7":"product_cat-challenger-hellcat-kompressor","8":"product_cat-charger-hellcat-kompressor","9":"product_cat-durango-hellcat-kompressor","10":"product_cat-trackhawk-kompressor","11":"product_cat-trx-kompressor","12":"product_tag-475","13":"product_tag-2-65","14":"product_tag-6-2","15":"product_tag-challenger","16":"product_tag-charger","17":"product_tag-dodge","18":"product_tag-dodge-challenger","19":"product_tag-dodge-charger","20":"product_tag-erhoehen","21":"product_tag-grand-cherokee","22":"product_tag-hcsc","23":"product_tag-hellcat","24":"product_tag-hoeher","25":"product_tag-jeep","26":"product_tag-jeep-grand-cherokee","27":"product_tag-jeep-grand-cherokee-trackhawk","28":"product_tag-jeep-trackhawk","29":"product_tag-kleiner","30":"product_tag-kompressor","31":"product_tag-kompressorrad","32":"product_tag-kraftwerk","33":"product_tag-ladedruck","34":"product_tag-metco","35":"product_tag-pulley","36":"product_tag-ram","37":"product_tag-riemenscheibe","38":"product_tag-supercharger","39":"product_tag-trackhawk","40":"product_tag-trx","41":"product_tag-tuning","43":"first","44":"onbackorder","45":"taxable","46":"shipping-taxable","47":"purchasable","48":"product-type-simple"},"bundled_by":[],"bundle_stock_status":"onbackorder","bundle_stock_quantity":0,"bundle_virtual":false,"bundle_layout":"","bundle_add_to_cart_form_location":"","bundle_editable_in_cart":false,"bundle_sold_individually_context":"","bundle_item_grouping":"","bundle_min_size":"","bundle_max_size":"","bundle_price":[],"bundled_items":[],"bundle_sell_ids":[],"exclude_global_add_ons":[],"addons":[],"acf":[],"_links":{"self":[{"href":"https:\/\/kraftwerk-shop.cc\/cs\/wp-json\/wp\/v2\/product\/68253686","targetHints":{"allow":["GET"]}}],"collection":[{"href":"https:\/\/kraftwerk-shop.cc\/cs\/wp-json\/wp\/v2\/product"}],"about":[{"href":"https:\/\/kraftwerk-shop.cc\/cs\/wp-json\/wp\/v2\/types\/product"}],"replies":[{"embeddable":true,"href":"https:\/\/kraftwerk-shop.cc\/cs\/wp-json\/wp\/v2\/comments?post=68253686"}],"version-history":[{"count":0,"href":"https:\/\/kraftwerk-shop.cc\/cs\/wp-json\/wp\/v2\/product\/68253686\/revisions"}],"wp:featuredmedia":[{"embeddable":true,"href":"https:\/\/kraftwerk-shop.cc\/cs\/wp-json\/wp\/v2\/media\/68275463"}],"wp:attachment":[{"href":"https:\/\/kraftwerk-shop.cc\/cs\/wp-json\/wp\/v2\/media?parent=68253686"}],"wp:term":[{"taxonomy":"product_brand","embeddable":true,"href":"https:\/\/kraftwerk-shop.cc\/cs\/wp-json\/wp\/v2\/product_brand?post=68253686"},{"taxonomy":"product_cat","embeddable":true,"href":"https:\/\/kraftwerk-shop.cc\/cs\/wp-json\/wp\/v2\/product_cat?post=68253686"},{"taxonomy":"product_tag","embeddable":true,"href":"https:\/\/kraftwerk-shop.cc\/cs\/wp-json\/wp\/v2\/product_tag?post=68253686"}],"curies":[{"name":"wp","href":"https:\/\/api.w.org\/{rel}","templated":true}]}}