{"id":68253704,"date":"2021-09-17T12:56:56","date_gmt":"2021-09-17T12:56:56","guid":{"rendered":"https:\/\/kraftwerk-gruppe.de\/?post_type=product&#038;p=68253704"},"modified":"2026-04-17T14:14:26","modified_gmt":"2026-04-17T12:14:26","slug":"specialni-naradi-pro-vymenu-kol-hellcat-redeye-demon","status":"publish","type":"product","link":"https:\/\/kraftwerk-shop.cc\/cs\/produkt\/spezialwerkzeug-kompressorradwechsel-hellcat-redeye-demon\/","title":{"rendered":"Speci\u00e1ln\u00ed n\u00e1stroj pro v\u00fdm\u011bnu kompresorov\u00e9ho kola Hellcat Redeye &amp; Demon"},"content":{"rendered":"<h1>Speci\u00e1ln\u00ed n\u00e1stroj pro v\u00fdm\u011bnu kompresorov\u00e9ho kola Hellcat Redeye &amp; Demon<\/h1>\n<p>&nbsp;<\/p>\n<p>Tento p\u0159\u00eddavn\u00fd adapt\u00e9r je nutn\u00fd pro pou\u017eit\u00ed speci\u00e1ln\u00edho n\u00e1stroje pro v\u00fdm\u011bnu \u0159emenice na v\u011bt\u0161\u00edm kompresoru, kter\u00fd je instalov\u00e1n v modelu Demon &amp; Redeye.<\/p>\n<p>CNC obr\u00e1b\u011bn\u00e9 z vysoce kvalitn\u00ed oceli.<\/p>\n<p>&nbsp;<\/p>\n<p><strong>Vhodn\u00e9 pro:<\/strong><\/p>\n<table border=\"0\" width=\"341\" cellspacing=\"0\" cellpadding=\"0\">\n<colgroup>\n<col \/>\n<col \/>\n<col \/> <\/colgroup>\n<tbody>\n<tr>\n<td style=\"height: 19px; width: 73px;\" height=\"19\">Dodge<\/td>\n<td style=\"width: 99px;\">Challenger<\/td>\n<td style=\"width: 168px;\">6.2 \u010cerven\u00e9 oko<\/td>\n<\/tr>\n<tr>\n<td style=\"height: 19px; width: 73px;\" height=\"19\">Dodge<\/td>\n<td style=\"width: 99px;\">Challenger<\/td>\n<td style=\"width: 168px;\">6.2 D\u00e9mon<\/td>\n<\/tr>\n<\/tbody>\n<\/table>\n<p>&nbsp;<\/p>\n<p>Lze pou\u017e\u00edt pouze ve spojen\u00ed s t\u00edmto <a href=\"https:\/\/kraftwerk-shop.cc\/cs\/produkt\/spezialwerkzeug-fur-kompressorradwechsel-hellcat-trackhawk\/\" data-link-type=\"external\" data-type=\"linkpicker\">Speci\u00e1ln\u00ed n\u00e1stroj<\/a> lze pou\u017e\u00edt.<\/p>","protected":false},"excerpt":{"rendered":"<p>Speci\u00e1ln\u00ed n\u00e1stroj pro v\u00fdm\u011bnu kola kompresoru Hellcat Redeye &amp; Demon Tento p\u0159\u00eddavn\u00fd adapt\u00e9r je nutn\u00fd k mont\u00e1\u017ei speci\u00e1ln\u00edho n\u00e1stroje pro v\u00fdm\u011bnu \u0159emenice na kompresor.<\/p>","protected":false},"featured_media":68275496,"comment_status":"open","ping_status":"closed","template":"","meta":{"_acf_changed":false},"product_brand":[20097],"product_cat":[2585,2709],"product_tag":[101,54,152,49,3853,3415,2452,100,723,50,4427,4426,722,242,394,36,382,157,397,151,721,734,246,233,733],"class_list":{"0":"post-68253704","1":"product","2":"type-product","3":"status-publish","4":"has-post-thumbnail","6":"product_brand-metco","7":"product_cat-challenger-hellcat-kompressor","8":"product_cat-charger-hellcat-kompressor","9":"product_tag-6-2","10":"product_tag-challenger","11":"product_tag-demon","12":"product_tag-dodge","13":"product_tag-dodge-challenger","14":"product_tag-erhoehen","15":"product_tag-hcsc","16":"product_tag-hellcat","17":"product_tag-hoeher","18":"product_tag-jeep","19":"product_tag-jeep-grand-cherokee-trackhawk","20":"product_tag-jeep-trackhawk","21":"product_tag-kleiner","22":"product_tag-kompressor","23":"product_tag-kompressorrad","24":"product_tag-kraftwerk","25":"product_tag-ladedruck","26":"product_tag-metco","27":"product_tag-pulley","28":"product_tag-redeye","29":"product_tag-riemenscheibe","30":"product_tag-spezialwerkzeug","31":"product_tag-supercharger","32":"product_tag-tuning","33":"product_tag-werkzeug","34":"product_shipping_class-deutschlandohne","36":"first","37":"instock","38":"taxable","39":"shipping-taxable","40":"purchasable","41":"product-type-simple"},"bundled_by":[],"bundle_stock_status":"instock","bundle_stock_quantity":1,"bundle_virtual":false,"bundle_layout":"","bundle_add_to_cart_form_location":"","bundle_editable_in_cart":false,"bundle_sold_individually_context":"","bundle_item_grouping":"","bundle_min_size":"","bundle_max_size":"","bundle_price":[],"bundled_items":[],"bundle_sell_ids":[],"exclude_global_add_ons":[],"addons":[],"acf":[],"_links":{"self":[{"href":"https:\/\/kraftwerk-shop.cc\/cs\/wp-json\/wp\/v2\/product\/68253704","targetHints":{"allow":["GET"]}}],"collection":[{"href":"https:\/\/kraftwerk-shop.cc\/cs\/wp-json\/wp\/v2\/product"}],"about":[{"href":"https:\/\/kraftwerk-shop.cc\/cs\/wp-json\/wp\/v2\/types\/product"}],"replies":[{"embeddable":true,"href":"https:\/\/kraftwerk-shop.cc\/cs\/wp-json\/wp\/v2\/comments?post=68253704"}],"version-history":[{"count":0,"href":"https:\/\/kraftwerk-shop.cc\/cs\/wp-json\/wp\/v2\/product\/68253704\/revisions"}],"wp:featuredmedia":[{"embeddable":true,"href":"https:\/\/kraftwerk-shop.cc\/cs\/wp-json\/wp\/v2\/media\/68275496"}],"wp:attachment":[{"href":"https:\/\/kraftwerk-shop.cc\/cs\/wp-json\/wp\/v2\/media?parent=68253704"}],"wp:term":[{"taxonomy":"product_brand","embeddable":true,"href":"https:\/\/kraftwerk-shop.cc\/cs\/wp-json\/wp\/v2\/product_brand?post=68253704"},{"taxonomy":"product_cat","embeddable":true,"href":"https:\/\/kraftwerk-shop.cc\/cs\/wp-json\/wp\/v2\/product_cat?post=68253704"},{"taxonomy":"product_tag","embeddable":true,"href":"https:\/\/kraftwerk-shop.cc\/cs\/wp-json\/wp\/v2\/product_tag?post=68253704"}],"curies":[{"name":"wp","href":"https:\/\/api.w.org\/{rel}","templated":true}]}}