{"id":68253707,"date":"2021-09-17T12:56:57","date_gmt":"2021-09-17T12:56:57","guid":{"rendered":"https:\/\/kraftwerk-gruppe.de\/?post_type=product&#038;p=68253707"},"modified":"2026-04-10T14:47:06","modified_gmt":"2026-04-10T12:47:06","slug":"hellcat-trackhawk-sada-pro-vymenu-kompresoroveho-oleje","status":"publish","type":"product","link":"https:\/\/kraftwerk-shop.cc\/cs\/produkt\/hellcat-trackhawk-kompressor-oelwechsel-kit\/","title":{"rendered":"Sada pro v\u00fdm\u011bnu oleje v kompresoru"},"content":{"rendered":"<h1>Sada pro v\u00fdm\u011bnu oleje u model\u016f Hellcat, Trackhawk a TRX Supercharger<\/h1>\n<p>&nbsp;<\/p>\n<p>Prodlu\u017ete \u017eivotnost sv\u00e9ho turbodmychadla pomoc\u00ed pln\u011b syntetick\u00e9ho oleje pro turbodmychadla JB Performance Stage 3 Technology.<\/p>\n<p>JB Performance Supercharger Oil je syntetick\u00fd olej s t\u0159\u00edstup\u0148ovou technologi\u00ed. Obsahuje nejnov\u011bj\u0161\u00ed olejov\u00e9 technologie, kter\u00e9 udr\u017euj\u00ed va\u0161e lo\u017eiska, t\u011bsn\u011bn\u00ed a p\u0159evody \u0159\u00e1dn\u011b promazan\u00e9.<\/p>\n<p>Udr\u017eujte \u017eivotnost kompresoru a sni\u017ete teplotu p\u0159evodovky a s n\u00ed souvisej\u00edc\u00ed tepeln\u00e9 po\u0161kozen\u00ed.<br \/>\nNi\u017e\u0161\u00ed teploty p\u0159evodovky v kompresoru znamenaj\u00ed vy\u0161\u0161\u00ed v\u00fdkon, men\u0161\u00ed t\u0159en\u00ed a men\u0161\u00ed tepeln\u00e9 po\u0161kozen\u00ed sk\u0159\u00edn\u011b p\u0159evodovky.<br \/>\nNez\u00e1visl\u00e9 testy prok\u00e1zaly sn\u00ed\u017een\u00ed teploty p\u0159evodovky o 10 a\u017e 50 stup\u0148\u016f Celsia, a to od pou\u017eit\u00ed v dragsteru a\u017e po pou\u017eit\u00ed na z\u00e1vodn\u00ed dr\u00e1ze. Ide\u00e1ln\u00ed tak\u00e9 pro ka\u017edodenn\u00ed pou\u017eit\u00ed.<\/p>\n<p>Olej JB Performance Supercharger spl\u0148uje nebo p\u0159ekra\u010duje po\u017eadavky API Service Class GL5, GL4, MT1, MIL-L-2105D, MIL-PRF-2015E, MACK GO-H, MACK GO-J, PG-1, PG-2, SCANIA STO 110 a Meritor-076N.<\/p>\n<p>&nbsp;<\/p>\n<p><strong>Rozsah dod\u00e1vky:<\/strong><\/p>\n<ul>\n<li>1 x 236 ml l\u00e1hev oleje JB Performance Supercharger<\/li>\n<li>1 x 60 ml injek\u010dn\u00ed st\u0159\u00edka\u010dka s prodlu\u017eovac\u00ed hadi\u010dkou<\/li>\n<\/ul>\n<p>&nbsp;<\/p>\n<p><strong>Vhodn\u00e9 pro:<\/strong><\/p>\n<table width=\"449\">\n<tbody>\n<tr>\n<td width=\"115\"><strong>Zna\u010dka<\/strong><\/td>\n<td width=\"145\"><strong>Model<\/strong><\/td>\n<td width=\"106\"><strong>Motor<\/strong><\/td>\n<td width=\"83\"><strong>Rok v\u00fdstavby<\/strong><\/td>\n<\/tr>\n<tr>\n<td width=\"115\">Dodge<\/td>\n<td width=\"145\">Charger<\/td>\n<td width=\"106\">6.2 Hellcat<\/td>\n<td width=\"83\">2015\u20132023<\/td>\n<\/tr>\n<tr>\n<td width=\"115\">Dodge<\/td>\n<td width=\"145\">Challenger<\/td>\n<td width=\"106\">6.2 Hellcat<\/td>\n<td width=\"83\">2015\u20132023<\/td>\n<\/tr>\n<tr>\n<td width=\"115\">Dodge<\/td>\n<td width=\"145\">Durango<\/td>\n<td width=\"106\">6.2 Hellcat<\/td>\n<td width=\"83\">2021\u20132025<\/td>\n<\/tr>\n<tr>\n<td width=\"115\">Jeep<\/td>\n<td width=\"145\">Grand Cherokee<\/td>\n<td width=\"106\">6.2 Trackhawk<\/td>\n<td width=\"83\">2018\u20132021<\/td>\n<\/tr>\n<tr>\n<td width=\"115\">RAM<\/td>\n<td width=\"145\">1500<\/td>\n<td width=\"106\">TRX<\/td>\n<td width=\"83\">2021\u20132024<\/td>\n<\/tr>\n<\/tbody>\n<\/table>","protected":false},"excerpt":{"rendered":"<p>2015\u20132023<\/p>","protected":false},"featured_media":68348843,"comment_status":"open","ping_status":"closed","template":"","meta":{"_acf_changed":false},"product_brand":[20095],"product_cat":[2585,1695,2709,1630,2708,2710,2669,1767,2701,2706],"product_tag":[101,54,53,49,3853,3854,56,100,1392,50,4425,4427,4426,1391,242,1393,36,406,655,246,102],"class_list":{"0":"post-68253707","1":"product","2":"type-product","3":"status-publish","4":"has-post-thumbnail","6":"product_brand-jon-bond","7":"product_cat-challenger-hellcat-kompressor","8":"product_cat-challenger-hellcat-wartung","9":"product_cat-charger-hellcat-kompressor","10":"product_cat-charger-hellcat-wartung","11":"product_cat-durango-hellcat-kompressor","12":"product_cat-durango-hellcat-wartung","13":"product_cat-trackhawk-kompressor","14":"product_cat-trackhawk-wartung","15":"product_cat-trx-kompressor","16":"product_cat-trx-wartung","17":"product_tag-6-2","18":"product_tag-challenger","19":"product_tag-charger","20":"product_tag-dodge","21":"product_tag-dodge-challenger","22":"product_tag-dodge-charger","23":"product_tag-grand-cherokee","24":"product_tag-hellcat","25":"product_tag-ihi","26":"product_tag-jeep","27":"product_tag-jeep-grand-cherokee","28":"product_tag-jeep-grand-cherokee-trackhawk","29":"product_tag-jeep-trackhawk","30":"product_tag-jon-bond","31":"product_tag-kompressor","32":"product_tag-kompressoroel","33":"product_tag-kraftwerk","34":"product_tag-oel","35":"product_tag-oelwechsel","36":"product_tag-supercharger","37":"product_tag-trackhawk","38":"product_shipping_class-deutschlandohne","40":"first","41":"instock","42":"taxable","43":"shipping-taxable","44":"purchasable","45":"product-type-simple"},"bundled_by":[],"bundle_stock_status":"instock","bundle_stock_quantity":6,"bundle_virtual":false,"bundle_layout":"","bundle_add_to_cart_form_location":"","bundle_editable_in_cart":false,"bundle_sold_individually_context":"","bundle_item_grouping":"","bundle_min_size":"","bundle_max_size":"","bundle_price":[],"bundled_items":[],"bundle_sell_ids":[],"exclude_global_add_ons":[],"addons":[],"acf":[],"_links":{"self":[{"href":"https:\/\/kraftwerk-shop.cc\/cs\/wp-json\/wp\/v2\/product\/68253707","targetHints":{"allow":["GET"]}}],"collection":[{"href":"https:\/\/kraftwerk-shop.cc\/cs\/wp-json\/wp\/v2\/product"}],"about":[{"href":"https:\/\/kraftwerk-shop.cc\/cs\/wp-json\/wp\/v2\/types\/product"}],"replies":[{"embeddable":true,"href":"https:\/\/kraftwerk-shop.cc\/cs\/wp-json\/wp\/v2\/comments?post=68253707"}],"version-history":[{"count":0,"href":"https:\/\/kraftwerk-shop.cc\/cs\/wp-json\/wp\/v2\/product\/68253707\/revisions"}],"wp:featuredmedia":[{"embeddable":true,"href":"https:\/\/kraftwerk-shop.cc\/cs\/wp-json\/wp\/v2\/media\/68348843"}],"wp:attachment":[{"href":"https:\/\/kraftwerk-shop.cc\/cs\/wp-json\/wp\/v2\/media?parent=68253707"}],"wp:term":[{"taxonomy":"product_brand","embeddable":true,"href":"https:\/\/kraftwerk-shop.cc\/cs\/wp-json\/wp\/v2\/product_brand?post=68253707"},{"taxonomy":"product_cat","embeddable":true,"href":"https:\/\/kraftwerk-shop.cc\/cs\/wp-json\/wp\/v2\/product_cat?post=68253707"},{"taxonomy":"product_tag","embeddable":true,"href":"https:\/\/kraftwerk-shop.cc\/cs\/wp-json\/wp\/v2\/product_tag?post=68253707"}],"curies":[{"name":"wp","href":"https:\/\/api.w.org\/{rel}","templated":true}]}}