{"id":68253724,"date":"2021-09-17T12:56:58","date_gmt":"2021-09-17T12:56:58","guid":{"rendered":"https:\/\/kraftwerk-gruppe.de\/?post_type=product&#038;p=68253724"},"modified":"2026-02-15T00:51:41","modified_gmt":"2026-02-14T23:51:41","slug":"prodlouzeni-predniho-rozdelovace-dodge-challenger","status":"publish","type":"product","link":"https:\/\/kraftwerk-shop.cc\/cs\/produkt\/frontsplitterverlangerung-dodge-challenger\/","title":{"rendered":"Prodlou\u017een\u00ed p\u0159edn\u00edho rozd\u011blova\u010de Dodge Challenger"},"content":{"rendered":"<h1>N\u00e1stavec pro p\u0159edn\u00ed splitter vozu Dodge Challenger<\/h1>\n<p>&nbsp;<\/p>\n<p>Vyrobeno z 3\/8 HDPE plastu (stejn\u00fd materi\u00e1l jako Viper ACR).<br \/>\nInstala\u010dn\u00ed materi\u00e1l je sou\u010d\u00e1st\u00ed dod\u00e1vky.<\/p>\n<p>Vhodn\u00e9 pro v\u0161echny vozy Dodge Challenger SRT a Scat Pack od roku 2015.<br \/>\nNen\u00ed vhodn\u00e9 pro Hellcat.<\/p>\n<p>&nbsp;<\/p>\n<p><strong>Pozor:<\/strong><\/p>\n<p>V\u00e1\u0161 n\u00e1razn\u00edk mus\u00ed b\u00fdt varianta s p\u0159edn\u00edm splitterem, aby bylo mo\u017en\u00e9 namontovat n\u00e1stavec.<br \/>\nP\u0159i mont\u00e1\u017ei je nutn\u00e9 nasadit n\u00fdtovac\u00ed matice (jsou sou\u010d\u00e1st\u00ed dod\u00e1vky).<br \/>\n<a href=\"https:\/\/kraftwerk-shop.cc\/cs\/produkt\/nastroj-na-nytovaci-matice\/\" target=\"_blank\" rel=\"noopener\">Zde<\/a> najdete ten spr\u00e1vn\u00fd n\u00e1stroj pro danou pr\u00e1ci.<\/p>\n<p>Stabiliz\u00e1tory nejsou pro funkci nutn\u00e9 a nejsou sou\u010d\u00e1st\u00ed dod\u00e1vky.<br \/>\nM\u016f\u017eete <a href=\"https:\/\/kraftwerk-shop.cc\/cs\/produkt\/8-gt4-stabilisatoren-fur-frontsplitter\/\">zde<\/a> lze objednat dodate\u010dn\u011b.<\/p>\n<p>&nbsp;<\/p>\n<p><iframe loading=\"lazy\" title=\"P\u0159ehr\u00e1va\u010d vide\u00ed YouTube\" src=\"https:\/\/www.youtube.com\/embed\/xJCYVrV8wv8\" width=\"871\" height=\"490\" frameborder=\"0\" allowfullscreen=\"allowfullscreen\"><\/iframe><\/p>","protected":false},"excerpt":{"rendered":"<p>2015\u20132023<\/p>","protected":false},"featured_media":68275684,"comment_status":"open","ping_status":"closed","template":"","meta":{"_acf_changed":false},"product_brand":[],"product_cat":[2587,3024],"product_tag":[763,54,49,3853,765,100,126,36,764,766,96,759,2451],"class_list":{"0":"post-68253724","1":"product","2":"type-product","3":"status-publish","4":"has-post-thumbnail","6":"product_cat-challenger-64-body","7":"product_cat-nicht-nach-eu","8":"product_tag-bodykit","9":"product_tag-challenger","10":"product_tag-dodge","11":"product_tag-dodge-challenger","12":"product_tag-frontsplitter","13":"product_tag-hellcat","14":"product_tag-hemi","15":"product_tag-kraftwerk","16":"product_tag-splitter","17":"product_tag-spoiler","18":"product_tag-srt","19":"product_tag-zl1addons","20":"product_tag-zl1frontsplitter","21":"product_shipping_class-spedition-1","23":"first","24":"instock","25":"taxable","26":"shipping-taxable","27":"purchasable","28":"product-type-simple"},"bundled_by":[],"bundle_stock_status":"instock","bundle_stock_quantity":1,"bundle_virtual":false,"bundle_layout":"","bundle_add_to_cart_form_location":"","bundle_editable_in_cart":false,"bundle_sold_individually_context":"","bundle_item_grouping":"","bundle_min_size":"","bundle_max_size":"","bundle_price":[],"bundled_items":[],"bundle_sell_ids":[],"exclude_global_add_ons":[],"addons":[],"acf":[],"_links":{"self":[{"href":"https:\/\/kraftwerk-shop.cc\/cs\/wp-json\/wp\/v2\/product\/68253724","targetHints":{"allow":["GET"]}}],"collection":[{"href":"https:\/\/kraftwerk-shop.cc\/cs\/wp-json\/wp\/v2\/product"}],"about":[{"href":"https:\/\/kraftwerk-shop.cc\/cs\/wp-json\/wp\/v2\/types\/product"}],"replies":[{"embeddable":true,"href":"https:\/\/kraftwerk-shop.cc\/cs\/wp-json\/wp\/v2\/comments?post=68253724"}],"version-history":[{"count":0,"href":"https:\/\/kraftwerk-shop.cc\/cs\/wp-json\/wp\/v2\/product\/68253724\/revisions"}],"wp:featuredmedia":[{"embeddable":true,"href":"https:\/\/kraftwerk-shop.cc\/cs\/wp-json\/wp\/v2\/media\/68275684"}],"wp:attachment":[{"href":"https:\/\/kraftwerk-shop.cc\/cs\/wp-json\/wp\/v2\/media?parent=68253724"}],"wp:term":[{"taxonomy":"product_brand","embeddable":true,"href":"https:\/\/kraftwerk-shop.cc\/cs\/wp-json\/wp\/v2\/product_brand?post=68253724"},{"taxonomy":"product_cat","embeddable":true,"href":"https:\/\/kraftwerk-shop.cc\/cs\/wp-json\/wp\/v2\/product_cat?post=68253724"},{"taxonomy":"product_tag","embeddable":true,"href":"https:\/\/kraftwerk-shop.cc\/cs\/wp-json\/wp\/v2\/product_tag?post=68253724"}],"curies":[{"name":"wp","href":"https:\/\/api.w.org\/{rel}","templated":true}]}}