{"id":68253769,"date":"2021-09-17T12:57:43","date_gmt":"2021-09-17T12:57:43","guid":{"rendered":"https:\/\/kraftwerk-gruppe.de\/?post_type=product&#038;p=68253769"},"modified":"2026-02-15T00:58:52","modified_gmt":"2026-02-14T23:58:52","slug":"8-gt4-stabilizatory-predni-splitter","status":"publish","type":"product","link":"https:\/\/kraftwerk-shop.cc\/cs\/produkt\/8-gt4-stabilisatoren-frontsplitter\/","title":{"rendered":"8\u2033 stabiliz\u00e1tory GT4 pro p\u0159edn\u00ed splitter"},"content":{"rendered":"<h1>Stabiliz\u00e1tory pro p\u0159edn\u00ed splitter, 8 palc\u016f<\/h1>\n<p>&nbsp;<\/p>\n<p>Ty\u010de nejsou nutn\u00e9 pro funkci a stabilitu, ale maj\u00ed slou\u017eit jako vizu\u00e1ln\u00ed akcent.<\/p>\n<p>&nbsp;<\/p>","protected":false},"excerpt":{"rendered":"<p>Stabilisatoren f\u00fcr den Frontsplitter, 8 Zoll &nbsp; Die Stangen sind f\u00fcr Funktion und Stabilit\u00e4t nicht erforderlich sondern sind als optischer<\/p>","protected":false},"featured_media":68275642,"comment_status":"open","ping_status":"closed","template":"","meta":{"_acf_changed":false},"product_brand":[],"product_cat":[2584,2587,2599,2601],"product_tag":[763,770,765,56,100,126,775,36,764,766,96,767,769,768,759,2451],"class_list":{"0":"post-68253769","1":"product","2":"type-product","3":"status-publish","4":"has-post-thumbnail","6":"product_cat-challenger-hellcat-body","7":"product_cat-challenger-64-body","8":"product_cat-charger-hellcat-body","9":"product_cat-charger-64-body","10":"product_tag-bodykit","11":"product_tag-daempfer","12":"product_tag-frontsplitter","13":"product_tag-grand-cherokee","14":"product_tag-hellcat","15":"product_tag-hemi","16":"product_tag-keep","17":"product_tag-kraftwerk","18":"product_tag-splitter","19":"product_tag-spoiler","20":"product_tag-srt","21":"product_tag-stabi","22":"product_tag-stabilisator","23":"product_tag-stange","24":"product_tag-zl1addons","25":"product_tag-zl1frontsplitter","26":"pa_farbe-aluminium","27":"pa_farbe-schwarz-eloxiert","29":"first","30":"instock","31":"taxable","32":"shipping-taxable","33":"purchasable","34":"product-type-variable"},"bundled_by":[],"bundle_stock_status":"instock","bundle_stock_quantity":2,"bundle_virtual":false,"bundle_layout":"","bundle_add_to_cart_form_location":"","bundle_editable_in_cart":false,"bundle_sold_individually_context":"","bundle_item_grouping":"","bundle_min_size":"","bundle_max_size":"","bundle_price":[],"bundled_items":[],"bundle_sell_ids":[],"exclude_global_add_ons":[],"addons":[],"acf":[],"_links":{"self":[{"href":"https:\/\/kraftwerk-shop.cc\/cs\/wp-json\/wp\/v2\/product\/68253769","targetHints":{"allow":["GET"]}}],"collection":[{"href":"https:\/\/kraftwerk-shop.cc\/cs\/wp-json\/wp\/v2\/product"}],"about":[{"href":"https:\/\/kraftwerk-shop.cc\/cs\/wp-json\/wp\/v2\/types\/product"}],"replies":[{"embeddable":true,"href":"https:\/\/kraftwerk-shop.cc\/cs\/wp-json\/wp\/v2\/comments?post=68253769"}],"version-history":[{"count":0,"href":"https:\/\/kraftwerk-shop.cc\/cs\/wp-json\/wp\/v2\/product\/68253769\/revisions"}],"wp:featuredmedia":[{"embeddable":true,"href":"https:\/\/kraftwerk-shop.cc\/cs\/wp-json\/wp\/v2\/media\/68275642"}],"wp:attachment":[{"href":"https:\/\/kraftwerk-shop.cc\/cs\/wp-json\/wp\/v2\/media?parent=68253769"}],"wp:term":[{"taxonomy":"product_brand","embeddable":true,"href":"https:\/\/kraftwerk-shop.cc\/cs\/wp-json\/wp\/v2\/product_brand?post=68253769"},{"taxonomy":"product_cat","embeddable":true,"href":"https:\/\/kraftwerk-shop.cc\/cs\/wp-json\/wp\/v2\/product_cat?post=68253769"},{"taxonomy":"product_tag","embeddable":true,"href":"https:\/\/kraftwerk-shop.cc\/cs\/wp-json\/wp\/v2\/product_tag?post=68253769"}],"curies":[{"name":"wp","href":"https:\/\/api.w.org\/{rel}","templated":true}]}}