{"id":68253860,"date":"2021-09-17T12:57:52","date_gmt":"2021-09-17T12:57:52","guid":{"rendered":"https:\/\/kraftwerk-gruppe.de\/?post_type=product&#038;p=68253860"},"modified":"2026-02-15T00:49:12","modified_gmt":"2026-02-14T23:49:12","slug":"eibach-pro-kit-jeep-commander","status":"publish","type":"product","link":"https:\/\/kraftwerk-shop.cc\/cs\/produkt\/eibach-pro-kit-jeep-commander\/","title":{"rendered":"Sada Eibach Pro Kit Jeep Commander"},"content":{"rendered":"<h1>Sni\u017euj\u00edc\u00ed pru\u017einy Eibach pro Jeep Commander<\/h1>\n<p>&nbsp;<\/p>\n<p>Sada Pro-Kit sni\u017euje t\u011b\u017ei\u0161t\u011b vozidla a sni\u017euje odskok p\u0159i akceleraci, sni\u017euje n\u00e1klony karoserie v zat\u00e1\u010dk\u00e1ch a poklesy p\u0159i brzd\u011bn\u00ed.<\/p>\n<p>Sada Eibach Pro-Kit v kombinaci s vhodn\u00fdmi koly a pneumatikami je z\u00e1rukou \u00fasp\u011bchu a optim\u00e1ln\u00edho v\u00fdkonu.<br \/>\nSada Pro-Kit tak\u00e9 zmen\u0161uje zbyte\u010dnou mezeru mezi pneumatikami a podb\u011bhy kol a dod\u00e1v\u00e1 vozidlu sportovn\u00ed vzhled.<\/p>\n<p>Sady Eibach Pro-Kit jsou navr\u017eeny in\u017een\u00fdry a odborn\u00edky na odpru\u017een\u00ed spole\u010dnosti Eibach tak, aby poskytovaly kombinaci sportovn\u00edho vzhledu a v\u00fdkonu bez kompromis\u016f v oblasti bezpe\u010dnosti a kvality j\u00edzdy.<\/p>\n<p>&nbsp;<\/p>\n<p>Sn\u00ed\u017een\u00ed: cca 30 mm<\/p>","protected":false},"excerpt":{"rendered":"<p>Eibach Tieferlegungsfedern f\u00fcr Jeep Commander &nbsp; Der Pro-Kit senkt den Schwerpunkt Ihres Fahrzeugs ab und reduziert das Ausfedern beim Beschleunigen,<\/p>","protected":false},"featured_media":68275290,"comment_status":"open","ping_status":"closed","template":"","meta":{"_acf_changed":false},"product_brand":[],"product_cat":[2661],"product_tag":[94,2347,810,318,50,222,36,812,813,745,811,744,649,417],"class_list":{"0":"post-68253860","1":"product","2":"type-product","3":"status-publish","4":"has-post-thumbnail","6":"product_cat-commander-fahrwerk","7":"product_tag-commander","8":"product_tag-e10-28-010-01-22","9":"product_tag-eibach","10":"product_tag-federn","11":"product_tag-jeep","12":"product_tag-kit","13":"product_tag-kraftwerk","14":"product_tag-pro-kit","15":"product_tag-prokit","16":"product_tag-sportfahrwerk","17":"product_tag-sportfedern","18":"product_tag-tieferlegung","19":"product_tag-wh","20":"product_tag-wk","22":"first","23":"onbackorder","24":"taxable","25":"shipping-taxable","26":"purchasable","27":"product-type-simple"},"bundled_by":[],"bundle_stock_status":"onbackorder","bundle_stock_quantity":0,"bundle_virtual":false,"bundle_layout":"","bundle_add_to_cart_form_location":"","bundle_editable_in_cart":false,"bundle_sold_individually_context":"","bundle_item_grouping":"","bundle_min_size":"","bundle_max_size":"","bundle_price":[],"bundled_items":[],"bundle_sell_ids":[],"exclude_global_add_ons":[],"addons":[],"acf":[],"_links":{"self":[{"href":"https:\/\/kraftwerk-shop.cc\/cs\/wp-json\/wp\/v2\/product\/68253860","targetHints":{"allow":["GET"]}}],"collection":[{"href":"https:\/\/kraftwerk-shop.cc\/cs\/wp-json\/wp\/v2\/product"}],"about":[{"href":"https:\/\/kraftwerk-shop.cc\/cs\/wp-json\/wp\/v2\/types\/product"}],"replies":[{"embeddable":true,"href":"https:\/\/kraftwerk-shop.cc\/cs\/wp-json\/wp\/v2\/comments?post=68253860"}],"version-history":[{"count":0,"href":"https:\/\/kraftwerk-shop.cc\/cs\/wp-json\/wp\/v2\/product\/68253860\/revisions"}],"wp:featuredmedia":[{"embeddable":true,"href":"https:\/\/kraftwerk-shop.cc\/cs\/wp-json\/wp\/v2\/media\/68275290"}],"wp:attachment":[{"href":"https:\/\/kraftwerk-shop.cc\/cs\/wp-json\/wp\/v2\/media?parent=68253860"}],"wp:term":[{"taxonomy":"product_brand","embeddable":true,"href":"https:\/\/kraftwerk-shop.cc\/cs\/wp-json\/wp\/v2\/product_brand?post=68253860"},{"taxonomy":"product_cat","embeddable":true,"href":"https:\/\/kraftwerk-shop.cc\/cs\/wp-json\/wp\/v2\/product_cat?post=68253860"},{"taxonomy":"product_tag","embeddable":true,"href":"https:\/\/kraftwerk-shop.cc\/cs\/wp-json\/wp\/v2\/product_tag?post=68253860"}],"curies":[{"name":"wp","href":"https:\/\/api.w.org\/{rel}","templated":true}]}}