{"id":68253874,"date":"2021-09-17T12:57:53","date_gmt":"2021-09-17T12:57:53","guid":{"rendered":"https:\/\/kraftwerk-gruppe.de\/?post_type=product&#038;p=68253874"},"modified":"2026-02-15T00:55:29","modified_gmt":"2026-02-14T23:55:29","slug":"jeep-trackhawk-sada-vackovych-hrideli-kraftwerk","status":"publish","type":"product","link":"https:\/\/kraftwerk-shop.cc\/cs\/produkt\/jeep-trackhawk-kraftwerk-nockenwellen-kit\/","title":{"rendered":"Sada va\u010dkov\u00fdch h\u0159\u00eddel\u00ed Kraftwerk pro Jeep Trackhawk"},"content":{"rendered":"<h1>Sada va\u010dkov\u00fdch h\u0159\u00eddel\u00ed Kraftwerk pro Jeep Trackhawk<\/h1>\n<p>&nbsp;<\/p>\n<p>Na\u0161e sady va\u010dkov\u00fdch h\u0159\u00eddel\u00ed HEMI byly vyvinuty tak, aby v\u00fdb\u011br spr\u00e1vn\u00e9 va\u010dkov\u00e9 h\u0159\u00eddele pro va\u0161e vozidlo byl velmi snadn\u00fd.<br \/>\nM\u016f\u017eete si b\u00fdt jisti, \u017ee dost\u00e1v\u00e1te d\u00edly nejvy\u0161\u0161\u00ed kvality a nejlep\u0161\u00ed konstrukci va\u010dkov\u00e9ho h\u0159\u00eddele, kter\u00e9 pro v\u00e1s sestavili nejzku\u0161en\u011bj\u0161\u00ed technici v oboru.<\/p>\n<p>Tento va\u010dkov\u00fd h\u0159\u00eddel je navr\u017een pro maxim\u00e1ln\u00ed v\u00fdkon a vy\u017eaduje dal\u0161\u00ed modernizaci.<\/p>\n<p>&nbsp;<\/p>\n<p><strong>Tato sada obsahuje:<\/strong><\/p>\n<ul>\n<li>Va\u010dkov\u00e1 h\u0159\u00eddel Comp Cams Jeep Trackhawk Kraftwerk podle na\u0161ich specifikac\u00ed<\/li>\n<li>1516 Zes\u00edlen\u00e9 pru\u017einy ventil\u016f Behieve<\/li>\n<li>Zes\u00edlen\u00e9 pr\u00e9miov\u00e9 tla\u010dn\u00e9 ty\u010de<\/li>\n<li>Cam Phaser Limiter<\/li>\n<li>\u0160roub va\u010dkov\u00e9ho h\u0159\u00eddele<\/li>\n<li>Mont\u00e1\u017en\u00ed mazivo<\/li>\n<\/ul>\n<p>&nbsp;<\/p>\n<p><strong>Vhodn\u00e9 pro:<\/strong><\/p>\n<table width=\"449\">\n<tbody>\n<tr>\n<td width=\"115\"><strong>Zna\u010dka<\/strong><\/td>\n<td width=\"145\"><strong>Model<\/strong><\/td>\n<td width=\"106\"><strong>Motor<\/strong><\/td>\n<td width=\"83\"><strong>Rok v\u00fdstavby<\/strong><\/td>\n<\/tr>\n<tr>\n<td width=\"115\">Jeep<\/td>\n<td width=\"145\">Grand Cherokee<\/td>\n<td width=\"106\">6.2 Trackhawk<\/td>\n<td>2018\u20132021<\/td>\n<\/tr>\n<\/tbody>\n<\/table>\n<p>&nbsp;<\/p>\n<p>&nbsp;<\/p>\n<p>&nbsp;<\/p>\n<p>&nbsp;<\/p>\n<p>&nbsp;<\/p>\n<p>&nbsp;<\/p>\n<p>&nbsp;<\/p>","protected":false},"excerpt":{"rendered":"<p>Jeep Trackhawk Kraftwerk Nockenwellen Kit &nbsp; Unsere HEMI Nockenwellen-Kits wurden entwickelt, um die Auswahl der richtigen Nockenwelle f\u00fcr Ihr Fahrzeug<\/p>","protected":false},"featured_media":68275525,"comment_status":"open","ping_status":"closed","template":"","meta":{"_acf_changed":false},"product_brand":[19068],"product_cat":[6673],"product_tag":[344,365,340,339,341,2329,50,4425,4427,4426,222,36,336,2449,96,1056,164,338,102,180,818,819,319],"class_list":{"0":"post-68253874","1":"product","2":"type-product","3":"status-publish","4":"has-post-thumbnail","6":"product_brand-kraftwerk","7":"product_cat-trackhawk-nockenwelle-ventiltrieb","8":"product_tag-blower","9":"product_tag-cam","10":"product_tag-cams","11":"product_tag-comp","12":"product_tag-compcam","13":"product_tag-compcams","14":"product_tag-jeep","15":"product_tag-jeep-grand-cherokee","16":"product_tag-jeep-grand-cherokee-trackhawk","17":"product_tag-jeep-trackhawk","18":"product_tag-kit","19":"product_tag-kraftwerk","20":"product_tag-nockenwelle","21":"product_tag-nockenwellenkit","22":"product_tag-srt","23":"product_tag-srt-8","24":"product_tag-srt8","25":"product_tag-standgas","26":"product_tag-trackhawk","27":"product_tag-umbau","28":"product_tag-umbausatz","29":"product_tag-unrund","30":"product_tag-ventilfedern","31":"product_shipping_class-deutschlandohne","33":"first","34":"onbackorder","35":"taxable","36":"shipping-taxable","37":"purchasable","38":"product-type-simple"},"bundled_by":[],"bundle_stock_status":"onbackorder","bundle_stock_quantity":0,"bundle_virtual":false,"bundle_layout":"","bundle_add_to_cart_form_location":"","bundle_editable_in_cart":false,"bundle_sold_individually_context":"","bundle_item_grouping":"","bundle_min_size":"","bundle_max_size":"","bundle_price":[],"bundled_items":[],"bundle_sell_ids":[],"exclude_global_add_ons":[],"addons":[],"acf":[],"_links":{"self":[{"href":"https:\/\/kraftwerk-shop.cc\/cs\/wp-json\/wp\/v2\/product\/68253874","targetHints":{"allow":["GET"]}}],"collection":[{"href":"https:\/\/kraftwerk-shop.cc\/cs\/wp-json\/wp\/v2\/product"}],"about":[{"href":"https:\/\/kraftwerk-shop.cc\/cs\/wp-json\/wp\/v2\/types\/product"}],"replies":[{"embeddable":true,"href":"https:\/\/kraftwerk-shop.cc\/cs\/wp-json\/wp\/v2\/comments?post=68253874"}],"version-history":[{"count":0,"href":"https:\/\/kraftwerk-shop.cc\/cs\/wp-json\/wp\/v2\/product\/68253874\/revisions"}],"wp:featuredmedia":[{"embeddable":true,"href":"https:\/\/kraftwerk-shop.cc\/cs\/wp-json\/wp\/v2\/media\/68275525"}],"wp:attachment":[{"href":"https:\/\/kraftwerk-shop.cc\/cs\/wp-json\/wp\/v2\/media?parent=68253874"}],"wp:term":[{"taxonomy":"product_brand","embeddable":true,"href":"https:\/\/kraftwerk-shop.cc\/cs\/wp-json\/wp\/v2\/product_brand?post=68253874"},{"taxonomy":"product_cat","embeddable":true,"href":"https:\/\/kraftwerk-shop.cc\/cs\/wp-json\/wp\/v2\/product_cat?post=68253874"},{"taxonomy":"product_tag","embeddable":true,"href":"https:\/\/kraftwerk-shop.cc\/cs\/wp-json\/wp\/v2\/product_tag?post=68253874"}],"curies":[{"name":"wp","href":"https:\/\/api.w.org\/{rel}","templated":true}]}}