{"id":68253882,"date":"2021-09-17T12:57:53","date_gmt":"2021-09-17T12:57:53","guid":{"rendered":"https:\/\/kraftwerk-gruppe.de\/?post_type=product&#038;p=68253882"},"modified":"2026-02-15T00:47:04","modified_gmt":"2026-02-14T23:47:04","slug":"6-4-srt-sada-vackovych-hrideli-blower","status":"publish","type":"product","link":"https:\/\/kraftwerk-shop.cc\/cs\/produkt\/6-4-srt-nockenwellen-kit-blower\/","title":{"rendered":"Sada va\u010dkov\u00fdch h\u0159\u00eddel\u016f 6.4 SRT \"Blower\""},"content":{"rendered":"<h1>Sada va\u010dkov\u00fdch h\u0159\u00eddel\u016f 6.4 SRT \"Blower\"<\/h1>\n<p>&nbsp;<\/p>\n<p>Na\u0161e sady va\u010dkov\u00fdch h\u0159\u00eddel\u00ed HEMI byly vyvinuty tak, aby v\u00fdb\u011br spr\u00e1vn\u00e9 va\u010dkov\u00e9 h\u0159\u00eddele pro va\u0161e vozidlo byl velmi snadn\u00fd.<br \/>\nM\u016f\u017eete si b\u00fdt jisti, \u017ee dost\u00e1v\u00e1te d\u00edly nejvy\u0161\u0161\u00ed kvality a nejlep\u0161\u00ed konstrukci va\u010dkov\u00e9ho h\u0159\u00eddele, kter\u00e9 pro v\u00e1s sestavili nejzku\u0161en\u011bj\u0161\u00ed technici v oboru.<\/p>\n<p>Tento va\u010dkov\u00fd h\u0159\u00eddel je ur\u010den pro dodate\u010dn\u011b instalovan\u00e9 p\u0159epl\u0148ovan\u00e9 motory.<br \/>\nSpecifikace se li\u0161\u00ed v z\u00e1vislosti na plnic\u00edm tlaku.<\/p>\n<p>&nbsp;<\/p>\n<p><strong>Tato sada obsahuje:<\/strong><\/p>\n<ul>\n<li>Va\u010dkov\u00fd h\u0159\u00eddel Comp Cams 6.4 SRT \"Blower\" podle na\u0161ich specifikac\u00ed<\/li>\n<li>1511 zes\u00edlen\u00e9 ventilov\u00e9 pru\u017einy<\/li>\n<li>Zes\u00edlen\u00e9 pr\u00e9miov\u00e9 tla\u010dn\u00e9 ty\u010de<\/li>\n<li>Cam Phaser Limiter<\/li>\n<li>Kompletn\u00ed sada zved\u00e1k\u016f jin\u00fdch ne\u017e MDS (16 kus\u016f)<\/li>\n<li>\u0160roub va\u010dkov\u00e9ho h\u0159\u00eddele<\/li>\n<li>Mont\u00e1\u017en\u00ed mazivo<\/li>\n<\/ul>\n<p>&nbsp;<\/p>\n<p><strong>Vhodn\u00e9 pro:<\/strong><\/p>\n<table width=\"437\">\n<tbody>\n<tr>\n<td width=\"83\"><strong>Zna\u010dka<\/strong><\/td>\n<td width=\"122\"><strong>Model<\/strong><\/td>\n<td width=\"136\"><strong>Motor<\/strong><\/td>\n<td width=\"96\"><strong>Rok v\u00fdstavby<\/strong><\/td>\n<\/tr>\n<tr>\n<td width=\"83\">Chrysler<\/td>\n<td width=\"122\">300C<\/td>\n<td>6.4<\/td>\n<td width=\"96\">2012\u20132014<\/td>\n<\/tr>\n<tr>\n<td width=\"83\">Dodge<\/td>\n<td width=\"122\">Challenger<\/td>\n<td>6.4<\/td>\n<td width=\"96\">2011\u20132023<\/td>\n<\/tr>\n<tr>\n<td width=\"83\">Dodge<\/td>\n<td width=\"122\">Charger<\/td>\n<td>6.4<\/td>\n<td width=\"96\">2011\u20132023<\/td>\n<\/tr>\n<tr>\n<td>Dodge<\/td>\n<td>Durango<\/td>\n<td>6.4<\/td>\n<td>2018\u20132024<\/td>\n<\/tr>\n<tr>\n<td>Jeep<\/td>\n<td>Grand Cherokee<\/td>\n<td>6.4<\/td>\n<td>2011\u20132021<\/td>\n<\/tr>\n<tr>\n<td>Jeep<\/td>\n<td>Wrangler<\/td>\n<td>6.4<\/td>\n<td>2021\u20132025<\/td>\n<\/tr>\n<\/tbody>\n<\/table>\n<p>&nbsp;<\/p>","protected":false},"excerpt":{"rendered":"<p>Sada va\u010dkov\u00fdch h\u0159\u00eddel\u00ed 6.4 SRT \"Blower\" Na\u0161e sady va\u010dkov\u00fdch h\u0159\u00eddel\u00ed HEMI byly vyvinuty tak, aby v\u00e1m pomohly vybrat spr\u00e1vn\u00fd va\u010dkov\u00fd h\u0159\u00eddel pro va\u0161e vozidlo.<\/p>","protected":false},"featured_media":68275535,"comment_status":"open","ping_status":"closed","template":"","meta":{"_acf_changed":false},"product_brand":[19068],"product_cat":[6488,6483,6493,6498,6503,6508],"product_tag":[52,217,93,365,340,54,53,821,48,536,339,341,2329,49,3853,3854,56,50,4425,36,55,336,2449,186,337,96,1056,164,338],"class_list":{"0":"post-68253882","1":"product","2":"type-product","3":"status-publish","4":"has-post-thumbnail","6":"product_brand-kraftwerk","7":"product_cat-300c-64-nockenwelle-ventiltrieb","8":"product_cat-challenger-64-nockenwelle-ventiltrieb","9":"product_cat-charger-64-nockenwelle-ventiltrieb","10":"product_cat-durango-64-nockenwelle-ventiltrieb","11":"product_cat-grand-cherokee-64-nockenwelle-ventiltrieb","12":"product_cat-wrangler-64-nockenwelle-ventiltrieb","13":"product_tag-300c","14":"product_tag-217","15":"product_tag-6-4","16":"product_tag-cam","17":"product_tag-cams","18":"product_tag-challenger","19":"product_tag-charger","20":"product_tag-chopstix","21":"product_tag-chrysler","22":"product_tag-chrysler-300c","23":"product_tag-comp","24":"product_tag-compcam","25":"product_tag-compcams","26":"product_tag-dodge","27":"product_tag-dodge-challenger","28":"product_tag-dodge-charger","29":"product_tag-grand-cherokee","30":"product_tag-jeep","31":"product_tag-jeep-grand-cherokee","32":"product_tag-kraftwerk","33":"product_tag-magnum","34":"product_tag-nockenwelle","35":"product_tag-nockenwellenkit","36":"product_tag-performance","37":"product_tag-scharfe","38":"product_tag-srt","39":"product_tag-srt-8","40":"product_tag-srt8","41":"product_tag-standgas","43":"first","44":"onbackorder","45":"taxable","46":"shipping-taxable","47":"purchasable","48":"product-type-simple"},"bundled_by":[],"bundle_stock_status":"onbackorder","bundle_stock_quantity":0,"bundle_virtual":false,"bundle_layout":"","bundle_add_to_cart_form_location":"","bundle_editable_in_cart":false,"bundle_sold_individually_context":"","bundle_item_grouping":"","bundle_min_size":"","bundle_max_size":"","bundle_price":[],"bundled_items":[],"bundle_sell_ids":[],"exclude_global_add_ons":[],"addons":[],"acf":[],"_links":{"self":[{"href":"https:\/\/kraftwerk-shop.cc\/cs\/wp-json\/wp\/v2\/product\/68253882","targetHints":{"allow":["GET"]}}],"collection":[{"href":"https:\/\/kraftwerk-shop.cc\/cs\/wp-json\/wp\/v2\/product"}],"about":[{"href":"https:\/\/kraftwerk-shop.cc\/cs\/wp-json\/wp\/v2\/types\/product"}],"replies":[{"embeddable":true,"href":"https:\/\/kraftwerk-shop.cc\/cs\/wp-json\/wp\/v2\/comments?post=68253882"}],"version-history":[{"count":0,"href":"https:\/\/kraftwerk-shop.cc\/cs\/wp-json\/wp\/v2\/product\/68253882\/revisions"}],"wp:featuredmedia":[{"embeddable":true,"href":"https:\/\/kraftwerk-shop.cc\/cs\/wp-json\/wp\/v2\/media\/68275535"}],"wp:attachment":[{"href":"https:\/\/kraftwerk-shop.cc\/cs\/wp-json\/wp\/v2\/media?parent=68253882"}],"wp:term":[{"taxonomy":"product_brand","embeddable":true,"href":"https:\/\/kraftwerk-shop.cc\/cs\/wp-json\/wp\/v2\/product_brand?post=68253882"},{"taxonomy":"product_cat","embeddable":true,"href":"https:\/\/kraftwerk-shop.cc\/cs\/wp-json\/wp\/v2\/product_cat?post=68253882"},{"taxonomy":"product_tag","embeddable":true,"href":"https:\/\/kraftwerk-shop.cc\/cs\/wp-json\/wp\/v2\/product_tag?post=68253882"}],"curies":[{"name":"wp","href":"https:\/\/api.w.org\/{rel}","templated":true}]}}