{"id":68253887,"date":"2021-09-17T12:57:54","date_gmt":"2021-09-17T12:57:54","guid":{"rendered":"https:\/\/kraftwerk-gruppe.de\/?post_type=product&#038;p=68253887"},"modified":"2026-02-15T00:45:39","modified_gmt":"2026-02-14T23:45:39","slug":"6-1-srt-sada-vackovych-hrideli-kraftwerk","status":"publish","type":"product","link":"https:\/\/kraftwerk-shop.cc\/cs\/produkt\/6-1-srt-nockenwellen-kit-kraftwerk\/","title":{"rendered":"Sada va\u010dkov\u00fdch h\u0159\u00eddel\u00ed 6.1 SRT \"Kraftwerk\""},"content":{"rendered":"<h1>Sada va\u010dkov\u00fdch h\u0159\u00eddel\u00ed 6.1 SRT \"Kraftwerk\"<\/h1>\n<p>&nbsp;<\/p>\n<p>Na\u0161e sady va\u010dkov\u00fdch h\u0159\u00eddel\u00ed HEMI byly vyvinuty tak, aby v\u00fdb\u011br spr\u00e1vn\u00e9 va\u010dkov\u00e9 h\u0159\u00eddele pro va\u0161e vozidlo byl velmi snadn\u00fd.<br \/>\nM\u016f\u017eete si b\u00fdt jisti, \u017ee dost\u00e1v\u00e1te d\u00edly nejvy\u0161\u0161\u00ed kvality a nejlep\u0161\u00ed konstrukci va\u010dkov\u00e9ho h\u0159\u00eddele, kter\u00e9 pro v\u00e1s sestavili nejzku\u0161en\u011bj\u0161\u00ed technici v oboru.<\/p>\n<p>Tento va\u010dkov\u00fd h\u0159\u00eddel je navr\u017een pro maxim\u00e1ln\u00ed v\u00fdkon a vy\u017eaduje dal\u0161\u00ed modernizaci (portovan\u00e9 hlavy v\u00e1lc\u016f a sac\u00ed potrub\u00ed).<\/p>\n<p>Pro p\u011btistup\u0148ov\u00e9 p\u0159evodovky NAG1 doporu\u010dujeme jin\u00fd m\u011bni\u010d to\u010div\u00e9ho momentu.<br \/>\nVhodn\u00e9 tak\u00e9 pro manu\u00e1ln\u00ed p\u0159evodovky.<\/p>\n<p>&nbsp;<\/p>\n<p><strong>Tato sada obsahuje:<\/strong><\/p>\n<ul>\n<li>Va\u010dkov\u00fd h\u0159\u00eddel Comp Cams 6.1 SRT podle na\u0161ich specifikac\u00ed<\/li>\n<li>1511 zes\u00edlen\u00e9 ventilov\u00e9 pru\u017einy<\/li>\n<li>Zes\u00edlen\u00e9 pr\u00e9miov\u00e9 tla\u010dn\u00e9 ty\u010de<\/li>\n<li>Kompletn\u00ed sada zved\u00e1k\u016f jin\u00fdch ne\u017e MDS (16 kus\u016f)<\/li>\n<li>T\u011bsn\u011bn\u00ed d\u0159\u00edku ventilu<\/li>\n<\/ul>\n<p>&nbsp;<\/p>\n<p><strong>Vhodn\u00e9 pro:<\/strong><\/p>\n<table width=\"437\">\n<tbody>\n<tr>\n<td width=\"83\"><strong>Zna\u010dka<\/strong><\/td>\n<td width=\"122\"><strong>Model<\/strong><\/td>\n<td width=\"136\"><strong>Motor<\/strong><\/td>\n<td width=\"96\"><strong>Rok v\u00fdstavby<\/strong><\/td>\n<\/tr>\n<tr>\n<td>Chrysler<\/td>\n<td>300C<\/td>\n<td>6.1<\/td>\n<td>2005\u20132010<\/td>\n<\/tr>\n<tr>\n<td>Dodge<\/td>\n<td>Challenger<\/td>\n<td>6.1<\/td>\n<td>2008\u20132010<\/td>\n<\/tr>\n<tr>\n<td>Dodge<\/td>\n<td>Charger<\/td>\n<td>6.1<\/td>\n<td>2005\u20132010<\/td>\n<\/tr>\n<tr>\n<td>Dodge<\/td>\n<td>Magnum<\/td>\n<td>6.1<\/td>\n<td>2006\u20132008<\/td>\n<\/tr>\n<tr>\n<td>Jeep<\/td>\n<td>Grand Cherokee<\/td>\n<td>6.1<\/td>\n<td>2006\u20132010<\/td>\n<\/tr>\n<\/tbody>\n<\/table>\n<p>&nbsp;<\/p>","protected":false},"excerpt":{"rendered":"<p>6.1 SRT Nockenwellen Kit &#8220;Kraftwerk&#8221; &nbsp; Unsere HEMI Nockenwellen-Kits wurden entwickelt, um die Auswahl der richtigen Nockenwelle f\u00fcr Ihr Fahrzeug<\/p>","protected":false},"featured_media":68275508,"comment_status":"open","ping_status":"closed","template":"","meta":{"_acf_changed":false},"product_brand":[19068],"product_cat":[6683,6688,6693,6697,6702],"product_tag":[52,92,365,340,54,53,821,48,536,339,341,2329,49,3853,3854,56,50,4425,36,55,336,2449,186,337,96,1056,164,338],"class_list":{"0":"post-68253887","1":"product","2":"type-product","3":"status-publish","4":"has-post-thumbnail","6":"product_brand-kraftwerk","7":"product_cat-300c-61-nockenwelle-ventiltrieb","8":"product_cat-challenger-61-nockenwelle-ventiltrieb","9":"product_cat-charger-61-nockenwelle-ventiltrieb","10":"product_cat-magnum-61-nockenwelle-ventiltrieb","11":"product_cat-grand-cherokee-61-nockenwelle-ventiltrieb","12":"product_tag-300c","13":"product_tag-6-1","14":"product_tag-cam","15":"product_tag-cams","16":"product_tag-challenger","17":"product_tag-charger","18":"product_tag-chopstix","19":"product_tag-chrysler","20":"product_tag-chrysler-300c","21":"product_tag-comp","22":"product_tag-compcam","23":"product_tag-compcams","24":"product_tag-dodge","25":"product_tag-dodge-challenger","26":"product_tag-dodge-charger","27":"product_tag-grand-cherokee","28":"product_tag-jeep","29":"product_tag-jeep-grand-cherokee","30":"product_tag-kraftwerk","31":"product_tag-magnum","32":"product_tag-nockenwelle","33":"product_tag-nockenwellenkit","34":"product_tag-performance","35":"product_tag-scharfe","36":"product_tag-srt","37":"product_tag-srt-8","38":"product_tag-srt8","39":"product_tag-standgas","41":"first","42":"onbackorder","43":"taxable","44":"shipping-taxable","45":"purchasable","46":"product-type-simple"},"bundled_by":[],"bundle_stock_status":"onbackorder","bundle_stock_quantity":0,"bundle_virtual":false,"bundle_layout":"","bundle_add_to_cart_form_location":"","bundle_editable_in_cart":false,"bundle_sold_individually_context":"","bundle_item_grouping":"","bundle_min_size":"","bundle_max_size":"","bundle_price":[],"bundled_items":[],"bundle_sell_ids":[],"exclude_global_add_ons":[],"addons":[],"acf":[],"_links":{"self":[{"href":"https:\/\/kraftwerk-shop.cc\/cs\/wp-json\/wp\/v2\/product\/68253887","targetHints":{"allow":["GET"]}}],"collection":[{"href":"https:\/\/kraftwerk-shop.cc\/cs\/wp-json\/wp\/v2\/product"}],"about":[{"href":"https:\/\/kraftwerk-shop.cc\/cs\/wp-json\/wp\/v2\/types\/product"}],"replies":[{"embeddable":true,"href":"https:\/\/kraftwerk-shop.cc\/cs\/wp-json\/wp\/v2\/comments?post=68253887"}],"version-history":[{"count":0,"href":"https:\/\/kraftwerk-shop.cc\/cs\/wp-json\/wp\/v2\/product\/68253887\/revisions"}],"wp:featuredmedia":[{"embeddable":true,"href":"https:\/\/kraftwerk-shop.cc\/cs\/wp-json\/wp\/v2\/media\/68275508"}],"wp:attachment":[{"href":"https:\/\/kraftwerk-shop.cc\/cs\/wp-json\/wp\/v2\/media?parent=68253887"}],"wp:term":[{"taxonomy":"product_brand","embeddable":true,"href":"https:\/\/kraftwerk-shop.cc\/cs\/wp-json\/wp\/v2\/product_brand?post=68253887"},{"taxonomy":"product_cat","embeddable":true,"href":"https:\/\/kraftwerk-shop.cc\/cs\/wp-json\/wp\/v2\/product_cat?post=68253887"},{"taxonomy":"product_tag","embeddable":true,"href":"https:\/\/kraftwerk-shop.cc\/cs\/wp-json\/wp\/v2\/product_tag?post=68253887"}],"curies":[{"name":"wp","href":"https:\/\/api.w.org\/{rel}","templated":true}]}}