{"id":68253923,"date":"2021-09-17T12:57:57","date_gmt":"2021-09-17T12:57:57","guid":{"rendered":"https:\/\/kraftwerk-gruppe.de\/?post_type=product&#038;p=68253923"},"modified":"2026-03-07T17:35:38","modified_gmt":"2026-03-07T16:35:38","slug":"brzdove-desticky-mopar-srt-5174311ac","status":"publish","type":"product","link":"https:\/\/kraftwerk-shop.cc\/cs\/produkt\/mopar-bremsbelaege-srt-5174311ac\/","title":{"rendered":"Brzdov\u00e9 desti\u010dky Mopar SRT (5174311AC)"},"content":{"rendered":"<h1>Origin\u00e1ln\u00ed brzdov\u00e9 desti\u010dky Mopar (5174311AC) pro Chrysler 300C, Dodge Challenger, Charger a Magnum 6.1 a 6.4 do roku 2021 (p\u0159edn\u00ed n\u00e1prava)<\/h1>\n<p>&nbsp;<\/p>\n<p><strong>\u010c\u00edslo d\u00edlu Mopar:<\/strong> 5174311AC<br \/>\n<strong>Nahrazeno:<\/strong> 5174311AA, 5174311AB, 05174311AA, 05174311AB<\/p>\n<p>&nbsp;<\/p>\n<p><strong>Vhodn\u00e9 pro:<br \/>\n<\/strong><\/p>\n<table width=\"0\">\n<tbody>\n<tr>\n<td width=\"64\">Chrysler<\/td>\n<td width=\"100\">300C<\/td>\n<td width=\"163\">6.1, 6.4<\/td>\n<td width=\"305\">V\u0161echny modelov\u00e9 roky do roku 2011 s brzdov\u00fdmi kotou\u010di 360 mm<\/td>\n<\/tr>\n<tr>\n<td width=\"64\">Dodge<\/td>\n<td width=\"100\">Challenger<\/td>\n<td width=\"163\">6.1, 6.4<\/td>\n<td width=\"305\">V\u0161echny modelov\u00e9 roky do roku 2011 s brzdov\u00fdmi kotou\u010di 360 mm<\/td>\n<\/tr>\n<tr>\n<td width=\"64\">Dodge<\/td>\n<td width=\"100\">Charger<\/td>\n<td width=\"163\">6.1, 6.4<\/td>\n<td width=\"305\">V\u0161echny modelov\u00e9 roky do roku 2011 s brzdov\u00fdmi kotou\u010di 360 mm<\/td>\n<\/tr>\n<tr>\n<td width=\"64\">Dodge<\/td>\n<td width=\"100\">Magnum<\/td>\n<td width=\"163\">6.1<\/td>\n<td width=\"305\">V\u0161echny modelov\u00e9 roky do roku 2011 s brzdov\u00fdmi kotou\u010di 360 mm<\/td>\n<\/tr>\n<\/tbody>\n<\/table>\n<p>&nbsp;<\/p>\n<p>Cena se vztahuje na 1 sadu pro kompletn\u00ed p\u0159edn\u00ed n\u00e1pravu.<\/p>","protected":false},"excerpt":{"rendered":"<p>Origin\u00e1ln\u00ed d\u00edl Mopar, vhodn\u00fd pro brzdov\u00e9 kotou\u010de 360 mm do roku 2011<\/p>","protected":false},"featured_media":68274645,"comment_status":"open","ping_status":"closed","template":"","meta":{"_acf_changed":false},"product_brand":[16270],"product_cat":[17731,17735,17695,17687,17755,17763,17775],"product_tag":[836,837,960,52,2156,834,835,833,832,838,590,10803,795,839,840,54,53,48,536,49,3853,3854,692,36,55,31,34,794,842,841,673],"class_list":{"0":"post-68253923","1":"product","2":"type-product","3":"status-publish","4":"has-post-thumbnail","6":"product_brand-mopar","7":"product_cat-300c-61-bremsbelaege-vorne","8":"product_cat-300c-64-bremsbelaege-vorne","9":"product_cat-challenger-61-bremsbelaege-vorne","10":"product_cat-challenger-64-bremsbelaege-vorne","11":"product_cat-charger-61-bremsbelaege-vorne","12":"product_cat-charger-64-bremsbelaege-vorne","13":"product_cat-magnum-61-bremsbelaege-vorne","14":"product_tag-05174311aa","15":"product_tag-05174311ab","16":"product_tag-05174311ac","17":"product_tag-300c","18":"product_tag-360-mm","19":"product_tag-5174311aa","20":"product_tag-5174311ab","21":"product_tag-5174311ac","22":"product_tag-brembo","23":"product_tag-bremsbelag","24":"product_tag-bremsbelaege","25":"product_tag-bremsbelaege-fuer-dodge-challenger-6-4","26":"product_tag-bremse","27":"product_tag-bremsklotz","28":"product_tag-bremskloetze","29":"product_tag-challenger","30":"product_tag-charger","31":"product_tag-chrysler","32":"product_tag-chrysler-300c","33":"product_tag-dodge","34":"product_tag-dodge-challenger","35":"product_tag-dodge-charger","36":"product_tag-ersatzteil","37":"product_tag-kraftwerk","38":"product_tag-magnum","39":"product_tag-mopar","40":"product_tag-original","41":"product_tag-premium","42":"product_tag-vorderachse","43":"product_tag-vorne","44":"product_tag-zubehoer","46":"first","47":"instock","48":"taxable","49":"shipping-taxable","50":"purchasable","51":"product-type-simple"},"bundled_by":[],"bundle_stock_status":"instock","bundle_stock_quantity":2,"bundle_virtual":false,"bundle_layout":"","bundle_add_to_cart_form_location":"","bundle_editable_in_cart":false,"bundle_sold_individually_context":"","bundle_item_grouping":"","bundle_min_size":"","bundle_max_size":"","bundle_price":[],"bundled_items":[],"bundle_sell_ids":[],"exclude_global_add_ons":[],"addons":[],"acf":[],"_links":{"self":[{"href":"https:\/\/kraftwerk-shop.cc\/cs\/wp-json\/wp\/v2\/product\/68253923","targetHints":{"allow":["GET"]}}],"collection":[{"href":"https:\/\/kraftwerk-shop.cc\/cs\/wp-json\/wp\/v2\/product"}],"about":[{"href":"https:\/\/kraftwerk-shop.cc\/cs\/wp-json\/wp\/v2\/types\/product"}],"replies":[{"embeddable":true,"href":"https:\/\/kraftwerk-shop.cc\/cs\/wp-json\/wp\/v2\/comments?post=68253923"}],"version-history":[{"count":0,"href":"https:\/\/kraftwerk-shop.cc\/cs\/wp-json\/wp\/v2\/product\/68253923\/revisions"}],"wp:featuredmedia":[{"embeddable":true,"href":"https:\/\/kraftwerk-shop.cc\/cs\/wp-json\/wp\/v2\/media\/68274645"}],"wp:attachment":[{"href":"https:\/\/kraftwerk-shop.cc\/cs\/wp-json\/wp\/v2\/media?parent=68253923"}],"wp:term":[{"taxonomy":"product_brand","embeddable":true,"href":"https:\/\/kraftwerk-shop.cc\/cs\/wp-json\/wp\/v2\/product_brand?post=68253923"},{"taxonomy":"product_cat","embeddable":true,"href":"https:\/\/kraftwerk-shop.cc\/cs\/wp-json\/wp\/v2\/product_cat?post=68253923"},{"taxonomy":"product_tag","embeddable":true,"href":"https:\/\/kraftwerk-shop.cc\/cs\/wp-json\/wp\/v2\/product_tag?post=68253923"}],"curies":[{"name":"wp","href":"https:\/\/api.w.org\/{rel}","templated":true}]}}