{"id":68254264,"date":"2021-09-17T12:59:23","date_gmt":"2021-09-17T12:59:23","guid":{"rendered":"https:\/\/kraftwerk-gruppe.de\/?post_type=product&#038;p=68254264"},"modified":"2026-03-31T12:30:16","modified_gmt":"2026-03-31T10:30:16","slug":"diablosport-trinity-t2-platinum-programator-chrysler-dodge-jeep-ram","status":"publish","type":"product","link":"https:\/\/kraftwerk-shop.cc\/cs\/produkt\/diablosport-trinity-t2-platinum-programmiergeraet-chrysler-dodge-jeep-ram\/","title":{"rendered":"Diablosport Trinity T2 Platinum"},"content":{"rendered":"<h1>Diablosport Trinity T2 Platinum tuningov\u00e9 za\u0159\u00edzen\u00ed a z\u00e1znamn\u00edk dat pro vozidla z USA<\/h1>\n<p>&nbsp;<\/p>\n<p><span style=\"font-size: 16px;\">P\u011btipalcov\u00fd dotykov\u00fd displej s vysok\u00fdm rozli\u0161en\u00edm, p\u0159izp\u016fsoben\u00e9 displeje ovl\u00e1dac\u00edch p\u0159\u00edstroj\u016f a jednoduch\u00e9 ovl\u00e1d\u00e1n\u00ed \u010din\u00ed z tohoto programovac\u00edho za\u0159\u00edzen\u00ed nejlep\u0161\u00ed za\u0159\u00edzen\u00ed sv\u00e9ho druhu.<\/span><\/p>\n<p><span style=\"font-size: 16px;\">Za\u0159\u00edzen\u00ed lze pou\u017e\u00edt pro jak\u00e9koli vozidlo uveden\u00e9 v seznamu vozidel. *<br \/>\nAktualizace a software pro nov\u00e9 modely se do za\u0159\u00edzen\u00ed p\u0159en\u00e1\u0161ej\u00ed p\u0159es port USB.<\/span><\/p>\n<p>Krom\u011b standardn\u00edho lad\u011bn\u00ed**, kter\u00e9 je sou\u010d\u00e1st\u00ed za\u0159\u00edzen\u00ed, m\u016f\u017ee Trinity T2 Platinum zpracov\u00e1vat \"vlastn\u00ed lad\u011bn\u00ed\", tj. individu\u00e1ln\u011b vytvo\u0159en\u00e9 sady dat. To je mo\u017en\u00e9 pouze u n\u00e1mi nab\u00edzen\u00e9 verze Platinum. Ostatn\u00ed verze T2 tuto mo\u017enost nenab\u00edzej\u00ed.<\/p>\n<p><span style=\"font-size: 16px;\">Pro vozy Chrysler, Dodge a Jeep nab\u00edz\u00edme individu\u00e1ln\u00ed lad\u011bn\u00ed (individu\u00e1ln\u00ed lad\u011bn\u00ed na dynamometru).<br \/>\nObra\u0165te se na n\u00e1s.<\/span><\/p>\n<p><span style=\"font-size: 16px;\">Krom\u011b ladic\u00edch funkc\u00ed nab\u00edz\u00ed Diablosport Trinity rozs\u00e1hl\u00e9 mo\u017enosti z\u00e1znamu dat a \u010dten\u00ed pam\u011bti poruch.<\/span><\/p>\n<p>P\u0159\u00edstroj je dod\u00e1v\u00e1n s dr\u017e\u00e1kem disku, aby bylo mo\u017en\u00e9 b\u011bhem j\u00edzdy prohl\u00ed\u017eet a zaznamen\u00e1vat v\u0161echny parametry OBD.<\/p>\n<p><span style=\"font-size: 16px;\"><span style=\"font-family: Arial,Verdana,Helvetica; line-height: 15.6px;\">Jsme <strong><u>v\u00edce autorizovan\u00fdch<\/u> <\/strong>Prodejce Diablosport.<\/span><\/span><\/p>\n<p>&nbsp;<\/p>\n<p><strong><span style=\"font-size: 16px;\">Rozsah dod\u00e1vky:<\/span><\/strong><\/p>\n<ul>\n<li><span style=\"font-size: 16px;\">Diablosport Trinity T2 Platinum<\/span><\/li>\n<li><span style=\"font-size: 16px;\"> Kabel OBD<\/span><\/li>\n<li><span style=\"font-size: 16px;\">Kabel USB<\/span><\/li>\n<li><span style=\"font-size: 16px;\">Dr\u017e\u00e1k disku<\/span><\/li>\n<li><span style=\"font-size: 16px;\">\u010cesk\u00fd n\u00e1vod k obsluze\u00a0<\/span><\/li>\n<\/ul>\n<p>&nbsp;<\/p>\n<p><strong><span style=\"font-size: 16px;\">Podporovan\u00e1 vozidla Trinity T2:<\/span><\/strong><\/p>\n<p>&nbsp;<\/p>\n<table width=\"706\">\n<tbody>\n<tr>\n<td width=\"62\"><strong>Zna\u010dka<\/strong><\/td>\n<td width=\"351\"><strong>Model<\/strong><\/td>\n<td width=\"199\"><strong>Motor<\/strong><\/td>\n<td width=\"47\"><strong>z<\/strong><\/td>\n<td width=\"47\"><strong>do<\/strong><\/td>\n<\/tr>\n<tr>\n<td width=\"62\">Chrysler<\/td>\n<td width=\"351\">200<\/td>\n<td width=\"199\">3.6L<\/td>\n<td width=\"47\">2011<\/td>\n<td width=\"47\">2014<\/td>\n<\/tr>\n<tr>\n<td width=\"62\">Chrysler<\/td>\n<td width=\"351\">300<\/td>\n<td width=\"199\">3.5L \/ 3.6L 5.7L \/ 6.1L \/ 6.4L<\/td>\n<td width=\"47\">2005<\/td>\n<td width=\"47\">2014<\/td>\n<\/tr>\n<tr>\n<td width=\"62\">Chrysler<\/td>\n<td width=\"351\">300 (nutn\u00e1 \u00faprava PCM)<\/td>\n<td width=\"199\">3,6 L \/ 5,7 L \/ 6,4 L<\/td>\n<td width=\"47\">2015*<\/td>\n<td width=\"47\">2017*<\/td>\n<\/tr>\n<tr>\n<td width=\"62\">Chrysler<\/td>\n<td width=\"351\">Aspen<\/td>\n<td width=\"199\">5.7L<\/td>\n<td width=\"47\">2007<\/td>\n<td width=\"47\">2009<\/td>\n<\/tr>\n<tr>\n<td width=\"62\">Chrysler<\/td>\n<td width=\"351\">PT Cruiser GT<\/td>\n<td width=\"199\">2.4L Turbo<\/td>\n<td width=\"47\">2003<\/td>\n<td width=\"47\">2006<\/td>\n<\/tr>\n<tr>\n<td width=\"62\">Chrysler<\/td>\n<td width=\"351\">Sebring<\/td>\n<td width=\"199\">2,7 L \/ 3,5 L<\/td>\n<td width=\"47\">2008<\/td>\n<td width=\"47\">2010<\/td>\n<\/tr>\n<tr>\n<td width=\"62\">Dodge<\/td>\n<td width=\"351\">Avenger<\/td>\n<td width=\"199\">2,7 L \/ 3,5 L \/ 3,6 L<\/td>\n<td width=\"47\">2008<\/td>\n<td width=\"47\">2014<\/td>\n<\/tr>\n<tr>\n<td width=\"62\">Dodge<\/td>\n<td width=\"351\">Caliber SRT4<\/td>\n<td width=\"199\">2.4L Turbo<\/td>\n<td width=\"47\">2008<\/td>\n<td width=\"47\">2009<\/td>\n<\/tr>\n<tr>\n<td width=\"62\">Dodge<\/td>\n<td width=\"351\">Challenger<\/td>\n<td width=\"199\">3,5 L \/ 3,6 L \/ 5,7 L \/ 6,1 L \/ 6,4 L<\/td>\n<td width=\"47\">2005<\/td>\n<td width=\"47\">2014<\/td>\n<\/tr>\n<tr>\n<td width=\"62\">Dodge<\/td>\n<td width=\"351\">Challenger (nutn\u00e1 \u00faprava PCM)<\/td>\n<td width=\"199\">5,7 L \/ 6,4 L<\/td>\n<td width=\"47\">2015*<\/td>\n<td width=\"47\">2022*<\/td>\n<\/tr>\n<tr>\n<td width=\"62\">Dodge<\/td>\n<td width=\"351\">Challenger (nutn\u00e1 \u00faprava PCM)<\/td>\n<td width=\"199\">3.6L<\/td>\n<td width=\"47\">2015*<\/td>\n<td width=\"47\">2018*<\/td>\n<\/tr>\n<tr>\n<td width=\"62\">Dodge<\/td>\n<td width=\"351\">Challenger Hellcat (nutn\u00e1 \u00faprava PCM)<\/td>\n<td width=\"199\">6.2L s p\u0159epl\u0148ov\u00e1n\u00edm<\/td>\n<td width=\"47\">2015*<\/td>\n<td width=\"47\">2022*<\/td>\n<\/tr>\n<tr>\n<td width=\"62\">Dodge<\/td>\n<td width=\"351\">Charger<\/td>\n<td width=\"199\">3.5L \/ 3.6L 5.7L \/ 6.1L \/ 6.4L<\/td>\n<td width=\"47\">2005<\/td>\n<td width=\"47\">2014<\/td>\n<\/tr>\n<tr>\n<td width=\"62\">Dodge<\/td>\n<td width=\"351\">Charger (nutn\u00e1 \u00faprava PCM)<\/td>\n<td width=\"199\">5,7 L \/ 6,4 L<\/td>\n<td width=\"47\">2015*<\/td>\n<td width=\"47\">2022*<\/td>\n<\/tr>\n<tr>\n<td width=\"62\">Dodge<\/td>\n<td width=\"351\">Charger (nutn\u00e1 \u00faprava PCM)<\/td>\n<td width=\"199\">3.6L<\/td>\n<td width=\"47\">2015*<\/td>\n<td width=\"47\">2018*<\/td>\n<\/tr>\n<tr>\n<td width=\"62\">Dodge<\/td>\n<td width=\"351\">Charger Hellcat (nutn\u00e1 \u00faprava PCM)<\/td>\n<td width=\"199\">6.2L s p\u0159epl\u0148ov\u00e1n\u00edm<\/td>\n<td width=\"47\">2015*<\/td>\n<td width=\"47\">2022*<\/td>\n<\/tr>\n<tr>\n<td width=\"62\">Dodge<\/td>\n<td width=\"351\">Dakota<\/td>\n<td width=\"199\">4.7L<\/td>\n<td width=\"47\">2008<\/td>\n<td width=\"47\">2011<\/td>\n<\/tr>\n<tr>\n<td width=\"62\">Dodge<\/td>\n<td width=\"351\">Durango<\/td>\n<td width=\"199\">5.7L<\/td>\n<td width=\"47\">2005<\/td>\n<td width=\"47\">2014<\/td>\n<\/tr>\n<tr>\n<td width=\"62\">Dodge<\/td>\n<td width=\"351\">Durango (nutn\u00e1 \u00faprava PCM)<\/td>\n<td width=\"199\">3,6 L \/ 5,7 L<\/td>\n<td width=\"47\">2015*<\/td>\n<td width=\"47\">2018*<\/td>\n<\/tr>\n<tr>\n<td width=\"62\">Dodge<\/td>\n<td width=\"351\">Durango<\/td>\n<td width=\"199\">4.7L<\/td>\n<td width=\"47\">2006<\/td>\n<td width=\"47\">2006<\/td>\n<\/tr>\n<tr>\n<td width=\"62\">Dodge<\/td>\n<td width=\"351\">Durango<\/td>\n<td width=\"199\">4.7L<\/td>\n<td width=\"47\">2008<\/td>\n<td width=\"47\">2009<\/td>\n<\/tr>\n<tr>\n<td width=\"62\">Dodge<\/td>\n<td width=\"351\">Durango<\/td>\n<td width=\"199\">3.6L<\/td>\n<td width=\"47\">2011<\/td>\n<td width=\"47\">2014<\/td>\n<\/tr>\n<tr>\n<td width=\"62\">Dodge<\/td>\n<td width=\"351\">Magnum<\/td>\n<td width=\"199\">3,5 L \/ 5,7 L \/ 6,1 L<\/td>\n<td width=\"47\">2005<\/td>\n<td width=\"47\">2008<\/td>\n<\/tr>\n<tr>\n<td width=\"62\">Dodge<\/td>\n<td width=\"351\">Neon SRT4<\/td>\n<td width=\"199\">2.4L Turbo<\/td>\n<td width=\"47\">2003<\/td>\n<td width=\"47\">2005<\/td>\n<\/tr>\n<tr>\n<td width=\"62\">Dodge<\/td>\n<td width=\"351\">Ram<\/td>\n<td width=\"199\">4.7L<\/td>\n<td width=\"47\">2011<\/td>\n<td width=\"47\">2013<\/td>\n<\/tr>\n<tr>\n<td width=\"62\">Dodge<\/td>\n<td width=\"351\">Ram<\/td>\n<td width=\"199\">3,6 L \/ 5,7 L \/ 6,4 L<\/td>\n<td width=\"47\">2003<\/td>\n<td width=\"47\">2014<\/td>\n<\/tr>\n<tr>\n<td width=\"62\">Dodge<\/td>\n<td width=\"351\">Ram 1500 (nutn\u00e1 \u00faprava PCM)<\/td>\n<td width=\"199\">3,6 L \/ 5,7 L<\/td>\n<td width=\"47\">2015*<\/td>\n<td width=\"47\">2022*<\/td>\n<\/tr>\n<tr>\n<td width=\"62\">Dodge<\/td>\n<td width=\"351\">Ram 2500\/3500 (nutn\u00e1 \u00faprava PCM)<\/td>\n<td width=\"199\">6.4L<\/td>\n<td width=\"47\">2015*<\/td>\n<td width=\"47\">2020*<\/td>\n<\/tr>\n<tr>\n<td width=\"62\">Jeep<\/td>\n<td width=\"351\">Commander<\/td>\n<td width=\"199\">4,7 L \/ 5,7 L<\/td>\n<td width=\"47\">2006<\/td>\n<td width=\"47\">2010<\/td>\n<\/tr>\n<tr>\n<td width=\"62\">Jeep<\/td>\n<td width=\"351\">Grand Cherokee<\/td>\n<td width=\"199\">4.7L<\/td>\n<td width=\"47\">2006<\/td>\n<td width=\"47\">2006<\/td>\n<\/tr>\n<tr>\n<td width=\"62\">Jeep<\/td>\n<td width=\"351\">Grand Cherokee<\/td>\n<td width=\"199\">4.7L<\/td>\n<td width=\"47\">2008<\/td>\n<td width=\"47\">2009<\/td>\n<\/tr>\n<tr>\n<td width=\"62\">Jeep<\/td>\n<td width=\"351\">Grand Cherokee (nutn\u00e1 \u00faprava PCM)<\/td>\n<td width=\"199\">5.7L<\/td>\n<td width=\"47\">2015*<\/td>\n<td width=\"47\">2019*<\/td>\n<\/tr>\n<tr>\n<td width=\"62\">Jeep<\/td>\n<td width=\"351\">Grand Cherokee<\/td>\n<td width=\"199\">3,5 L \/ 3,6 L \/ 5,7 L **\/ 6,1 L \/ 6,4 L<\/td>\n<td width=\"47\">2005<\/td>\n<td width=\"47\">2014<\/td>\n<\/tr>\n<tr>\n<td width=\"62\">Jeep<\/td>\n<td width=\"351\">Wrangler<\/td>\n<td width=\"199\">3.8L \/ 3.6L \/ 4.0L<\/td>\n<td width=\"47\">2005<\/td>\n<td width=\"47\">2014<\/td>\n<\/tr>\n<tr>\n<td width=\"62\">Jeep<\/td>\n<td width=\"351\">Wrangler (nutn\u00e1 \u00faprava PCM)<\/td>\n<td width=\"199\">3.6L<\/td>\n<td width=\"47\">2015*<\/td>\n<td width=\"47\">2021*<\/td>\n<\/tr>\n<\/tbody>\n<\/table>\n<p>&nbsp;<\/p>\n<ul>\n<li>\u00a0* Je vy\u017eadov\u00e1na tak\u00e9 upraven\u00e1 \u0159\u00eddic\u00ed jednotka motoru. Pou\u017eit\u00ed s p\u016fvodn\u00ed \u0159\u00eddic\u00ed jednotkou motoru nen\u00ed mo\u017en\u00e9. <u>ne <\/u>je to mo\u017en\u00e9!<\/li>\n<li>** Modely Grand Cherokee 5.7 2005-2010 EU nejsou podporov\u00e1ny. Pro tato vozidla n\u00e1s pros\u00edm kontaktujte.<\/li>\n<li>** Nep\u0159eb\u00edr\u00e1me \u017e\u00e1dnou z\u00e1ruku\/odpov\u011bdnost za \u00fadaje o lad\u011bn\u00ed obsa\u017een\u00e9 v za\u0159\u00edzen\u00ed od v\u00fdrobce ani za po\u0161kozen\u00ed vozidla.<\/li>\n<li>Za\u0159\u00edzen\u00ed je dod\u00e1v\u00e1no s licenc\u00ed pro pou\u017eit\u00ed ve vozidle. Dal\u0161\u00ed licence lze zakoupit samostatn\u011b.<\/li>\n<\/ul>\n<p>Prod\u00e1vaj\u00ed se v\u00fdhradn\u011b jako zbo\u017e\u00ed pro motoristick\u00fd sport.<br \/>\nP\u0159ed pou\u017eit\u00edm je nutn\u00e1 znalost angli\u010dtiny a p\u0159e\u010dten\u00ed n\u00e1vodu k obsluze v angli\u010dtin\u011b.<br \/>\nPro vozy Chrysler, Dodge, Jeep a RAM je k dispozici individu\u00e1ln\u00ed lad\u011bn\u00ed podle na\u0161ich po\u017eadavk\u016f. <a href=\"http:\/\/www.kraftwerk.cc\/de\/fahrzeugauswahl\" target=\"_blank\" rel=\"noopener\">Zlep\u0161en\u00ed v\u00fdkonu<\/a> k dispozici tak\u00e9 pro Trinity T2.<\/p>\n<p>&nbsp;<\/p>","protected":false},"excerpt":{"rendered":"<p>Program\u00e1tor pro Chrysler, Dodge, Jeep a RAM<\/p>","protected":false},"featured_media":68278543,"comment_status":"open","ping_status":"closed","template":"","meta":{"_acf_changed":false},"product_brand":[],"product_cat":[1560,1568,1576,4984,1584,1592,2573,1673,1681,1689,1697,1705,1600,1608,1616,5162,1624,1632,1640,1649,1657,1665,1713,1721,1729,2719,3014,1745,4809,1753,1761,1769,1777,19727,2951,19784,2959,4760,19690,7770,1518,5020],"product_tag":[52,913,915,54,53,48,360,921,429,910,427,49,3853,3854,95,518,56,100,428,50,4425,441,36,55,438,914,911,517,86,463,920,628,912,918,919],"class_list":{"0":"post-68254264","1":"product","2":"type-product","3":"status-publish","4":"has-post-thumbnail","6":"product_cat-300c-35-programmiergeraete","7":"product_cat-300c-36-programmiergeraete","8":"product_cat-300c-57-2005-2010-programmiergeraete","9":"product_cat-300c-57-2011-2023-programmiergeraete","10":"product_cat-300c-61-programmiergeraete","11":"product_cat-300c-64-programmiergeraete","12":"product_cat-challenger-35-programmiergerate","13":"product_cat-challenger-36-programmiergeraete","14":"product_cat-challenger-57-programmiergeraete","15":"product_cat-challenger-61-programmiergeraete","16":"product_cat-challenger-hellcat-programmiergeraete","17":"product_cat-challenger-64-programmiergeraete","18":"product_cat-charger-35-programmiergeraete","19":"product_cat-charger-36-programmiergeraete","20":"product_cat-charger-57-programmiergeraete","21":"product_cat-charger-57-2011-2023-programmiergeraete","22":"product_cat-charger-61-programmiergeraete","23":"product_cat-charger-hellcat-programmiergeraete","24":"product_cat-charger-64-programmiergeraete","25":"product_cat-durango-36-programmiergeraete","26":"product_cat-durango-57-programmiergeraete","27":"product_cat-durango-64-programmiergeraete","28":"product_cat-magnum-35-programmiergeraete","29":"product_cat-magnum-57-programmiergeraete","30":"product_cat-magnum-61-programmiergeraete","31":"product_cat-commander-programmiergeraete","32":"product_cat-gladiator-36-programmiergeraete","33":"product_cat-grand-cherokee-36-programmiergeraete","34":"product_cat-grand-cherokee-57-2005-2010-programmiergeraete","35":"product_cat-grand-cherokee-57-2011-2021-programmiergeraete","36":"product_cat-grand-cherokee-61-programmiergeraete","37":"product_cat-trackhawk-programmiergeraete","38":"product_cat-grand-cherokee-64-programmiergeraete","39":"product_cat-wrangler-36-jk-programmiergeraete","40":"product_cat-wrangler-36-programmiergeraete","41":"product_cat-wrangler-38-programmiergeraete","42":"product_cat-wrangler-64-programmiergeraete","43":"product_cat-1500-36-programmiergeraete","44":"product_cat-1500-36-dt-programmiergeraete","45":"product_cat-1500-57-2003-2008-programmiergeraete","46":"product_cat-1500-57-2009-2018-classic-programmiergeraete","47":"product_cat-1500-57-dt-programmiergeraete","48":"product_tag-300c","49":"product_tag-abstimmung","50":"product_tag-bestellen","51":"product_tag-challenger","52":"product_tag-charger","53":"product_tag-chrysler","54":"product_tag-custom","55":"product_tag-deutsch","56":"product_tag-deutschland","57":"product_tag-diablo","58":"product_tag-diablosport","59":"product_tag-dodge","60":"product_tag-dodge-challenger","61":"product_tag-dodge-charger","62":"product_tag-durango","63":"product_tag-flasher","64":"product_tag-grand-cherokee","65":"product_tag-hellcat","66":"product_tag-intune","67":"product_tag-jeep","68":"product_tag-jeep-grand-cherokee","69":"product_tag-kaufen","70":"product_tag-kraftwerk","71":"product_tag-magnum","72":"product_tag-obd","73":"product_tag-online","74":"product_tag-predator","75":"product_tag-programmiergeraet","76":"product_tag-ram","77":"product_tag-shop","78":"product_tag-t2","79":"product_tag-trinity","80":"product_tag-tune","81":"product_tag-tuner","82":"product_tag-tuninggeraet","84":"first","85":"instock","86":"taxable","87":"shipping-taxable","88":"purchasable","89":"product-type-simple"},"bundled_by":[],"bundle_stock_status":"instock","bundle_stock_quantity":1,"bundle_virtual":false,"bundle_layout":"","bundle_add_to_cart_form_location":"","bundle_editable_in_cart":false,"bundle_sold_individually_context":"","bundle_item_grouping":"","bundle_min_size":"","bundle_max_size":"","bundle_price":[],"bundled_items":[],"bundle_sell_ids":[],"exclude_global_add_ons":[],"addons":[],"acf":[],"_links":{"self":[{"href":"https:\/\/kraftwerk-shop.cc\/cs\/wp-json\/wp\/v2\/product\/68254264","targetHints":{"allow":["GET"]}}],"collection":[{"href":"https:\/\/kraftwerk-shop.cc\/cs\/wp-json\/wp\/v2\/product"}],"about":[{"href":"https:\/\/kraftwerk-shop.cc\/cs\/wp-json\/wp\/v2\/types\/product"}],"replies":[{"embeddable":true,"href":"https:\/\/kraftwerk-shop.cc\/cs\/wp-json\/wp\/v2\/comments?post=68254264"}],"version-history":[{"count":0,"href":"https:\/\/kraftwerk-shop.cc\/cs\/wp-json\/wp\/v2\/product\/68254264\/revisions"}],"wp:featuredmedia":[{"embeddable":true,"href":"https:\/\/kraftwerk-shop.cc\/cs\/wp-json\/wp\/v2\/media\/68278543"}],"wp:attachment":[{"href":"https:\/\/kraftwerk-shop.cc\/cs\/wp-json\/wp\/v2\/media?parent=68254264"}],"wp:term":[{"taxonomy":"product_brand","embeddable":true,"href":"https:\/\/kraftwerk-shop.cc\/cs\/wp-json\/wp\/v2\/product_brand?post=68254264"},{"taxonomy":"product_cat","embeddable":true,"href":"https:\/\/kraftwerk-shop.cc\/cs\/wp-json\/wp\/v2\/product_cat?post=68254264"},{"taxonomy":"product_tag","embeddable":true,"href":"https:\/\/kraftwerk-shop.cc\/cs\/wp-json\/wp\/v2\/product_tag?post=68254264"}],"curies":[{"name":"wp","href":"https:\/\/api.w.org\/{rel}","templated":true}]}}